{"id":5081,"date":"2021-11-30T23:16:23","date_gmt":"2021-11-30T23:16:23","guid":{"rendered":"https:\/\/mueblesbrambila.com\/?post_type=product&#038;p=5081"},"modified":"2023-09-04T17:01:38","modified_gmt":"2023-09-04T17:01:38","slug":"congelador-dfh-260w-9","status":"publish","type":"product","link":"https:\/\/mueblesbrambila.com\/index.php\/product\/congelador-dfh-260w-9\/","title":{"rendered":"CONGELADOR DFH-260W 9PIES"},"content":{"rendered":"<p>\u00a1Un gran dise\u00f1o lleno de frescura! El espacio ideal y cl\u00e1sico dise\u00f1o, dos caracter\u00edsticas que a\u00fanan en este congelador winia daewoo con ruedas.<\/p>\n<p>\u00a1Inicia tu negocio con los mejores accesorios!, conserva mejor tus alimentos en este congelador.<\/p>\n<ul>\n<li>Congelador 9 pies<\/li>\n<li>Congelador Horizontal de<\/li>\n<li>9p3.<\/li>\n<li>Canastilla.<\/li>\n<li>Recubrimiento color Blanco.<\/li>\n<li>Chapa de Seguridad.<\/li>\n<li>Manija Resistente y Ergon\u00f3mica.<\/li>\n<li>Des-Hielo Manual.<\/li>\n<li>Tap\u00f3n de Drenado.<\/li>\n<li>Control de Temperatura.<\/li>\n<li>Ruedas para facilitar su movilidad.<\/li>\n<li>Gas Refrigerante R-600a, Ecol\u00f3gico y que brinda Ahorro de Energ\u00eda.<\/li>\n<\/ul>\n<blockquote><p>Medidas alto\/anchos\/fondo: 84.5\/96\/70 cm aprox<\/p><\/blockquote>\n<p>&nbsp;<\/p>\n","protected":false},"excerpt":{"rendered":"<h3><strong>CONGELADOR WINIA DFH260W<\/strong><\/h3>\n<ul>\n<li>9 Pies<\/li>\n<li>Chapa de seguridad<\/li>\n<li>Deshielo manual<\/li>\n<li>Control de temperatura digital<\/li>\n<li>Con canastilla<\/li>\n<\/ul>\n","protected":false},"featured_media":6903,"template":"","meta":{"site-sidebar-layout":"default","site-content-layout":"default","ast-site-content-layout":"default","site-content-style":"default","site-sidebar-style":"default","ast-global-header-display":"","ast-banner-title-visibility":"","ast-main-header-display":"","ast-hfb-above-header-display":"","ast-hfb-below-header-display":"","ast-hfb-mobile-header-display":"","site-post-title":"","ast-breadcrumbs-content":"","ast-featured-img":"","footer-sml-layout":"","theme-transparent-header-meta":"default","adv-header-id-meta":"","stick-header-meta":"","header-above-stick-meta":"","header-main-stick-meta":"","header-below-stick-meta":"","astra-migrate-meta-layouts":"set","ast-page-background-enabled":"default","ast-page-background-meta":{"desktop":{"background-color":"","background-image":"","background-repeat":"repeat","background-position":"center center","background-size":"auto","background-attachment":"scroll","background-type":"","background-media":"","overlay-type":"","overlay-color":"","overlay-gradient":""},"tablet":{"background-color":"","background-image":"","background-repeat":"repeat","background-position":"center center","background-size":"auto","background-attachment":"scroll","background-type":"","background-media":"","overlay-type":"","overlay-color":"","overlay-gradient":""},"mobile":{"background-color":"","background-image":"","background-repeat":"repeat","background-position":"center center","background-size":"auto","background-attachment":"scroll","background-type":"","background-media":"","overlay-type":"","overlay-color":"","overlay-gradient":""}},"ast-content-background-meta":{"desktop":{"background-color":"var(--ast-global-color-5)","background-image":"","background-repeat":"repeat","background-position":"center center","background-size":"auto","background-attachment":"scroll","background-type":"","background-media":"","overlay-type":"","overlay-color":"","overlay-gradient":""},"tablet":{"background-color":"var(--ast-global-color-5)","background-image":"","background-repeat":"repeat","background-position":"center center","background-size":"auto","background-attachment":"scroll","background-type":"","background-media":"","overlay-type":"","overlay-color":"","overlay-gradient":""},"mobile":{"background-color":"var(--ast-global-color-5)","background-image":"","background-repeat":"repeat","background-position":"center center","background-size":"auto","background-attachment":"scroll","background-type":"","background-media":"","overlay-type":"","overlay-color":"","overlay-gradient":""}}},"product_brand":[],"product_cat":[32],"product_tag":[],"class_list":{"0":"post-5081","1":"product","2":"type-product","3":"status-publish","4":"has-post-thumbnail","6":"product_cat-linea-blanca","7":"desktop-align-left","8":"tablet-align-left","9":"mobile-align-left","11":"first","12":"outofstock","13":"taxable","14":"shipping-taxable","15":"purchasable","16":"product-type-simple"},"aioseo_notices":[],"_links":{"self":[{"href":"https:\/\/mueblesbrambila.com\/index.php\/wp-json\/wp\/v2\/product\/5081","targetHints":{"allow":["GET"]}}],"collection":[{"href":"https:\/\/mueblesbrambila.com\/index.php\/wp-json\/wp\/v2\/product"}],"about":[{"href":"https:\/\/mueblesbrambila.com\/index.php\/wp-json\/wp\/v2\/types\/product"}],"wp:featuredmedia":[{"embeddable":true,"href":"https:\/\/mueblesbrambila.com\/index.php\/wp-json\/wp\/v2\/media\/6903"}],"wp:attachment":[{"href":"https:\/\/mueblesbrambila.com\/index.php\/wp-json\/wp\/v2\/media?parent=5081"}],"wp:term":[{"taxonomy":"product_brand","embeddable":true,"href":"https:\/\/mueblesbrambila.com\/index.php\/wp-json\/wp\/v2\/product_brand?post=5081"},{"taxonomy":"product_cat","embeddable":true,"href":"https:\/\/mueblesbrambila.com\/index.php\/wp-json\/wp\/v2\/product_cat?post=5081"},{"taxonomy":"product_tag","embeddable":true,"href":"https:\/\/mueblesbrambila.com\/index.php\/wp-json\/wp\/v2\/product_tag?post=5081"}],"curies":[{"name":"wp","href":"https:\/\/api.w.org\/{rel}","templated":true}]}}