{"id":5095,"date":"2021-11-30T23:35:20","date_gmt":"2021-11-30T23:35:20","guid":{"rendered":"https:\/\/mueblesbrambila.com\/?post_type=product&#038;p=5095"},"modified":"2023-08-19T01:33:57","modified_gmt":"2023-08-19T01:33:57","slug":"estufa-whirlpool-6-quemadores-2","status":"publish","type":"product","link":"https:\/\/mueblesbrambila.com\/index.php\/product\/estufa-whirlpool-6-quemadores-2\/","title":{"rendered":"ESTUFA  WHIRLPOOL 6 QUEMADORES MOD. WFR5100S"},"content":{"rendered":"<p>Lleva la vanguardia a tu cocina con la estufa de piso Whirlpool WFR5100S. Integra un potente quemador Xpert Flamma el cual concentra todo el calor en el centro para que tus platillos tengan una cocci\u00f3n perfecta. Cuenta con una cubierta en acero inoxidable la cual te garantizar\u00e1 una mayor durabilidad y para mantenerla en \u00f3ptimo estado prot\u00e9gela con el capelo que tiene integrado. Limpiar su horno no ser\u00e1 un problema ya que su tecnolog\u00eda EverClean permitir\u00e1 una mejor limpieza evitando rayones<\/p>\n<table width=\"840\">\n<tbody>\n<tr>\n<td width=\"418\"><span data-v-58ef19d4=\"\">Marca<\/span><\/td>\n<td width=\"422\">WHIRLPOOL<\/td>\n<\/tr>\n<tr>\n<td width=\"418\"><span data-v-58ef19d4=\"\">Color<\/span><\/td>\n<td>ACERO INOXIDABLE<\/td>\n<\/tr>\n<tr>\n<td width=\"418\"><span data-v-58ef19d4=\"\">Luz interior<\/span><\/td>\n<td>SI<\/td>\n<\/tr>\n<tr>\n<td width=\"418\"><span data-v-58ef19d4=\"\">Peso (kilogramos)<\/span><\/td>\n<td>50<\/td>\n<\/tr>\n<tr>\n<td width=\"418\"><span data-v-58ef19d4=\"\">Comal<\/span><\/td>\n<td>TEFLONIZADO<\/td>\n<\/tr>\n<tr>\n<td width=\"418\"><span data-v-58ef19d4=\"\">Quemadores<\/span><\/td>\n<td>1 SUPER|1 XPERT SAVER SUPER|4 ESTANDAR<\/td>\n<\/tr>\n<tr>\n<td width=\"418\"><span data-v-58ef19d4=\"\">Encendido en horno<\/span><\/td>\n<td>MANUAL<\/td>\n<\/tr>\n<tr>\n<td width=\"418\"><span data-v-58ef19d4=\"\">Tama\u00f1o<\/span><\/td>\n<td>30\u00bb<\/td>\n<\/tr>\n<tr>\n<td width=\"418\"><span data-v-58ef19d4=\"\">Modelo<\/span><\/td>\n<td>WFR5100S<\/td>\n<\/tr>\n<tr>\n<td width=\"418\"><span data-v-58ef19d4=\"\">Capelo<\/span><\/td>\n<td>SI<\/td>\n<\/tr>\n<tr>\n<td width=\"418\"><span data-v-58ef19d4=\"\">Ventana<\/span><\/td>\n<td>PANORAMICA<\/td>\n<\/tr>\n<tr>\n<td width=\"418\"><span data-v-58ef19d4=\"\">Medidas (fondo x largo x alto)<\/span><\/td>\n<td>58 x 76 x 91.1 cm<\/td>\n<\/tr>\n<tr>\n<td width=\"418\"><span data-v-58ef19d4=\"\">Luz en perillas<\/span><\/td>\n<td>NO<\/td>\n<\/tr>\n<tr>\n<td width=\"418\"><span data-v-58ef19d4=\"\">Asador bajo<\/span><\/td>\n<td>SI<\/td>\n<\/tr>\n<tr>\n<td width=\"418\"><span data-v-58ef19d4=\"\">Cubierta<\/span><\/td>\n<td>ACERO INOXIDABLE<\/td>\n<\/tr>\n<tr>\n<td width=\"418\"><span data-v-58ef19d4=\"\">Encendido<\/span><\/td>\n<td>ELECTRONICO<\/td>\n<\/tr>\n<tr>\n<td width=\"418\"><span data-v-58ef19d4=\"\">Parrillas<\/span><\/td>\n<td>HIERRO FUNDIDO<\/td>\n<\/tr>\n<tr>\n<td><\/td>\n<td><\/td>\n<\/tr>\n<\/tbody>\n<\/table>\n<div class=\"cl-mine-shaft lh-20 description\" data-v-4b8fb799=\"\" data-v-62349a2e=\"\">\n<p>Lleva la vanguardia a tu cocina con la estufa de piso Whirlpool WFR5100S. Integra un potente quemador Xpert Flamma el cual concentra todo el calor en el centro para que tus platillos tengan una cocci\u00f3n perfecta. Cuenta con una cubierta en acero inoxidable la cual te garantizar\u00e1 una mayor durabilidad y para mantenerla en \u00f3ptimo estado prot\u00e9gela con el capelo que tiene integrado. Limpiar su horno no ser\u00e1 un problema ya que su tecnolog\u00eda EverClean permitir\u00e1 una mejor limpieza evitando rayones<\/p>\n<\/div>\n<div data-v-4b8fb799=\"\" data-v-62349a2e=\"\">\n<div class=\"caracteristicas-descripcion\" data-v-4b8fb799=\"\" data-v-62349a2e=\"\">\n<div id=\"flix-minisite\"><\/div>\n<div id=\"flix-inpage\">\n<div id=\"flixinpage_\">\n<div id=\"inpage-mod\">\n<div><\/div>\n<\/div>\n<\/div>\n<\/div>\n<div id=\"features-link\"><\/div>\n<\/div>\n<div class=\"syndi_powerpage\">\n<div class=\"syndigo-powerpage-grid\">\n<div class=\"syndigo-powerpage-grid-widget\">\n<h2 class=\"syndigo-widget-section-header\">Vista general<\/h2>\n<p>&nbsp;<\/p>\n<div class=\"syndigo-featureset syndigo-widget\">\n<div class=\"syndigo-featureset-layout syndigo-feature-stacked\">\n<div class=\"syndigo-featureset-feature\">\n<div><picture><source srcset=\"https:\/\/content.syndigo.com\/asset\/c60216d5-65d5-4b47-820e-0bf03ed3acd8\/240.webp 240w, https:\/\/content.syndigo.com\/asset\/c60216d5-65d5-4b47-820e-0bf03ed3acd8\/480.webp 480w, https:\/\/content.syndigo.com\/asset\/c60216d5-65d5-4b47-820e-0bf03ed3acd8\/900.webp 900w\" type=\"image\/webp\" \/><source srcset=\"https:\/\/content.syndigo.com\/asset\/c60216d5-65d5-4b47-820e-0bf03ed3acd8\/240.jpg 240w, https:\/\/content.syndigo.com\/asset\/c60216d5-65d5-4b47-820e-0bf03ed3acd8\/480.jpg 480w, https:\/\/content.syndigo.com\/asset\/c60216d5-65d5-4b47-820e-0bf03ed3acd8\/900.jpg 900w\" type=\"image\/jpg\" \/><img fetchpriority=\"high\" decoding=\"async\" class=\"aligncenter\" title=\"Estufa Xpert Flamma al Piso 30&quot;\" src=\"https:\/\/content.syndigo.com\/asset\/c60216d5-65d5-4b47-820e-0bf03ed3acd8\/480.jpg\" srcset=\"https:\/\/content.syndigo.com\/asset\/c60216d5-65d5-4b47-820e-0bf03ed3acd8\/240.jpg 240w, https:\/\/content.syndigo.com\/asset\/c60216d5-65d5-4b47-820e-0bf03ed3acd8\/480.jpg 480w, https:\/\/content.syndigo.com\/asset\/c60216d5-65d5-4b47-820e-0bf03ed3acd8\/900.jpg 900w\" alt=\"Estufa Xpert Flamma al Piso 30&amp;quot;\" width=\"1230\" height=\"1230\" \/><\/picture><\/div>\n<div class=\"syndigo-featureset-feature-description-text syndigo-featureset-feature-overlaid\">\n<div class=\"syndigo-featureset-feature-overlaid-inner syndigo-featureset-feature-overlaid-Custom\">\n<h3 class=\"syndigo-featureset-feature-caption\" style=\"text-align: center;\">Estufa Xpert Flamma al Piso 30&#8243;<\/h3>\n<div class=\"syndigo-featureset-feature-description\" style=\"text-align: center;\">Estufa Xpert Flamma al Piso 30&#8243; con capelo de cristal templado, cubierta de Acero Inoxidable y 6 quemadores: 1 S\u00faper, 4 Est\u00e1ndar y 1 Xpert Flamma S\u00faper que distribuye el calor desde el centro. Cuenta con comal teflonizado 2 en 1, parrilla Slide-Out en el horno y puerta panor\u00e1mica con acabado espejo con Door Stop System para un cerrado suave.<\/div>\n<div><\/div>\n<\/div>\n<\/div>\n<\/div>\n<\/div>\n<\/div>\n<\/div>\n<div class=\"syndigo-powerpage-grid-widget\">\n<h2 class=\"syndigo-widget-section-header\" style=\"text-align: center;\">Caracteristicas destacadas<\/h2>\n<p>&nbsp;<\/p>\n<div class=\"syndigo-carousel syndigo-widget\">\n<section id=\"syndigo-carousel-SlideShow-content-80fbdd3f-d5d8-f578-eab4-2f5253bdc52d\" aria-roledescription=\"Carousel\" aria-label=\"Caracteristicas destacadas\" aria-live=\"polite\">\n<div class=\"syndigo-carousel-SlideShow\">\n<div class=\"syndigo-carousel-menu-container-horizontal\" role=\"tablist\">\n<div class=\"syndigo-carousel-menu-horizontal\"><\/div>\n<\/div>\n<div class=\"syndigo-carousel-col-nav-left\"><\/div>\n<div id=\"syndigo-carousel-SlideShow-content-80fbdd3f-d5d8-f578-eab4-2f5253bdc52d-0\" class=\"syndigo-carousel-content syndigo-content-slide-in\" role=\"tabpanel\" aria-label=\"1 de 2\" aria-roledescription=\"slide\">\n<div>\n<div class=\"syndigo-carousel-content_media\"><picture draggable=\"false\"><source srcset=\"https:\/\/content.syndigo.com\/asset\/ae64fbe7-5828-404a-ba75-4ccb68855753\/240.webp 240w, https:\/\/content.syndigo.com\/asset\/ae64fbe7-5828-404a-ba75-4ccb68855753\/480.webp 480w, https:\/\/content.syndigo.com\/asset\/ae64fbe7-5828-404a-ba75-4ccb68855753\/960.webp 960w, https:\/\/content.syndigo.com\/asset\/ae64fbe7-5828-404a-ba75-4ccb68855753\/1920.webp 1920w\" type=\"image\/webp\" \/><source srcset=\"https:\/\/content.syndigo.com\/asset\/ae64fbe7-5828-404a-ba75-4ccb68855753\/240.jpg 240w, https:\/\/content.syndigo.com\/asset\/ae64fbe7-5828-404a-ba75-4ccb68855753\/480.jpg 480w, https:\/\/content.syndigo.com\/asset\/ae64fbe7-5828-404a-ba75-4ccb68855753\/960.jpg 960w, https:\/\/content.syndigo.com\/asset\/ae64fbe7-5828-404a-ba75-4ccb68855753\/1920.jpg 1920w\" type=\"image\/jpg\" \/><img decoding=\"async\" draggable=\"false\" src=\"https:\/\/content.syndigo.com\/asset\/ae64fbe7-5828-404a-ba75-4ccb68855753\/960.jpg\" srcset=\"https:\/\/content.syndigo.com\/asset\/ae64fbe7-5828-404a-ba75-4ccb68855753\/240.jpg 240w, https:\/\/content.syndigo.com\/asset\/ae64fbe7-5828-404a-ba75-4ccb68855753\/480.jpg 480w, https:\/\/content.syndigo.com\/asset\/ae64fbe7-5828-404a-ba75-4ccb68855753\/960.jpg 960w, https:\/\/content.syndigo.com\/asset\/ae64fbe7-5828-404a-ba75-4ccb68855753\/1920.jpg 1920w\" alt=\"\" \/><\/picture><\/div>\n<\/div>\n<\/div>\n<div id=\"syndigo-carousel-SlideShow-content-80fbdd3f-d5d8-f578-eab4-2f5253bdc52d-1\" class=\"syndigo-carousel-content syndigo-content-slide-in\" role=\"tabpanel\" aria-hidden=\"true\" aria-label=\"2 de 2\" aria-roledescription=\"slide\">\n<div>\n<div class=\"syndigo-carousel-content_media\"><picture draggable=\"false\"><source srcset=\"https:\/\/content.syndigo.com\/asset\/ae64fbe7-5828-404a-ba75-4ccb68855753\/240.webp 240w, https:\/\/content.syndigo.com\/asset\/ae64fbe7-5828-404a-ba75-4ccb68855753\/480.webp 480w, https:\/\/content.syndigo.com\/asset\/ae64fbe7-5828-404a-ba75-4ccb68855753\/960.webp 960w, https:\/\/content.syndigo.com\/asset\/ae64fbe7-5828-404a-ba75-4ccb68855753\/1920.webp 1920w\" type=\"image\/webp\" \/><source srcset=\"https:\/\/content.syndigo.com\/asset\/ae64fbe7-5828-404a-ba75-4ccb68855753\/240.jpg 240w, https:\/\/content.syndigo.com\/asset\/ae64fbe7-5828-404a-ba75-4ccb68855753\/480.jpg 480w, https:\/\/content.syndigo.com\/asset\/ae64fbe7-5828-404a-ba75-4ccb68855753\/960.jpg 960w, https:\/\/content.syndigo.com\/asset\/ae64fbe7-5828-404a-ba75-4ccb68855753\/1920.jpg 1920w\" type=\"image\/jpg\" \/><img decoding=\"async\" draggable=\"false\" src=\"https:\/\/content.syndigo.com\/asset\/ae64fbe7-5828-404a-ba75-4ccb68855753\/960.jpg\" srcset=\"https:\/\/content.syndigo.com\/asset\/ae64fbe7-5828-404a-ba75-4ccb68855753\/240.jpg 240w, https:\/\/content.syndigo.com\/asset\/ae64fbe7-5828-404a-ba75-4ccb68855753\/480.jpg 480w, https:\/\/content.syndigo.com\/asset\/ae64fbe7-5828-404a-ba75-4ccb68855753\/960.jpg 960w, https:\/\/content.syndigo.com\/asset\/ae64fbe7-5828-404a-ba75-4ccb68855753\/1920.jpg 1920w\" alt=\"\" \/><\/picture><\/div>\n<\/div>\n<\/div>\n<div class=\"syndigo-carousel-col-nav-right\"><\/div>\n<\/div>\n<\/section>\n<\/div>\n<\/div>\n<div class=\"syndigo-powerpage-grid-widget\">\n<div class=\"syndigo-video-gallery focus-view\">\n<div class=\"syndigo-video-gallery-video\">\n<div class=\"syndigo-video-gallery-video-wrapper\">\n<div class=\"syndigo-video\"><\/div>\n<\/div>\n<\/div>\n<\/div>\n<\/div>\n<div class=\"syndigo-powerpage-grid-widget\">\n<div class=\"syndigo-interactive-tour syndigo-interactive-tour-wide\">\n<div class=\"syndigo-interactive-tour-items\">\n<p><img decoding=\"async\" class=\"syndigo-interactive-tour-mainimage\" style=\"font-style: inherit; font-weight: inherit;\" src=\"https:\/\/content.syndigo.com\/asset\/47b8590c-3ea6-48ba-9371-233cfdb9527f\/900.jpg\" srcset=\"https:\/\/content.syndigo.com\/asset\/47b8590c-3ea6-48ba-9371-233cfdb9527f\/240.jpg 240w, https:\/\/content.syndigo.com\/asset\/47b8590c-3ea6-48ba-9371-233cfdb9527f\/480.jpg 480w, https:\/\/content.syndigo.com\/asset\/47b8590c-3ea6-48ba-9371-233cfdb9527f\/900.jpg 900w\" alt=\"\" \/><\/p>\n<\/div>\n<div class=\"syndigo-interactive-tour-image\">\n<div class=\"syndigo-interactive-tour-mainimage-container\">\n<div class=\"syndigo-interactive-tour-callout-line-visual\"><\/div>\n<div class=\"syndigo-interactive-tour-callout-line-visual\"><\/div>\n<div class=\"syndigo-interactive-tour-callout-line-visual\"><\/div>\n<div class=\"syndigo-interactive-tour-callout-line-visual\"><\/div>\n<div class=\"syndigo-interactive-tour-callout-line-visual\"><\/div>\n<\/div>\n<\/div>\n<\/div>\n<\/div>\n<div class=\"syndigo-powerpage-grid-widget\">\n<h2 class=\"syndigo-widget-section-header\" style=\"text-align: center;\">Otras caracteristicas<\/h2>\n<p>&nbsp;<\/p>\n<div class=\"syndigo-featureset syndigo-widget\">\n<div class=\"syndigo-featureset-layout syndigo-feature-column\">\n<div class=\"syndigo-featureset-feature\">\n<div><picture><source srcset=\"https:\/\/content.syndigo.com\/asset\/aa67252d-70b9-47f1-8b2c-02dc98457f43\/240.webp 240w, https:\/\/content.syndigo.com\/asset\/aa67252d-70b9-47f1-8b2c-02dc98457f43\/319.webp 319w\" type=\"image\/webp\" \/><source srcset=\"https:\/\/content.syndigo.com\/asset\/aa67252d-70b9-47f1-8b2c-02dc98457f43\/240.jpg 240w, https:\/\/content.syndigo.com\/asset\/aa67252d-70b9-47f1-8b2c-02dc98457f43\/319.jpg 319w\" type=\"image\/jpg\" \/><img decoding=\"async\" title=\"Quemador Xpert Flamma\" src=\"https:\/\/content.syndigo.com\/asset\/aa67252d-70b9-47f1-8b2c-02dc98457f43\/319.jpg\" srcset=\"https:\/\/content.syndigo.com\/asset\/aa67252d-70b9-47f1-8b2c-02dc98457f43\/240.jpg 240w, https:\/\/content.syndigo.com\/asset\/aa67252d-70b9-47f1-8b2c-02dc98457f43\/319.jpg 319w\" alt=\"Quemador Xpert Flamma\" \/><\/picture><\/div>\n<div class=\"syndigo-featureset-feature-description-text\">\n<h3 class=\"syndigo-featureset-feature-caption\" style=\"text-align: center;\">Quemador Xpert Flamma<\/h3>\n<div class=\"syndigo-featureset-feature-description\">\n<p style=\"text-align: center;\">Quemador que concentra el fuego en el centro, distribuyendo el calor de manera uniforme para una cocci\u00f3n perfecta<\/p>\n<p>&nbsp;<\/p>\n<\/div>\n<\/div>\n<\/div>\n<div class=\"syndigo-featureset-feature\">\n<div><picture><source srcset=\"https:\/\/content.syndigo.com\/asset\/308d5506-6e39-441e-90f2-f582b18448df\/240.webp 240w, https:\/\/content.syndigo.com\/asset\/308d5506-6e39-441e-90f2-f582b18448df\/319.webp 319w\" type=\"image\/webp\" \/><source srcset=\"https:\/\/content.syndigo.com\/asset\/308d5506-6e39-441e-90f2-f582b18448df\/240.jpg 240w, https:\/\/content.syndigo.com\/asset\/308d5506-6e39-441e-90f2-f582b18448df\/319.jpg 319w\" type=\"image\/jpg\" \/><img decoding=\"async\" title=\"Mayor capacidad\" src=\"https:\/\/content.syndigo.com\/asset\/308d5506-6e39-441e-90f2-f582b18448df\/319.jpg\" srcset=\"https:\/\/content.syndigo.com\/asset\/308d5506-6e39-441e-90f2-f582b18448df\/240.jpg 240w, https:\/\/content.syndigo.com\/asset\/308d5506-6e39-441e-90f2-f582b18448df\/319.jpg 319w\" alt=\"Mayor capacidad\" \/><\/picture><\/div>\n<div class=\"syndigo-featureset-feature-description-text\">\n<h3 class=\"syndigo-featureset-feature-caption\" style=\"text-align: center;\">Mayor capacidad<\/h3>\n<div class=\"syndigo-featureset-feature-description\">\n<p style=\"text-align: center;\">Mayor capacidad y accesibilidad en el horno para preparar cenas grandes y diferentes platillos al mismo tiempo<\/p>\n<p>&nbsp;<\/p>\n<\/div>\n<\/div>\n<\/div>\n<div class=\"syndigo-featureset-feature\">\n<div><picture><source srcset=\"https:\/\/content.syndigo.com\/asset\/e54fe1c4-dcc8-4d1f-9b3b-2e3906c0bdb6\/240.webp 240w, https:\/\/content.syndigo.com\/asset\/e54fe1c4-dcc8-4d1f-9b3b-2e3906c0bdb6\/319.webp 319w\" type=\"image\/webp\" \/><source srcset=\"https:\/\/content.syndigo.com\/asset\/e54fe1c4-dcc8-4d1f-9b3b-2e3906c0bdb6\/240.jpg 240w, https:\/\/content.syndigo.com\/asset\/e54fe1c4-dcc8-4d1f-9b3b-2e3906c0bdb6\/319.jpg 319w\" type=\"image\/jpg\" \/><img decoding=\"async\" title=\"Door Stop System\" src=\"https:\/\/content.syndigo.com\/asset\/e54fe1c4-dcc8-4d1f-9b3b-2e3906c0bdb6\/319.jpg\" srcset=\"https:\/\/content.syndigo.com\/asset\/e54fe1c4-dcc8-4d1f-9b3b-2e3906c0bdb6\/240.jpg 240w, https:\/\/content.syndigo.com\/asset\/e54fe1c4-dcc8-4d1f-9b3b-2e3906c0bdb6\/319.jpg 319w\" alt=\"Door Stop System\" \/><\/picture><\/div>\n<div class=\"syndigo-featureset-feature-description-text\">\n<h3 class=\"syndigo-featureset-feature-caption\" style=\"text-align: center;\">Door Stop System<\/h3>\n<div class=\"syndigo-featureset-feature-description\">\n<p style=\"text-align: center;\">Permite que la puerta Full Side door del horno se cierre de forma suave para mayor comodidad y facilidad<\/p>\n<p>&nbsp;<\/p>\n<\/div>\n<\/div>\n<\/div>\n<div class=\"syndigo-featureset-feature\">\n<div><picture><source srcset=\"https:\/\/content.syndigo.com\/asset\/65278be3-7f71-435e-9087-9cb3f421b19b\/240.webp 240w, https:\/\/content.syndigo.com\/asset\/65278be3-7f71-435e-9087-9cb3f421b19b\/319.webp 319w\" type=\"image\/webp\" \/><source srcset=\"https:\/\/content.syndigo.com\/asset\/65278be3-7f71-435e-9087-9cb3f421b19b\/240.jpg 240w, https:\/\/content.syndigo.com\/asset\/65278be3-7f71-435e-9087-9cb3f421b19b\/319.jpg 319w\" type=\"image\/jpg\" \/><img decoding=\"async\" title=\"Perillas ergon\u00f3micas Push &amp; Turn\" src=\"https:\/\/content.syndigo.com\/asset\/65278be3-7f71-435e-9087-9cb3f421b19b\/319.jpg\" srcset=\"https:\/\/content.syndigo.com\/asset\/65278be3-7f71-435e-9087-9cb3f421b19b\/240.jpg 240w, https:\/\/content.syndigo.com\/asset\/65278be3-7f71-435e-9087-9cb3f421b19b\/319.jpg 319w\" alt=\"Perillas ergon&amp;#243;micas Push &amp;amp; Turn\" \/><\/picture><\/div>\n<div class=\"syndigo-featureset-feature-description-text\">\n<h3 class=\"syndigo-featureset-feature-caption\" style=\"text-align: center;\">Perillas ergon\u00f3micas Push &amp; Turn<\/h3>\n<div class=\"syndigo-featureset-feature-description\">\n<p style=\"text-align: center;\">Controla con precisi\u00f3n los niveles de fuego que requieren las preparaciones s\u00f3lo con presionar y girar la perilla<\/p>\n<p>&nbsp;<\/p>\n<\/div>\n<\/div>\n<\/div>\n<div class=\"syndigo-featureset-feature\">\n<div><picture><source srcset=\"https:\/\/content.syndigo.com\/asset\/8e12b411-2e49-4ed3-8bfd-5d7ffa80cb40\/240.webp 240w, https:\/\/content.syndigo.com\/asset\/8e12b411-2e49-4ed3-8bfd-5d7ffa80cb40\/319.webp 319w\" type=\"image\/webp\" \/><source srcset=\"https:\/\/content.syndigo.com\/asset\/8e12b411-2e49-4ed3-8bfd-5d7ffa80cb40\/240.jpg 240w, https:\/\/content.syndigo.com\/asset\/8e12b411-2e49-4ed3-8bfd-5d7ffa80cb40\/319.jpg 319w\" type=\"image\/jpg\" \/><img decoding=\"async\" title=\"Comal teflonizado 2 en 1\" src=\"https:\/\/content.syndigo.com\/asset\/8e12b411-2e49-4ed3-8bfd-5d7ffa80cb40\/319.jpg\" srcset=\"https:\/\/content.syndigo.com\/asset\/8e12b411-2e49-4ed3-8bfd-5d7ffa80cb40\/240.jpg 240w, https:\/\/content.syndigo.com\/asset\/8e12b411-2e49-4ed3-8bfd-5d7ffa80cb40\/319.jpg 319w\" alt=\"Comal teflonizado 2 en 1\" \/><\/picture><\/div>\n<div class=\"syndigo-featureset-feature-description-text\">\n<h3 class=\"syndigo-featureset-feature-caption\" style=\"text-align: center;\">Comal teflonizado 2 en 1<\/h3>\n<div class=\"syndigo-featureset-feature-description\">\n<p style=\"text-align: center;\">Te permite calentar y asar una gran variedad de platillos.<\/p>\n<p>&nbsp;<\/p>\n<\/div>\n<\/div>\n<\/div>\n<div class=\"syndigo-featureset-feature\">\n<div><picture><source srcset=\"https:\/\/content.syndigo.com\/asset\/15a7721c-3348-49be-a9ae-cb92bd2e35df\/240.webp 240w, https:\/\/content.syndigo.com\/asset\/15a7721c-3348-49be-a9ae-cb92bd2e35df\/319.webp 319w\" type=\"image\/webp\" \/><source srcset=\"https:\/\/content.syndigo.com\/asset\/15a7721c-3348-49be-a9ae-cb92bd2e35df\/240.jpg 240w, https:\/\/content.syndigo.com\/asset\/15a7721c-3348-49be-a9ae-cb92bd2e35df\/319.jpg 319w\" type=\"image\/jpg\" \/><img decoding=\"async\" title=\"Parrilla Slide-Out\" src=\"https:\/\/content.syndigo.com\/asset\/15a7721c-3348-49be-a9ae-cb92bd2e35df\/319.jpg\" srcset=\"https:\/\/content.syndigo.com\/asset\/15a7721c-3348-49be-a9ae-cb92bd2e35df\/240.jpg 240w, https:\/\/content.syndigo.com\/asset\/15a7721c-3348-49be-a9ae-cb92bd2e35df\/319.jpg 319w\" alt=\"Parrilla Slide-Out\" \/><\/picture><\/div>\n<div class=\"syndigo-featureset-feature-description-text\">\n<h3 class=\"syndigo-featureset-feature-caption\" style=\"text-align: center;\">Parrilla Slide-Out<\/h3>\n<div class=\"syndigo-featureset-feature-description\">\n<p style=\"text-align: center;\">Parrilla deslizable con dos niveles que sale al abrir la puerta, facilitando el manejo de los recipientes<\/p>\n<p>&nbsp;<\/p>\n<\/div>\n<\/div>\n<\/div>\n<div class=\"syndigo-featureset-feature\">\n<div><picture><source srcset=\"https:\/\/content.syndigo.com\/asset\/606999a0-2dce-484d-8a43-3dab5bb85315\/240.webp 240w, https:\/\/content.syndigo.com\/asset\/606999a0-2dce-484d-8a43-3dab5bb85315\/319.webp 319w\" type=\"image\/webp\" \/><source srcset=\"https:\/\/content.syndigo.com\/asset\/606999a0-2dce-484d-8a43-3dab5bb85315\/240.jpg 240w, https:\/\/content.syndigo.com\/asset\/606999a0-2dce-484d-8a43-3dab5bb85315\/319.jpg 319w\" type=\"image\/jpg\" \/><img decoding=\"async\" title=\"Tecnolog\u00eda EverClean\" src=\"https:\/\/content.syndigo.com\/asset\/606999a0-2dce-484d-8a43-3dab5bb85315\/319.jpg\" srcset=\"https:\/\/content.syndigo.com\/asset\/606999a0-2dce-484d-8a43-3dab5bb85315\/240.jpg 240w, https:\/\/content.syndigo.com\/asset\/606999a0-2dce-484d-8a43-3dab5bb85315\/319.jpg 319w\" alt=\"Tecnolog&amp;#237;a EverClean\" \/><\/picture><\/div>\n<div class=\"syndigo-featureset-feature-description-text\">\n<h3 class=\"syndigo-featureset-feature-caption\" style=\"text-align: center;\">Tecnolog\u00eda EverClean<\/h3>\n<div class=\"syndigo-featureset-feature-description\">\n<p style=\"text-align: center;\">Tecnolog\u00eda que ayuda a la limpieza interior del horno y evita la acumulaci\u00f3n de olores. Resistente a rayones<\/p>\n<\/div>\n<\/div>\n<\/div>\n<\/div>\n<\/div>\n<\/div>\n<\/div>\n<\/div>\n<\/div>\n","protected":false},"excerpt":{"rendered":"<ul data-v-27f77566=\"\">\n<li class=\"alt-design\" data-v-58ef19d4=\"\" data-v-27f77566=\"\">Marca WHIRLPOOL<\/li>\n<li class=\"alt-design\" data-v-58ef19d4=\"\" data-v-27f77566=\"\">Color ACERO INOXIDABLE<\/li>\n<li class=\"alt-design\" data-v-58ef19d4=\"\" data-v-27f77566=\"\">Luz interior SI<\/li>\n<li class=\"alt-design\" data-v-58ef19d4=\"\" data-v-27f77566=\"\">Peso (kilogramos) 50<\/li>\n<\/ul>\n","protected":false},"featured_media":5097,"template":"","meta":{"site-sidebar-layout":"default","site-content-layout":"default","ast-site-content-layout":"default","site-content-style":"default","site-sidebar-style":"default","ast-global-header-display":"","ast-banner-title-visibility":"","ast-main-header-display":"","ast-hfb-above-header-display":"","ast-hfb-below-header-display":"","ast-hfb-mobile-header-display":"","site-post-title":"","ast-breadcrumbs-content":"","ast-featured-img":"","footer-sml-layout":"","theme-transparent-header-meta":"default","adv-header-id-meta":"","stick-header-meta":"","header-above-stick-meta":"","header-main-stick-meta":"","header-below-stick-meta":"","astra-migrate-meta-layouts":"set","ast-page-background-enabled":"default","ast-page-background-meta":{"desktop":{"background-color":"","background-image":"","background-repeat":"repeat","background-position":"center center","background-size":"auto","background-attachment":"scroll","background-type":"","background-media":"","overlay-type":"","overlay-color":"","overlay-gradient":""},"tablet":{"background-color":"","background-image":"","background-repeat":"repeat","background-position":"center center","background-size":"auto","background-attachment":"scroll","background-type":"","background-media":"","overlay-type":"","overlay-color":"","overlay-gradient":""},"mobile":{"background-color":"","background-image":"","background-repeat":"repeat","background-position":"center center","background-size":"auto","background-attachment":"scroll","background-type":"","background-media":"","overlay-type":"","overlay-color":"","overlay-gradient":""}},"ast-content-background-meta":{"desktop":{"background-color":"var(--ast-global-color-5)","background-image":"","background-repeat":"repeat","background-position":"center center","background-size":"auto","background-attachment":"scroll","background-type":"","background-media":"","overlay-type":"","overlay-color":"","overlay-gradient":""},"tablet":{"background-color":"var(--ast-global-color-5)","background-image":"","background-repeat":"repeat","background-position":"center center","background-size":"auto","background-attachment":"scroll","background-type":"","background-media":"","overlay-type":"","overlay-color":"","overlay-gradient":""},"mobile":{"background-color":"var(--ast-global-color-5)","background-image":"","background-repeat":"repeat","background-position":"center center","background-size":"auto","background-attachment":"scroll","background-type":"","background-media":"","overlay-type":"","overlay-color":"","overlay-gradient":""}}},"product_brand":[],"product_cat":[32],"product_tag":[],"class_list":{"0":"post-5095","1":"product","2":"type-product","3":"status-publish","4":"has-post-thumbnail","6":"product_cat-linea-blanca","7":"desktop-align-left","8":"tablet-align-left","9":"mobile-align-left","11":"first","12":"instock","13":"taxable","14":"shipping-taxable","15":"purchasable","16":"product-type-simple"},"aioseo_notices":[],"_links":{"self":[{"href":"https:\/\/mueblesbrambila.com\/index.php\/wp-json\/wp\/v2\/product\/5095","targetHints":{"allow":["GET"]}}],"collection":[{"href":"https:\/\/mueblesbrambila.com\/index.php\/wp-json\/wp\/v2\/product"}],"about":[{"href":"https:\/\/mueblesbrambila.com\/index.php\/wp-json\/wp\/v2\/types\/product"}],"wp:featuredmedia":[{"embeddable":true,"href":"https:\/\/mueblesbrambila.com\/index.php\/wp-json\/wp\/v2\/media\/5097"}],"wp:attachment":[{"href":"https:\/\/mueblesbrambila.com\/index.php\/wp-json\/wp\/v2\/media?parent=5095"}],"wp:term":[{"taxonomy":"product_brand","embeddable":true,"href":"https:\/\/mueblesbrambila.com\/index.php\/wp-json\/wp\/v2\/product_brand?post=5095"},{"taxonomy":"product_cat","embeddable":true,"href":"https:\/\/mueblesbrambila.com\/index.php\/wp-json\/wp\/v2\/product_cat?post=5095"},{"taxonomy":"product_tag","embeddable":true,"href":"https:\/\/mueblesbrambila.com\/index.php\/wp-json\/wp\/v2\/product_tag?post=5095"}],"curies":[{"name":"wp","href":"https:\/\/api.w.org\/{rel}","templated":true}]}}