{"id":5113,"date":"2021-11-30T23:48:48","date_gmt":"2021-11-30T23:48:48","guid":{"rendered":"https:\/\/mueblesbrambila.com\/?post_type=product&#038;p=5113"},"modified":"2023-09-04T17:51:20","modified_gmt":"2023-09-04T17:51:20","slug":"estufa-iem-4-quemadores-3","status":"publish","type":"product","link":"https:\/\/mueblesbrambila.com\/index.php\/product\/estufa-iem-4-quemadores-3\/","title":{"rendered":"ESTUFA IEM 4 QUEMADORES MOD. EI5020BAPN"},"content":{"rendered":"<ul class=\"vtex-menu-2-x-menuContainer vtex-menu-2-x-menuContainer--menu-extras list flex pl0 mv0 flex-row\">\n<li class=\"vtex-menu-2-x-menuItem list vtex-menu-2-x-menuItem vtex-menu-2-x-menuItem--isOpen\">\n<div class=\"overflow-hidden\">\n<section class=\"vtex-menu-2-x-submenuAccordion w-100 flex pl4 flex\">\n<div class=\"vtex-store-components-3-x-productDescriptionContainer\">\n<div class=\"vtex-store-components-3-x-productDescriptionText c-muted-1\">\n<div class=\"vtex-store-components-3-x-container relative\">\n<div class=\"vtex-store-components-3-x-content h-auto\">Cocina los platillos favoritos de tu familia con una de las estufas que el portal tiene para ti. Demuestra la potencia de esta estufa cocinando todos tus alimentos preferidos sin perder la esencia de cada platillo, tiene un dise\u00f1o peque\u00f1o que se adapta en cualquier sitio, con 4 quemadores, 2 parrillas y un horno de encendido manual, s\u00f3lo necesitar\u00e1s los ingredientes para comenzar a cocinar. Su frente estilizado de perillas brinda una mejor visibilidad, m\u00e1xima seguridad y f\u00e1cil limpieza gracias a su acabado Easy Clean Max. Adem\u00e1s, el horno tiene una mejor distribuci\u00f3n de calor para una cocci\u00f3n uniforme. \u00a1En el portal online encuentra todo lo que necesitas para tu hogar!<\/div>\n<div><\/div>\n<\/div>\n<\/div>\n<\/div>\n<\/section>\n<\/div>\n<\/li>\n<li class=\"vtex-menu-2-x-menuItem list vtex-menu-2-x-menuItem vtex-menu-2-x-menuItem--isOpen\">\n<div class=\"vtex-menu-2-x-menuItemInnerDiv\">\n<div class=\"vtex-menu-2-x-styledLinkContainer mh6 pv5\">\n<h4 class=\"vtex-menu-2-x-styledLinkContent flex justify-between nowrap\">Caracter\u00edsticas<\/h4>\n<\/div>\n<\/div>\n<div class=\"overflow-hidden\">\n<section class=\"vtex-menu-2-x-submenuAccordion w-100 flex pl4 flex\">\n<div class=\"vtex-store-components-3-x-specificationsTableContainer mt9 mt0-l pl8-l\">\n<div class=\"vtex-store-components-3-x-container relative\">\n<div class=\"vtex-store-components-3-x-content h-auto\">\n<table class=\"vtex-store-components-3-x-specificationsTable w-100 bg-base border-collapse\">\n<thead class=\"vtex-store-components-3-x-specificationsTableHead\"><\/thead>\n<tbody class=\"vtex-store-components-3-x-specificationsTableBody\">\n<tr class=\"vtex-store-components-3-x-specificationsTableRow\">\n<td class=\"vtex-store-components-3-x-specificationItemProperty w-50 b--muted-4 bb pa5\" data-specification=\"Luz Interior\">\n<div>Luz Interior<\/div>\n<\/td>\n<td class=\"vtex-store-components-3-x-specificationItemSpecifications w-50 b--muted-4 bb pa5\" data-specification=\"No\">\n<div>No<\/div>\n<\/td>\n<\/tr>\n<tr class=\"vtex-store-components-3-x-specificationsTableRow\">\n<td class=\"vtex-store-components-3-x-specificationItemProperty w-50 b--muted-4 bb pa5\" data-specification=\"Ventana\">\n<div>Ventana<\/div>\n<\/td>\n<td class=\"vtex-store-components-3-x-specificationItemSpecifications w-50 b--muted-4 bb pa5\" data-specification=\"S\u00ed\">\n<div>S\u00ed<\/div>\n<\/td>\n<\/tr>\n<tr class=\"vtex-store-components-3-x-specificationsTableRow\">\n<td class=\"vtex-store-components-3-x-specificationItemProperty w-50 b--muted-4 bb pa5\" data-specification=\"Termocontrol\">\n<div>Termocontrol<\/div>\n<\/td>\n<td class=\"vtex-store-components-3-x-specificationItemSpecifications w-50 b--muted-4 bb pa5\" data-specification=\"S\u00ed\">\n<div>S\u00ed<\/div>\n<\/td>\n<\/tr>\n<tr class=\"vtex-store-components-3-x-specificationsTableRow\">\n<td class=\"vtex-store-components-3-x-specificationItemProperty w-50 b--muted-4 bb pa5\" data-specification=\"V\u00e1lvula de seguridad en cubierta\">\n<div>V\u00e1lvula de seguridad en cubierta<\/div>\n<\/td>\n<td class=\"vtex-store-components-3-x-specificationItemSpecifications w-50 b--muted-4 bb pa5\" data-specification=\"No\">\n<div>No<\/div>\n<\/td>\n<\/tr>\n<tr class=\"vtex-store-components-3-x-specificationsTableRow\">\n<td class=\"vtex-store-components-3-x-specificationItemProperty w-50 b--muted-4 bb pa5\" data-specification=\"V\u00e1lvula de Seguridad en Horno\">\n<div>V\u00e1lvula de Seguridad en Horno<\/div>\n<\/td>\n<td class=\"vtex-store-components-3-x-specificationItemSpecifications w-50 b--muted-4 bb pa5\" data-specification=\"No\">\n<div>No<\/div>\n<\/td>\n<\/tr>\n<tr class=\"vtex-store-components-3-x-specificationsTableRow\">\n<td class=\"vtex-store-components-3-x-specificationItemProperty w-50 b--muted-4 bb pa5\" data-specification=\"Tama\u00f1o de Estufa\">\n<div>Tama\u00f1o de Estufa<\/div>\n<\/td>\n<td class=\"vtex-store-components-3-x-specificationItemSpecifications w-50 b--muted-4 bb pa5\" data-specification=\"20 Pulgadas\">\n<div>20 Pulgadas<\/div>\n<\/td>\n<\/tr>\n<tr class=\"vtex-store-components-3-x-specificationsTableRow\">\n<td class=\"vtex-store-components-3-x-specificationItemProperty w-50 b--muted-4 bb pa5\" data-specification=\"Encendido Autom\u00e1tico en Horno\">\n<div>Encendido Autom\u00e1tico en Horno<\/div>\n<\/td>\n<td class=\"vtex-store-components-3-x-specificationItemSpecifications w-50 b--muted-4 bb pa5\" data-specification=\"No\">\n<div>No<\/div>\n<\/td>\n<\/tr>\n<tr class=\"vtex-store-components-3-x-specificationsTableRow\">\n<td class=\"vtex-store-components-3-x-specificationItemProperty w-50 b--muted-4 bb pa5\" data-specification=\"V\u00e1lvula de Seguridad en Perillas\">\n<div>V\u00e1lvula de Seguridad en Perillas<\/div>\n<\/td>\n<td class=\"vtex-store-components-3-x-specificationItemSpecifications w-50 b--muted-4 bb pa5\" data-specification=\"No\">\n<div>No<\/div>\n<\/td>\n<\/tr>\n<tr class=\"vtex-store-components-3-x-specificationsTableRow\">\n<td class=\"vtex-store-components-3-x-specificationItemProperty w-50 b--muted-4 bb pa5\" data-specification=\"Termostato\">\n<div>Termostato<\/div>\n<\/td>\n<td class=\"vtex-store-components-3-x-specificationItemSpecifications w-50 b--muted-4 bb pa5\" data-specification=\"No\">\n<div>No<\/div>\n<\/td>\n<\/tr>\n<tr class=\"vtex-store-components-3-x-specificationsTableRow\">\n<td class=\"vtex-store-components-3-x-specificationItemProperty w-50 b--muted-4 bb pa5\" data-specification=\"Requiere Instalaci\u00f3n\">\n<div>Requiere Instalaci\u00f3n<\/div>\n<\/td>\n<td class=\"vtex-store-components-3-x-specificationItemSpecifications w-50 b--muted-4 bb pa5\" data-specification=\"S\u00ed, No Incluida\">\n<div>S\u00ed, No Incluida<\/div>\n<\/td>\n<\/tr>\n<tr class=\"vtex-store-components-3-x-specificationsTableRow\">\n<td class=\"vtex-store-components-3-x-specificationItemProperty w-50 b--muted-4 bb pa5\" data-specification=\"Emplea\">\n<div>Emplea<\/div>\n<\/td>\n<td class=\"vtex-store-components-3-x-specificationItemSpecifications w-50 b--muted-4 bb pa5\" data-specification=\"Gas LP\">\n<div>Gas LP<\/div>\n<\/td>\n<\/tr>\n<tr class=\"vtex-store-components-3-x-specificationsTableRow\">\n<td class=\"vtex-store-components-3-x-specificationItemProperty w-50 b--muted-4 bb pa5\" data-specification=\"N\u00famero de Parrillas\">\n<div>N\u00famero de Parrillas<\/div>\n<\/td>\n<td class=\"vtex-store-components-3-x-specificationItemSpecifications w-50 b--muted-4 bb pa5\" data-specification=\"2\">\n<div>2<\/div>\n<\/td>\n<\/tr>\n<tr class=\"vtex-store-components-3-x-specificationsTableRow\">\n<td class=\"vtex-store-components-3-x-specificationItemProperty w-50 b--muted-4 bb pa5\" data-specification=\"Quemadores Est\u00e1ndar\">\n<div>Quemadores Est\u00e1ndar<\/div>\n<\/td>\n<td class=\"vtex-store-components-3-x-specificationItemSpecifications w-50 b--muted-4 bb pa5\" data-specification=\"4\">\n<div>4<\/div>\n<\/td>\n<\/tr>\n<tr class=\"vtex-store-components-3-x-specificationsTableRow\">\n<td class=\"vtex-store-components-3-x-specificationItemProperty w-50 b--muted-4 bb pa5\" data-specification=\"Encendido Electr\u00f3nico en Quemadores\">\n<div>Encendido Electr\u00f3nico en Quemadores<\/div>\n<\/td>\n<td class=\"vtex-store-components-3-x-specificationItemSpecifications w-50 b--muted-4 bb pa5\" data-specification=\"No\">\n<div>No<\/div>\n<\/td>\n<\/tr>\n<tr class=\"vtex-store-components-3-x-specificationsTableRow\">\n<td class=\"vtex-store-components-3-x-specificationItemProperty w-50 b--muted-4 bb pa5\" data-specification=\"Voltaje\">\n<div>Voltaje<\/div>\n<\/td>\n<td class=\"vtex-store-components-3-x-specificationItemSpecifications w-50 b--muted-4 bb pa5\" data-specification=\"120 V\">\n<div>120 V<\/div>\n<\/td>\n<\/tr>\n<tr class=\"vtex-store-components-3-x-specificationsTableRow\">\n<td class=\"vtex-store-components-3-x-specificationItemProperty w-50 b--muted-4 bb pa5\" data-specification=\"Copete\">\n<div>Copete<\/div>\n<\/td>\n<td class=\"vtex-store-components-3-x-specificationItemSpecifications w-50 b--muted-4 bb pa5\" data-specification=\"No\">\n<div>No<\/div>\n<\/td>\n<\/tr>\n<tr class=\"vtex-store-components-3-x-specificationsTableRow\">\n<td class=\"vtex-store-components-3-x-specificationItemProperty w-50 b--muted-4 bb pa5\" data-specification=\"Horno\">\n<div>Horno<\/div>\n<\/td>\n<td class=\"vtex-store-components-3-x-specificationItemSpecifications w-50 b--muted-4 bb pa5\" data-specification=\"S\u00ed\">\n<div>S\u00ed<\/div>\n<\/td>\n<\/tr>\n<tr class=\"vtex-store-components-3-x-specificationsTableRow\">\n<td class=\"vtex-store-components-3-x-specificationItemProperty w-50 b--muted-4 bb pa5\" data-specification=\"N\u00famero de Quemadores\">\n<div>N\u00famero de Quemadores<\/div>\n<\/td>\n<td class=\"vtex-store-components-3-x-specificationItemSpecifications w-50 b--muted-4 bb pa5\" data-specification=\"4\">\n<div>4<\/div>\n<\/td>\n<\/tr>\n<tr class=\"vtex-store-components-3-x-specificationsTableRow\">\n<td class=\"vtex-store-components-3-x-specificationItemProperty w-50 b--muted-4 bb pa5\" data-specification=\"Tipo de Estufa\">\n<div>Tipo de Estufa<\/div>\n<\/td>\n<td class=\"vtex-store-components-3-x-specificationItemSpecifications w-50 b--muted-4 bb pa5\" data-specification=\"De Piso\">\n<div>De Piso<\/div>\n<\/td>\n<\/tr>\n<tr class=\"vtex-store-components-3-x-specificationsTableRow\">\n<td class=\"vtex-store-components-3-x-specificationItemProperty w-50 b--muted-4 bb pa5\" data-specification=\"Tipo de Horno\">\n<div>Tipo de Horno<\/div>\n<\/td>\n<td class=\"vtex-store-components-3-x-specificationItemSpecifications w-50 b--muted-4 bb pa5\" data-specification=\"Manual\">\n<div>Manual<\/div>\n<\/td>\n<\/tr>\n<tr class=\"vtex-store-components-3-x-specificationsTableRow\">\n<td class=\"vtex-store-components-3-x-specificationItemProperty w-50 b--muted-4 bb pa5\" data-specification=\"Peso\">\n<div>Peso<\/div>\n<\/td>\n<td class=\"vtex-store-components-3-x-specificationItemSpecifications w-50 b--muted-4 bb pa5\" data-specification=\"29 Kg\">\n<div>29 Kg<\/div>\n<\/td>\n<\/tr>\n<tr class=\"vtex-store-components-3-x-specificationsTableRow\">\n<td class=\"vtex-store-components-3-x-specificationItemProperty w-50 b--muted-4 bb pa5\" data-specification=\"Dimensiones (L x Al x An)\">\n<div>Dimensiones (L x Al x An)<\/div>\n<\/td>\n<td class=\"vtex-store-components-3-x-specificationItemSpecifications w-50 b--muted-4 bb pa5\" data-specification=\"0.50 m X 0.98 m X 0.60 m\">\n<div>0.50 m X 0.98 m X 0.60 m<\/div>\n<\/td>\n<\/tr>\n<tr class=\"vtex-store-components-3-x-specificationsTableRow\">\n<td class=\"vtex-store-components-3-x-specificationItemProperty w-50 b--muted-4 bb pa5\" data-specification=\"Contenido del Empaque\">\n<div>Contenido del Empaque<\/div>\n<\/td>\n<td class=\"vtex-store-components-3-x-specificationItemSpecifications w-50 b--muted-4 bb pa5\" data-specification=\"1 Estufa y Manual de Usuario\">\n<div>1 Estufa y Manual de Usuario<\/div>\n<\/td>\n<\/tr>\n<tr class=\"vtex-store-components-3-x-specificationsTableRow\">\n<td class=\"vtex-store-components-3-x-specificationItemProperty w-50 b--muted-4 bb pa5\" data-specification=\"Garant\u00eda con Proveedor\"><\/td>\n<td class=\"vtex-store-components-3-x-specificationItemSpecifications w-50 b--muted-4 bb pa5\" data-specification=\"12 Meses\"><\/td>\n<\/tr>\n<tr class=\"vtex-store-components-3-x-specificationsTableRow\">\n<td class=\"vtex-store-components-3-x-specificationItemProperty w-50 b--muted-4 bb pa5\" data-specification=\"Color\">\n<div>Color<\/div>\n<\/td>\n<td class=\"vtex-store-components-3-x-specificationItemSpecifications w-50 b--muted-4 bb pa5\" data-specification=\"Negro\">\n<div>Negro<\/div>\n<\/td>\n<\/tr>\n<tr class=\"vtex-store-components-3-x-specificationsTableRow\">\n<td class=\"vtex-store-components-3-x-specificationItemProperty w-50 b--muted-4 bb pa5\" data-specification=\"Capelo\">\n<div>Capelo<\/div>\n<\/td>\n<td class=\"vtex-store-components-3-x-specificationItemSpecifications w-50 b--muted-4 bb pa5\" data-specification=\"No\">\n<div>No<\/div>\n<\/td>\n<\/tr>\n<tr class=\"vtex-store-components-3-x-specificationsTableRow\">\n<td class=\"vtex-store-components-3-x-specificationItemProperty w-50 b--muted-4 bb pa5\" data-specification=\"Material\">\n<div>Material<\/div>\n<\/td>\n<td class=\"vtex-store-components-3-x-specificationItemSpecifications w-50 b--muted-4 bb pa5\" data-specification=\"Acero Porcelanizado y Alambr\u00f3n\">\n<div>Acero Porcelanizado y Alambr\u00f3n<\/div>\n<\/td>\n<\/tr>\n<\/tbody>\n<\/table>\n<\/div>\n<\/div>\n<\/div>\n<\/section>\n<\/div>\n<\/li>\n<\/ul>\n","protected":false},"excerpt":{"rendered":"<p>MOD. EI5020BAPN<\/p>\n<div class=\"vtex-flex-layout-0-x-flexColChild vtex-flex-layout-0-x-flexColChild--colDataProduct pb0\">\n<div class=\"vtex-product-specification-badges-0-x-groupContainer vtex-product-specification-badges-0-x-groupContainer--benefits inline-flex flex-column ma2\">\n<ul>\n<li class=\"vtex-product-specification-badges-0-x-badgeContainer vtex-product-specification-badges-0-x-badgeContainer--benefits vtex-product-specification-badges-0-x-badgeContainer--customer-bennefits-1 vtex-product-specification-badges-0-x-badgeContainer--benefits--customer-bennefits-1 bg-base flex items-center justify-center&quot;\"><span class=\"vtex-product-specification-badges-0-x-badgeText vtex-product-specification-badges-0-x-badgeText--benefits vtex-product-specification-badges-0-x-badgeText--4-quemadores-que-te-permiten-cocinar-diversos-platillos-al-mismo-tiempo vtex-product-specification-badges-0-x-badgeText--benefits--4-quemadores-que-te-permiten-cocinar-diversos-platillos-al-mismo-tiempo ma3 t-body c-muted-1 tc\">4 Quemadores que te permiten cocinar diversos platillos al mismo tiempo<\/span><\/li>\n<li class=\"vtex-product-specification-badges-0-x-badgeContainer vtex-product-specification-badges-0-x-badgeContainer--benefits vtex-product-specification-badges-0-x-badgeContainer--customer-bennefits-1 vtex-product-specification-badges-0-x-badgeContainer--benefits--customer-bennefits-1 bg-base flex items-center justify-center&quot;\">Encendido manual en quemadores muy f\u00e1cil de usar<\/li>\n<li class=\"vtex-product-specification-badges-0-x-badgeContainer vtex-product-specification-badges-0-x-badgeContainer--benefits vtex-product-specification-badges-0-x-badgeContainer--customer-bennefits-1 vtex-product-specification-badges-0-x-badgeContainer--benefits--customer-bennefits-1 bg-base flex items-center justify-center&quot;\">Mejor distribuci\u00f3n de calor que ofrece una cocci\u00f3n homog\u00e9nea<\/li>\n<li class=\"vtex-product-specification-badges-0-x-badgeContainer vtex-product-specification-badges-0-x-badgeContainer--benefits vtex-product-specification-badges-0-x-badgeContainer--customer-bennefits-1 vtex-product-specification-badges-0-x-badgeContainer--benefits--customer-bennefits-1 bg-base flex items-center justify-center&quot;\">Emplea Gas LP para su funcionamiento<\/li>\n<\/ul>\n<\/div>\n<\/div>\n","protected":false},"featured_media":5114,"template":"","meta":{"site-sidebar-layout":"default","site-content-layout":"default","ast-site-content-layout":"default","site-content-style":"default","site-sidebar-style":"default","ast-global-header-display":"","ast-banner-title-visibility":"","ast-main-header-display":"","ast-hfb-above-header-display":"","ast-hfb-below-header-display":"","ast-hfb-mobile-header-display":"","site-post-title":"","ast-breadcrumbs-content":"","ast-featured-img":"","footer-sml-layout":"","theme-transparent-header-meta":"default","adv-header-id-meta":"","stick-header-meta":"","header-above-stick-meta":"","header-main-stick-meta":"","header-below-stick-meta":"","astra-migrate-meta-layouts":"set","ast-page-background-enabled":"default","ast-page-background-meta":{"desktop":{"background-color":"","background-image":"","background-repeat":"repeat","background-position":"center center","background-size":"auto","background-attachment":"scroll","background-type":"","background-media":"","overlay-type":"","overlay-color":"","overlay-gradient":""},"tablet":{"background-color":"","background-image":"","background-repeat":"repeat","background-position":"center center","background-size":"auto","background-attachment":"scroll","background-type":"","background-media":"","overlay-type":"","overlay-color":"","overlay-gradient":""},"mobile":{"background-color":"","background-image":"","background-repeat":"repeat","background-position":"center center","background-size":"auto","background-attachment":"scroll","background-type":"","background-media":"","overlay-type":"","overlay-color":"","overlay-gradient":""}},"ast-content-background-meta":{"desktop":{"background-color":"var(--ast-global-color-5)","background-image":"","background-repeat":"repeat","background-position":"center center","background-size":"auto","background-attachment":"scroll","background-type":"","background-media":"","overlay-type":"","overlay-color":"","overlay-gradient":""},"tablet":{"background-color":"var(--ast-global-color-5)","background-image":"","background-repeat":"repeat","background-position":"center center","background-size":"auto","background-attachment":"scroll","background-type":"","background-media":"","overlay-type":"","overlay-color":"","overlay-gradient":""},"mobile":{"background-color":"var(--ast-global-color-5)","background-image":"","background-repeat":"repeat","background-position":"center center","background-size":"auto","background-attachment":"scroll","background-type":"","background-media":"","overlay-type":"","overlay-color":"","overlay-gradient":""}}},"product_brand":[],"product_cat":[32],"product_tag":[],"class_list":{"0":"post-5113","1":"product","2":"type-product","3":"status-publish","4":"has-post-thumbnail","6":"product_cat-linea-blanca","7":"desktop-align-left","8":"tablet-align-left","9":"mobile-align-left","11":"first","12":"instock","13":"taxable","14":"shipping-taxable","15":"purchasable","16":"product-type-simple"},"aioseo_notices":[],"_links":{"self":[{"href":"https:\/\/mueblesbrambila.com\/index.php\/wp-json\/wp\/v2\/product\/5113","targetHints":{"allow":["GET"]}}],"collection":[{"href":"https:\/\/mueblesbrambila.com\/index.php\/wp-json\/wp\/v2\/product"}],"about":[{"href":"https:\/\/mueblesbrambila.com\/index.php\/wp-json\/wp\/v2\/types\/product"}],"wp:featuredmedia":[{"embeddable":true,"href":"https:\/\/mueblesbrambila.com\/index.php\/wp-json\/wp\/v2\/media\/5114"}],"wp:attachment":[{"href":"https:\/\/mueblesbrambila.com\/index.php\/wp-json\/wp\/v2\/media?parent=5113"}],"wp:term":[{"taxonomy":"product_brand","embeddable":true,"href":"https:\/\/mueblesbrambila.com\/index.php\/wp-json\/wp\/v2\/product_brand?post=5113"},{"taxonomy":"product_cat","embeddable":true,"href":"https:\/\/mueblesbrambila.com\/index.php\/wp-json\/wp\/v2\/product_cat?post=5113"},{"taxonomy":"product_tag","embeddable":true,"href":"https:\/\/mueblesbrambila.com\/index.php\/wp-json\/wp\/v2\/product_tag?post=5113"}],"curies":[{"name":"wp","href":"https:\/\/api.w.org\/{rel}","templated":true}]}}