{"id":5121,"date":"2021-11-30T23:54:14","date_gmt":"2021-11-30T23:54:14","guid":{"rendered":"https:\/\/mueblesbrambila.com\/?post_type=product&#038;p=5121"},"modified":"2023-09-12T00:14:17","modified_gmt":"2023-09-12T00:14:17","slug":"microondas-daewoo","status":"publish","type":"product","link":"https:\/\/mueblesbrambila.com\/index.php\/product\/microondas-daewoo\/","title":{"rendered":"HORNO DE MICROONDAS DAEWOO KOR-1N3AS"},"content":{"rendered":"<div class=\"cl-mine-shaft lh-20 description\" data-v-4b8fb799=\"\" data-v-62349a2e=\"\">\n<p>El horno de microondas DAEWOO\/WINIA KOR-1N3AS color silver cuenta con una capacidad de 1.1 pies c\u00fabicos por lo que podr\u00e1s colocar recipientes de mayor tama\u00f1o. Incorpora 10 niveles de potencia que puedes ajustar y 5 programas de cocci\u00f3n. Su potencia de horno de 1,000 Watts ser\u00e1 m\u00e1s que suficiente para un calentamiento m\u00e1s r\u00e1pido.<\/p>\n<\/div>\n<div data-v-4b8fb799=\"\" data-v-62349a2e=\"\">\n<div class=\"caracteristicas-descripcion\" data-v-4b8fb799=\"\" data-v-62349a2e=\"\">\n<ul class=\"reset-ul attributes-list\" data-v-4b8fb799=\"\" data-v-62349a2e=\"\">\n<li class=\"lh-20 border-b-cl-alto pb-10 mb-10 overflow-wrap-word\" data-v-58ef19d4=\"\" data-v-4b8fb799=\"\" data-v-62349a2e=\"\"><span class=\"fw-600\" data-v-58ef19d4=\"\">Marca <\/span><span class=\"fw-400 cl-mine-shaft text-right oveflow-wrap-word\" data-v-58ef19d4=\"\">WINIA<\/span><\/li>\n<li class=\"lh-20 border-b-cl-alto pb-10 mb-10 overflow-wrap-word\" data-v-58ef19d4=\"\" data-v-4b8fb799=\"\" data-v-62349a2e=\"\"><span class=\"fw-600\" data-v-58ef19d4=\"\">Color <\/span><span class=\"fw-400 cl-mine-shaft text-right oveflow-wrap-word\" data-v-58ef19d4=\"\">SILVER<\/span><\/li>\n<li class=\"lh-20 border-b-cl-alto pb-10 mb-10 overflow-wrap-word\" data-v-58ef19d4=\"\" data-v-4b8fb799=\"\" data-v-62349a2e=\"\"><span class=\"fw-600\" data-v-58ef19d4=\"\">Peso (kilogramos) <\/span><span class=\"fw-400 cl-mine-shaft text-right oveflow-wrap-word\" data-v-58ef19d4=\"\">12.4<\/span><\/li>\n<li class=\"lh-20 border-b-cl-alto pb-10 mb-10 overflow-wrap-word\" data-v-58ef19d4=\"\" data-v-4b8fb799=\"\" data-v-62349a2e=\"\"><span class=\"fw-600\" data-v-58ef19d4=\"\">Niveles de potencia <\/span><span class=\"fw-400 cl-mine-shaft text-right oveflow-wrap-word\" data-v-58ef19d4=\"\">10<\/span><\/li>\n<li class=\"lh-20 border-b-cl-alto pb-10 mb-10 overflow-wrap-word\" data-v-58ef19d4=\"\" data-v-4b8fb799=\"\" data-v-62349a2e=\"\"><span class=\"fw-600\" data-v-58ef19d4=\"\">Potencia horno <\/span><span class=\"fw-400 cl-mine-shaft text-right oveflow-wrap-word\" data-v-58ef19d4=\"\">1000 WATTS<\/span><\/li>\n<li class=\"lh-20 border-b-cl-alto pb-10 mb-10 overflow-wrap-word\" data-v-58ef19d4=\"\" data-v-4b8fb799=\"\" data-v-62349a2e=\"\"><span class=\"fw-600\" data-v-58ef19d4=\"\">Modelo <\/span><span class=\"fw-400 cl-mine-shaft text-right oveflow-wrap-word\" data-v-58ef19d4=\"\">KOR-1N3AS<\/span><\/li>\n<li class=\"lh-20 border-b-cl-alto pb-10 mb-10 overflow-wrap-word\" data-v-58ef19d4=\"\" data-v-4b8fb799=\"\" data-v-62349a2e=\"\"><span class=\"fw-600\" data-v-58ef19d4=\"\">Capacidad <\/span><span class=\"fw-400 cl-mine-shaft text-right oveflow-wrap-word\" data-v-58ef19d4=\"\">1.1 PIES<\/span><\/li>\n<li class=\"lh-20 border-b-cl-alto pb-10 mb-10 overflow-wrap-word\" data-v-58ef19d4=\"\" data-v-4b8fb799=\"\" data-v-62349a2e=\"\"><span class=\"fw-600\" data-v-58ef19d4=\"\">Medidas (fondo x largo x alto) <\/span><span class=\"fw-400 cl-mine-shaft text-right oveflow-wrap-word\" data-v-58ef19d4=\"\">38.1 x 51.5 x 30.4 cm<\/span><\/li>\n<li class=\"lh-20 border-b-cl-alto pb-10 mb-10 overflow-wrap-word\" data-v-58ef19d4=\"\" data-v-4b8fb799=\"\" data-v-62349a2e=\"\"><span class=\"fw-600\" data-v-58ef19d4=\"\">Panel de control <\/span><span class=\"fw-400 cl-mine-shaft text-right oveflow-wrap-word\" data-v-58ef19d4=\"\">DIGITAL<\/span><\/li>\n<li class=\"lh-20 border-b-cl-alto pb-10 mb-10 overflow-wrap-word\" data-v-58ef19d4=\"\" data-v-4b8fb799=\"\" data-v-62349a2e=\"\"><span class=\"fw-600\" data-v-58ef19d4=\"\">Programas<\/span><span class=\"fw-400 cl-mine-shaft text-right oveflow-wrap-word\" data-v-58ef19d4=\"\">0 9<\/span><\/li>\n<li class=\"lh-20 border-b-cl-alto pb-10 mb-10 overflow-wrap-word\" data-v-58ef19d4=\"\" data-v-4b8fb799=\"\" data-v-62349a2e=\"\"><span class=\"fw-600\" data-v-58ef19d4=\"\">Acabado espejo <\/span><span class=\"fw-400 cl-mine-shaft text-right oveflow-wrap-word\" data-v-58ef19d4=\"\">NO<\/span><\/li>\n<\/ul>\n<\/div>\n<\/div>\n","protected":false},"excerpt":{"rendered":"<p>MOD. DAEWOO KOR-1N3AS<\/p>\n<ul data-v-27f77566=\"\">\n<li class=\"alt-design\" data-v-58ef19d4=\"\" data-v-27f77566=\"\">Marca WINIA<\/li>\n<li class=\"alt-design\" data-v-58ef19d4=\"\" data-v-27f77566=\"\">Color SILVER<\/li>\n<li class=\"alt-design\" data-v-58ef19d4=\"\" data-v-27f77566=\"\">Capacidad 1.1 PIES<\/li>\n<li class=\"alt-design\" data-v-58ef19d4=\"\" data-v-27f77566=\"\">Peso (kilogramos) 12.4<\/li>\n<\/ul>\n","protected":false},"featured_media":5123,"template":"","meta":{"site-sidebar-layout":"default","site-content-layout":"default","ast-site-content-layout":"default","site-content-style":"default","site-sidebar-style":"default","ast-global-header-display":"","ast-banner-title-visibility":"","ast-main-header-display":"","ast-hfb-above-header-display":"","ast-hfb-below-header-display":"","ast-hfb-mobile-header-display":"","site-post-title":"","ast-breadcrumbs-content":"","ast-featured-img":"","footer-sml-layout":"","theme-transparent-header-meta":"default","adv-header-id-meta":"","stick-header-meta":"","header-above-stick-meta":"","header-main-stick-meta":"","header-below-stick-meta":"","astra-migrate-meta-layouts":"set","ast-page-background-enabled":"default","ast-page-background-meta":{"desktop":{"background-color":"","background-image":"","background-repeat":"repeat","background-position":"center center","background-size":"auto","background-attachment":"scroll","background-type":"","background-media":"","overlay-type":"","overlay-color":"","overlay-gradient":""},"tablet":{"background-color":"","background-image":"","background-repeat":"repeat","background-position":"center center","background-size":"auto","background-attachment":"scroll","background-type":"","background-media":"","overlay-type":"","overlay-color":"","overlay-gradient":""},"mobile":{"background-color":"","background-image":"","background-repeat":"repeat","background-position":"center center","background-size":"auto","background-attachment":"scroll","background-type":"","background-media":"","overlay-type":"","overlay-color":"","overlay-gradient":""}},"ast-content-background-meta":{"desktop":{"background-color":"var(--ast-global-color-5)","background-image":"","background-repeat":"repeat","background-position":"center center","background-size":"auto","background-attachment":"scroll","background-type":"","background-media":"","overlay-type":"","overlay-color":"","overlay-gradient":""},"tablet":{"background-color":"var(--ast-global-color-5)","background-image":"","background-repeat":"repeat","background-position":"center center","background-size":"auto","background-attachment":"scroll","background-type":"","background-media":"","overlay-type":"","overlay-color":"","overlay-gradient":""},"mobile":{"background-color":"var(--ast-global-color-5)","background-image":"","background-repeat":"repeat","background-position":"center center","background-size":"auto","background-attachment":"scroll","background-type":"","background-media":"","overlay-type":"","overlay-color":"","overlay-gradient":""}}},"product_brand":[],"product_cat":[32],"product_tag":[],"class_list":{"0":"post-5121","1":"product","2":"type-product","3":"status-publish","4":"has-post-thumbnail","6":"product_cat-linea-blanca","7":"desktop-align-left","8":"tablet-align-left","9":"mobile-align-left","11":"first","12":"instock","13":"taxable","14":"shipping-taxable","15":"purchasable","16":"product-type-simple"},"aioseo_notices":[],"_links":{"self":[{"href":"https:\/\/mueblesbrambila.com\/index.php\/wp-json\/wp\/v2\/product\/5121","targetHints":{"allow":["GET"]}}],"collection":[{"href":"https:\/\/mueblesbrambila.com\/index.php\/wp-json\/wp\/v2\/product"}],"about":[{"href":"https:\/\/mueblesbrambila.com\/index.php\/wp-json\/wp\/v2\/types\/product"}],"wp:featuredmedia":[{"embeddable":true,"href":"https:\/\/mueblesbrambila.com\/index.php\/wp-json\/wp\/v2\/media\/5123"}],"wp:attachment":[{"href":"https:\/\/mueblesbrambila.com\/index.php\/wp-json\/wp\/v2\/media?parent=5121"}],"wp:term":[{"taxonomy":"product_brand","embeddable":true,"href":"https:\/\/mueblesbrambila.com\/index.php\/wp-json\/wp\/v2\/product_brand?post=5121"},{"taxonomy":"product_cat","embeddable":true,"href":"https:\/\/mueblesbrambila.com\/index.php\/wp-json\/wp\/v2\/product_cat?post=5121"},{"taxonomy":"product_tag","embeddable":true,"href":"https:\/\/mueblesbrambila.com\/index.php\/wp-json\/wp\/v2\/product_tag?post=5121"}],"curies":[{"name":"wp","href":"https:\/\/api.w.org\/{rel}","templated":true}]}}