{"id":5140,"date":"2021-12-01T00:07:13","date_gmt":"2021-12-01T00:07:13","guid":{"rendered":"https:\/\/mueblesbrambila.com\/?post_type=product&#038;p=5140"},"modified":"2023-09-11T23:42:28","modified_gmt":"2023-09-11T23:42:28","slug":"lavadoras-winia-mod-dwf-dg1b386cww3","status":"publish","type":"product","link":"https:\/\/mueblesbrambila.com\/index.php\/product\/lavadoras-winia-mod-dwf-dg1b386cww3\/","title":{"rendered":"LAVADORA AUTOMATICA 19K. WINIA\/DAEWOO DWF-DG1B386CWW3"},"content":{"rendered":"<p>La lavadora Winia DWF-DG1B386CWW3 har\u00e1 que el lavado diario sea m\u00e1s sencillo. Evitar\u00e1 los residuos de detergente, dejar\u00e1 tu ropa impecable sin da\u00f1arla y te permitir\u00e1 ahorrar tiempo.<\/p>\n<p>Trabaja sola<br \/>\n\u00danicamente necesita que se introduzcan los productos de limpieza y se elija el programa deseado. A diferencia de las semiautom\u00e1ticas, no requiere que est\u00e9s presente en todas las etapas del proceso, por lo que tendr\u00e1s prendas limpias y perfumadas sin esfuerzo.<\/p>\n<p>Remoci\u00f3n efectiva de manchas<br \/>\nLa tecnolog\u00eda Bubble permite que el detergente penetre de una forma m\u00e1s r\u00e1pida y uniforme. As\u00ed, logra la misma eficacia en fr\u00edo de como lo har\u00eda en caliente, pero sin maltratar las telas.<\/p>\n","protected":false},"excerpt":{"rendered":"<h5 class=\"panel-header\" data-toggle-accordion-panel=\"panel-features\">Caracter\u00edsticas destacadas<\/h5>\n<div class=\"panel-body\" data-product-scroll=\"\">\n<div class=\"feature-information\">\n<div class=\"product-feature\">\n<div class=\"product-bg-container\">\n<ul>\n<li>Capacidad de 19Kg.<\/li>\n<li>10 programas autom\u00e1ticos de lavado<\/li>\n<li>Tina de acero inoxidable<\/li>\n<li>Tapa con cristal templado con sistema DAMPER.<\/li>\n<li>No produce ruido al lavar<\/li>\n<\/ul>\n<\/div>\n<\/div>\n<\/div>\n<\/div>\n","protected":false},"featured_media":5141,"template":"","meta":{"site-sidebar-layout":"default","site-content-layout":"default","ast-site-content-layout":"default","site-content-style":"default","site-sidebar-style":"default","ast-global-header-display":"","ast-banner-title-visibility":"","ast-main-header-display":"","ast-hfb-above-header-display":"","ast-hfb-below-header-display":"","ast-hfb-mobile-header-display":"","site-post-title":"","ast-breadcrumbs-content":"","ast-featured-img":"","footer-sml-layout":"","theme-transparent-header-meta":"default","adv-header-id-meta":"","stick-header-meta":"","header-above-stick-meta":"","header-main-stick-meta":"","header-below-stick-meta":"","astra-migrate-meta-layouts":"set","ast-page-background-enabled":"default","ast-page-background-meta":{"desktop":{"background-color":"","background-image":"","background-repeat":"repeat","background-position":"center center","background-size":"auto","background-attachment":"scroll","background-type":"","background-media":"","overlay-type":"","overlay-color":"","overlay-gradient":""},"tablet":{"background-color":"","background-image":"","background-repeat":"repeat","background-position":"center center","background-size":"auto","background-attachment":"scroll","background-type":"","background-media":"","overlay-type":"","overlay-color":"","overlay-gradient":""},"mobile":{"background-color":"","background-image":"","background-repeat":"repeat","background-position":"center center","background-size":"auto","background-attachment":"scroll","background-type":"","background-media":"","overlay-type":"","overlay-color":"","overlay-gradient":""}},"ast-content-background-meta":{"desktop":{"background-color":"var(--ast-global-color-5)","background-image":"","background-repeat":"repeat","background-position":"center center","background-size":"auto","background-attachment":"scroll","background-type":"","background-media":"","overlay-type":"","overlay-color":"","overlay-gradient":""},"tablet":{"background-color":"var(--ast-global-color-5)","background-image":"","background-repeat":"repeat","background-position":"center center","background-size":"auto","background-attachment":"scroll","background-type":"","background-media":"","overlay-type":"","overlay-color":"","overlay-gradient":""},"mobile":{"background-color":"var(--ast-global-color-5)","background-image":"","background-repeat":"repeat","background-position":"center center","background-size":"auto","background-attachment":"scroll","background-type":"","background-media":"","overlay-type":"","overlay-color":"","overlay-gradient":""}}},"product_brand":[],"product_cat":[32],"product_tag":[],"class_list":{"0":"post-5140","1":"product","2":"type-product","3":"status-publish","4":"has-post-thumbnail","6":"product_cat-linea-blanca","7":"desktop-align-left","8":"tablet-align-left","9":"mobile-align-left","11":"first","12":"instock","13":"taxable","14":"shipping-taxable","15":"purchasable","16":"product-type-simple"},"aioseo_notices":[],"_links":{"self":[{"href":"https:\/\/mueblesbrambila.com\/index.php\/wp-json\/wp\/v2\/product\/5140","targetHints":{"allow":["GET"]}}],"collection":[{"href":"https:\/\/mueblesbrambila.com\/index.php\/wp-json\/wp\/v2\/product"}],"about":[{"href":"https:\/\/mueblesbrambila.com\/index.php\/wp-json\/wp\/v2\/types\/product"}],"wp:featuredmedia":[{"embeddable":true,"href":"https:\/\/mueblesbrambila.com\/index.php\/wp-json\/wp\/v2\/media\/5141"}],"wp:attachment":[{"href":"https:\/\/mueblesbrambila.com\/index.php\/wp-json\/wp\/v2\/media?parent=5140"}],"wp:term":[{"taxonomy":"product_brand","embeddable":true,"href":"https:\/\/mueblesbrambila.com\/index.php\/wp-json\/wp\/v2\/product_brand?post=5140"},{"taxonomy":"product_cat","embeddable":true,"href":"https:\/\/mueblesbrambila.com\/index.php\/wp-json\/wp\/v2\/product_cat?post=5140"},{"taxonomy":"product_tag","embeddable":true,"href":"https:\/\/mueblesbrambila.com\/index.php\/wp-json\/wp\/v2\/product_tag?post=5140"}],"curies":[{"name":"wp","href":"https:\/\/api.w.org\/{rel}","templated":true}]}}