{"id":5154,"date":"2021-12-01T00:17:37","date_gmt":"2021-12-01T00:17:37","guid":{"rendered":"https:\/\/mueblesbrambila.com\/?post_type=product&#038;p=5154"},"modified":"2023-09-11T18:23:27","modified_gmt":"2023-09-11T18:23:27","slug":"lavadora-whirlpool","status":"publish","type":"product","link":"https:\/\/mueblesbrambila.com\/index.php\/product\/lavadora-whirlpool\/","title":{"rendered":"LAVADORA WHIRLPOOL    MOD. 8MWTW1713MJQ"},"content":{"rendered":"<div class=\"cl-mine-shaft lh-20 description\" data-v-4b8fb799=\"\" data-v-62349a2e=\"\">\n<p>Encuentra en la lavadora autom\u00e1tica Whirlpool 8MWTW1713MJQ la aliada perfecta para conservar tus prendas con la mayor limpieza. Cuenta con una capacidad de 17 kg por lo que podr\u00e1s lavar m\u00e1s ropa en menos cargas, adem\u00e1s incorpora una tina fabricada en acero inoxidable otorg\u00e1ndole de esta manera una mayor resistencia y durabilidad. Implementa 12 ciclos de lavado, as\u00ed como niveles de temperatura autom\u00e1ticos. Quedar\u00e1s sorprendido con los extraordinarios resultados de la lavadora Whirlpool 8MWTW1713MJQ.<\/p>\n<\/div>\n<div data-v-4b8fb799=\"\" data-v-62349a2e=\"\">\n<div class=\"caracteristicas-descripcion\" data-v-4b8fb799=\"\" data-v-62349a2e=\"\">\n<div id=\"features-link\"><span style=\"font-size: 1.7em; font-weight: bold;\">Vista general<\/span><\/div>\n<\/div>\n<div class=\"syndi_powerpage\">\n<div class=\"syndigo-powerpage-grid\">\n<div class=\"syndigo-powerpage-grid-widget\">\n<p><button class=\"syndigo-fullscreen-button\" title=\"\" type=\"button\" data-text=\"fullscreenTooltip\" aria-label=\"Open in full screen\"><\/button><button class=\"syndigo-fullscreen-button\" title=\"\" type=\"button\" data-text=\"fullscreenTooltip\" aria-label=\"Open in full screen\"><img fetchpriority=\"high\" decoding=\"async\" class=\"aligncenter\" style=\"font-style: inherit; font-weight: inherit; background-color: #ffffff; color: #3a3a3a;\" title=\"Lavadora Carga Superior Whirlpool 17kg 8MWTW1713MJQ Blanco\" src=\"https:\/\/content.syndigo.com\/asset\/7cdfd2b2-79ef-408f-a074-08d49dd3755a\/480.jpg\" srcset=\"https:\/\/content.syndigo.com\/asset\/7cdfd2b2-79ef-408f-a074-08d49dd3755a\/240.jpg 240w, https:\/\/content.syndigo.com\/asset\/7cdfd2b2-79ef-408f-a074-08d49dd3755a\/480.jpg 480w, https:\/\/content.syndigo.com\/asset\/7cdfd2b2-79ef-408f-a074-08d49dd3755a\/900.jpg 900w\" alt=\"Lavadora Carga Superior Whirlpool 17kg 8MWTW1713MJQ Blanco\" width=\"397\" height=\"397\" \/><\/button><\/p>\n<h3 class=\"syndigo-featureset-feature-caption\">Lavadora Carga Superior Whirlpool 17kg 8MWTW1713MJQ Blanco<\/h3>\n<div class=\"syndigo-featureset-feature-description\">\n<p>Lavadora Carga Superior de 17 kg Whirlpool color blanco con panel blanco, cuenta con sistema de lavado Xpert System: el mejor sistema de lavado que remueve las manchas m\u00e1s dif\u00edciles mejor que otros*. Cuenta con Smart Load: conoce el nivel de tama\u00f1o de tu ropa seca y elige el tama\u00f1o correcto de carga. (CH, M o G). Con Agitador Single Action (6 movimientos expertos) 12 ciclos, (3 ciclos Xpert: Ropa de Color, Ropa Blanca, nuevo ciclo Intenso con Remojo) Voluminosos, Jeans, Express, Delicados, Remojar, Solo Lavar, Enjuagar y Exprimir, Drenar y Exprimir. 3 temperaturas de agua: Fr\u00eda, Tibia y Caliente. Incluye dep\u00f3sitos autom\u00e1ticos para tu mayor comodidad de Suavizante y Blanqueador. Bloqueo de tapa, Luz LED Indicadora de la Etapa del Ciclo. Adem\u00e1s, 10 a\u00f1os de garant\u00eda.<\/p>\n<p>&nbsp;<\/p>\n<p>*En su clase, con las 5 manchas m\u00e1s comunes basado en el procedimiento est\u00e1ndar NMX (siglas de \u00abNorma Mexicana\u00bb). Para m\u00e1quinas lavadoras de ropa de uso dom\u00e9stico la norma NMX-J-528-ANCE-2001 espec\u00edfica m\u00e9todos para medir la eficiencia de lavado.<\/p>\n<\/div>\n<div class=\"syndigo-featureset syndigo-widget\">\n<div class=\"syndigo-featureset-layout syndigo-feature-stacked\">\n<div class=\"syndigo-featureset-feature\">\n<div class=\"syndigo-featureset-feature-description-text syndigo-featureset-feature-overlaid\">\n<div class=\"syndigo-featureset-feature-overlaid-inner syndigo-featureset-feature-overlaid-Custom\"><img decoding=\"async\" class=\"aligncenter\" src=\"https:\/\/content.syndigo.com\/asset\/e42ab24f-365d-43a1-aa9b-43eb24d08704\/960.jpg\" width=\"1411\" height=\"419\" \/><\/div>\n<\/div>\n<\/div>\n<\/div>\n<\/div>\n<\/div>\n<\/div>\n<\/div>\n<\/div>\n","protected":false},"excerpt":{"rendered":"<div class=\"ui-pdp-container__row ui-pdp-container__row--highlighted-features-title\">\n<h5 class=\"ui-vpp-text-alignment--left ui-pdp-color--BLACK ui-pdp-size--XSMALL ui-pdp-family--SEMIBOLD highlighted-features-title\">Lo que tienes que saber de este producto<\/h5>\n<\/div>\n<div class=\"ui-pdp-container__row ui-pdp-container__row--highlighted-features\">\n<div class=\"ui-vpp-highlighted-specs__features\">\n<ul class=\"ui-vpp-highlighted-specs__features-list\">\n<li class=\"ui-vpp-highlighted-specs__features-list-item ui-pdp-color--BLACK ui-pdp-size--XSMALL ui-pdp-family--REGULAR\">Carga superior de 17\u00a0kg.<\/li>\n<li class=\"ui-vpp-highlighted-specs__features-list-item ui-pdp-color--BLACK ui-pdp-size--XSMALL ui-pdp-family--REGULAR\">Incluye 12 programas.<\/li>\n<li class=\"ui-vpp-highlighted-specs__features-list-item ui-pdp-color--BLACK ui-pdp-size--XSMALL ui-pdp-family--REGULAR\">Centrifuga a una velocidad de 770\u00a0rpm.<\/li>\n<li class=\"ui-vpp-highlighted-specs__features-list-item ui-pdp-color--BLACK ui-pdp-size--XSMALL ui-pdp-family--REGULAR\">Apta para lavar con agua fr\u00eda, tibia y caliente.<\/li>\n<li class=\"ui-vpp-highlighted-specs__features-list-item ui-pdp-color--BLACK ui-pdp-size--XSMALL ui-pdp-family--REGULAR\">Tambor de acero inoxidable y filtro atrapa pelusas.<\/li>\n<li class=\"ui-vpp-highlighted-specs__features-list-item ui-pdp-color--BLACK ui-pdp-size--XSMALL ui-pdp-family--REGULAR\">Las im\u00e1genes pueden ser ilustrativas.<\/li>\n<li class=\"ui-vpp-highlighted-specs__features-list-item ui-pdp-color--BLACK ui-pdp-size--XSMALL ui-pdp-family--REGULAR\">Comodidad y practicidad para tu hogar.<\/li>\n<\/ul>\n<\/div>\n<\/div>\n","protected":false},"featured_media":5156,"template":"","meta":{"site-sidebar-layout":"default","site-content-layout":"default","ast-site-content-layout":"default","site-content-style":"default","site-sidebar-style":"default","ast-global-header-display":"","ast-banner-title-visibility":"","ast-main-header-display":"","ast-hfb-above-header-display":"","ast-hfb-below-header-display":"","ast-hfb-mobile-header-display":"","site-post-title":"","ast-breadcrumbs-content":"","ast-featured-img":"","footer-sml-layout":"","theme-transparent-header-meta":"default","adv-header-id-meta":"","stick-header-meta":"","header-above-stick-meta":"","header-main-stick-meta":"","header-below-stick-meta":"","astra-migrate-meta-layouts":"set","ast-page-background-enabled":"default","ast-page-background-meta":{"desktop":{"background-color":"","background-image":"","background-repeat":"repeat","background-position":"center center","background-size":"auto","background-attachment":"scroll","background-type":"","background-media":"","overlay-type":"","overlay-color":"","overlay-gradient":""},"tablet":{"background-color":"","background-image":"","background-repeat":"repeat","background-position":"center center","background-size":"auto","background-attachment":"scroll","background-type":"","background-media":"","overlay-type":"","overlay-color":"","overlay-gradient":""},"mobile":{"background-color":"","background-image":"","background-repeat":"repeat","background-position":"center center","background-size":"auto","background-attachment":"scroll","background-type":"","background-media":"","overlay-type":"","overlay-color":"","overlay-gradient":""}},"ast-content-background-meta":{"desktop":{"background-color":"var(--ast-global-color-5)","background-image":"","background-repeat":"repeat","background-position":"center center","background-size":"auto","background-attachment":"scroll","background-type":"","background-media":"","overlay-type":"","overlay-color":"","overlay-gradient":""},"tablet":{"background-color":"var(--ast-global-color-5)","background-image":"","background-repeat":"repeat","background-position":"center center","background-size":"auto","background-attachment":"scroll","background-type":"","background-media":"","overlay-type":"","overlay-color":"","overlay-gradient":""},"mobile":{"background-color":"var(--ast-global-color-5)","background-image":"","background-repeat":"repeat","background-position":"center center","background-size":"auto","background-attachment":"scroll","background-type":"","background-media":"","overlay-type":"","overlay-color":"","overlay-gradient":""}}},"product_brand":[],"product_cat":[32],"product_tag":[],"class_list":{"0":"post-5154","1":"product","2":"type-product","3":"status-publish","4":"has-post-thumbnail","6":"product_cat-linea-blanca","7":"desktop-align-left","8":"tablet-align-left","9":"mobile-align-left","11":"first","12":"instock","13":"taxable","14":"shipping-taxable","15":"purchasable","16":"product-type-simple"},"aioseo_notices":[],"_links":{"self":[{"href":"https:\/\/mueblesbrambila.com\/index.php\/wp-json\/wp\/v2\/product\/5154","targetHints":{"allow":["GET"]}}],"collection":[{"href":"https:\/\/mueblesbrambila.com\/index.php\/wp-json\/wp\/v2\/product"}],"about":[{"href":"https:\/\/mueblesbrambila.com\/index.php\/wp-json\/wp\/v2\/types\/product"}],"wp:featuredmedia":[{"embeddable":true,"href":"https:\/\/mueblesbrambila.com\/index.php\/wp-json\/wp\/v2\/media\/5156"}],"wp:attachment":[{"href":"https:\/\/mueblesbrambila.com\/index.php\/wp-json\/wp\/v2\/media?parent=5154"}],"wp:term":[{"taxonomy":"product_brand","embeddable":true,"href":"https:\/\/mueblesbrambila.com\/index.php\/wp-json\/wp\/v2\/product_brand?post=5154"},{"taxonomy":"product_cat","embeddable":true,"href":"https:\/\/mueblesbrambila.com\/index.php\/wp-json\/wp\/v2\/product_cat?post=5154"},{"taxonomy":"product_tag","embeddable":true,"href":"https:\/\/mueblesbrambila.com\/index.php\/wp-json\/wp\/v2\/product_tag?post=5154"}],"curies":[{"name":"wp","href":"https:\/\/api.w.org\/{rel}","templated":true}]}}