{"id":5182,"date":"2021-12-01T00:45:45","date_gmt":"2021-12-01T00:45:45","guid":{"rendered":"https:\/\/mueblesbrambila.com\/?post_type=product&#038;p=5182"},"modified":"2023-09-11T16:50:38","modified_gmt":"2023-09-11T16:50:38","slug":"plancha-t-fal-mod-fv-1023x0","status":"publish","type":"product","link":"https:\/\/mueblesbrambila.com\/index.php\/product\/plancha-t-fal-mod-fv-1023x0\/","title":{"rendered":"PLANCHA T-FAL MOD. FV1023XO"},"content":{"rendered":"<p>PLANCHA DE VAPOR T-FAL FV1023X0<\/p>\n<p>-Suela de cer\u00e1mica<br \/>\n-Sistema de vapor<br \/>\n-Potencia de 1160 W<br \/>\n-Spray<br \/>\n-Capacidad de 150ml<\/p>\n<p>Descubre Steam Essential, la plancha de vapor m\u00e1s accesible de T-fal. El vapor masterizado humidifica y suaviza tus telas, para un planchado perfecto. Usa la inyecci\u00f3n de Steam Essential y elimina de manera eficiente las arrugas m\u00e1s dif\u00edciles, ideal para prendas delicadas, Steam Essential te proporciona vapor vertical para un planchado a\u00fan m\u00e1s conveniente. Con tu plancha de vapor, tus sesiones de planchado ser\u00e1n m\u00e1s r\u00e1pidas, m\u00e1s f\u00e1ciles y mejores.<\/p>\n<p>Para los consumidores con necesidades b\u00e1sicas de planchado que buscan una soluci\u00f3n r\u00e1pida, ligera y f\u00e1cil. Tu plancha Essential cuenta con un potente nivel de vapor, para planchar y eliminar hasta las arrugas m\u00e1s dif\u00edciles.<\/p>\n","protected":false},"excerpt":{"rendered":"<p>A partir de ahora tus prendas lucir\u00e1n mejor que nunca gracias a la extraordinaria plancha T-fal modelo FV1023X0. Logra un mejor planchado gracias a la suela de cer\u00e1mica que implementa, esto permitir\u00e1 un suave deslizamiento evitando da\u00f1os en la tela.<\/p>\n","protected":false},"featured_media":5183,"template":"","meta":{"site-sidebar-layout":"default","site-content-layout":"default","ast-site-content-layout":"default","site-content-style":"default","site-sidebar-style":"default","ast-global-header-display":"","ast-banner-title-visibility":"","ast-main-header-display":"","ast-hfb-above-header-display":"","ast-hfb-below-header-display":"","ast-hfb-mobile-header-display":"","site-post-title":"","ast-breadcrumbs-content":"","ast-featured-img":"","footer-sml-layout":"","theme-transparent-header-meta":"default","adv-header-id-meta":"","stick-header-meta":"","header-above-stick-meta":"","header-main-stick-meta":"","header-below-stick-meta":"","astra-migrate-meta-layouts":"set","ast-page-background-enabled":"default","ast-page-background-meta":{"desktop":{"background-color":"","background-image":"","background-repeat":"repeat","background-position":"center center","background-size":"auto","background-attachment":"scroll","background-type":"","background-media":"","overlay-type":"","overlay-color":"","overlay-gradient":""},"tablet":{"background-color":"","background-image":"","background-repeat":"repeat","background-position":"center center","background-size":"auto","background-attachment":"scroll","background-type":"","background-media":"","overlay-type":"","overlay-color":"","overlay-gradient":""},"mobile":{"background-color":"","background-image":"","background-repeat":"repeat","background-position":"center center","background-size":"auto","background-attachment":"scroll","background-type":"","background-media":"","overlay-type":"","overlay-color":"","overlay-gradient":""}},"ast-content-background-meta":{"desktop":{"background-color":"var(--ast-global-color-5)","background-image":"","background-repeat":"repeat","background-position":"center center","background-size":"auto","background-attachment":"scroll","background-type":"","background-media":"","overlay-type":"","overlay-color":"","overlay-gradient":""},"tablet":{"background-color":"var(--ast-global-color-5)","background-image":"","background-repeat":"repeat","background-position":"center center","background-size":"auto","background-attachment":"scroll","background-type":"","background-media":"","overlay-type":"","overlay-color":"","overlay-gradient":""},"mobile":{"background-color":"var(--ast-global-color-5)","background-image":"","background-repeat":"repeat","background-position":"center center","background-size":"auto","background-attachment":"scroll","background-type":"","background-media":"","overlay-type":"","overlay-color":"","overlay-gradient":""}}},"product_brand":[],"product_cat":[32],"product_tag":[],"class_list":{"0":"post-5182","1":"product","2":"type-product","3":"status-publish","4":"has-post-thumbnail","6":"product_cat-linea-blanca","7":"desktop-align-left","8":"tablet-align-left","9":"mobile-align-left","11":"first","12":"instock","13":"taxable","14":"shipping-taxable","15":"purchasable","16":"product-type-simple"},"aioseo_notices":[],"_links":{"self":[{"href":"https:\/\/mueblesbrambila.com\/index.php\/wp-json\/wp\/v2\/product\/5182","targetHints":{"allow":["GET"]}}],"collection":[{"href":"https:\/\/mueblesbrambila.com\/index.php\/wp-json\/wp\/v2\/product"}],"about":[{"href":"https:\/\/mueblesbrambila.com\/index.php\/wp-json\/wp\/v2\/types\/product"}],"wp:featuredmedia":[{"embeddable":true,"href":"https:\/\/mueblesbrambila.com\/index.php\/wp-json\/wp\/v2\/media\/5183"}],"wp:attachment":[{"href":"https:\/\/mueblesbrambila.com\/index.php\/wp-json\/wp\/v2\/media?parent=5182"}],"wp:term":[{"taxonomy":"product_brand","embeddable":true,"href":"https:\/\/mueblesbrambila.com\/index.php\/wp-json\/wp\/v2\/product_brand?post=5182"},{"taxonomy":"product_cat","embeddable":true,"href":"https:\/\/mueblesbrambila.com\/index.php\/wp-json\/wp\/v2\/product_cat?post=5182"},{"taxonomy":"product_tag","embeddable":true,"href":"https:\/\/mueblesbrambila.com\/index.php\/wp-json\/wp\/v2\/product_tag?post=5182"}],"curies":[{"name":"wp","href":"https:\/\/api.w.org\/{rel}","templated":true}]}}