{"id":5229,"date":"2021-12-01T01:44:22","date_gmt":"2021-12-01T01:44:22","guid":{"rendered":"https:\/\/mueblesbrambila.com\/?post_type=product&#038;p=5229"},"modified":"2023-09-04T19:45:44","modified_gmt":"2023-09-04T19:45:44","slug":"estufa-mabe-4-quemadores-3","status":"publish","type":"product","link":"https:\/\/mueblesbrambila.com\/index.php\/product\/estufa-mabe-4-quemadores-3\/","title":{"rendered":"ESTUFA MABE 4 QUEMADORES MOD. EM5030BAIS0"},"content":{"rendered":"<div class=\"vtex-flex-layout-0-x-flexColChild vtex-flex-layout-0-x-flexColChild--productSpecificationGroup__col pb0\">\n<div class=\"vtex-flex-layout-0-x-flexRow vtex-flex-layout-0-x-flexRow--productSpecificationGroupName\">\n<div class=\"flex mt0 mb0 pt0 pb0    justify-start vtex-flex-layout-0-x-flexRowContent vtex-flex-layout-0-x-flexRowContent--productSpecificationGroupName items-stretch w-100\">\n<div class=\"pr0 items-stretch vtex-flex-layout-0-x-stretchChildrenWidth   flex\">Especificaciones<\/div>\n<\/div>\n<\/div>\n<\/div>\n<div class=\"vtex-flex-layout-0-x-flexColChild vtex-flex-layout-0-x-flexColChild--productSpecificationGroup__col pb0\">\n<div class=\"vtex-flex-layout-0-x-flexRow vtex-flex-layout-0-x-flexRow--productSpecification\">\n<div class=\"flex mt0 mb0 pt0 pb0    justify-start vtex-flex-layout-0-x-flexRowContent vtex-flex-layout-0-x-flexRowContent--productSpecification items-stretch w-100\">\n<div class=\"pr0 items-stretch vtex-flex-layout-0-x-stretchChildrenWidth   flex\">\n<div class=\"vtex-flex-layout-0-x-flexCol vtex-flex-layout-0-x-flexCol--productSpecificationName  ml0 mr0 pl0 pr0      flex flex-column h-100 w-100\">\n<ul>\n<li class=\"vtex-flex-layout-0-x-flexColChild vtex-flex-layout-0-x-flexColChild--productSpecificationName pb0\"><strong><span class=\"vtex-product-specifications-1-x-specificationName\" data-specification-group=\"Atributos de Especificaci\u00f3n\" data-specification-name=\"Material de los quemadores\">Material de los quemadores <\/span><\/strong>Aluminio<\/li>\n<li class=\"vtex-flex-layout-0-x-flexColChild vtex-flex-layout-0-x-flexColChild--productSpecificationName pb0\"><strong>Cubierta <\/strong>Acero inoxidable<\/li>\n<li class=\"vtex-flex-layout-0-x-flexColChild vtex-flex-layout-0-x-flexColChild--productSpecificationName pb0\"><strong>Tipo de encendido horno <\/strong>A gas LP convertible a Gas Natural<\/li>\n<li><strong><span style=\"font-size: 16px;\">Termocontrol <\/span><\/strong>S\u00ed<\/li>\n<li><strong>Panel de control <\/strong>Perillas<\/li>\n<li><strong>Modelo <\/strong>EM5030BAIS0<\/li>\n<li><strong>Tipo de producto <\/strong>Estufa de piso<\/li>\n<li><strong><span style=\"font-size: 16px;\">Pa\u00eds de Origen <\/span><\/strong>M\u00e9xico<\/li>\n<\/ul>\n<\/div>\n<\/div>\n<\/div>\n<\/div>\n<\/div>\n","protected":false},"excerpt":{"rendered":"<div class=\"vtex-flex-layout-0-x-flexColChild vtex-flex-layout-0-x-flexColChild--global__product-center-col pb0\">\n<p class=\"vtex-store-components-3-x-productDescriptionTitle vtex-store-components-3-x-productDescriptionTitle--product-col__description t-heading-5 mb5 mt0\"><span style=\"font-size: 16px;\">Estufa de Piso Mabe 50 cm Plata Mercury EM5030BAIS0<\/span><\/p>\n<h3 class=\"vtex-store-components-3-x-productDescriptionContainer vtex-store-components-3-x-productDescriptionContainer--product-col__description\"><span style=\"font-size: 24px;\">Caracter\u00edsticas Importantes<\/span><\/h3>\n<ul>\n<li><span style=\"font-size: 16px;\">Parrillas de alambr\u00f3n, gran resistencia y f\u00e1cil limpieza.<\/span><\/li>\n<li>Tecnolog\u00eda Perfect Cook, mejor distribuci\u00f3n de calor gracias a su nuevo piso circular, para un horneado m\u00e1s uniforme.<\/li>\n<li>Acabado Easy Clean Pro, la evoluci\u00f3n de la limpieza continua que permite limpiar paredes del horno tan f\u00e1cil como un vidrio.<\/li>\n<li>Comal porcelanizado.<\/li>\n<li>Quemadores Tech, con potente flama uniforme de hasta 7,582 btu&#8217;s \/ 8,000 kj\/h que expande el calor de forma m\u00e1s homog\u00e9nea en el recipiente.<\/li>\n<\/ul>\n<\/div>\n","protected":false},"featured_media":5230,"template":"","meta":{"site-sidebar-layout":"default","site-content-layout":"default","ast-site-content-layout":"default","site-content-style":"default","site-sidebar-style":"default","ast-global-header-display":"","ast-banner-title-visibility":"","ast-main-header-display":"","ast-hfb-above-header-display":"","ast-hfb-below-header-display":"","ast-hfb-mobile-header-display":"","site-post-title":"","ast-breadcrumbs-content":"","ast-featured-img":"","footer-sml-layout":"","theme-transparent-header-meta":"default","adv-header-id-meta":"","stick-header-meta":"","header-above-stick-meta":"","header-main-stick-meta":"","header-below-stick-meta":"","astra-migrate-meta-layouts":"set","ast-page-background-enabled":"default","ast-page-background-meta":{"desktop":{"background-color":"","background-image":"","background-repeat":"repeat","background-position":"center center","background-size":"auto","background-attachment":"scroll","background-type":"","background-media":"","overlay-type":"","overlay-color":"","overlay-gradient":""},"tablet":{"background-color":"","background-image":"","background-repeat":"repeat","background-position":"center center","background-size":"auto","background-attachment":"scroll","background-type":"","background-media":"","overlay-type":"","overlay-color":"","overlay-gradient":""},"mobile":{"background-color":"","background-image":"","background-repeat":"repeat","background-position":"center center","background-size":"auto","background-attachment":"scroll","background-type":"","background-media":"","overlay-type":"","overlay-color":"","overlay-gradient":""}},"ast-content-background-meta":{"desktop":{"background-color":"var(--ast-global-color-5)","background-image":"","background-repeat":"repeat","background-position":"center center","background-size":"auto","background-attachment":"scroll","background-type":"","background-media":"","overlay-type":"","overlay-color":"","overlay-gradient":""},"tablet":{"background-color":"var(--ast-global-color-5)","background-image":"","background-repeat":"repeat","background-position":"center center","background-size":"auto","background-attachment":"scroll","background-type":"","background-media":"","overlay-type":"","overlay-color":"","overlay-gradient":""},"mobile":{"background-color":"var(--ast-global-color-5)","background-image":"","background-repeat":"repeat","background-position":"center center","background-size":"auto","background-attachment":"scroll","background-type":"","background-media":"","overlay-type":"","overlay-color":"","overlay-gradient":""}}},"product_brand":[],"product_cat":[32],"product_tag":[],"class_list":{"0":"post-5229","1":"product","2":"type-product","3":"status-publish","4":"has-post-thumbnail","6":"product_cat-linea-blanca","7":"desktop-align-left","8":"tablet-align-left","9":"mobile-align-left","11":"first","12":"instock","13":"taxable","14":"shipping-taxable","15":"purchasable","16":"product-type-simple"},"aioseo_notices":[],"_links":{"self":[{"href":"https:\/\/mueblesbrambila.com\/index.php\/wp-json\/wp\/v2\/product\/5229","targetHints":{"allow":["GET"]}}],"collection":[{"href":"https:\/\/mueblesbrambila.com\/index.php\/wp-json\/wp\/v2\/product"}],"about":[{"href":"https:\/\/mueblesbrambila.com\/index.php\/wp-json\/wp\/v2\/types\/product"}],"wp:featuredmedia":[{"embeddable":true,"href":"https:\/\/mueblesbrambila.com\/index.php\/wp-json\/wp\/v2\/media\/5230"}],"wp:attachment":[{"href":"https:\/\/mueblesbrambila.com\/index.php\/wp-json\/wp\/v2\/media?parent=5229"}],"wp:term":[{"taxonomy":"product_brand","embeddable":true,"href":"https:\/\/mueblesbrambila.com\/index.php\/wp-json\/wp\/v2\/product_brand?post=5229"},{"taxonomy":"product_cat","embeddable":true,"href":"https:\/\/mueblesbrambila.com\/index.php\/wp-json\/wp\/v2\/product_cat?post=5229"},{"taxonomy":"product_tag","embeddable":true,"href":"https:\/\/mueblesbrambila.com\/index.php\/wp-json\/wp\/v2\/product_tag?post=5229"}],"curies":[{"name":"wp","href":"https:\/\/api.w.org\/{rel}","templated":true}]}}