{"id":5244,"date":"2021-12-01T01:59:56","date_gmt":"2021-12-01T01:59:56","guid":{"rendered":"https:\/\/mueblesbrambila.com\/?post_type=product&#038;p=5244"},"modified":"2023-09-09T00:14:51","modified_gmt":"2023-09-09T00:14:51","slug":"refrigerador-mabe-19-pies","status":"publish","type":"product","link":"https:\/\/mueblesbrambila.com\/index.php\/product\/refrigerador-mabe-19-pies\/","title":{"rendered":"REFRIGERADOR MABE 19 PIES MOD. RMS510IAMREO"},"content":{"rendered":"<p>Moderniza tu cocina con un refrigerador top mount Mabe modelo RMS510IAMRE0 con despachador de agua, el cual tiene una capacidad de 19 pies que ser\u00e1 m\u00e1s que suficiente para almacenar tus alimentos. En el interior cuenta con parrillas de cristal templado que permitir\u00e1n una mejor distribuci\u00f3n en tu comida para que tenga la mayor frescura. Tambi\u00e9n podr\u00e1s encontrar un caj\u00f3n para verduras. En color silver que muestra el refrigerador Mabe le brindar\u00e1 a tu cocina el toque moderno que siempre buscaste.<\/p>\n<div class=\"ui-pdp-container__row ui-pdp-container__row--highlighted-specs-title\">\n<h4 class=\"ui-vpp-text-alignment--left ui-pdp-color--BLACK ui-pdp-size--XLARGE ui-pdp-family--REGULAR highlighted-specs-title\">Caracter\u00edsticas de Mabe RMS510IAMRE0<\/h4>\n<\/div>\n<div class=\"ui-pdp-container__row ui-pdp-container__row--discrete-bar\">\n<div class=\"ui-vpp-highlighted-specs__discrete-bar\">\n<div class=\"ui-pdp-background-color--GRAY_40 ui-vpp-highlighted-specs__filled-icon ui-vpp-highlighted-specs__filled-icon--ROUNDED\" aria-hidden=\"true\"><img decoding=\"async\" class=\"ui-pdp-image ui-vpp-image-component\" src=\"https:\/\/http2.mlstatic.com\/storage\/catalog-technical-specs\/images\/assets\/vectorial\/refrigerator_size_v3.svg\" \/><\/div>\n<div class=\"ui-vpp-highlighted-specs__discrete-bar__attribute\">\n<p class=\"ui-pdp-family--REGULAR ui-vpp-highlighted-specs__discrete-bar__title\"><span class=\"ui-pdp-color--BLACK ui-pdp-size--XSMALL ui-pdp-family--REGULAR\">Dimensiones<\/span>:\u00a0<span class=\"ui-pdp-color--BLACK ui-pdp-size--XSMALL ui-pdp-family--SEMIBOLD\">66.19 cm x 73.81 cm x 187.38 cm<\/span><\/p>\n<\/div>\n<\/div>\n<\/div>\n<div class=\"ui-pdp-container__row ui-pdp-container__row--attributes\">\n<div class=\"ui-vpp-highlighted-specs__attribute-columns\">\n<div class=\"ui-vpp-highlighted-specs__attribute-columns__column\">\n<div class=\"ui-pdp-container__row ui-vpp-highlighted-specs__attribute-columns__row\">\n<div class=\"ui-vpp-highlighted-specs__key-value\">\n<div class=\"ui-pdp-background-color--GRAY_40 ui-vpp-highlighted-specs__filled-icon ui-vpp-highlighted-specs__filled-icon--ROUNDED\" aria-hidden=\"true\"><img decoding=\"async\" class=\"ui-pdp-image ui-vpp-image-component\" src=\"https:\/\/http2.mlstatic.com\/storage\/catalog-technical-specs\/images\/assets\/vectorial\/defrost_type.svg\" \/><\/div>\n<div class=\"ui-vpp-highlighted-specs__key-value__labels\">\n<p class=\"ui-pdp-family--REGULAR ui-vpp-highlighted-specs__key-value__labels__key-value\"><span class=\"ui-pdp-color--BLACK ui-pdp-size--XSMALL ui-pdp-family--REGULAR\">Tipo de deshielo:<\/span>\u00a0<span class=\"ui-pdp-color--BLACK ui-pdp-size--XSMALL ui-pdp-family--SEMIBOLD\">Auto defrost<\/span><\/p>\n<\/div>\n<\/div>\n<\/div>\n<\/div>\n<div class=\"ui-vpp-highlighted-specs__attribute-columns__column\"><\/div>\n<\/div>\n<\/div>\n<div class=\"ui-pdp-container__row ui-pdp-container__row--technical-specifications\">\n<div class=\"ui-pdp-collapsable ui-vpp-highlighted-specs__striped-collapsed__action\">\n<div class=\"ui-pdp-collapsable__container\">\n<div class=\"ui-vpp-highlighted-specs__striped-specs\">\n<div class=\"ui-vpp-striped-specs\">\n<div class=\"ui-vpp-striped-specs__table\">\n<h3 class=\"ui-vpp-striped-specs__header\">Caracter\u00edsticas generales<\/h3>\n<table class=\"andes-table\">\n<tbody class=\"andes-table__body\">\n<tr class=\"andes-table__row ui-vpp-striped-specs__row\">\n<th class=\"andes-table__header andes-table__header--left ui-vpp-striped-specs__row__column ui-vpp-striped-specs__row__column--id\" scope=\"col\">\n<div class=\"andes-table__header__container\">Marca<\/div>\n<\/th>\n<td id=\":Rkrsan3ap7k:\" class=\"andes-table__column andes-table__column--left andes-table__column--vertical-align-center ui-vpp-striped-specs__row__column\" title=\"Mabe\"><span class=\"andes-table__column--value\">Mabe<\/span><\/td>\n<\/tr>\n<tr class=\"andes-table__row ui-vpp-striped-specs__row\">\n<th class=\"andes-table__header andes-table__header--left ui-vpp-striped-specs__row__column ui-vpp-striped-specs__row__column--id\" scope=\"col\">\n<div class=\"andes-table__header__container\">Modelo<\/div>\n<\/th>\n<td id=\":Rktsan3ap7k:\" class=\"andes-table__column andes-table__column--left andes-table__column--vertical-align-center ui-vpp-striped-specs__row__column\" title=\"RMS510IAMRE0\"><span class=\"andes-table__column--value\">RMS510IAMRE0<\/span><\/td>\n<\/tr>\n<tr class=\"andes-table__row ui-vpp-striped-specs__row\">\n<th class=\"andes-table__header andes-table__header--left ui-vpp-striped-specs__row__column ui-vpp-striped-specs__row__column--id\" scope=\"col\">\n<div class=\"andes-table__header__container\">Color<\/div>\n<\/th>\n<td id=\":Rkvsan3ap7k:\" class=\"andes-table__column andes-table__column--left andes-table__column--vertical-align-center ui-vpp-striped-specs__row__column\" title=\"Grafito\"><span class=\"andes-table__column--value\">Grafito<\/span><\/td>\n<\/tr>\n<\/tbody>\n<\/table>\n<\/div>\n<div class=\"ui-vpp-striped-specs__table\">\n<h3 class=\"ui-vpp-striped-specs__header\">Caracter\u00edsticas del freezer<\/h3>\n<table class=\"andes-table\">\n<tbody class=\"andes-table__body\">\n<tr class=\"andes-table__row ui-vpp-striped-specs__row\">\n<th class=\"andes-table__header andes-table__header--left ui-vpp-striped-specs__row__column ui-vpp-striped-specs__row__column--id\" scope=\"col\">\n<div class=\"andes-table__header__container\">Ubicaci\u00f3n del freezer<\/div>\n<\/th>\n<td id=\":R19jsin3ap7k:\" class=\"andes-table__column andes-table__column--left andes-table__column--vertical-align-center ui-vpp-striped-specs__row__column\" title=\"Superior\"><span class=\"andes-table__column--value\">Superior<\/span><\/td>\n<\/tr>\n<tr class=\"andes-table__row ui-vpp-striped-specs__row\">\n<th class=\"andes-table__header andes-table__header--left ui-vpp-striped-specs__row__column ui-vpp-striped-specs__row__column--id\" scope=\"col\">\n<div class=\"andes-table__header__container\">Cantidad de estantes del freezer<\/div>\n<\/th>\n<td id=\":R19lsin3ap7k:\" class=\"andes-table__column andes-table__column--left andes-table__column--vertical-align-center ui-vpp-striped-specs__row__column\" title=\"1\"><span class=\"andes-table__column--value\">1<\/span><\/td>\n<\/tr>\n<tr class=\"andes-table__row ui-vpp-striped-specs__row\">\n<th class=\"andes-table__header andes-table__header--left ui-vpp-striped-specs__row__column ui-vpp-striped-specs__row__column--id\" scope=\"col\">\n<div class=\"andes-table__header__container\">Material de los estantes del freezer<\/div>\n<\/th>\n<td id=\":R19nsin3ap7k:\" class=\"andes-table__column andes-table__column--left andes-table__column--vertical-align-center ui-vpp-striped-specs__row__column\" title=\"Vidrio templado\"><span class=\"andes-table__column--value\">Vidrio templado<\/span><\/td>\n<\/tr>\n<tr class=\"andes-table__row ui-vpp-striped-specs__row\">\n<th class=\"andes-table__header andes-table__header--left ui-vpp-striped-specs__row__column ui-vpp-striped-specs__row__column--id\" scope=\"col\">\n<div class=\"andes-table__header__container\">Con f\u00e1brica de hielo<\/div>\n<\/th>\n<td id=\":R19psin3ap7k:\" class=\"andes-table__column andes-table__column--left andes-table__column--vertical-align-center ui-vpp-striped-specs__row__column\" title=\"No\"><span class=\"andes-table__column--value\">No<\/span><\/td>\n<\/tr>\n<\/tbody>\n<\/table>\n<\/div>\n<div class=\"ui-vpp-striped-specs__table\">\n<h3 class=\"ui-vpp-striped-specs__header\">Temperatura<\/h3>\n<table class=\"andes-table\">\n<tbody class=\"andes-table__body\">\n<tr class=\"andes-table__row ui-vpp-striped-specs__row\">\n<th class=\"andes-table__header andes-table__header--left ui-vpp-striped-specs__row__column ui-vpp-striped-specs__row__column--id\" scope=\"col\">\n<div class=\"andes-table__header__container\">Con control de temperatura del refrigerador<\/div>\n<\/th>\n<td id=\":Rafsqn3ap7k:\" class=\"andes-table__column andes-table__column--left andes-table__column--vertical-align-center ui-vpp-striped-specs__row__column\" title=\"S\u00ed\"><span class=\"andes-table__column--value\">S\u00ed<\/span><\/td>\n<\/tr>\n<\/tbody>\n<\/table>\n<\/div>\n<div class=\"ui-vpp-striped-specs__table\">\n<h3 class=\"ui-vpp-striped-specs__header\">Caracter\u00edsticas del refrigerador<\/h3>\n<table class=\"andes-table\">\n<tbody class=\"andes-table__body\">\n<tr class=\"andes-table__row ui-vpp-striped-specs__row\">\n<th class=\"andes-table__header andes-table__header--left ui-vpp-striped-specs__row__column ui-vpp-striped-specs__row__column--id\" scope=\"col\">\n<div class=\"andes-table__header__container\">Cantidad de estantes del refrigerador<\/div>\n<\/th>\n<td id=\":R19jt2n3ap7k:\" class=\"andes-table__column andes-table__column--left andes-table__column--vertical-align-center ui-vpp-striped-specs__row__column\" title=\"3\"><span class=\"andes-table__column--value\">3<\/span><\/td>\n<\/tr>\n<tr class=\"andes-table__row ui-vpp-striped-specs__row\">\n<th class=\"andes-table__header andes-table__header--left ui-vpp-striped-specs__row__column ui-vpp-striped-specs__row__column--id\" scope=\"col\">\n<div class=\"andes-table__header__container\">Material de los estantes del refrigerador<\/div>\n<\/th>\n<td id=\":R19lt2n3ap7k:\" class=\"andes-table__column andes-table__column--left andes-table__column--vertical-align-center ui-vpp-striped-specs__row__column\" title=\"Vidrio templado\"><span class=\"andes-table__column--value\">Vidrio templado<\/span><\/td>\n<\/tr>\n<tr class=\"andes-table__row ui-vpp-striped-specs__row\">\n<th class=\"andes-table__header andes-table__header--left ui-vpp-striped-specs__row__column ui-vpp-striped-specs__row__column--id\" scope=\"col\">\n<div class=\"andes-table__header__container\">Con dispensador de agua<\/div>\n<\/th>\n<td id=\":R19nt2n3ap7k:\" class=\"andes-table__column andes-table__column--left andes-table__column--vertical-align-center ui-vpp-striped-specs__row__column\" title=\"S\u00ed\"><span class=\"andes-table__column--value\">S\u00ed<\/span><\/td>\n<\/tr>\n<tr class=\"andes-table__row ui-vpp-striped-specs__row\">\n<th class=\"andes-table__header andes-table__header--left ui-vpp-striped-specs__row__column ui-vpp-striped-specs__row__column--id\" scope=\"col\">\n<div class=\"andes-table__header__container\">Con dispensador de hielo<\/div>\n<\/th>\n<td id=\":R19pt2n3ap7k:\" class=\"andes-table__column andes-table__column--left andes-table__column--vertical-align-center ui-vpp-striped-specs__row__column\" title=\"No\"><span class=\"andes-table__column--value\">No<\/span><\/td>\n<\/tr>\n<tr class=\"andes-table__row ui-vpp-striped-specs__row\">\n<th class=\"andes-table__header andes-table__header--left ui-vpp-striped-specs__row__column ui-vpp-striped-specs__row__column--id\" scope=\"col\">\n<div class=\"andes-table__header__container\">Con luz interior<\/div>\n<\/th>\n<td id=\":R19rt2n3ap7k:\" class=\"andes-table__column andes-table__column--left andes-table__column--vertical-align-center ui-vpp-striped-specs__row__column\" title=\"S\u00ed\"><span class=\"andes-table__column--value\">S\u00ed<\/span><\/td>\n<\/tr>\n<\/tbody>\n<\/table>\n<\/div>\n<div class=\"ui-vpp-striped-specs__table\">\n<h3 class=\"ui-vpp-striped-specs__header\">Otros<\/h3>\n<table class=\"andes-table\">\n<tbody class=\"andes-table__body\">\n<tr class=\"andes-table__row ui-vpp-striped-specs__row\">\n<th class=\"andes-table__header andes-table__header--left ui-vpp-striped-specs__row__column ui-vpp-striped-specs__row__column--id\" scope=\"col\">\n<div class=\"andes-table__header__container\">Cantidad de puertas<\/div>\n<\/th>\n<td id=\":Raftan3ap7k:\" class=\"andes-table__column andes-table__column--left andes-table__column--vertical-align-center ui-vpp-striped-specs__row__column\" title=\"2\"><span class=\"andes-table__column--value\">2<\/span><\/td>\n<\/tr>\n<\/tbody>\n<\/table>\n<\/div>\n<\/div>\n<\/div>\n<\/div>\n<\/div>\n<\/div>\n<div class=\"inpage_selector_feature flix-top-bot flix-feature2 flix-banner\">\n<div class=\"flix-mabe-container\">\n<div class=\"flix-mabe-row\"><img decoding=\"async\" class=\"flix-img-responsive lazy-loaded\" src=\"https:\/\/media.flixfacts.com\/inpage\/mabe\/Refrigerators_TOP_MID\/images\/feature-3.jpg\" alt=\"\" data-srcset=\"\/\/media.flixfacts.com\/inpage\/mabe\/Refrigerators_TOP_MID\/images\/feature-3.jpg\" \/><\/div>\n<\/div>\n<\/div>\n<div class=\"inpage_selector_feature flix-top-bot flix-feature2 flix-banner\">\n<div class=\"flix-mabe-container\">\n<div class=\"flix-mabe-row\"><img decoding=\"async\" class=\"flix-img-responsive lazy-loaded\" src=\"https:\/\/media.flixfacts.com\/inpage\/mabe\/Refrigerators_TOP_MID\/images\/feature-4.gif\" alt=\"\" data-srcset=\"\/\/media.flixfacts.com\/inpage\/mabe\/Refrigerators_TOP_MID\/images\/feature-4.gif\" \/><\/div>\n<\/div>\n<\/div>\n<div class=\"inpage_selector_feature flix-top-bot flix-feature5 flix_sel_feat\">\n<div class=\"flix-mabe-container \">\n<div class=\"flix-mabe-row flix-text-align\">\n<div class=\"flix-mabe-clmn-lg-5 flix-mabe-clmn-md-5 flix-mabe-clmn-sm-5 flix-mabe-clmn-xs-12\"><img fetchpriority=\"high\" decoding=\"async\" class=\"flix-img-responsive lazy-loaded aligncenter\" src=\"https:\/\/media.flixfacts.com\/inpage\/mabe\/Refrigerators_TOP_MID\/images\/feature-5.jpg\" alt=\"\" width=\"234\" height=\"234\" data-srcset=\"\/\/media.flixfacts.com\/inpage\/mabe\/Refrigerators_TOP_MID\/images\/feature-5.jpg\" \/><\/div>\n<div class=\"flix-mabe-clmn-lg-7 flix-mabe-clmn-md-7 flix-mabe-clmn-sm-7 flix-mabe-clmn-xs-12\">\n<div class=\"flix-mabe-std-content\">\n<div><\/div>\n<h3 class=\"flix-mabe-lead flix-text-orange flix-d-h3\" style=\"text-align: center;\">Display Electr\u00f3nico<\/h3>\n<div class=\"flix-mabe-copy flix-d-p\">Controla sus multiples funciones como nivel de fr\u00edo, alarma de puerta abierta, turbo enfriamiento, modo vacaciones o candado.<\/div>\n<\/div>\n<\/div>\n<\/div>\n<\/div>\n<\/div>\n<div><\/div>\n<div class=\"inpage_selector_feature flix-top-bot flix-feature6 flix_sel_feat\">\n<div class=\"flix-mabe-container \">\n<div class=\"flix-mabe-row flix-text-align\">\n<div class=\"flix-mabe-clmn-lg-7 flix-mabe-clmn-lg-pull-5 flix-mabe-clmn-md-7 flix-mabe-clmn-md-pull-5 flix-mabe-clmn-sm-7 flix-mabe-clmn-sm-pull-5 flix-mabe-clmn-xs-12 flix-mabe-clmn-xs-pull-0\">\n<div class=\"flix-mabe-std-content flix-text-right\">\n<div><\/div>\n<div><\/div>\n<div><\/div>\n<div><img decoding=\"async\" class=\"flix-img-responsive lazy-loaded aligncenter\" style=\"font-style: inherit; font-weight: inherit;\" src=\"https:\/\/media.flixfacts.com\/inpage\/mabe\/Refrigerators_TOP_MID\/images\/feature-6.jpg\" alt=\"\" width=\"228\" height=\"228\" data-srcset=\"\/\/media.flixfacts.com\/inpage\/mabe\/Refrigerators_TOP_MID\/images\/feature-6.jpg\" \/><\/div>\n<div><\/div>\n<h3 class=\"flix-mabe-lead flix-text-orange flix-d-h3\" style=\"text-align: center;\">Despachador de Agua<\/h3>\n<div class=\"flix-mabe-copy flix-d-p\" style=\"text-align: center;\">Agua siempre fresca y sin sabores a\u00f1adidos, justo como te gusta.<\/div>\n<\/div>\n<\/div>\n<\/div>\n<\/div>\n<\/div>\n<div class=\"inpage_selector_feature flix-top-bot flix-feature5 flix_sel_feat\">\n<div class=\"flix-mabe-container \">\n<div class=\"flix-mabe-row flix-text-align\">\n<div class=\"flix-mabe-clmn-lg-7 flix-mabe-clmn-md-7 flix-mabe-clmn-sm-7 flix-mabe-clmn-xs-12\">\n<div class=\"flix-mabe-std-content\">\n<div><\/div>\n<div><img decoding=\"async\" class=\"flix-img-responsive lazy-loaded aligncenter\" src=\"https:\/\/media.flixfacts.com\/inpage\/mabe\/Refrigerators_TOP_MID\/images\/feature-7.jpg\" alt=\"\" width=\"272\" height=\"272\" data-srcset=\"\/\/media.flixfacts.com\/inpage\/mabe\/Refrigerators_TOP_MID\/images\/feature-7.jpg\" \/><\/div>\n<h3 class=\"flix-mabe-lead flix-text-orange flix-d-h3\" style=\"text-align: center;\">Smart Station<\/h3>\n<div class=\"flix-mabe-copy flix-d-p\" style=\"text-align: center;\">Acceso r\u00e1pido a tus bebidas favoritas sin tener que abrir toda la puerta del refrigerador.<\/div>\n<\/div>\n<\/div>\n<\/div>\n<\/div>\n<\/div>\n<div><\/div>\n<div><img loading=\"lazy\" decoding=\"async\" class=\"flix-img-responsive lazy-loaded aligncenter\" style=\"font-style: inherit; font-weight: inherit;\" src=\"https:\/\/media.flixfacts.com\/inpage\/mabe\/Refrigerators_TOP_MID\/images\/feature-9.jpg\" alt=\"\" width=\"270\" height=\"270\" data-srcset=\"\/\/media.flixfacts.com\/inpage\/mabe\/Refrigerators_TOP_MID\/images\/feature-9.jpg\" \/><\/div>\n","protected":false},"excerpt":{"rendered":"<p>MOD. RMS510IAMRE<\/p>\n<div class=\"vtex-flex-layout-0-x-flexColChild vtex-flex-layout-0-x-flexColChild--colDataProduct pb0\">\n<div class=\"vtex-product-specification-badges-0-x-groupContainer vtex-product-specification-badges-0-x-groupContainer--benefits inline-flex flex-column ma2\">\n<ul>\n<li class=\"vtex-product-specification-badges-0-x-badgeContainer vtex-product-specification-badges-0-x-badgeContainer--benefits vtex-product-specification-badges-0-x-badgeContainer--customer-bennefits-1 vtex-product-specification-badges-0-x-badgeContainer--benefits--customer-bennefits-1 bg-base flex items-center justify-center&quot;\"><span class=\"vtex-product-specification-badges-0-x-badgeText vtex-product-specification-badges-0-x-badgeText--benefits vtex-product-specification-badges-0-x-badgeText--sistema-de-enfriamiento-power-cool-que-mantiene-tus-alimentos-siempre-frescos vtex-product-specification-badges-0-x-badgeText--benefits--sistema-de-enfriamiento-power-cool-que-mantiene-tus-alimentos-siempre-frescos ma3 t-body c-muted-1 tc\">Sistema de enfriamiento Power Cool que mantiene tus alimentos siempre frescos<\/span><\/li>\n<li class=\"vtex-product-specification-badges-0-x-badgeContainer vtex-product-specification-badges-0-x-badgeContainer--benefits vtex-product-specification-badges-0-x-badgeContainer--customer-bennefits-1 vtex-product-specification-badges-0-x-badgeContainer--benefits--customer-bennefits-1 bg-base flex items-center justify-center&quot;\">Amplios espacios de almacenamiento para un mejor acomodo de tu comida<\/li>\n<li class=\"vtex-product-specification-badges-0-x-badgeContainer vtex-product-specification-badges-0-x-badgeContainer--benefits vtex-product-specification-badges-0-x-badgeContainer--customer-bennefits-1 vtex-product-specification-badges-0-x-badgeContainer--benefits--customer-bennefits-1 bg-base flex items-center justify-center&quot;\">Con iluminaci\u00f3n LED que te permite visualizar tus alimentos de forma m\u00e1s f\u00e1cil<\/li>\n<li class=\"vtex-product-specification-badges-0-x-badgeContainer vtex-product-specification-badges-0-x-badgeContainer--benefits vtex-product-specification-badges-0-x-badgeContainer--customer-bennefits-1 vtex-product-specification-badges-0-x-badgeContainer--benefits--customer-bennefits-1 bg-base flex items-center justify-center&quot;\">Anaqueles de varios tama\u00f1os que se adaptan a tus necesidades<\/li>\n<\/ul>\n<\/div>\n<\/div>\n","protected":false},"featured_media":5245,"template":"","meta":{"site-sidebar-layout":"default","site-content-layout":"default","ast-site-content-layout":"default","site-content-style":"default","site-sidebar-style":"default","ast-global-header-display":"","ast-banner-title-visibility":"","ast-main-header-display":"","ast-hfb-above-header-display":"","ast-hfb-below-header-display":"","ast-hfb-mobile-header-display":"","site-post-title":"","ast-breadcrumbs-content":"","ast-featured-img":"","footer-sml-layout":"","theme-transparent-header-meta":"default","adv-header-id-meta":"","stick-header-meta":"","header-above-stick-meta":"","header-main-stick-meta":"","header-below-stick-meta":"","astra-migrate-meta-layouts":"set","ast-page-background-enabled":"default","ast-page-background-meta":{"desktop":{"background-color":"","background-image":"","background-repeat":"repeat","background-position":"center center","background-size":"auto","background-attachment":"scroll","background-type":"","background-media":"","overlay-type":"","overlay-color":"","overlay-gradient":""},"tablet":{"background-color":"","background-image":"","background-repeat":"repeat","background-position":"center center","background-size":"auto","background-attachment":"scroll","background-type":"","background-media":"","overlay-type":"","overlay-color":"","overlay-gradient":""},"mobile":{"background-color":"","background-image":"","background-repeat":"repeat","background-position":"center center","background-size":"auto","background-attachment":"scroll","background-type":"","background-media":"","overlay-type":"","overlay-color":"","overlay-gradient":""}},"ast-content-background-meta":{"desktop":{"background-color":"var(--ast-global-color-5)","background-image":"","background-repeat":"repeat","background-position":"center center","background-size":"auto","background-attachment":"scroll","background-type":"","background-media":"","overlay-type":"","overlay-color":"","overlay-gradient":""},"tablet":{"background-color":"var(--ast-global-color-5)","background-image":"","background-repeat":"repeat","background-position":"center center","background-size":"auto","background-attachment":"scroll","background-type":"","background-media":"","overlay-type":"","overlay-color":"","overlay-gradient":""},"mobile":{"background-color":"var(--ast-global-color-5)","background-image":"","background-repeat":"repeat","background-position":"center center","background-size":"auto","background-attachment":"scroll","background-type":"","background-media":"","overlay-type":"","overlay-color":"","overlay-gradient":""}}},"product_brand":[],"product_cat":[32],"product_tag":[],"class_list":{"0":"post-5244","1":"product","2":"type-product","3":"status-publish","4":"has-post-thumbnail","6":"product_cat-linea-blanca","7":"desktop-align-left","8":"tablet-align-left","9":"mobile-align-left","11":"first","12":"instock","13":"taxable","14":"shipping-taxable","15":"purchasable","16":"product-type-simple"},"aioseo_notices":[],"_links":{"self":[{"href":"https:\/\/mueblesbrambila.com\/index.php\/wp-json\/wp\/v2\/product\/5244","targetHints":{"allow":["GET"]}}],"collection":[{"href":"https:\/\/mueblesbrambila.com\/index.php\/wp-json\/wp\/v2\/product"}],"about":[{"href":"https:\/\/mueblesbrambila.com\/index.php\/wp-json\/wp\/v2\/types\/product"}],"wp:featuredmedia":[{"embeddable":true,"href":"https:\/\/mueblesbrambila.com\/index.php\/wp-json\/wp\/v2\/media\/5245"}],"wp:attachment":[{"href":"https:\/\/mueblesbrambila.com\/index.php\/wp-json\/wp\/v2\/media?parent=5244"}],"wp:term":[{"taxonomy":"product_brand","embeddable":true,"href":"https:\/\/mueblesbrambila.com\/index.php\/wp-json\/wp\/v2\/product_brand?post=5244"},{"taxonomy":"product_cat","embeddable":true,"href":"https:\/\/mueblesbrambila.com\/index.php\/wp-json\/wp\/v2\/product_cat?post=5244"},{"taxonomy":"product_tag","embeddable":true,"href":"https:\/\/mueblesbrambila.com\/index.php\/wp-json\/wp\/v2\/product_tag?post=5244"}],"curies":[{"name":"wp","href":"https:\/\/api.w.org\/{rel}","templated":true}]}}