{"id":5248,"date":"2021-12-01T02:02:59","date_gmt":"2021-12-01T02:02:59","guid":{"rendered":"https:\/\/mueblesbrambila.com\/?post_type=product&#038;p=5248"},"modified":"2023-09-05T02:18:38","modified_gmt":"2023-09-05T02:18:38","slug":"mabe-aire-acondicionado","status":"publish","type":"product","link":"https:\/\/mueblesbrambila.com\/index.php\/product\/mabe-aire-acondicionado\/","title":{"rendered":"MABE AIRE ACONDICIONADO MOD. MMT12CABWCAAXMI8"},"content":{"rendered":"<p>MOD. MMT12CABWCAAXMI8<\/p>\n<p>Pasar d\u00edas con altas temperaturas dejar\u00e1 de ser un problema. Este aire acondicionado Mabe ser\u00e1 tu mejor compa\u00f1\u00eda para que disfrutes tu hogar sin importar la temperatura exterior. Es un equipo compacto que se coloca en cualquier rinc\u00f3n de tu hogar con facilidad.<\/p>\n<div role=\"table\">\n<div class=\"vDpEqb\" role=\"row\">\n<div class=\"UF7zr\" role=\"gridcell\">Caracteristicas<\/div>\n<div class=\"szVMke\" role=\"gridcell\">Con modo de suspensi\u00f3n<\/div>\n<\/div>\n<div class=\"vDpEqb\" role=\"row\">\n<div class=\"UF7zr\" role=\"gridcell\">Instalaci\u00f3n<\/div>\n<div class=\"szVMke\" role=\"gridcell\">Mini split<\/div>\n<\/div>\n<\/div>\n<div class=\"gQcirc\">\n<div class=\"ui-vpp-striped-specs\">\n<div class=\"ui-vpp-striped-specs__table\">\n<table class=\"andes-table\">\n<tbody class=\"andes-table__body\">\n<tr class=\"andes-table__row ui-vpp-striped-specs__row\">\n<th class=\"andes-table__header andes-table__header--left ui-vpp-striped-specs__row__column ui-vpp-striped-specs__row__column--id\" scope=\"col\">\n<div class=\"andes-table__header__container\">Marca<\/div>\n<\/th>\n<td id=\":Racv5bjap7k:\" class=\"andes-table__column andes-table__column--left andes-table__column--vertical-align-center ui-vpp-striped-specs__row__column\" title=\"Mabe\"><span class=\"andes-table__column--value\">Mabe<\/span><\/td>\n<\/tr>\n<tr class=\"andes-table__row ui-vpp-striped-specs__row\">\n<th class=\"andes-table__header andes-table__header--left ui-vpp-striped-specs__row__column ui-vpp-striped-specs__row__column--id\" scope=\"col\">\n<div class=\"andes-table__header__container\">Modelo<\/div>\n<\/th>\n<td id=\":Radf5bjap7k:\" class=\"andes-table__column andes-table__column--left andes-table__column--vertical-align-center ui-vpp-striped-specs__row__column\" title=\"MMT12CDBWCAAXM8\"><span class=\"andes-table__column--value\">MMT12CDBWCAAXMI8<\/span><\/td>\n<\/tr>\n<tr class=\"andes-table__row ui-vpp-striped-specs__row\">\n<th class=\"andes-table__header andes-table__header--left ui-vpp-striped-specs__row__column ui-vpp-striped-specs__row__column--id\" scope=\"col\">\n<div class=\"andes-table__header__container\">Color<\/div>\n<\/th>\n<td id=\":Radv5bjap7k:\" class=\"andes-table__column andes-table__column--left andes-table__column--vertical-align-center ui-vpp-striped-specs__row__column\" title=\"Blanco\"><span class=\"andes-table__column--value\">Blanco<\/span><\/td>\n<\/tr>\n<tr class=\"andes-table__row ui-vpp-striped-specs__row\">\n<th class=\"andes-table__header andes-table__header--left ui-vpp-striped-specs__row__column ui-vpp-striped-specs__row__column--id\" scope=\"col\">\n<div class=\"andes-table__header__container\">Voltaje<\/div>\n<\/th>\n<td id=\":Raef5bjap7k:\" class=\"andes-table__column andes-table__column--left andes-table__column--vertical-align-center ui-vpp-striped-specs__row__column\" title=\"220V - 230V\"><span class=\"andes-table__column--value\">110V<\/span><\/td>\n<\/tr>\n<\/tbody>\n<\/table>\n<\/div>\n<div class=\"ui-vpp-striped-specs__table\">\n<h3 class=\"ui-vpp-striped-specs__header\">Tecnolog\u00eda<\/h3>\n<table class=\"andes-table\">\n<tbody class=\"andes-table__body\">\n<tr class=\"andes-table__row ui-vpp-striped-specs__row\">\n<th class=\"andes-table__header andes-table__header--left ui-vpp-striped-specs__row__column ui-vpp-striped-specs__row__column--id\" scope=\"col\">\n<div class=\"andes-table__header__container\">Tipos de panel de control<\/div>\n<\/th>\n<td id=\":Racv9bjap7k:\" class=\"andes-table__column andes-table__column--left andes-table__column--vertical-align-center ui-vpp-striped-specs__row__column\" title=\"Electr\u00f3nico, Mec\u00e1nico\"><span class=\"andes-table__column--value\">Electr\u00f3nico, Mec\u00e1nico<\/span><\/td>\n<\/tr>\n<tr class=\"andes-table__row ui-vpp-striped-specs__row\">\n<th class=\"andes-table__header andes-table__header--left ui-vpp-striped-specs__row__column ui-vpp-striped-specs__row__column--id\" scope=\"col\">\n<div class=\"andes-table__header__container\">Con tecnolog\u00eda inverter<\/div>\n<\/th>\n<td id=\":Radf9bjap7k:\" class=\"andes-table__column andes-table__column--left andes-table__column--vertical-align-center ui-vpp-striped-specs__row__column\" title=\"No\"><span class=\"andes-table__column--value\">No<\/span><\/td>\n<\/tr>\n<tr class=\"andes-table__row ui-vpp-striped-specs__row\">\n<th class=\"andes-table__header andes-table__header--left ui-vpp-striped-specs__row__column ui-vpp-striped-specs__row__column--id\" scope=\"col\">\n<div class=\"andes-table__header__container\">Con Wi-Fi<\/div>\n<\/th>\n<td id=\":Radv9bjap7k:\" class=\"andes-table__column andes-table__column--left andes-table__column--vertical-align-center ui-vpp-striped-specs__row__column\" title=\"No\"><span class=\"andes-table__column--value\">No<\/span><\/td>\n<\/tr>\n<tr class=\"andes-table__row ui-vpp-striped-specs__row\">\n<th class=\"andes-table__header andes-table__header--left ui-vpp-striped-specs__row__column ui-vpp-striped-specs__row__column--id\" scope=\"col\">\n<div class=\"andes-table__header__container\">Con funci\u00f3n sue\u00f1o<\/div>\n<\/th>\n<td id=\":Raef9bjap7k:\" class=\"andes-table__column andes-table__column--left andes-table__column--vertical-align-center ui-vpp-striped-specs__row__column\" title=\"S\u00ed\"><span class=\"andes-table__column--value\">S\u00ed<\/span><\/td>\n<\/tr>\n<tr class=\"andes-table__row ui-vpp-striped-specs__row\">\n<th class=\"andes-table__header andes-table__header--left ui-vpp-striped-specs__row__column ui-vpp-striped-specs__row__column--id\" scope=\"col\">\n<div class=\"andes-table__header__container\">Con funci\u00f3n deshumidificaci\u00f3n<\/div>\n<\/th>\n<td id=\":Raev9bjap7k:\" class=\"andes-table__column andes-table__column--left andes-table__column--vertical-align-center ui-vpp-striped-specs__row__column\" title=\"S\u00ed\"><span class=\"andes-table__column--value\">S\u00ed<\/span><\/td>\n<\/tr>\n<tr class=\"andes-table__row ui-vpp-striped-specs__row\">\n<th class=\"andes-table__header andes-table__header--left ui-vpp-striped-specs__row__column ui-vpp-striped-specs__row__column--id\" scope=\"col\">\n<div class=\"andes-table__header__container\">Con temporizador<\/div>\n<\/th>\n<td id=\":Raff9bjap7k:\" class=\"andes-table__column andes-table__column--left andes-table__column--vertical-align-center ui-vpp-striped-specs__row__column\" title=\"S\u00ed\"><span class=\"andes-table__column--value\">S\u00ed<\/span><\/td>\n<\/tr>\n<\/tbody>\n<\/table>\n<\/div>\n<div class=\"ui-vpp-striped-specs__table\">\n<h3 class=\"ui-vpp-striped-specs__header\">Otros<\/h3>\n<table class=\"andes-table\">\n<tbody class=\"andes-table__body\">\n<tr class=\"andes-table__row ui-vpp-striped-specs__row\">\n<th class=\"andes-table__header andes-table__header--left ui-vpp-striped-specs__row__column ui-vpp-striped-specs__row__column--id\" scope=\"col\">\n<div class=\"andes-table__header__container\">Con funci\u00f3n ventilaci\u00f3n<\/div>\n<\/th>\n<td id=\":Racvdbjap7k:\" class=\"andes-table__column andes-table__column--left andes-table__column--vertical-align-center ui-vpp-striped-specs__row__column\" title=\"S\u00ed\"><span class=\"andes-table__column--value\">S\u00ed<\/span><\/td>\n<\/tr>\n<tr class=\"andes-table__row ui-vpp-striped-specs__row\">\n<th class=\"andes-table__header andes-table__header--left ui-vpp-striped-specs__row__column ui-vpp-striped-specs__row__column--id\" scope=\"col\">\n<div class=\"andes-table__header__container\">Con display digital<\/div>\n<\/th>\n<td id=\":Radfdbjap7k:\" class=\"andes-table__column andes-table__column--left andes-table__column--vertical-align-center ui-vpp-striped-specs__row__column\" title=\"S\u00ed\"><span class=\"andes-table__column--value\">S\u00ed<\/span><\/td>\n<\/tr>\n<tr class=\"andes-table__row ui-vpp-striped-specs__row\">\n<th class=\"andes-table__header andes-table__header--left ui-vpp-striped-specs__row__column ui-vpp-striped-specs__row__column--id\" scope=\"col\">\n<div class=\"andes-table__header__container\">Es compatible con m\u00f3dulo Wi-Fi<\/div>\n<\/th>\n<td id=\":Radvdbjap7k:\" class=\"andes-table__column andes-table__column--left andes-table__column--vertical-align-center ui-vpp-striped-specs__row__column\" title=\"No\"><span class=\"andes-table__column--value\">No<\/span><\/td>\n<\/tr>\n<tr class=\"andes-table__row ui-vpp-striped-specs__row\">\n<th class=\"andes-table__header andes-table__header--left ui-vpp-striped-specs__row__column ui-vpp-striped-specs__row__column--id\" scope=\"col\">\n<div class=\"andes-table__header__container\">Tipos de filtros<\/div>\n<\/th>\n<td id=\":Raefdbjap7k:\" class=\"andes-table__column andes-table__column--left andes-table__column--vertical-align-center ui-vpp-striped-specs__row__column\" title=\"Antibacterial, Antipolvo, Antihongos\"><span class=\"andes-table__column--value\">Antibacterial, Antipolvo, Antihongos<\/span><\/td>\n<\/tr>\n<tr class=\"andes-table__row ui-vpp-striped-specs__row\">\n<th class=\"andes-table__header andes-table__header--left ui-vpp-striped-specs__row__column ui-vpp-striped-specs__row__column--id\" scope=\"col\">\n<div class=\"andes-table__header__container\">Con filtro lavable<\/div>\n<\/th>\n<td id=\":Raevdbjap7k:\" class=\"andes-table__column andes-table__column--left andes-table__column--vertical-align-center ui-vpp-striped-specs__row__column\" title=\"S\u00ed\"><span class=\"andes-table__column--value\">S\u00ed<\/span><\/td>\n<\/tr>\n<tr class=\"andes-table__row ui-vpp-striped-specs__row\">\n<th class=\"andes-table__header andes-table__header--left ui-vpp-striped-specs__row__column ui-vpp-striped-specs__row__column--id\" scope=\"col\">\n<div class=\"andes-table__header__container\">Con limpieza autom\u00e1tica<\/div>\n<\/th>\n<td id=\":Raffdbjap7k:\" class=\"andes-table__column andes-table__column--left andes-table__column--vertical-align-center ui-vpp-striped-specs__row__column\" title=\"S\u00ed\"><span class=\"andes-table__column--value\">S\u00ed<\/span><\/td>\n<\/tr>\n<tr class=\"andes-table__row ui-vpp-striped-specs__row\">\n<th class=\"andes-table__header andes-table__header--left ui-vpp-striped-specs__row__column ui-vpp-striped-specs__row__column--id\" scope=\"col\">\n<div class=\"andes-table__header__container\">Peso de la unidad interna<\/div>\n<\/th>\n<td id=\":Rafvdbjap7k:\" class=\"andes-table__column andes-table__column--left andes-table__column--vertical-align-center ui-vpp-striped-specs__row__column\" title=\"24.5 kg\"><span class=\"andes-table__column--value\">24.5 kg<\/span><\/td>\n<\/tr>\n<\/tbody>\n<\/table>\n<\/div>\n<\/div>\n<div class=\"ui-vpp-striped-specs\">\n<div class=\"ui-vpp-striped-specs__table\">\n<h3 class=\"ui-vpp-striped-specs__header\">Climatizaci\u00f3n<\/h3>\n<table class=\"andes-table\">\n<tbody class=\"andes-table__body\">\n<tr class=\"andes-table__row ui-vpp-striped-specs__row\">\n<th class=\"andes-table__header andes-table__header--left ui-vpp-striped-specs__row__column ui-vpp-striped-specs__row__column--id\" scope=\"col\">\n<div class=\"andes-table__header__container\">Potencia de refrigeraci\u00f3n<\/div>\n<\/th>\n<td id=\":Racv6bjap7k:\" class=\"andes-table__column andes-table__column--left andes-table__column--vertical-align-center ui-vpp-striped-specs__row__column\" title=\"1300 W\"><span class=\"andes-table__column--value\">1300 W<\/span><\/td>\n<\/tr>\n<tr class=\"andes-table__row ui-vpp-striped-specs__row\">\n<th class=\"andes-table__header andes-table__header--left ui-vpp-striped-specs__row__column ui-vpp-striped-specs__row__column--id\" scope=\"col\">\n<div class=\"andes-table__header__container\">Tipo de aire acondicionado<\/div>\n<\/th>\n<td id=\":Radf6bjap7k:\" class=\"andes-table__column andes-table__column--left andes-table__column--vertical-align-center ui-vpp-striped-specs__row__column\" title=\"Mini split\"><span class=\"andes-table__column--value\">Mini split<\/span><\/td>\n<\/tr>\n<tr class=\"andes-table__row ui-vpp-striped-specs__row\">\n<th class=\"andes-table__header andes-table__header--left ui-vpp-striped-specs__row__column ui-vpp-striped-specs__row__column--id\" scope=\"col\">\n<div class=\"andes-table__header__container\">Lugares de colocaci\u00f3n<\/div>\n<\/th>\n<td id=\":Radv6bjap7k:\" class=\"andes-table__column andes-table__column--left andes-table__column--vertical-align-center ui-vpp-striped-specs__row__column\" title=\"De pared\"><span class=\"andes-table__column--value\">De pared<\/span><\/td>\n<\/tr>\n<tr class=\"andes-table__row ui-vpp-striped-specs__row\">\n<th class=\"andes-table__header andes-table__header--left ui-vpp-striped-specs__row__column ui-vpp-striped-specs__row__column--id\" scope=\"col\">\n<div class=\"andes-table__header__container\">Tipo de climatizaci\u00f3n<\/div>\n<\/th>\n<td id=\":Raef6bjap7k:\" class=\"andes-table__column andes-table__column--left andes-table__column--vertical-align-center ui-vpp-striped-specs__row__column\" title=\"Fr\u00edo\"><span class=\"andes-table__column--value\">Fr\u00edo<\/span><\/td>\n<\/tr>\n<tr class=\"andes-table__row ui-vpp-striped-specs__row\">\n<th class=\"andes-table__header andes-table__header--left ui-vpp-striped-specs__row__column ui-vpp-striped-specs__row__column--id\" scope=\"col\">\n<div class=\"andes-table__header__container\">SEER<\/div>\n<\/th>\n<td id=\":Raev6bjap7k:\" class=\"andes-table__column andes-table__column--left andes-table__column--vertical-align-center ui-vpp-striped-specs__row__column\" title=\"20\"><span class=\"andes-table__column--value\">20<\/span><\/td>\n<\/tr>\n<tr class=\"andes-table__row ui-vpp-striped-specs__row\">\n<th class=\"andes-table__header andes-table__header--left ui-vpp-striped-specs__row__column ui-vpp-striped-specs__row__column--id\" scope=\"col\">\n<div class=\"andes-table__header__container\">Capacidad de refrigeraci\u00f3n<\/div>\n<\/th>\n<td id=\":Raff6bjap7k:\" class=\"andes-table__column andes-table__column--left andes-table__column--vertical-align-center ui-vpp-striped-specs__row__column\" title=\"12000 BTU\"><span class=\"andes-table__column--value\">12000 BTU<\/span><\/td>\n<\/tr>\n<tr class=\"andes-table__row ui-vpp-striped-specs__row\">\n<th class=\"andes-table__header andes-table__header--left ui-vpp-striped-specs__row__column ui-vpp-striped-specs__row__column--id\" scope=\"col\">\n<div class=\"andes-table__header__container\">Tipo de gas refrigerante<\/div>\n<\/th>\n<td id=\":Rafv6bjap7k:\" class=\"andes-table__column andes-table__column--left andes-table__column--vertical-align-center ui-vpp-striped-specs__row__column\" title=\"R-410A\"><span class=\"andes-table__column--value\">R-410A<\/span><\/td>\n<\/tr>\n<\/tbody>\n<\/table>\n<\/div>\n<div class=\"ui-vpp-striped-specs__table\">\n<h3 class=\"ui-vpp-striped-specs__header\">Accesorios<\/h3>\n<table class=\"andes-table\">\n<tbody class=\"andes-table__body\">\n<tr class=\"andes-table__row ui-vpp-striped-specs__row\">\n<th class=\"andes-table__header andes-table__header--left ui-vpp-striped-specs__row__column ui-vpp-striped-specs__row__column--id\" scope=\"col\">\n<div class=\"andes-table__header__container\">Incluye control remoto<\/div>\n<\/th>\n<td id=\":R2jvabjap7k:\" class=\"andes-table__column andes-table__column--left andes-table__column--vertical-align-center ui-vpp-striped-specs__row__column\" title=\"S\u00ed\"><span class=\"andes-table__column--value\">S\u00ed<\/span><\/td>\n<\/tr>\n<\/tbody>\n<\/table>\n<\/div>\n<div class=\"ui-vpp-striped-specs__table\">\n<h3 class=\"ui-vpp-striped-specs__header\">Unidad interna<\/h3>\n<table class=\"andes-table\">\n<tbody class=\"andes-table__body\">\n<tr class=\"andes-table__row ui-vpp-striped-specs__row\">\n<th class=\"andes-table__header andes-table__header--left ui-vpp-striped-specs__row__column ui-vpp-striped-specs__row__column--id\" scope=\"col\">\n<div class=\"andes-table__header__container\">Ancho de la unidad interna<\/div>\n<\/th>\n<td id=\":R56vebjap7k:\" class=\"andes-table__column andes-table__column--left andes-table__column--vertical-align-center ui-vpp-striped-specs__row__column\" title=\"75 cm\"><span class=\"andes-table__column--value\">75 cm<\/span><\/td>\n<\/tr>\n<tr class=\"andes-table__row ui-vpp-striped-specs__row\">\n<th class=\"andes-table__header andes-table__header--left ui-vpp-striped-specs__row__column ui-vpp-striped-specs__row__column--id\" scope=\"col\">\n<div class=\"andes-table__header__container\">Profundidad de la unidad interna<\/div>\n<\/th>\n<td id=\":R57febjap7k:\" class=\"andes-table__column andes-table__column--left andes-table__column--vertical-align-center ui-vpp-striped-specs__row__column\" title=\"28.5 cm\"><span class=\"andes-table__column--value\">28.5 cm<\/span><\/td>\n<\/tr>\n<tr class=\"andes-table__row ui-vpp-striped-specs__row\">\n<th class=\"andes-table__header andes-table__header--left ui-vpp-striped-specs__row__column ui-vpp-striped-specs__row__column--id\" scope=\"col\">\n<div class=\"andes-table__header__container\">Altura de la unidad interna<\/div>\n<\/th>\n<td id=\":R57vebjap7k:\" class=\"andes-table__column andes-table__column--left andes-table__column--vertical-align-center ui-vpp-striped-specs__row__column\" title=\"20 cm\"><span class=\"andes-table__column--value\">20 cm<\/span><\/td>\n<\/tr>\n<\/tbody>\n<\/table>\n<\/div>\n<\/div>\n<\/div>\n","protected":false},"excerpt":{"rendered":"<p>MOD. MMT12CABWCAAXMI8<\/p>\n<p>Pasar d\u00edas con altas temperaturas dejar\u00e1 de ser un problema. Este aire acondicionado Mabe ser\u00e1 tu mejor compa\u00f1\u00eda para que disfrutes tu hogar sin importar la temperatura exterior. Es un equipo compacto que se coloca en cualquier rinc\u00f3n de tu hogar con facilidad.<\/p>\n","protected":false},"featured_media":5249,"template":"","meta":{"site-sidebar-layout":"default","site-content-layout":"default","ast-site-content-layout":"default","site-content-style":"default","site-sidebar-style":"default","ast-global-header-display":"","ast-banner-title-visibility":"","ast-main-header-display":"","ast-hfb-above-header-display":"","ast-hfb-below-header-display":"","ast-hfb-mobile-header-display":"","site-post-title":"","ast-breadcrumbs-content":"","ast-featured-img":"","footer-sml-layout":"","theme-transparent-header-meta":"default","adv-header-id-meta":"","stick-header-meta":"","header-above-stick-meta":"","header-main-stick-meta":"","header-below-stick-meta":"","astra-migrate-meta-layouts":"set","ast-page-background-enabled":"default","ast-page-background-meta":{"desktop":{"background-color":"","background-image":"","background-repeat":"repeat","background-position":"center center","background-size":"auto","background-attachment":"scroll","background-type":"","background-media":"","overlay-type":"","overlay-color":"","overlay-gradient":""},"tablet":{"background-color":"","background-image":"","background-repeat":"repeat","background-position":"center center","background-size":"auto","background-attachment":"scroll","background-type":"","background-media":"","overlay-type":"","overlay-color":"","overlay-gradient":""},"mobile":{"background-color":"","background-image":"","background-repeat":"repeat","background-position":"center center","background-size":"auto","background-attachment":"scroll","background-type":"","background-media":"","overlay-type":"","overlay-color":"","overlay-gradient":""}},"ast-content-background-meta":{"desktop":{"background-color":"var(--ast-global-color-5)","background-image":"","background-repeat":"repeat","background-position":"center center","background-size":"auto","background-attachment":"scroll","background-type":"","background-media":"","overlay-type":"","overlay-color":"","overlay-gradient":""},"tablet":{"background-color":"var(--ast-global-color-5)","background-image":"","background-repeat":"repeat","background-position":"center center","background-size":"auto","background-attachment":"scroll","background-type":"","background-media":"","overlay-type":"","overlay-color":"","overlay-gradient":""},"mobile":{"background-color":"var(--ast-global-color-5)","background-image":"","background-repeat":"repeat","background-position":"center center","background-size":"auto","background-attachment":"scroll","background-type":"","background-media":"","overlay-type":"","overlay-color":"","overlay-gradient":""}}},"product_brand":[],"product_cat":[32],"product_tag":[],"class_list":{"0":"post-5248","1":"product","2":"type-product","3":"status-publish","4":"has-post-thumbnail","6":"product_cat-linea-blanca","7":"desktop-align-left","8":"tablet-align-left","9":"mobile-align-left","11":"first","12":"instock","13":"taxable","14":"shipping-taxable","15":"purchasable","16":"product-type-simple"},"aioseo_notices":[],"_links":{"self":[{"href":"https:\/\/mueblesbrambila.com\/index.php\/wp-json\/wp\/v2\/product\/5248","targetHints":{"allow":["GET"]}}],"collection":[{"href":"https:\/\/mueblesbrambila.com\/index.php\/wp-json\/wp\/v2\/product"}],"about":[{"href":"https:\/\/mueblesbrambila.com\/index.php\/wp-json\/wp\/v2\/types\/product"}],"wp:featuredmedia":[{"embeddable":true,"href":"https:\/\/mueblesbrambila.com\/index.php\/wp-json\/wp\/v2\/media\/5249"}],"wp:attachment":[{"href":"https:\/\/mueblesbrambila.com\/index.php\/wp-json\/wp\/v2\/media?parent=5248"}],"wp:term":[{"taxonomy":"product_brand","embeddable":true,"href":"https:\/\/mueblesbrambila.com\/index.php\/wp-json\/wp\/v2\/product_brand?post=5248"},{"taxonomy":"product_cat","embeddable":true,"href":"https:\/\/mueblesbrambila.com\/index.php\/wp-json\/wp\/v2\/product_cat?post=5248"},{"taxonomy":"product_tag","embeddable":true,"href":"https:\/\/mueblesbrambila.com\/index.php\/wp-json\/wp\/v2\/product_tag?post=5248"}],"curies":[{"name":"wp","href":"https:\/\/api.w.org\/{rel}","templated":true}]}}