{"id":5269,"date":"2021-12-01T06:03:28","date_gmt":"2021-12-01T06:03:28","guid":{"rendered":"https:\/\/mueblesbrambila.com\/?post_type=product&#038;p=5269"},"modified":"2023-10-20T17:57:51","modified_gmt":"2023-10-20T17:57:51","slug":"kuche-mod-turquesa","status":"publish","type":"product","link":"https:\/\/mueblesbrambila.com\/index.php\/product\/kuche-mod-turquesa\/","title":{"rendered":"BATERIA DE COCINA 4 PIEZAS TIPO JADE ALUMINIO TURQUESA KUCHE"},"content":{"rendered":"<p class=\"ui-pdp-description__content\">Una hermosa OLLA ALTA de 24 cm de di\u00e1metro, y 12 CM DE Alto con un hermoso y exclusivo dise\u00f1o, ve la olla de nuestros competidores es una olla BAJA (9 cm de alto) con un dise\u00f1o bastante sencillo y de mucho menos capacidad que la nuestra!!!<\/p>\n<p>Un sart\u00e9n de 24 cm<\/p>\n<p>Un sarten de 28 cm<\/p>\n<p>Y una tapa de 24 cm de vidrio templado con v\u00e1lvula respirdora y escape de vapor, consta tambi\u00e9n con una agarradera extra larga para poder recargarla en la mesa sin peligro de que se ruede, la cual le queda perfectamente a la olla y al sarten de 24 cm.<\/p>\n<p>Los sartenes cuentan con mango de baquelita recubierto con el toque suave del silicon negro acabado mate.<\/p>\n<div id=\"technical_specifications\" class=\"ui-pdp-container__row ui-pdp-container__row--technical-specifications\">\n<p class=\"ui-pdp-specs\"><span style=\"font-size: 1.7em; font-weight: bold;\">Descripci\u00f3n<\/span><\/p>\n<\/div>\n<div id=\"description\" class=\"ui-pdp-container__row ui-pdp-container__row--description\">\n<div class=\"ui-pdp-description\">\n<p class=\"ui-pdp-description__content\">Bater\u00eda Kuche de Cer\u00e1mica 4 Piezas Jade<\/p>\n<p class=\"ui-pdp-description__content\">Te presentamos la Bater\u00eda Kuche de Cer\u00e1mica 4 Piezas Turquesa, un set de cocina moderno, colorido, y duradero.<\/p>\n<p>Dise\u00f1ada en cer\u00e1mica alta calidad, es antibacterial y no necesita aceite o cualquier tipo de grasa para cocinar. Su antiadherente de alta calidad es apto para el uso diario, y sus c\u00f3modos y resistentes mangos de silicona no se calientan.<\/p>\n<p>Su tapa de vidrio se puede almacenar verticalmente y con ella lograr\u00e1s un sellado perfecto, reteniendo el vapor, conservando los sabores y nutrientes de cada alimento. Cada pieza est\u00e1 dise\u00f1ada en aluminio de gran espesor, lo que vuelve a tu bater\u00eda resistente y duradera.<\/p>\n<p>Adem\u00e1s, su base de inducci\u00f3n distribuye el calor de manera uniforme, evitando los puntos calientes y permitiendo una cocci\u00f3n perfecta cada vez.<\/p>\n<\/div>\n<\/div>\n","protected":false},"excerpt":{"rendered":"<p>MOD: TURQUESA BATERIA<\/p>\n<p>Caracter\u00edsticas:<br \/>\nColor Turquesa<br \/>\nCer\u00e1mica antiadherente<br \/>\nAluminio de grueso calibre<br \/>\nAsas de silicona fr\u00edas al tacto<br \/>\nBase de inducci\u00f3n<br \/>\nF\u00e1cil de lavar<br \/>\nMarca Kuche<br \/>\nEspesor<\/p>\n","protected":false},"featured_media":7537,"template":"","meta":{"site-sidebar-layout":"default","site-content-layout":"default","ast-site-content-layout":"default","site-content-style":"default","site-sidebar-style":"default","ast-global-header-display":"","ast-banner-title-visibility":"","ast-main-header-display":"","ast-hfb-above-header-display":"","ast-hfb-below-header-display":"","ast-hfb-mobile-header-display":"","site-post-title":"","ast-breadcrumbs-content":"","ast-featured-img":"","footer-sml-layout":"","theme-transparent-header-meta":"default","adv-header-id-meta":"","stick-header-meta":"","header-above-stick-meta":"","header-main-stick-meta":"","header-below-stick-meta":"","astra-migrate-meta-layouts":"set","ast-page-background-enabled":"default","ast-page-background-meta":{"desktop":{"background-color":"","background-image":"","background-repeat":"repeat","background-position":"center center","background-size":"auto","background-attachment":"scroll","background-type":"","background-media":"","overlay-type":"","overlay-color":"","overlay-gradient":""},"tablet":{"background-color":"","background-image":"","background-repeat":"repeat","background-position":"center center","background-size":"auto","background-attachment":"scroll","background-type":"","background-media":"","overlay-type":"","overlay-color":"","overlay-gradient":""},"mobile":{"background-color":"","background-image":"","background-repeat":"repeat","background-position":"center center","background-size":"auto","background-attachment":"scroll","background-type":"","background-media":"","overlay-type":"","overlay-color":"","overlay-gradient":""}},"ast-content-background-meta":{"desktop":{"background-color":"var(--ast-global-color-5)","background-image":"","background-repeat":"repeat","background-position":"center center","background-size":"auto","background-attachment":"scroll","background-type":"","background-media":"","overlay-type":"","overlay-color":"","overlay-gradient":""},"tablet":{"background-color":"var(--ast-global-color-5)","background-image":"","background-repeat":"repeat","background-position":"center center","background-size":"auto","background-attachment":"scroll","background-type":"","background-media":"","overlay-type":"","overlay-color":"","overlay-gradient":""},"mobile":{"background-color":"var(--ast-global-color-5)","background-image":"","background-repeat":"repeat","background-position":"center center","background-size":"auto","background-attachment":"scroll","background-type":"","background-media":"","overlay-type":"","overlay-color":"","overlay-gradient":""}}},"product_brand":[],"product_cat":[38],"product_tag":[],"class_list":{"0":"post-5269","1":"product","2":"type-product","3":"status-publish","4":"has-post-thumbnail","6":"product_cat-decoracion","7":"desktop-align-left","8":"tablet-align-left","9":"mobile-align-left","11":"first","12":"instock","13":"taxable","14":"shipping-taxable","15":"purchasable","16":"product-type-simple"},"aioseo_notices":[],"_links":{"self":[{"href":"https:\/\/mueblesbrambila.com\/index.php\/wp-json\/wp\/v2\/product\/5269","targetHints":{"allow":["GET"]}}],"collection":[{"href":"https:\/\/mueblesbrambila.com\/index.php\/wp-json\/wp\/v2\/product"}],"about":[{"href":"https:\/\/mueblesbrambila.com\/index.php\/wp-json\/wp\/v2\/types\/product"}],"wp:featuredmedia":[{"embeddable":true,"href":"https:\/\/mueblesbrambila.com\/index.php\/wp-json\/wp\/v2\/media\/7537"}],"wp:attachment":[{"href":"https:\/\/mueblesbrambila.com\/index.php\/wp-json\/wp\/v2\/media?parent=5269"}],"wp:term":[{"taxonomy":"product_brand","embeddable":true,"href":"https:\/\/mueblesbrambila.com\/index.php\/wp-json\/wp\/v2\/product_brand?post=5269"},{"taxonomy":"product_cat","embeddable":true,"href":"https:\/\/mueblesbrambila.com\/index.php\/wp-json\/wp\/v2\/product_cat?post=5269"},{"taxonomy":"product_tag","embeddable":true,"href":"https:\/\/mueblesbrambila.com\/index.php\/wp-json\/wp\/v2\/product_tag?post=5269"}],"curies":[{"name":"wp","href":"https:\/\/api.w.org\/{rel}","templated":true}]}}