{"id":5276,"date":"2021-12-01T06:16:56","date_gmt":"2021-12-01T06:16:56","guid":{"rendered":"https:\/\/mueblesbrambila.com\/?post_type=product&#038;p=5276"},"modified":"2023-10-17T17:43:32","modified_gmt":"2023-10-17T17:43:32","slug":"tramontina-primaware","status":"publish","type":"product","link":"https:\/\/mueblesbrambila.com\/index.php\/product\/tramontina-primaware\/","title":{"rendered":"PRIMAWARE  BATERIA DE TEFLON TRAMONTINA 18 PZS."},"content":{"rendered":"<div id=\"featurebullets_feature_div\" class=\"celwidget\" data-feature-name=\"featurebullets\" data-csa-c-type=\"widget\" data-csa-c-content-id=\"featurebullets\" data-csa-c-slot-id=\"featurebullets_feature_div\" data-csa-c-asin=\"B01KPM1EIY\" data-csa-c-is-in-initial-active-row=\"false\" data-csa-c-id=\"edtbin-j5gyii-1vlctd-fhdre1\" data-cel-widget=\"featurebullets_feature_div\">\n<div id=\"feature-bullets\" class=\"a-section a-spacing-medium a-spacing-top-small\">\n<ul class=\"a-unordered-list a-vertical a-spacing-mini\">\n<li class=\"a-spacing-mini\"><span class=\"a-list-item\">La bater\u00eda de cocina Primaware de Tramontina est\u00e1 elaborada a base de aluminio y con antiadherente Starflon Max, que garantiza una cocci\u00f3n f\u00e1cil y una limpieza sencilla<\/span><\/li>\n<li class=\"a-spacing-mini\"><span class=\"a-list-item\">Los mangos y las asas son de baquelita antit\u00e9rmica que evita se calienten y protegen tus manos de posibles accidentes<\/span><\/li>\n<li class=\"a-spacing-mini\"><span class=\"a-list-item\">Todos los art\u00edculos de este juego pueden ser usados en el horno de gas, el horno el\u00e9ctrico y sobre cer\u00e1mica vitrificada y son aptos para lavar en el lavavajillas<\/span><\/li>\n<li class=\"a-spacing-mini\"><span class=\"a-list-item\">Este set incluye 18 piezas: 6 sartenes, 1 plancha cuadrada, 1 soporte vapor y 6 cucharas de color negro<\/span><\/li>\n<li class=\"a-spacing-mini\"><span class=\"a-list-item\">Con esta fant\u00e1stica bater\u00eda de cocina de Tramontina cocinar ser\u00e1 un verdadero placer, podr\u00e1s disfrutar de los mejores utensilios de cocina en tu hogar y convertirte en un incre\u00edble chef<\/span><\/li>\n<\/ul>\n<\/div>\n<\/div>\n<div id=\"provenanceCertifications_feature_div\" class=\"celwidget\" data-feature-name=\"provenanceCertifications\" data-csa-c-type=\"widget\" data-csa-c-content-id=\"provenanceCertifications\" data-csa-c-slot-id=\"provenanceCertifications_feature_div\" data-csa-c-asin=\"B01KPM1EIY\" data-csa-c-is-in-initial-active-row=\"false\" data-csa-c-id=\"llcykb-zdv7d6-suv5u2-ttx33r\" data-cel-widget=\"provenanceCertifications_feature_div\"><\/div>\n<div id=\"handmadeArtisanCard_feature_div\" class=\"celwidget\" data-feature-name=\"handmadeArtisanCard\" data-csa-c-type=\"widget\" data-csa-c-content-id=\"handmadeArtisanCard\" data-csa-c-slot-id=\"handmadeArtisanCard_feature_div\" data-csa-c-asin=\"B01KPM1EIY\" data-csa-c-is-in-initial-active-row=\"false\" data-csa-c-id=\"pr0dds-hz11jk-bjv05y-zhnxsk\" data-cel-widget=\"handmadeArtisanCard_feature_div\"><\/div>\n<div id=\"customerReviewsAttribute_feature_div\" class=\"celwidget\" data-feature-name=\"customerReviewsAttribute\" data-csa-c-type=\"widget\" data-csa-c-content-id=\"customerReviewsAttribute\" data-csa-c-slot-id=\"customerReviewsAttribute_feature_div\" data-csa-c-asin=\"B01KPM1EIY\" data-csa-c-is-in-initial-active-row=\"false\" data-csa-c-id=\"3tioqh-c2lj8z-4wcl1u-2ek5p\" data-cel-widget=\"customerReviewsAttribute_feature_div\">\n<div class=\"cra-desktop-width \">\n<div class=\"a-row a-spacing-base\">\n<div class=\"ui-vpp-striped-specs\">\n<div class=\"ui-vpp-striped-specs__table\">\n<h3 class=\"ui-vpp-striped-specs__header\">Caracter\u00edsticas principales<\/h3>\n<table class=\"andes-table\">\n<tbody class=\"andes-table__body\">\n<tr class=\"andes-table__row ui-vpp-striped-specs__row\">\n<th class=\"andes-table__header andes-table__header--left ui-vpp-striped-specs__row__column ui-vpp-striped-specs__row__column--id\" scope=\"col\">\n<div class=\"andes-table__header__container\">Marca<\/div>\n<\/th>\n<td id=\":Racvan9lacd:\" class=\"andes-table__column andes-table__column--left andes-table__column--vertical-align-center ui-vpp-striped-specs__row__column\" title=\"PRIMAWARE\"><span class=\"andes-table__column--value\">PRIMAWARE<\/span><\/td>\n<\/tr>\n<tr class=\"andes-table__row ui-vpp-striped-specs__row\">\n<th class=\"andes-table__header andes-table__header--left ui-vpp-striped-specs__row__column ui-vpp-striped-specs__row__column--id\" scope=\"col\">\n<div class=\"andes-table__header__container\">L\u00ednea<\/div>\n<\/th>\n<td id=\":Radfan9lacd:\" class=\"andes-table__column andes-table__column--left andes-table__column--vertical-align-center ui-vpp-striped-specs__row__column\" title=\"BATERIAS\"><span class=\"andes-table__column--value\">BATERIAS<\/span><\/td>\n<\/tr>\n<tr class=\"andes-table__row ui-vpp-striped-specs__row\">\n<th class=\"andes-table__header andes-table__header--left ui-vpp-striped-specs__row__column ui-vpp-striped-specs__row__column--id\" scope=\"col\">\n<div class=\"andes-table__header__container\">Modelo<\/div>\n<\/th>\n<td id=\":Radvan9lacd:\" class=\"andes-table__column andes-table__column--left andes-table__column--vertical-align-center ui-vpp-striped-specs__row__column\" title=\"RCC22-SW35\"><span class=\"andes-table__column--value\">RCC22-SW35<\/span><\/td>\n<\/tr>\n<tr class=\"andes-table__row ui-vpp-striped-specs__row\">\n<th class=\"andes-table__header andes-table__header--left ui-vpp-striped-specs__row__column ui-vpp-striped-specs__row__column--id\" scope=\"col\">\n<div class=\"andes-table__header__container\">Cantidad de piezas<\/div>\n<\/th>\n<td id=\":Raefan9lacd:\" class=\"andes-table__column andes-table__column--left andes-table__column--vertical-align-center ui-vpp-striped-specs__row__column\" title=\"18\"><span class=\"andes-table__column--value\">18<\/span><\/td>\n<\/tr>\n<tr class=\"andes-table__row ui-vpp-striped-specs__row\">\n<th class=\"andes-table__header andes-table__header--left ui-vpp-striped-specs__row__column ui-vpp-striped-specs__row__column--id\" scope=\"col\">\n<div class=\"andes-table__header__container\">Color<\/div>\n<\/th>\n<td id=\":Raevan9lacd:\" class=\"andes-table__column andes-table__column--left andes-table__column--vertical-align-center ui-vpp-striped-specs__row__column\" title=\"Gris\"><span class=\"andes-table__column--value\">Gris<\/span><\/td>\n<\/tr>\n<\/tbody>\n<\/table>\n<\/div>\n<\/div>\n<div class=\"ui-vpp-striped-specs\">\n<div class=\"ui-vpp-striped-specs__table\">\n<h3 class=\"ui-vpp-striped-specs__header\">Otras caracter\u00edsticas<\/h3>\n<table class=\"andes-table\">\n<tbody class=\"andes-table__body\">\n<tr class=\"andes-table__row ui-vpp-striped-specs__row\">\n<th class=\"andes-table__header andes-table__header--left ui-vpp-striped-specs__row__column ui-vpp-striped-specs__row__column--id\" scope=\"col\">\n<div class=\"andes-table__header__container\">Materiales<\/div>\n<\/th>\n<td id=\":R56vcn9lacd:\" class=\"andes-table__column andes-table__column--left andes-table__column--vertical-align-center ui-vpp-striped-specs__row__column\" title=\"Multimaterial\"><span class=\"andes-table__column--value\">Multimaterial<\/span><\/td>\n<\/tr>\n<tr class=\"andes-table__row ui-vpp-striped-specs__row\">\n<th class=\"andes-table__header andes-table__header--left ui-vpp-striped-specs__row__column ui-vpp-striped-specs__row__column--id\" scope=\"col\">\n<div class=\"andes-table__header__container\">Con revestimiento antiadherente<\/div>\n<\/th>\n<td id=\":R57fcn9lacd:\" class=\"andes-table__column andes-table__column--left andes-table__column--vertical-align-center ui-vpp-striped-specs__row__column\" title=\"S\u00ed\"><span class=\"andes-table__column--value\">S\u00ed<\/span><\/td>\n<\/tr>\n<\/tbody>\n<\/table>\n<\/div>\n<\/div>\n<\/div>\n<\/div>\n<\/div>\n","protected":false},"excerpt":{"rendered":"<p>MOD: PRIMAWARE<\/p>\n<table class=\"a-normal a-spacing-micro\">\n<tbody>\n<tr class=\"a-spacing-small po-material\">\n<td class=\"a-span3\"><span class=\"a-size-base a-text-bold\">Material<\/span><\/td>\n<td class=\"a-span9\"><span class=\"a-size-base po-break-word\">Aluminio<\/span><\/td>\n<\/tr>\n<tr class=\"a-spacing-small po-color\">\n<td class=\"a-span3\"><span class=\"a-size-base a-text-bold\">Color<\/span><\/td>\n<td class=\"a-span9\"><span class=\"a-size-base po-break-word\">Negro<\/span><\/td>\n<\/tr>\n<tr class=\"a-spacing-small po-brand\">\n<td class=\"a-span3\"><span class=\"a-size-base a-text-bold\">Marca<\/span><\/td>\n<td class=\"a-span9\"><span class=\"a-size-base po-break-word\">Tramontina<\/span><\/td>\n<\/tr>\n<tr class=\"a-spacing-small po-size\">\n<td class=\"a-span3\"><span class=\"a-size-base a-text-bold\">Tama\u00f1o<\/span><\/td>\n<td class=\"a-span9\"><span class=\"a-size-base po-break-word\">18-piece<\/span><\/td>\n<\/tr>\n<tr class=\"a-spacing-small po-handle.material\">\n<td class=\"a-span3\"><span class=\"a-size-base a-text-bold\">Material de la manija<\/span><\/td>\n<td class=\"a-span9\"><span class=\"a-size-base po-break-word\">Baquelita<\/span><\/td>\n<\/tr>\n<\/tbody>\n<\/table>\n","protected":false},"featured_media":7524,"template":"","meta":{"site-sidebar-layout":"default","site-content-layout":"default","ast-site-content-layout":"default","site-content-style":"default","site-sidebar-style":"default","ast-global-header-display":"","ast-banner-title-visibility":"","ast-main-header-display":"","ast-hfb-above-header-display":"","ast-hfb-below-header-display":"","ast-hfb-mobile-header-display":"","site-post-title":"","ast-breadcrumbs-content":"","ast-featured-img":"","footer-sml-layout":"","theme-transparent-header-meta":"default","adv-header-id-meta":"","stick-header-meta":"","header-above-stick-meta":"","header-main-stick-meta":"","header-below-stick-meta":"","astra-migrate-meta-layouts":"set","ast-page-background-enabled":"default","ast-page-background-meta":{"desktop":{"background-color":"","background-image":"","background-repeat":"repeat","background-position":"center center","background-size":"auto","background-attachment":"scroll","background-type":"","background-media":"","overlay-type":"","overlay-color":"","overlay-gradient":""},"tablet":{"background-color":"","background-image":"","background-repeat":"repeat","background-position":"center center","background-size":"auto","background-attachment":"scroll","background-type":"","background-media":"","overlay-type":"","overlay-color":"","overlay-gradient":""},"mobile":{"background-color":"","background-image":"","background-repeat":"repeat","background-position":"center center","background-size":"auto","background-attachment":"scroll","background-type":"","background-media":"","overlay-type":"","overlay-color":"","overlay-gradient":""}},"ast-content-background-meta":{"desktop":{"background-color":"var(--ast-global-color-5)","background-image":"","background-repeat":"repeat","background-position":"center center","background-size":"auto","background-attachment":"scroll","background-type":"","background-media":"","overlay-type":"","overlay-color":"","overlay-gradient":""},"tablet":{"background-color":"var(--ast-global-color-5)","background-image":"","background-repeat":"repeat","background-position":"center center","background-size":"auto","background-attachment":"scroll","background-type":"","background-media":"","overlay-type":"","overlay-color":"","overlay-gradient":""},"mobile":{"background-color":"var(--ast-global-color-5)","background-image":"","background-repeat":"repeat","background-position":"center center","background-size":"auto","background-attachment":"scroll","background-type":"","background-media":"","overlay-type":"","overlay-color":"","overlay-gradient":""}}},"product_brand":[],"product_cat":[38],"product_tag":[],"class_list":{"0":"post-5276","1":"product","2":"type-product","3":"status-publish","4":"has-post-thumbnail","6":"product_cat-decoracion","7":"desktop-align-left","8":"tablet-align-left","9":"mobile-align-left","11":"first","12":"instock","13":"taxable","14":"shipping-taxable","15":"purchasable","16":"product-type-simple"},"aioseo_notices":[],"_links":{"self":[{"href":"https:\/\/mueblesbrambila.com\/index.php\/wp-json\/wp\/v2\/product\/5276","targetHints":{"allow":["GET"]}}],"collection":[{"href":"https:\/\/mueblesbrambila.com\/index.php\/wp-json\/wp\/v2\/product"}],"about":[{"href":"https:\/\/mueblesbrambila.com\/index.php\/wp-json\/wp\/v2\/types\/product"}],"wp:featuredmedia":[{"embeddable":true,"href":"https:\/\/mueblesbrambila.com\/index.php\/wp-json\/wp\/v2\/media\/7524"}],"wp:attachment":[{"href":"https:\/\/mueblesbrambila.com\/index.php\/wp-json\/wp\/v2\/media?parent=5276"}],"wp:term":[{"taxonomy":"product_brand","embeddable":true,"href":"https:\/\/mueblesbrambila.com\/index.php\/wp-json\/wp\/v2\/product_brand?post=5276"},{"taxonomy":"product_cat","embeddable":true,"href":"https:\/\/mueblesbrambila.com\/index.php\/wp-json\/wp\/v2\/product_cat?post=5276"},{"taxonomy":"product_tag","embeddable":true,"href":"https:\/\/mueblesbrambila.com\/index.php\/wp-json\/wp\/v2\/product_tag?post=5276"}],"curies":[{"name":"wp","href":"https:\/\/api.w.org\/{rel}","templated":true}]}}