{"id":5278,"date":"2021-12-01T06:17:59","date_gmt":"2021-12-01T06:17:59","guid":{"rendered":"https:\/\/mueblesbrambila.com\/?post_type=product&#038;p=5278"},"modified":"2023-10-17T17:03:40","modified_gmt":"2023-10-17T17:03:40","slug":"kuche-mod-cannes","status":"publish","type":"product","link":"https:\/\/mueblesbrambila.com\/index.php\/product\/kuche-mod-cannes\/","title":{"rendered":"BATERIA KUCHE 12 PIEZAS CANNES ACERO INOXIDABLE"},"content":{"rendered":"<p>Bater\u00eda de Cocina 12 Piezas Modelo Cannes<\/p>\n<p>La bater\u00eda de cocina modelo Canners fue dise\u00f1ada con el m\u00e1s elegante estilo y acabado tipo espejo. Cada una de las piezas que conforman este precioso set de cocina cuenta con manijas resistentes que permiten un agarre c\u00f3modo y firme.<\/p>\n<p>Incluye ollas de 5L, 3L, 2.5L, 1.5L, una cacerola de 1.5L y un sart\u00e9n antiadherente de 25.5 cm. Fabricada en acero inoxidable de calidad 18\/10, exterior con acabado de espejo, manijas s\u00f3lidas de acero inoxidable de grado 18\/10 que se mantienen fr\u00edas al cocinar y est\u00e1n remachadas para ser m\u00e1s fuertes. Adem\u00e1s Tapas cristal templado con escape de vapor.<\/p>\n<p>Incluye:<br \/>\n&#8211; 1 Olla de 5 Litros &#8211; 25.5 cm<br \/>\n&#8211; 1 Olla de 3 Litros &#8211; 21.5 cm<br \/>\n&#8211; 1 Olla de 2.5 Litros &#8211; 19.5 cm<br \/>\n&#8211; 1 Olla de 1.5 Litros &#8211; 17.5 cm<br \/>\n&#8211; 1 Cacerola de 1.5 Litros &#8211; 17.5 cm<br \/>\n&#8211; 1 Sart\u00e9n Antiadherente de 25.5 cm<br \/>\n&#8211; 6 Tapas de cristal templado<\/p>\n<p>Caracter\u00edsticas:<br \/>\n&#8211; Acero inoxidable grado 18\/10<br \/>\n&#8211; Manijas resistentes al calor<br \/>\n&#8211; Fondo con 7 capas termodin\u00e1mico<br \/>\n&#8211; Difusor de calor rectificado<br \/>\n&#8211; Tapas de cristal templado<br \/>\n&#8211; Sart\u00e9n con antiadherente<\/p>\n","protected":false},"excerpt":{"rendered":"<p>MOD: CANNES KC691788<\/p>\n<table class=\"a-normal a-spacing-micro\">\n<tbody>\n<tr class=\"a-spacing-small po-brand\">\n<td class=\"a-span3\"><span class=\"a-size-base a-text-bold\">Marca<\/span><\/td>\n<td class=\"a-span9\">KUCHE<\/td>\n<\/tr>\n<tr class=\"a-spacing-small po-size\">\n<td class=\"a-span3\"><span class=\"a-size-base a-text-bold\">Tama\u00f1o<\/span><\/td>\n<td class=\"a-span9\"><span class=\"a-size-base po-break-word\">Variado<\/span><\/td>\n<\/tr>\n<tr class=\"a-spacing-small po-handle.material\">\n<td class=\"a-span3\"><span class=\"a-size-base a-text-bold\">Material de la manija<\/span><\/td>\n<td class=\"a-span9\"><span class=\"a-size-base po-break-word\">Acero inoxidable<\/span><\/td>\n<\/tr>\n<tr class=\"a-spacing-small po-number_of_pieces\">\n<td class=\"a-span3\"><span class=\"a-size-base a-text-bold\">N\u00famero de piezas<\/span><\/td>\n<td class=\"a-span9\"><span class=\"a-size-base po-break-word\">12<\/span><\/td>\n<\/tr>\n<tr class=\"a-spacing-small po-closure_material\">\n<td class=\"a-span3\"><span class=\"a-size-base a-text-bold\">Material de clausura<\/span><\/td>\n<td class=\"a-span9\"><span class=\"a-size-base po-break-word\">Vidrio templado<\/span><\/td>\n<\/tr>\n<\/tbody>\n<\/table>\n","protected":false},"featured_media":7517,"template":"","meta":{"site-sidebar-layout":"default","site-content-layout":"default","ast-site-content-layout":"default","site-content-style":"default","site-sidebar-style":"default","ast-global-header-display":"","ast-banner-title-visibility":"","ast-main-header-display":"","ast-hfb-above-header-display":"","ast-hfb-below-header-display":"","ast-hfb-mobile-header-display":"","site-post-title":"","ast-breadcrumbs-content":"","ast-featured-img":"","footer-sml-layout":"","theme-transparent-header-meta":"default","adv-header-id-meta":"","stick-header-meta":"","header-above-stick-meta":"","header-main-stick-meta":"","header-below-stick-meta":"","astra-migrate-meta-layouts":"set","ast-page-background-enabled":"default","ast-page-background-meta":{"desktop":{"background-color":"","background-image":"","background-repeat":"repeat","background-position":"center center","background-size":"auto","background-attachment":"scroll","background-type":"","background-media":"","overlay-type":"","overlay-color":"","overlay-gradient":""},"tablet":{"background-color":"","background-image":"","background-repeat":"repeat","background-position":"center center","background-size":"auto","background-attachment":"scroll","background-type":"","background-media":"","overlay-type":"","overlay-color":"","overlay-gradient":""},"mobile":{"background-color":"","background-image":"","background-repeat":"repeat","background-position":"center center","background-size":"auto","background-attachment":"scroll","background-type":"","background-media":"","overlay-type":"","overlay-color":"","overlay-gradient":""}},"ast-content-background-meta":{"desktop":{"background-color":"var(--ast-global-color-5)","background-image":"","background-repeat":"repeat","background-position":"center center","background-size":"auto","background-attachment":"scroll","background-type":"","background-media":"","overlay-type":"","overlay-color":"","overlay-gradient":""},"tablet":{"background-color":"var(--ast-global-color-5)","background-image":"","background-repeat":"repeat","background-position":"center center","background-size":"auto","background-attachment":"scroll","background-type":"","background-media":"","overlay-type":"","overlay-color":"","overlay-gradient":""},"mobile":{"background-color":"var(--ast-global-color-5)","background-image":"","background-repeat":"repeat","background-position":"center center","background-size":"auto","background-attachment":"scroll","background-type":"","background-media":"","overlay-type":"","overlay-color":"","overlay-gradient":""}}},"product_brand":[],"product_cat":[38],"product_tag":[],"class_list":{"0":"post-5278","1":"product","2":"type-product","3":"status-publish","4":"has-post-thumbnail","6":"product_cat-decoracion","7":"desktop-align-left","8":"tablet-align-left","9":"mobile-align-left","11":"first","12":"instock","13":"taxable","14":"shipping-taxable","15":"purchasable","16":"product-type-simple"},"aioseo_notices":[],"_links":{"self":[{"href":"https:\/\/mueblesbrambila.com\/index.php\/wp-json\/wp\/v2\/product\/5278","targetHints":{"allow":["GET"]}}],"collection":[{"href":"https:\/\/mueblesbrambila.com\/index.php\/wp-json\/wp\/v2\/product"}],"about":[{"href":"https:\/\/mueblesbrambila.com\/index.php\/wp-json\/wp\/v2\/types\/product"}],"wp:featuredmedia":[{"embeddable":true,"href":"https:\/\/mueblesbrambila.com\/index.php\/wp-json\/wp\/v2\/media\/7517"}],"wp:attachment":[{"href":"https:\/\/mueblesbrambila.com\/index.php\/wp-json\/wp\/v2\/media?parent=5278"}],"wp:term":[{"taxonomy":"product_brand","embeddable":true,"href":"https:\/\/mueblesbrambila.com\/index.php\/wp-json\/wp\/v2\/product_brand?post=5278"},{"taxonomy":"product_cat","embeddable":true,"href":"https:\/\/mueblesbrambila.com\/index.php\/wp-json\/wp\/v2\/product_cat?post=5278"},{"taxonomy":"product_tag","embeddable":true,"href":"https:\/\/mueblesbrambila.com\/index.php\/wp-json\/wp\/v2\/product_tag?post=5278"}],"curies":[{"name":"wp","href":"https:\/\/api.w.org\/{rel}","templated":true}]}}