{"id":5285,"date":"2021-12-01T14:57:58","date_gmt":"2021-12-01T14:57:58","guid":{"rendered":"https:\/\/mueblesbrambila.com\/?post_type=product&#038;p=5285"},"modified":"2023-10-15T00:26:43","modified_gmt":"2023-10-15T00:26:43","slug":"cafetera-mod-velvet-coffee","status":"publish","type":"product","link":"https:\/\/mueblesbrambila.com\/index.php\/product\/cafetera-mod-velvet-coffee\/","title":{"rendered":"CAFETERA 12 TAZAS TAURUS VELVET COFFEE"},"content":{"rendered":"<p>La cafetera Taurus VELVET tiene una capacidad de 12 tazas y es ideal para colocar en el mostrador de la cocina. Cuenta con un interruptor de luz on\/off que permite encender o apagar f\u00e1cilmente la m\u00e1quina. La carcasa est\u00e1 fabricada con vidrio y pl\u00e1stico, lo que le da una apariencia elegante y moderna.<\/p>\n<p>Esta cafetera no cuenta con molinillo integrado, pero s\u00ed dispone de un dep\u00f3sito para caf\u00e9 preparado en forma de jarra. Adem\u00e1s, posee funci\u00f3n anti goteo para evitar derrames durante su uso. Su potencia es de 700 W, lo que garantiza rapidez al momento del proceso.<\/p>\n<p>El filtro pivotante desmontable facilita la limpieza despu\u00e9s del uso y su capacidad total es de 1.2 L por lo cual se pueden preparar varias tazas sin necesidad de rellenarlo constantemente. El color predominante en esta versi\u00f3n es negro aunque tambi\u00e9n incluye detalles rojos como contraste visual.<\/p>\n<p>No cuenta con pantalla incorporada pero si ofrece nivel visible del agua dentro del reservorio gracias a su dise\u00f1o transparente . Se trata entonces ,de una cafetera por goteo cuya capacidad total del reservorio alcanza los mismos 1.2 litros mencionados anteriormente.<br \/>\nEn resumen: La Cafetera Taurus Velvet combina funcionalidad y estilo ofreciendo caracter\u00edsticas \u00fatiles como funci\u00f3n antogoteo e interruptor luminoso On\/Off adem\u00e1s brinda gran cantidad ya sea para compartir entre amigos o familiares gracias a sus doce tazas disponibles simult\u00e1neamente.<\/p>\n<div class=\"expand-collapse-header flex justify-between items-center w-100\">\n<h2 class=\"w-100 ma0 pa3 f5 lh-copy normal undefined\">Especificaciones<\/h2>\n<div class=\"pr3\"><\/div>\n<\/div>\n<div class=\"w_zz0G expand-collapse-content\" data-testid=\"ui-collapse-panel\">\n<div class=\"ph3 pb4 pt1\">\n<div class=\"nt1\">\n<div class=\"pb2\">\n<h3 class=\"flex items-center mv0 lh-copy f5 pb1 dark-gray\">Peso (Kg)<\/h3>\n<div class=\"mv0 lh-copy f6 mid-gray\">1.07<\/div>\n<\/div>\n<div class=\"pb2\">\n<h3 class=\"flex items-center mv0 lh-copy f5 pb1 dark-gray\">Potencia<\/h3>\n<div class=\"mv0 lh-copy f6 mid-gray\">650W<\/div>\n<\/div>\n<div class=\"pb2\">\n<h3 class=\"flex items-center mv0 lh-copy f5 pb1 dark-gray\">Voltaje<\/h3>\n<div class=\"mv0 lh-copy f6 mid-gray\">127 V<\/div>\n<\/div>\n<div class=\"pb2\">\n<h3 class=\"flex items-center mv0 lh-copy f5 pb1 dark-gray\">Contenido del Empaque<\/h3>\n<div class=\"mv0 lh-copy f6 mid-gray\">1 Cafetera, Cuerpo de acero inoxidable, jarra de vidrio, cable, manual de usuario y garant\u00eda<\/div>\n<\/div>\n<div class=\"pb2\">\n<h3 class=\"flex items-center mv0 lh-copy f5 pb1 dark-gray\">Material de fabricaci\u00f3n<\/h3>\n<div class=\"mv0 lh-copy f6 mid-gray\">Pl\u00e1stico<\/div>\n<\/div>\n<div class=\"pb2\"><\/div>\n<div class=\"pb2\">\n<div class=\"mv0 lh-copy f6 mid-gray\"><span style=\"font-size: 1.5em; font-weight: bold;\">Temperatura M\u00e1xima<\/span><\/div>\n<\/div>\n<div class=\"pb2\">\n<div class=\"mv0 lh-copy f6 mid-gray\">90\u00b0C<\/div>\n<\/div>\n<div class=\"pb2\">\n<h3 class=\"flex items-center mv0 lh-copy f5 pb1 dark-gray\">Capacidad<\/h3>\n<div class=\"mv0 lh-copy f6 mid-gray\">1 a 5 Litros<\/div>\n<\/div>\n<div class=\"pb2\">\n<h3 class=\"flex items-center mv0 lh-copy f5 pb1 dark-gray\">Alimentaci\u00f3n de corriente<\/h3>\n<div class=\"mv0 lh-copy f6 mid-gray\">Alterna<\/div>\n<\/div>\n<div class=\"pb2\">\n<h3 class=\"flex items-center mv0 lh-copy f5 pb1 dark-gray\">Pa\u00eds de Origen<\/h3>\n<div class=\"mv0 lh-copy f6 mid-gray\">China<\/div>\n<\/div>\n<div class=\"pb2\">\n<h3 class=\"flex items-center mv0 lh-copy f5 pb1 dark-gray\">Alto (cm)<\/h3>\n<div class=\"mv0 lh-copy f6 mid-gray\">32<\/div>\n<\/div>\n<div class=\"pb2\">\n<h3 class=\"flex items-center mv0 lh-copy f5 pb1 dark-gray\">Material del cuerpo<\/h3>\n<div class=\"mv0 lh-copy f6 mid-gray\">Cuerpo de pl\u00e1stico, jarra de vidrio<\/div>\n<\/div>\n<div class=\"pb2\">\n<h3 class=\"flex items-center mv0 lh-copy f5 pb1 dark-gray\">gama_color<\/h3>\n<div class=\"mv0 lh-copy f6 mid-gray\">Negro<\/div>\n<\/div>\n<div class=\"pb2\">\n<h3 class=\"flex items-center mv0 lh-copy f5 pb1 dark-gray\">Ancho (cm)<\/h3>\n<div class=\"mv0 lh-copy f6 mid-gray\">23.5<\/div>\n<\/div>\n<div class=\"\">\n<h3 class=\"flex items-center mv0 lh-copy f5 pb1 dark-gray\">Fondo (cm)<\/h3>\n<div class=\"mv0 lh-copy f6 mid-gray\">19<\/div>\n<\/div>\n<\/div>\n<\/div>\n<\/div>\n","protected":false},"excerpt":{"rendered":"<p>MOD. VELVET COFFEE<\/p>\n<div class=\"expand-collapse-header flex justify-between items-center w-100\">\n<h5 class=\"w-100 ma0 pa3 f5 lh-copy normal\">Detalles del art\u00edculo<\/h5>\n<div class=\"pr3\"><\/div>\n<\/div>\n<div class=\"w_zz0G expand-collapse-content\" data-testid=\"ui-collapse-panel\">\n<div class=\"ph3 pb4 pt1\">\n<div class=\"nb3\" data-testid=\"product-description-content\">\n<div class=\"mb3\">\n<div class=\"dangerous-html mb3\">\n<ul>\n<li>\n<ul>\n<li>Cafetera con vertido tipo regadera que mejora el colado del caf\u00e9 para un aroma y sabor \u00fanico<\/li>\n<li>Vers\u00e1til y ecol\u00f3gica con filtro lavable y reutilizable<\/li>\n<li>Jarra de vidrio con capacidad para 12 tazas<\/li>\n<li>Placa calefactora que mantiene el caf\u00e9 caliente<\/li>\n<\/ul>\n<\/li>\n<\/ul>\n<\/div>\n<\/div>\n<\/div>\n<\/div>\n<\/div>\n","protected":false},"featured_media":5286,"template":"","meta":{"site-sidebar-layout":"default","site-content-layout":"default","ast-site-content-layout":"default","site-content-style":"default","site-sidebar-style":"default","ast-global-header-display":"","ast-banner-title-visibility":"","ast-main-header-display":"","ast-hfb-above-header-display":"","ast-hfb-below-header-display":"","ast-hfb-mobile-header-display":"","site-post-title":"","ast-breadcrumbs-content":"","ast-featured-img":"","footer-sml-layout":"","theme-transparent-header-meta":"default","adv-header-id-meta":"","stick-header-meta":"","header-above-stick-meta":"","header-main-stick-meta":"","header-below-stick-meta":"","astra-migrate-meta-layouts":"set","ast-page-background-enabled":"default","ast-page-background-meta":{"desktop":{"background-color":"","background-image":"","background-repeat":"repeat","background-position":"center center","background-size":"auto","background-attachment":"scroll","background-type":"","background-media":"","overlay-type":"","overlay-color":"","overlay-gradient":""},"tablet":{"background-color":"","background-image":"","background-repeat":"repeat","background-position":"center center","background-size":"auto","background-attachment":"scroll","background-type":"","background-media":"","overlay-type":"","overlay-color":"","overlay-gradient":""},"mobile":{"background-color":"","background-image":"","background-repeat":"repeat","background-position":"center center","background-size":"auto","background-attachment":"scroll","background-type":"","background-media":"","overlay-type":"","overlay-color":"","overlay-gradient":""}},"ast-content-background-meta":{"desktop":{"background-color":"var(--ast-global-color-5)","background-image":"","background-repeat":"repeat","background-position":"center center","background-size":"auto","background-attachment":"scroll","background-type":"","background-media":"","overlay-type":"","overlay-color":"","overlay-gradient":""},"tablet":{"background-color":"var(--ast-global-color-5)","background-image":"","background-repeat":"repeat","background-position":"center center","background-size":"auto","background-attachment":"scroll","background-type":"","background-media":"","overlay-type":"","overlay-color":"","overlay-gradient":""},"mobile":{"background-color":"var(--ast-global-color-5)","background-image":"","background-repeat":"repeat","background-position":"center center","background-size":"auto","background-attachment":"scroll","background-type":"","background-media":"","overlay-type":"","overlay-color":"","overlay-gradient":""}}},"product_brand":[],"product_cat":[38],"product_tag":[],"class_list":{"0":"post-5285","1":"product","2":"type-product","3":"status-publish","4":"has-post-thumbnail","6":"product_cat-decoracion","7":"desktop-align-left","8":"tablet-align-left","9":"mobile-align-left","11":"first","12":"instock","13":"taxable","14":"shipping-taxable","15":"purchasable","16":"product-type-simple"},"aioseo_notices":[],"_links":{"self":[{"href":"https:\/\/mueblesbrambila.com\/index.php\/wp-json\/wp\/v2\/product\/5285","targetHints":{"allow":["GET"]}}],"collection":[{"href":"https:\/\/mueblesbrambila.com\/index.php\/wp-json\/wp\/v2\/product"}],"about":[{"href":"https:\/\/mueblesbrambila.com\/index.php\/wp-json\/wp\/v2\/types\/product"}],"wp:featuredmedia":[{"embeddable":true,"href":"https:\/\/mueblesbrambila.com\/index.php\/wp-json\/wp\/v2\/media\/5286"}],"wp:attachment":[{"href":"https:\/\/mueblesbrambila.com\/index.php\/wp-json\/wp\/v2\/media?parent=5285"}],"wp:term":[{"taxonomy":"product_brand","embeddable":true,"href":"https:\/\/mueblesbrambila.com\/index.php\/wp-json\/wp\/v2\/product_brand?post=5285"},{"taxonomy":"product_cat","embeddable":true,"href":"https:\/\/mueblesbrambila.com\/index.php\/wp-json\/wp\/v2\/product_cat?post=5285"},{"taxonomy":"product_tag","embeddable":true,"href":"https:\/\/mueblesbrambila.com\/index.php\/wp-json\/wp\/v2\/product_tag?post=5285"}],"curies":[{"name":"wp","href":"https:\/\/api.w.org\/{rel}","templated":true}]}}