{"id":5293,"date":"2021-12-01T15:03:15","date_gmt":"2021-12-01T15:03:15","guid":{"rendered":"https:\/\/mueblesbrambila.com\/?post_type=product&#038;p=5293"},"modified":"2023-10-14T00:53:55","modified_gmt":"2023-10-14T00:53:55","slug":"campana-supra-cc60","status":"publish","type":"product","link":"https:\/\/mueblesbrambila.com\/index.php\/product\/campana-supra-cc60\/","title":{"rendered":"CAMPANA 60CM CRISTAL CURVO CC60"},"content":{"rendered":"<section class=\"elementor-section elementor-top-section elementor-element elementor-element-28c1b68 elementor-section-boxed elementor-section-height-default elementor-section-height-default\" data-id=\"28c1b68\" data-element_type=\"section\">\n<div class=\"elementor-container elementor-column-gap-default\">\n<div class=\"elementor-column elementor-col-33 elementor-top-column elementor-element elementor-element-669b40b\" data-id=\"669b40b\" data-element_type=\"column\">\n<div class=\"elementor-widget-wrap elementor-element-populated\">\n<div class=\"elementor-element elementor-element-85d3be9 elementor-widget elementor-widget-text-editor\" data-id=\"85d3be9\" data-element_type=\"widget\" data-widget_type=\"text-editor.default\">\n<div class=\"elementor-widget-container\">\n<p><img fetchpriority=\"high\" decoding=\"async\" class=\"attachment-large  wp-image-16081 entered lazyloaded aligncenter\" style=\"font-style: inherit; font-weight: inherit;\" src=\"https:\/\/supra.com.mx\/wp-content\/uploads\/2021\/10\/4-30.jpg\" sizes=\"(max-width: 800px) 100vw, 800px\" srcset=\"https:\/\/supra.com.mx\/wp-content\/uploads\/2021\/10\/4-30.jpg 800w, https:\/\/supra.com.mx\/wp-content\/uploads\/2021\/10\/4-30-300x300.jpg 300w, https:\/\/supra.com.mx\/wp-content\/uploads\/2021\/10\/4-30-100x100.jpg 100w, https:\/\/supra.com.mx\/wp-content\/uploads\/2021\/10\/4-30-600x600.jpg 600w, https:\/\/supra.com.mx\/wp-content\/uploads\/2021\/10\/4-30-150x150.jpg 150w, https:\/\/supra.com.mx\/wp-content\/uploads\/2021\/10\/4-30-768x768.jpg 768w\" alt=\"\" width=\"401\" height=\"401\" data-lazy-srcset=\"https:\/\/supra.com.mx\/wp-content\/uploads\/2021\/10\/4-30.jpg 800w, https:\/\/supra.com.mx\/wp-content\/uploads\/2021\/10\/4-30-300x300.jpg 300w, https:\/\/supra.com.mx\/wp-content\/uploads\/2021\/10\/4-30-100x100.jpg 100w, https:\/\/supra.com.mx\/wp-content\/uploads\/2021\/10\/4-30-600x600.jpg 600w, https:\/\/supra.com.mx\/wp-content\/uploads\/2021\/10\/4-30-150x150.jpg 150w, https:\/\/supra.com.mx\/wp-content\/uploads\/2021\/10\/4-30-768x768.jpg 768w\" data-lazy-sizes=\"(max-width: 800px) 100vw, 800px\" data-lazy-src=\"https:\/\/supra.com.mx\/wp-content\/uploads\/2021\/10\/4-30.jpg\" data-ll-status=\"loaded\" \/><\/p>\n<ul style=\"text-align: center;\">\n<li style=\"text-align: left;\">Campana extractora con 3 niveles de velocidad para diferentes estilos de cocci\u00f3n<\/li>\n<li style=\"text-align: left;\">2 l\u00e1mparas LED brillantes, con larga vida \u00fatil de m\u00e1s de 100000 horas; ahorro de energ\u00eda, 2 W proporciona suficiente brillo para ayudar a iluminar tu espacio de cocci\u00f3n<\/li>\n<li style=\"text-align: left;\">Incluye manual de usuario, p\u00f3liza de garant\u00eda, kit b\u00e1sico de instalaci\u00f3n, 1 ducto flexible, cubre polvo.<\/li>\n<\/ul>\n<\/div>\n<\/div>\n<\/div>\n<\/div>\n<\/div>\n<\/section>\n<section class=\"elementor-section elementor-top-section elementor-element elementor-element-ebf8058 elementor-section-boxed elementor-section-height-default elementor-section-height-default\" data-id=\"ebf8058\" data-element_type=\"section\">\n<div class=\"elementor-container elementor-column-gap-default\">\n<div class=\"elementor-column elementor-col-33 elementor-top-column elementor-element elementor-element-623549f\" style=\"text-align: center;\" data-id=\"623549f\" data-element_type=\"column\">\n<div class=\"elementor-widget-wrap elementor-element-populated\">\n<div class=\"elementor-element elementor-element-f4fe286 elementor-widget elementor-widget-image\" data-id=\"f4fe286\" data-element_type=\"widget\" data-widget_type=\"image.default\">\n<div class=\"elementor-widget-container\"><img decoding=\"async\" class=\"attachment-large  wp-image-11754 entered lazyloaded\" src=\"https:\/\/supra.com.mx\/wp-content\/uploads\/2021\/10\/6-CC-60.jpg\" sizes=\"(max-width: 800px) 100vw, 800px\" srcset=\"https:\/\/supra.com.mx\/wp-content\/uploads\/2021\/10\/6-CC-60.jpg 800w, https:\/\/supra.com.mx\/wp-content\/uploads\/2021\/10\/6-CC-60-300x300.jpg 300w, https:\/\/supra.com.mx\/wp-content\/uploads\/2021\/10\/6-CC-60-100x100.jpg 100w, https:\/\/supra.com.mx\/wp-content\/uploads\/2021\/10\/6-CC-60-600x600.jpg 600w, https:\/\/supra.com.mx\/wp-content\/uploads\/2021\/10\/6-CC-60-150x150.jpg 150w, https:\/\/supra.com.mx\/wp-content\/uploads\/2021\/10\/6-CC-60-768x768.jpg 768w, https:\/\/supra.com.mx\/wp-content\/uploads\/2021\/10\/6-CC-60-400x400.jpg 400w\" alt=\"\" width=\"400\" height=\"400\" data-lazy-srcset=\"https:\/\/supra.com.mx\/wp-content\/uploads\/2021\/10\/6-CC-60.jpg 800w, https:\/\/supra.com.mx\/wp-content\/uploads\/2021\/10\/6-CC-60-300x300.jpg 300w, https:\/\/supra.com.mx\/wp-content\/uploads\/2021\/10\/6-CC-60-100x100.jpg 100w, https:\/\/supra.com.mx\/wp-content\/uploads\/2021\/10\/6-CC-60-600x600.jpg 600w, https:\/\/supra.com.mx\/wp-content\/uploads\/2021\/10\/6-CC-60-150x150.jpg 150w, https:\/\/supra.com.mx\/wp-content\/uploads\/2021\/10\/6-CC-60-768x768.jpg 768w, https:\/\/supra.com.mx\/wp-content\/uploads\/2021\/10\/6-CC-60-400x400.jpg 400w\" data-lazy-sizes=\"(max-width: 800px) 100vw, 800px\" data-lazy-src=\"https:\/\/supra.com.mx\/wp-content\/uploads\/2021\/10\/6-CC-60.jpg\" data-ll-status=\"loaded\" \/><\/div>\n<\/div>\n<\/div>\n<\/div>\n<div class=\"elementor-column elementor-col-66 elementor-top-column elementor-element elementor-element-1fd26d2\" data-id=\"1fd26d2\" data-element_type=\"column\">\n<div class=\"elementor-widget-wrap elementor-element-populated\">\n<div class=\"elementor-element elementor-element-d89197b elementor-widget elementor-widget-text-editor\" data-id=\"d89197b\" data-element_type=\"widget\" data-widget_type=\"text-editor.default\">\n<div class=\"elementor-widget-container\">\n<ul>\n<li style=\"text-align: left;\">Campana de cocina de 60 cm con control de panel mec\u00e1nico y operaci\u00f3n simple<\/li>\n<li style=\"text-align: left;\">Campana para cocina con cristal curvo, hecha de acero inoxidable, f\u00e1cil de limpiar, s\u00f3lida y duradera<\/li>\n<li style=\"text-align: left;\">Dimensiones del producto 60 cm de frente x 47 cm de fondo x 33 cm de alto, peso 12.24 kg<\/li>\n<\/ul>\n<\/div>\n<\/div>\n<\/div>\n<\/div>\n<\/div>\n<\/section>\n","protected":false},"excerpt":{"rendered":"<p>MOD: CC60<\/p>\n<ul>\n<li>Campaba de cristal templado curvo de pared para 60cm<\/li>\n<li>3 niveles de extracci\u00f3n<\/li>\n<li>Bajo nivel de ruido<\/li>\n<li>Iluminaci\u00f3n Tecnolog\u00eda L.E.D.<\/li>\n<li>Filtros removibles y lavables<\/li>\n<li>Estructura de acero inoxidable<\/li>\n<\/ul>\n","protected":false},"featured_media":5294,"template":"","meta":{"site-sidebar-layout":"default","site-content-layout":"default","ast-site-content-layout":"default","site-content-style":"default","site-sidebar-style":"default","ast-global-header-display":"","ast-banner-title-visibility":"","ast-main-header-display":"","ast-hfb-above-header-display":"","ast-hfb-below-header-display":"","ast-hfb-mobile-header-display":"","site-post-title":"","ast-breadcrumbs-content":"","ast-featured-img":"","footer-sml-layout":"","theme-transparent-header-meta":"default","adv-header-id-meta":"","stick-header-meta":"","header-above-stick-meta":"","header-main-stick-meta":"","header-below-stick-meta":"","astra-migrate-meta-layouts":"set","ast-page-background-enabled":"default","ast-page-background-meta":{"desktop":{"background-color":"","background-image":"","background-repeat":"repeat","background-position":"center center","background-size":"auto","background-attachment":"scroll","background-type":"","background-media":"","overlay-type":"","overlay-color":"","overlay-gradient":""},"tablet":{"background-color":"","background-image":"","background-repeat":"repeat","background-position":"center center","background-size":"auto","background-attachment":"scroll","background-type":"","background-media":"","overlay-type":"","overlay-color":"","overlay-gradient":""},"mobile":{"background-color":"","background-image":"","background-repeat":"repeat","background-position":"center center","background-size":"auto","background-attachment":"scroll","background-type":"","background-media":"","overlay-type":"","overlay-color":"","overlay-gradient":""}},"ast-content-background-meta":{"desktop":{"background-color":"var(--ast-global-color-5)","background-image":"","background-repeat":"repeat","background-position":"center center","background-size":"auto","background-attachment":"scroll","background-type":"","background-media":"","overlay-type":"","overlay-color":"","overlay-gradient":""},"tablet":{"background-color":"var(--ast-global-color-5)","background-image":"","background-repeat":"repeat","background-position":"center center","background-size":"auto","background-attachment":"scroll","background-type":"","background-media":"","overlay-type":"","overlay-color":"","overlay-gradient":""},"mobile":{"background-color":"var(--ast-global-color-5)","background-image":"","background-repeat":"repeat","background-position":"center center","background-size":"auto","background-attachment":"scroll","background-type":"","background-media":"","overlay-type":"","overlay-color":"","overlay-gradient":""}}},"product_brand":[],"product_cat":[38],"product_tag":[],"class_list":{"0":"post-5293","1":"product","2":"type-product","3":"status-publish","4":"has-post-thumbnail","6":"product_cat-decoracion","7":"desktop-align-left","8":"tablet-align-left","9":"mobile-align-left","11":"first","12":"instock","13":"taxable","14":"shipping-taxable","15":"purchasable","16":"product-type-simple"},"aioseo_notices":[],"_links":{"self":[{"href":"https:\/\/mueblesbrambila.com\/index.php\/wp-json\/wp\/v2\/product\/5293","targetHints":{"allow":["GET"]}}],"collection":[{"href":"https:\/\/mueblesbrambila.com\/index.php\/wp-json\/wp\/v2\/product"}],"about":[{"href":"https:\/\/mueblesbrambila.com\/index.php\/wp-json\/wp\/v2\/types\/product"}],"wp:featuredmedia":[{"embeddable":true,"href":"https:\/\/mueblesbrambila.com\/index.php\/wp-json\/wp\/v2\/media\/5294"}],"wp:attachment":[{"href":"https:\/\/mueblesbrambila.com\/index.php\/wp-json\/wp\/v2\/media?parent=5293"}],"wp:term":[{"taxonomy":"product_brand","embeddable":true,"href":"https:\/\/mueblesbrambila.com\/index.php\/wp-json\/wp\/v2\/product_brand?post=5293"},{"taxonomy":"product_cat","embeddable":true,"href":"https:\/\/mueblesbrambila.com\/index.php\/wp-json\/wp\/v2\/product_cat?post=5293"},{"taxonomy":"product_tag","embeddable":true,"href":"https:\/\/mueblesbrambila.com\/index.php\/wp-json\/wp\/v2\/product_tag?post=5293"}],"curies":[{"name":"wp","href":"https:\/\/api.w.org\/{rel}","templated":true}]}}