{"id":5295,"date":"2021-12-01T15:04:31","date_gmt":"2021-12-01T15:04:31","guid":{"rendered":"https:\/\/mueblesbrambila.com\/?post_type=product&#038;p=5295"},"modified":"2023-10-14T00:45:20","modified_gmt":"2023-10-14T00:45:20","slug":"campana-whirlpool-mod-wh8100d","status":"publish","type":"product","link":"https:\/\/mueblesbrambila.com\/index.php\/product\/campana-whirlpool-mod-wh8100d\/","title":{"rendered":"CAMPANA WHIRLPOOL SILVER 80CM. WH8100D"},"content":{"rendered":"<p>Look exclusivo con vidrio decorativo. Nuestra campana de pared de 24 pulgadas con capacidad de extracci\u00f3n de 170 m\u00b3\/hr cuenta con filtros de aluminio y carb\u00f3n que te ayudan a eliminar grasa y olores de tu cocina. Adem\u00e1s, cuenta con 3 velocidades e iluminaci\u00f3n en el frente que te permitir\u00e1 una mayor visibilidad en la zona de cocci\u00f3n.<\/p>\n<div class=\"\">\n<div class=\"vtex-flex-layout-0-x-flexRow vtex-flex-layout-0-x-flexRow--pdp-media-slider\">\n<section class=\"vtex-store-components-3-x-container ph3 ph5-m ph2-xl mw9 center \">\n<div class=\"flex mt0 mb6 pt0 pb0    justify-start vtex-flex-layout-0-x-flexRowContent vtex-flex-layout-0-x-flexRowContent--pdp-media-slider items-stretch w-100\">\n<div class=\"pr0 items-stretch vtex-flex-layout-0-x-stretchChildrenWidth   flex\">\n<div class=\"vtex-flex-layout-0-x-flexCol vtex-flex-layout-0-x-flexCol--pdp-media-slider  ml0 mr0 pl0 pr0      flex flex-column h-100 w-100\">\n<div class=\"vtex-flex-layout-0-x-flexColChild vtex-flex-layout-0-x-flexColChild--pdp-media-slider pb0\">\n<div>\n<section class=\"w-100 flex items-center relative whirlpoolmaster-img-video-0-x-sliderLayoutContainer\" aria-label=\"slider\">\n<div class=\"w-100 whirlpoolmaster-img-video-0-x-sliderTrackContainer overflow-hidden\">\n<div class=\"whirlpoolmaster-img-video-0-x-sliderTrack flex justify-around relative pa0 ma0\" data-testid=\"slider-track\" aria-atomic=\"false\" aria-live=\"polite\">\n<div class=\"whirlpoolmaster-img-video-0-x-slide whirlpoolmaster-img-video-0-x-slide--firstVisible whirlpoolmaster-img-video-0-x-slide--visible flex relative\" role=\"group\" aria-hidden=\"false\" aria-roledescription=\"slide\" aria-label=\"1 of 1\" data-index=\"1\">\n<div class=\"whirlpoolmaster-img-video-0-x-slideChildrenContainer flex justify-center items-center w-100\"><img decoding=\"async\" class=\"whirlpoolmaster-img-video-0-x-imageElement vtex-store-components-3-x-imageElement\" title=\"Campana De Pared 60 cm Tu cocina libre de olores\" src=\"https:\/\/www.whirlpool.mx\/campana-empotrable-60cm-wh6010s\/p?idsku=38&amp;gclid=Cj0KCQjw1aOpBhCOARIsACXYv-cr-rfyh6Jv_XJvZGdzApAsXypT-9XX0y7eDgVOP3ZmzIjZS4v-dQMaAraBEALw_wcB\" sizes=\"\" srcset=\"https:\/\/www.whirlpool.com\/content\/dam\/business-unit\/whirlpool\/optimizacionpdp\/wh7610s\/BAN1WD0063.jpg\" alt=\"Campanas Gris Whirlpool Luz Hal\u00f3gena Tu cocina libre de olores\" \/><\/div>\n<\/div>\n<\/div>\n<\/div>\n<\/section>\n<\/div>\n<\/div>\n<\/div>\n<\/div>\n<\/div>\n<\/section>\n<\/div>\n<\/div>\n<div class=\"\">\n<div class=\"whirlpoolmaster-info-slider-from-catalog-0-x-infoSlide\">\n<div class=\"whirlpoolmaster-info-slider-from-catalog-0-x-infoSlideContainer mb center\">\n<div class=\"whirlpoolmaster-info-slider-from-catalog-0-x-infoSlideContent\">\n<div class=\"slick-slider whirlpoolmaster-info-slider-from-catalog-0-x-infoSlideSlick slick-initialized\" dir=\"ltr\"><\/div>\n<\/div>\n<\/div>\n<\/div>\n<\/div>\n","protected":false},"excerpt":{"rendered":"<p><strong>MOD: <\/strong>WH8100D<\/p>\n<ul class=\"whirlpoolmaster-store-2-x-ProductCharacteristics_content_list\">\n<li class=\"whirlpoolmaster-store-2-x-ProductCharacteristics_content_list_item\">Luz Hal\u00f3gena<\/li>\n<li class=\"whirlpoolmaster-store-2-x-ProductCharacteristics_content_list_item\">Elimina grasa y olores<\/li>\n<li class=\"whirlpoolmaster-store-2-x-ProductCharacteristics_content_list_item\">3 velocidades<\/li>\n<\/ul>\n","protected":false},"featured_media":5296,"template":"","meta":{"site-sidebar-layout":"default","site-content-layout":"default","ast-site-content-layout":"default","site-content-style":"default","site-sidebar-style":"default","ast-global-header-display":"","ast-banner-title-visibility":"","ast-main-header-display":"","ast-hfb-above-header-display":"","ast-hfb-below-header-display":"","ast-hfb-mobile-header-display":"","site-post-title":"","ast-breadcrumbs-content":"","ast-featured-img":"","footer-sml-layout":"","theme-transparent-header-meta":"default","adv-header-id-meta":"","stick-header-meta":"","header-above-stick-meta":"","header-main-stick-meta":"","header-below-stick-meta":"","astra-migrate-meta-layouts":"set","ast-page-background-enabled":"default","ast-page-background-meta":{"desktop":{"background-color":"","background-image":"","background-repeat":"repeat","background-position":"center center","background-size":"auto","background-attachment":"scroll","background-type":"","background-media":"","overlay-type":"","overlay-color":"","overlay-gradient":""},"tablet":{"background-color":"","background-image":"","background-repeat":"repeat","background-position":"center center","background-size":"auto","background-attachment":"scroll","background-type":"","background-media":"","overlay-type":"","overlay-color":"","overlay-gradient":""},"mobile":{"background-color":"","background-image":"","background-repeat":"repeat","background-position":"center center","background-size":"auto","background-attachment":"scroll","background-type":"","background-media":"","overlay-type":"","overlay-color":"","overlay-gradient":""}},"ast-content-background-meta":{"desktop":{"background-color":"var(--ast-global-color-5)","background-image":"","background-repeat":"repeat","background-position":"center center","background-size":"auto","background-attachment":"scroll","background-type":"","background-media":"","overlay-type":"","overlay-color":"","overlay-gradient":""},"tablet":{"background-color":"var(--ast-global-color-5)","background-image":"","background-repeat":"repeat","background-position":"center center","background-size":"auto","background-attachment":"scroll","background-type":"","background-media":"","overlay-type":"","overlay-color":"","overlay-gradient":""},"mobile":{"background-color":"var(--ast-global-color-5)","background-image":"","background-repeat":"repeat","background-position":"center center","background-size":"auto","background-attachment":"scroll","background-type":"","background-media":"","overlay-type":"","overlay-color":"","overlay-gradient":""}}},"product_brand":[],"product_cat":[38],"product_tag":[],"class_list":{"0":"post-5295","1":"product","2":"type-product","3":"status-publish","4":"has-post-thumbnail","6":"product_cat-decoracion","7":"desktop-align-left","8":"tablet-align-left","9":"mobile-align-left","11":"first","12":"instock","13":"taxable","14":"shipping-taxable","15":"purchasable","16":"product-type-simple"},"aioseo_notices":[],"_links":{"self":[{"href":"https:\/\/mueblesbrambila.com\/index.php\/wp-json\/wp\/v2\/product\/5295","targetHints":{"allow":["GET"]}}],"collection":[{"href":"https:\/\/mueblesbrambila.com\/index.php\/wp-json\/wp\/v2\/product"}],"about":[{"href":"https:\/\/mueblesbrambila.com\/index.php\/wp-json\/wp\/v2\/types\/product"}],"wp:featuredmedia":[{"embeddable":true,"href":"https:\/\/mueblesbrambila.com\/index.php\/wp-json\/wp\/v2\/media\/5296"}],"wp:attachment":[{"href":"https:\/\/mueblesbrambila.com\/index.php\/wp-json\/wp\/v2\/media?parent=5295"}],"wp:term":[{"taxonomy":"product_brand","embeddable":true,"href":"https:\/\/mueblesbrambila.com\/index.php\/wp-json\/wp\/v2\/product_brand?post=5295"},{"taxonomy":"product_cat","embeddable":true,"href":"https:\/\/mueblesbrambila.com\/index.php\/wp-json\/wp\/v2\/product_cat?post=5295"},{"taxonomy":"product_tag","embeddable":true,"href":"https:\/\/mueblesbrambila.com\/index.php\/wp-json\/wp\/v2\/product_tag?post=5295"}],"curies":[{"name":"wp","href":"https:\/\/api.w.org\/{rel}","templated":true}]}}