{"id":5303,"date":"2021-12-01T15:08:45","date_gmt":"2021-12-01T15:08:45","guid":{"rendered":"https:\/\/mueblesbrambila.com\/?post_type=product&#038;p=5303"},"modified":"2023-10-14T00:28:16","modified_gmt":"2023-10-14T00:28:16","slug":"chocomilero-ht2308mx","status":"publish","type":"product","link":"https:\/\/mueblesbrambila.com\/index.php\/product\/chocomilero-ht2308mx\/","title":{"rendered":"CHOCOMILERO T-FAL ACERO FUENTE DE SODAS HT2308MX"},"content":{"rendered":"<p>Prepara deliciosas bebidas con la ayuda de la Fuente de Sodas Tfal HT230CMX en color Silver, fabricada completamente en Aluminio. Este modelo tiene una capacidad de 650 ml. Tiene una potencia de 110 Watts. Cuenta con dos velocidades para lograr diferentes texturas, logrando triturar los ingredientes de una correcta manera, cuchilla espumadora de acero inoxidable que logra mezclas perfectas y r\u00e1pidamente. Dise\u00f1o perfecto en acabado cromado y con tama\u00f1o compacto para f\u00e1cil almacenamiento.<\/p>\n<ul class=\"reset-ul attributes-list\" data-v-5562248a=\"\" data-v-62349a2e=\"\">\n<li class=\"lh-20 border-b-cl-alto pb-10 mb-10 overflow-wrap-word\" data-v-58ef19d4=\"\" data-v-5562248a=\"\" data-v-62349a2e=\"\"><strong><span class=\"fw-600\" data-v-58ef19d4=\"\">Marca <\/span><\/strong><span class=\"fw-400 cl-mine-shaft text-right oveflow-wrap-word\" data-v-58ef19d4=\"\">TFAL<\/span><\/li>\n<li class=\"lh-20 border-b-cl-alto pb-10 mb-10 overflow-wrap-word\" data-v-58ef19d4=\"\" data-v-5562248a=\"\" data-v-62349a2e=\"\"><span class=\"fw-600\" data-v-58ef19d4=\"\"><strong>Peso<\/strong> (kilogramos)<\/span><span class=\"fw-400 cl-mine-shaft text-right oveflow-wrap-word\" data-v-58ef19d4=\"\">0.9<\/span><\/li>\n<li class=\"lh-20 border-b-cl-alto pb-10 mb-10 overflow-wrap-word\" data-v-58ef19d4=\"\" data-v-5562248a=\"\" data-v-62349a2e=\"\"><strong><span class=\"fw-600\" data-v-58ef19d4=\"\">Velocidades <\/span><\/strong><span class=\"fw-400 cl-mine-shaft text-right oveflow-wrap-word\" data-v-58ef19d4=\"\">2<\/span><\/li>\n<li class=\"lh-20 border-b-cl-alto pb-10 mb-10 overflow-wrap-word\" data-v-58ef19d4=\"\" data-v-5562248a=\"\" data-v-62349a2e=\"\"><span class=\"fw-600\" data-v-58ef19d4=\"\"><strong>Material del vaso<\/strong> <\/span><span class=\"fw-400 cl-mine-shaft text-right oveflow-wrap-word\" data-v-58ef19d4=\"\">ALUMINIO<\/span><\/li>\n<li class=\"lh-20 border-b-cl-alto pb-10 mb-10 overflow-wrap-word\" data-v-58ef19d4=\"\" data-v-5562248a=\"\" data-v-62349a2e=\"\"><strong><span class=\"fw-600\" data-v-58ef19d4=\"\">Potencia de motor <\/span><\/strong><span class=\"fw-400 cl-mine-shaft text-right oveflow-wrap-word\" data-v-58ef19d4=\"\">110 WATTS<\/span><\/li>\n<li class=\"lh-20 border-b-cl-alto pb-10 mb-10 overflow-wrap-word\" data-v-58ef19d4=\"\" data-v-5562248a=\"\" data-v-62349a2e=\"\"><strong><span class=\"fw-600\" data-v-58ef19d4=\"\">Modelo<\/span><\/strong><span class=\"fw-600\" data-v-58ef19d4=\"\">HT2308MX T-FAL<\/span><\/li>\n<li class=\"lh-20 border-b-cl-alto pb-10 mb-10 overflow-wrap-word\" data-v-58ef19d4=\"\" data-v-5562248a=\"\" data-v-62349a2e=\"\"><span class=\"fw-600\" data-v-58ef19d4=\"\"><strong>Encendido automatico <\/strong><\/span><span class=\"fw-400 cl-mine-shaft text-right oveflow-wrap-word\" data-v-58ef19d4=\"\">NO<\/span><\/li>\n<li class=\"lh-20 border-b-cl-alto pb-10 mb-10 overflow-wrap-word\" data-v-58ef19d4=\"\" data-v-5562248a=\"\" data-v-62349a2e=\"\"><span class=\"fw-600\" data-v-58ef19d4=\"\"><strong>Capacidad de vaso en m<\/strong>l <\/span><span class=\"fw-400 cl-mine-shaft text-right oveflow-wrap-word\" data-v-58ef19d4=\"\">650 ML<\/span><\/li>\n<\/ul>\n","protected":false},"excerpt":{"rendered":"<p>Mod: HT2308MX T-FAL<\/p>\n<div class=\"mb-20 mb-lg-15\" data-v-27f77566=\"\" data-v-6c0b125b=\"\">\n<ul data-v-27f77566=\"\">\n<li class=\"alt-design\" data-v-58ef19d4=\"\" data-v-27f77566=\"\">Marca TFAL<\/li>\n<li class=\"alt-design\" data-v-58ef19d4=\"\" data-v-27f77566=\"\">Peso (kilogramos) 0.9<\/li>\n<li class=\"alt-design\" data-v-58ef19d4=\"\" data-v-27f77566=\"\">Velocidades 2<\/li>\n<li class=\"alt-design\" data-v-58ef19d4=\"\" data-v-27f77566=\"\">Material del vaso ALUMINIO<\/li>\n<\/ul>\n<\/div>\n<div class=\"product-extra-details extra-details\" data-v-28bfb88d=\"\" data-v-6c0b125b=\"\">\n<div class=\"flex-center\" data-v-28bfb88d=\"\" data-v-e75182be=\"\"><\/div>\n<\/div>\n","protected":false},"featured_media":5304,"template":"","meta":{"site-sidebar-layout":"default","site-content-layout":"default","ast-site-content-layout":"default","site-content-style":"default","site-sidebar-style":"default","ast-global-header-display":"","ast-banner-title-visibility":"","ast-main-header-display":"","ast-hfb-above-header-display":"","ast-hfb-below-header-display":"","ast-hfb-mobile-header-display":"","site-post-title":"","ast-breadcrumbs-content":"","ast-featured-img":"","footer-sml-layout":"","theme-transparent-header-meta":"default","adv-header-id-meta":"","stick-header-meta":"","header-above-stick-meta":"","header-main-stick-meta":"","header-below-stick-meta":"","astra-migrate-meta-layouts":"set","ast-page-background-enabled":"default","ast-page-background-meta":{"desktop":{"background-color":"","background-image":"","background-repeat":"repeat","background-position":"center center","background-size":"auto","background-attachment":"scroll","background-type":"","background-media":"","overlay-type":"","overlay-color":"","overlay-gradient":""},"tablet":{"background-color":"","background-image":"","background-repeat":"repeat","background-position":"center center","background-size":"auto","background-attachment":"scroll","background-type":"","background-media":"","overlay-type":"","overlay-color":"","overlay-gradient":""},"mobile":{"background-color":"","background-image":"","background-repeat":"repeat","background-position":"center center","background-size":"auto","background-attachment":"scroll","background-type":"","background-media":"","overlay-type":"","overlay-color":"","overlay-gradient":""}},"ast-content-background-meta":{"desktop":{"background-color":"var(--ast-global-color-5)","background-image":"","background-repeat":"repeat","background-position":"center center","background-size":"auto","background-attachment":"scroll","background-type":"","background-media":"","overlay-type":"","overlay-color":"","overlay-gradient":""},"tablet":{"background-color":"var(--ast-global-color-5)","background-image":"","background-repeat":"repeat","background-position":"center center","background-size":"auto","background-attachment":"scroll","background-type":"","background-media":"","overlay-type":"","overlay-color":"","overlay-gradient":""},"mobile":{"background-color":"var(--ast-global-color-5)","background-image":"","background-repeat":"repeat","background-position":"center center","background-size":"auto","background-attachment":"scroll","background-type":"","background-media":"","overlay-type":"","overlay-color":"","overlay-gradient":""}}},"product_brand":[],"product_cat":[38],"product_tag":[],"class_list":{"0":"post-5303","1":"product","2":"type-product","3":"status-publish","4":"has-post-thumbnail","6":"product_cat-decoracion","7":"desktop-align-left","8":"tablet-align-left","9":"mobile-align-left","11":"first","12":"instock","13":"taxable","14":"shipping-taxable","15":"purchasable","16":"product-type-simple"},"aioseo_notices":[],"_links":{"self":[{"href":"https:\/\/mueblesbrambila.com\/index.php\/wp-json\/wp\/v2\/product\/5303","targetHints":{"allow":["GET"]}}],"collection":[{"href":"https:\/\/mueblesbrambila.com\/index.php\/wp-json\/wp\/v2\/product"}],"about":[{"href":"https:\/\/mueblesbrambila.com\/index.php\/wp-json\/wp\/v2\/types\/product"}],"wp:featuredmedia":[{"embeddable":true,"href":"https:\/\/mueblesbrambila.com\/index.php\/wp-json\/wp\/v2\/media\/5304"}],"wp:attachment":[{"href":"https:\/\/mueblesbrambila.com\/index.php\/wp-json\/wp\/v2\/media?parent=5303"}],"wp:term":[{"taxonomy":"product_brand","embeddable":true,"href":"https:\/\/mueblesbrambila.com\/index.php\/wp-json\/wp\/v2\/product_brand?post=5303"},{"taxonomy":"product_cat","embeddable":true,"href":"https:\/\/mueblesbrambila.com\/index.php\/wp-json\/wp\/v2\/product_cat?post=5303"},{"taxonomy":"product_tag","embeddable":true,"href":"https:\/\/mueblesbrambila.com\/index.php\/wp-json\/wp\/v2\/product_tag?post=5303"}],"curies":[{"name":"wp","href":"https:\/\/api.w.org\/{rel}","templated":true}]}}