{"id":5305,"date":"2021-12-01T15:09:55","date_gmt":"2021-12-01T15:09:55","guid":{"rendered":"https:\/\/mueblesbrambila.com\/?post_type=product&#038;p=5305"},"modified":"2023-10-14T00:23:31","modified_gmt":"2023-10-14T00:23:31","slug":"exprimidor-taurus-citrix","status":"publish","type":"product","link":"https:\/\/mueblesbrambila.com\/index.php\/product\/exprimidor-taurus-citrix\/","title":{"rendered":"EXPRIMIDOR DE JUGOS CITRICOS TAURUS VIDRIO CITRIX"},"content":{"rendered":"<p>Conoce el asombroso exprimidor Citrix, \u00a1te va a encantar! Lo que hace que Citrix sea \u00fanico en el mercado es su jarra de vidrio de 1 litro que siempre se ve impecable, sin importar el tiempo o los \u00e1cidos de los c\u00edtricos. Y lo mejor, su ingenioso dise\u00f1o de motor superior convierte la jarra de vidrio en una taza medidora s\u00faper pr\u00e1ctica para tus ingredientes. \u00a1No encontrar\u00e1s otro exprimidor como este!<\/p>\n<div class=\"row d-flex row mx-0 pb-3 pt-3 pb-md-4 pt-md-4\">\n<div class=\"col-12 col-md-5 col-xl-4 mb-3 md-md-0 px-0 px-md-2 offset-xl-1\">\n<figure class=\"mr-0 mr-md-3\"><img fetchpriority=\"high\" decoding=\"async\" class=\"img-fluid aligncenter\" src=\"https:\/\/www.taurus.com.mx\/wp-content\/uploads\/2022\/04\/jarra.png\" width=\"325\" height=\"325\" \/><\/figure>\n<\/div>\n<div class=\"col-12 col-md-7 col-md-6 p-3 p-md-0\" style=\"text-align: center;\">\n<h5 class=\"sw-single-product-detailed-specs__title my-1 mb-md-2\">\u00danico con jarra de vidrio<\/h5>\n<div class=\"sw-single-product-detailed-specs__subtitle\">\n<p>Jarra de vidrio de 1 litro. No se opaca ni se raya con el tiempo.<\/p>\n<p>Capacidad graduada, puede utilizarse como jarra medidora. Innovador dise\u00f1o de motor superior.<\/p>\n<\/div>\n<\/div>\n<\/div>\n<div class=\"row d-flex row mx-0 pb-3 pt-3 pb-md-4 pt-md-4\" style=\"text-align: center;\">\n<div class=\"col-12 col-md-7 col-md-6 offset-xl-1px-3 px-md-3 order-1 order-md-0\">\n<div class=\"sw-single-product-detailed-specs__subtitle\">\n<p><img decoding=\"async\" class=\"img-fluid\" style=\"font-style: inherit; font-weight: inherit;\" src=\"https:\/\/www.taurus.com.mx\/wp-content\/uploads\/2022\/04\/citrix-4.jpg\" width=\"440\" height=\"440\" \/><\/p>\n<h5 class=\"sw-single-product-detailed-specs__title my-1 mb-md-2\">Deliciosos jugos de c\u00edtricos<\/h5>\n<div class=\"sw-single-product-detailed-specs__subtitle\">\n<p>2 conos que se adaptan a cualquier c\u00edtrico.<\/p>\n<p>Filtro para bagazo regulable.<\/p>\n<p>Doble sentido de giro.<\/p>\n<\/div>\n<\/div>\n<\/div>\n<\/div>\n<div class=\"row d-flex row mx-0 pb-3 pt-3 pb-md-4 pt-md-4\">\n<div class=\"col-12 col-md-5 col-xl-4 mb-3 md-md-0 px-0 px-md-2 offset-xl-1\" style=\"text-align: center;\">\n<figure class=\"mr-0 mr-md-3\"><img decoding=\"async\" class=\"img-fluid\" src=\"https:\/\/www.taurus.com.mx\/wp-content\/uploads\/2022\/04\/caract-1.png\" width=\"415\" height=\"415\" \/><\/figure>\n<\/div>\n<div class=\"col-12 col-md-7 col-md-6 p-3 p-md-0\">\n<h5 class=\"sw-single-product-detailed-specs__title my-1 mb-md-2\" style=\"text-align: center;\">Pr\u00e1ctico<\/h5>\n<div class=\"sw-single-product-detailed-specs__subtitle\">\n<p style=\"text-align: center;\">Almacenaje compacto anti polvo.<\/p>\n<p style=\"text-align: center;\">Totalmente desmontable.<\/p>\n<p style=\"text-align: center;\">Partes aptas para lavavajillas<\/p>\n<\/div>\n<\/div>\n<\/div>\n","protected":false},"excerpt":{"rendered":"<p>Mod: CITRIX TAURUS<\/p>\n<table class=\"a-normal a-spacing-micro\">\n<tbody>\n<tr class=\"a-spacing-small po-brand\">\n<td class=\"a-span3\"><span class=\"a-size-base a-text-bold\">Marca<\/span><\/td>\n<td class=\"a-span9\"><span class=\"a-size-base po-break-word\">Taurus<\/span><\/td>\n<\/tr>\n<tr class=\"a-spacing-small po-color\">\n<td class=\"a-span3\"><span class=\"a-size-base a-text-bold\">Color<\/span><\/td>\n<td class=\"a-span9\"><span class=\"a-size-base po-break-word\">Negro con naranja<\/span><\/td>\n<\/tr>\n<tr class=\"a-spacing-small po-special_feature\">\n<td class=\"a-span3\"><span class=\"a-size-base a-text-bold\">Caracter\u00edstica especial<\/span><\/td>\n<td class=\"a-span9\"><span class=\"a-size-base po-break-word\">Manual<\/span><\/td>\n<\/tr>\n<tr class=\"a-spacing-small po-item_depth_width_height\">\n<td class=\"a-span3\"><span class=\"a-size-base a-text-bold\">Dimensiones del producto<\/span><\/td>\n<td class=\"a-span9\"><span class=\"a-size-base po-break-word\">16,2D x 17,5W x 16,5H centimeters<\/span><\/td>\n<\/tr>\n<tr class=\"a-spacing-small po-material\">\n<td class=\"a-span3\"><span class=\"a-size-base a-text-bold\">Material<\/span><\/td>\n<td class=\"a-span9\"><span class=\"a-size-base po-break-word\">Vidrio, Pl\u00e1stico<\/span><\/td>\n<\/tr>\n<\/tbody>\n<\/table>\n","protected":false},"featured_media":5306,"template":"","meta":{"site-sidebar-layout":"default","site-content-layout":"default","ast-site-content-layout":"default","site-content-style":"default","site-sidebar-style":"default","ast-global-header-display":"","ast-banner-title-visibility":"","ast-main-header-display":"","ast-hfb-above-header-display":"","ast-hfb-below-header-display":"","ast-hfb-mobile-header-display":"","site-post-title":"","ast-breadcrumbs-content":"","ast-featured-img":"","footer-sml-layout":"","theme-transparent-header-meta":"default","adv-header-id-meta":"","stick-header-meta":"","header-above-stick-meta":"","header-main-stick-meta":"","header-below-stick-meta":"","astra-migrate-meta-layouts":"set","ast-page-background-enabled":"default","ast-page-background-meta":{"desktop":{"background-color":"","background-image":"","background-repeat":"repeat","background-position":"center center","background-size":"auto","background-attachment":"scroll","background-type":"","background-media":"","overlay-type":"","overlay-color":"","overlay-gradient":""},"tablet":{"background-color":"","background-image":"","background-repeat":"repeat","background-position":"center center","background-size":"auto","background-attachment":"scroll","background-type":"","background-media":"","overlay-type":"","overlay-color":"","overlay-gradient":""},"mobile":{"background-color":"","background-image":"","background-repeat":"repeat","background-position":"center center","background-size":"auto","background-attachment":"scroll","background-type":"","background-media":"","overlay-type":"","overlay-color":"","overlay-gradient":""}},"ast-content-background-meta":{"desktop":{"background-color":"var(--ast-global-color-5)","background-image":"","background-repeat":"repeat","background-position":"center center","background-size":"auto","background-attachment":"scroll","background-type":"","background-media":"","overlay-type":"","overlay-color":"","overlay-gradient":""},"tablet":{"background-color":"var(--ast-global-color-5)","background-image":"","background-repeat":"repeat","background-position":"center center","background-size":"auto","background-attachment":"scroll","background-type":"","background-media":"","overlay-type":"","overlay-color":"","overlay-gradient":""},"mobile":{"background-color":"var(--ast-global-color-5)","background-image":"","background-repeat":"repeat","background-position":"center center","background-size":"auto","background-attachment":"scroll","background-type":"","background-media":"","overlay-type":"","overlay-color":"","overlay-gradient":""}}},"product_brand":[],"product_cat":[38],"product_tag":[],"class_list":{"0":"post-5305","1":"product","2":"type-product","3":"status-publish","4":"has-post-thumbnail","6":"product_cat-decoracion","7":"desktop-align-left","8":"tablet-align-left","9":"mobile-align-left","11":"first","12":"instock","13":"taxable","14":"shipping-taxable","15":"purchasable","16":"product-type-simple"},"aioseo_notices":[],"_links":{"self":[{"href":"https:\/\/mueblesbrambila.com\/index.php\/wp-json\/wp\/v2\/product\/5305","targetHints":{"allow":["GET"]}}],"collection":[{"href":"https:\/\/mueblesbrambila.com\/index.php\/wp-json\/wp\/v2\/product"}],"about":[{"href":"https:\/\/mueblesbrambila.com\/index.php\/wp-json\/wp\/v2\/types\/product"}],"wp:featuredmedia":[{"embeddable":true,"href":"https:\/\/mueblesbrambila.com\/index.php\/wp-json\/wp\/v2\/media\/5306"}],"wp:attachment":[{"href":"https:\/\/mueblesbrambila.com\/index.php\/wp-json\/wp\/v2\/media?parent=5305"}],"wp:term":[{"taxonomy":"product_brand","embeddable":true,"href":"https:\/\/mueblesbrambila.com\/index.php\/wp-json\/wp\/v2\/product_brand?post=5305"},{"taxonomy":"product_cat","embeddable":true,"href":"https:\/\/mueblesbrambila.com\/index.php\/wp-json\/wp\/v2\/product_cat?post=5305"},{"taxonomy":"product_tag","embeddable":true,"href":"https:\/\/mueblesbrambila.com\/index.php\/wp-json\/wp\/v2\/product_tag?post=5305"}],"curies":[{"name":"wp","href":"https:\/\/api.w.org\/{rel}","templated":true}]}}