{"id":5312,"date":"2021-12-01T15:16:31","date_gmt":"2021-12-01T15:16:31","guid":{"rendered":"https:\/\/mueblesbrambila.com\/?post_type=product&#038;p=5312"},"modified":"2023-10-13T19:00:22","modified_gmt":"2023-10-13T19:00:22","slug":"sartenes-ecko-mod-773062","status":"publish","type":"product","link":"https:\/\/mueblesbrambila.com\/index.php\/product\/sartenes-ecko-mod-773062\/","title":{"rendered":"JUEGO DE 3 SARTENES DE TEFLON ECKO ROJO 773062 ECKO SET 3"},"content":{"rendered":"<p>El juego de sartenes Ekco consta de tres piezas con un di\u00e1metro de 18 cm y 20 cm respectivamente. Est\u00e1n fabricadas en aluminio, lo que las hace ligeras y f\u00e1ciles de manejar. Adem\u00e1s, cuentan con una capa antiadherente que evita que los alimentos se peguen a la superficie durante su cocci\u00f3n.<\/p>\n<p>El color del mando es negro y el color predominante del producto es rojo. No incluye cazos para leche ni ollas altas o bajas, pero s\u00ed ofrece una variedad mixta en cuanto a sus utensilios.<\/p>\n<p>Este set no cuenta con bandejas para asar ni sartenes tipo wok, sin embargo, puede ser utilizado para cocinar diferentes tipos de platillos gracias a su versatilidad.<\/p>\n<p>En resumen, el juego de sartenes Ekco es ideal para aquellos amantes de la cocina que buscan herramientas pr\u00e1cticas y eficientes en su hogar. Con este conjunto podr\u00e1s preparar tus comidas favoritas sin preocuparte por la adherencia o dificultades al momento del lavado debido a su recubrimiento especializado.<\/p>\n<p>&nbsp;<\/p>\n","protected":false},"excerpt":{"rendered":"<div>Mod: 773062 ECKO SET 3<\/div>\n<div class=\"cptitle-details\">Caracter\u00edsticas<\/div>\n<div class=\"detailsInfo_right_more_attribute\">\n<ul>\n<li>Tipo:\u00a0Juego mixto<\/li>\n<li>Capa antiadherente:\u00a0<img decoding=\"async\" src=\"https:\/\/www.cyberpuerta.mx\/out\/cyberpuertaV5\/src\/img\/yes.png\" \/><\/li>\n<li>N\u00famero de productos incluidos:\u00a03 pieza(s)<\/li>\n<li>Materiales:\u00a0Aluminio<\/li>\n<li>Color del producto:\u00a0Rojo<\/li>\n<\/ul>\n<\/div>\n","protected":false},"featured_media":5313,"template":"","meta":{"site-sidebar-layout":"default","site-content-layout":"default","ast-site-content-layout":"default","site-content-style":"default","site-sidebar-style":"default","ast-global-header-display":"","ast-banner-title-visibility":"","ast-main-header-display":"","ast-hfb-above-header-display":"","ast-hfb-below-header-display":"","ast-hfb-mobile-header-display":"","site-post-title":"","ast-breadcrumbs-content":"","ast-featured-img":"","footer-sml-layout":"","theme-transparent-header-meta":"default","adv-header-id-meta":"","stick-header-meta":"","header-above-stick-meta":"","header-main-stick-meta":"","header-below-stick-meta":"","astra-migrate-meta-layouts":"set","ast-page-background-enabled":"default","ast-page-background-meta":{"desktop":{"background-color":"","background-image":"","background-repeat":"repeat","background-position":"center center","background-size":"auto","background-attachment":"scroll","background-type":"","background-media":"","overlay-type":"","overlay-color":"","overlay-gradient":""},"tablet":{"background-color":"","background-image":"","background-repeat":"repeat","background-position":"center center","background-size":"auto","background-attachment":"scroll","background-type":"","background-media":"","overlay-type":"","overlay-color":"","overlay-gradient":""},"mobile":{"background-color":"","background-image":"","background-repeat":"repeat","background-position":"center center","background-size":"auto","background-attachment":"scroll","background-type":"","background-media":"","overlay-type":"","overlay-color":"","overlay-gradient":""}},"ast-content-background-meta":{"desktop":{"background-color":"var(--ast-global-color-5)","background-image":"","background-repeat":"repeat","background-position":"center center","background-size":"auto","background-attachment":"scroll","background-type":"","background-media":"","overlay-type":"","overlay-color":"","overlay-gradient":""},"tablet":{"background-color":"var(--ast-global-color-5)","background-image":"","background-repeat":"repeat","background-position":"center center","background-size":"auto","background-attachment":"scroll","background-type":"","background-media":"","overlay-type":"","overlay-color":"","overlay-gradient":""},"mobile":{"background-color":"var(--ast-global-color-5)","background-image":"","background-repeat":"repeat","background-position":"center center","background-size":"auto","background-attachment":"scroll","background-type":"","background-media":"","overlay-type":"","overlay-color":"","overlay-gradient":""}}},"product_brand":[],"product_cat":[38],"product_tag":[],"class_list":{"0":"post-5312","1":"product","2":"type-product","3":"status-publish","4":"has-post-thumbnail","6":"product_cat-decoracion","7":"desktop-align-left","8":"tablet-align-left","9":"mobile-align-left","11":"first","12":"instock","13":"taxable","14":"shipping-taxable","15":"purchasable","16":"product-type-simple"},"aioseo_notices":[],"_links":{"self":[{"href":"https:\/\/mueblesbrambila.com\/index.php\/wp-json\/wp\/v2\/product\/5312","targetHints":{"allow":["GET"]}}],"collection":[{"href":"https:\/\/mueblesbrambila.com\/index.php\/wp-json\/wp\/v2\/product"}],"about":[{"href":"https:\/\/mueblesbrambila.com\/index.php\/wp-json\/wp\/v2\/types\/product"}],"wp:featuredmedia":[{"embeddable":true,"href":"https:\/\/mueblesbrambila.com\/index.php\/wp-json\/wp\/v2\/media\/5313"}],"wp:attachment":[{"href":"https:\/\/mueblesbrambila.com\/index.php\/wp-json\/wp\/v2\/media?parent=5312"}],"wp:term":[{"taxonomy":"product_brand","embeddable":true,"href":"https:\/\/mueblesbrambila.com\/index.php\/wp-json\/wp\/v2\/product_brand?post=5312"},{"taxonomy":"product_cat","embeddable":true,"href":"https:\/\/mueblesbrambila.com\/index.php\/wp-json\/wp\/v2\/product_cat?post=5312"},{"taxonomy":"product_tag","embeddable":true,"href":"https:\/\/mueblesbrambila.com\/index.php\/wp-json\/wp\/v2\/product_tag?post=5312"}],"curies":[{"name":"wp","href":"https:\/\/api.w.org\/{rel}","templated":true}]}}