{"id":5314,"date":"2021-12-01T15:17:51","date_gmt":"2021-12-01T15:17:51","guid":{"rendered":"https:\/\/mueblesbrambila.com\/?post_type=product&#038;p=5314"},"modified":"2023-10-13T18:56:53","modified_gmt":"2023-10-13T18:56:53","slug":"sartenes-t-fal-mod-b5749182","status":"publish","type":"product","link":"https:\/\/mueblesbrambila.com\/index.php\/product\/sartenes-t-fal-mod-b5749182\/","title":{"rendered":"JUEGO DE 3 SARTENES TFAL B5749182  20\/24\/30 SIMPLY COOK RED"},"content":{"rendered":"<p>Descripci\u00f3n del producto:<\/p>\n<p>El juego de sartenes T-Fal Simply Cook Red est\u00e1 compuesto por tres piezas de diferentes tama\u00f1os: 20 cm, 24 cm y 30 cm. Estas sartenes est\u00e1n fabricadas en aluminio, lo que les proporciona una excelente conductividad t\u00e9rmica para una cocci\u00f3n uniforme.<\/p>\n<p>Cada sart\u00e9n cuenta con un indicador de calor integrado en el mango, que cambia de color cuando la temperatura alcanza el punto \u00f3ptimo para cocinar los alimentos. Esto ayuda a evitar sobrecalentamientos y garantiza resultados perfectos en cada preparaci\u00f3n.<\/p>\n<p>Las agarraderas de las sartenes son elaboradas en baquelita resistente al calor, lo que permite manipularlas c\u00f3modamente sin riesgo de quemaduras. Adem\u00e1s, su dise\u00f1o ergon\u00f3mico facilita el agarre firme durante la cocina.<\/p>\n<p>El juego no incluye bandeja para asar ni cazo de leche. Tampoco se incluye olla baja ni olla alta. Sin embargo, ofrece versatilidad gracias a sus tres tama\u00f1os diferentes de sartenes.<\/p>\n<p>Estas sartenes tienen un elegante acabado negro y rojo que a\u00f1ade estilo a cualquier cocina. Su dise\u00f1o moderno combina funcionalidad y est\u00e9tica.<\/p>\n<p>En resumen, el juego T-Fal Simply Cook Red es ideal para aquellos amantes de la cocina que buscan calidad y practicidad en sus utensilios culinarios. Con estas sartenes podr\u00e1s disfrutar de una experiencia culinaria placentera y obtener resultados profesionales en tus platos favoritos.<\/p>\n","protected":false},"excerpt":{"rendered":"<p>Mod: B5749182 20\/24\/30<\/p>\n<div class=\"cptitle-details\">Caracter\u00edsticas<\/div>\n<div class=\"detailsInfo_right_more_attribute\">\n<ul>\n<li>Tipo:\u00a0Juego de fritura<\/li>\n<li>N\u00famero de productos incluidos:\u00a03 pieza(s)<\/li>\n<li>Material de agarradera:\u00a0Baquelita<\/li>\n<li>Materiales:\u00a0Aluminio<\/li>\n<li>Color del producto:\u00a0Negro, Rojo<\/li>\n<\/ul>\n<\/div>\n<p>&nbsp;<\/p>\n","protected":false},"featured_media":7467,"template":"","meta":{"site-sidebar-layout":"default","site-content-layout":"default","ast-site-content-layout":"default","site-content-style":"default","site-sidebar-style":"default","ast-global-header-display":"","ast-banner-title-visibility":"","ast-main-header-display":"","ast-hfb-above-header-display":"","ast-hfb-below-header-display":"","ast-hfb-mobile-header-display":"","site-post-title":"","ast-breadcrumbs-content":"","ast-featured-img":"","footer-sml-layout":"","theme-transparent-header-meta":"default","adv-header-id-meta":"","stick-header-meta":"","header-above-stick-meta":"","header-main-stick-meta":"","header-below-stick-meta":"","astra-migrate-meta-layouts":"set","ast-page-background-enabled":"default","ast-page-background-meta":{"desktop":{"background-color":"","background-image":"","background-repeat":"repeat","background-position":"center center","background-size":"auto","background-attachment":"scroll","background-type":"","background-media":"","overlay-type":"","overlay-color":"","overlay-gradient":""},"tablet":{"background-color":"","background-image":"","background-repeat":"repeat","background-position":"center center","background-size":"auto","background-attachment":"scroll","background-type":"","background-media":"","overlay-type":"","overlay-color":"","overlay-gradient":""},"mobile":{"background-color":"","background-image":"","background-repeat":"repeat","background-position":"center center","background-size":"auto","background-attachment":"scroll","background-type":"","background-media":"","overlay-type":"","overlay-color":"","overlay-gradient":""}},"ast-content-background-meta":{"desktop":{"background-color":"var(--ast-global-color-5)","background-image":"","background-repeat":"repeat","background-position":"center center","background-size":"auto","background-attachment":"scroll","background-type":"","background-media":"","overlay-type":"","overlay-color":"","overlay-gradient":""},"tablet":{"background-color":"var(--ast-global-color-5)","background-image":"","background-repeat":"repeat","background-position":"center center","background-size":"auto","background-attachment":"scroll","background-type":"","background-media":"","overlay-type":"","overlay-color":"","overlay-gradient":""},"mobile":{"background-color":"var(--ast-global-color-5)","background-image":"","background-repeat":"repeat","background-position":"center center","background-size":"auto","background-attachment":"scroll","background-type":"","background-media":"","overlay-type":"","overlay-color":"","overlay-gradient":""}}},"product_brand":[],"product_cat":[38],"product_tag":[],"class_list":{"0":"post-5314","1":"product","2":"type-product","3":"status-publish","4":"has-post-thumbnail","6":"product_cat-decoracion","7":"desktop-align-left","8":"tablet-align-left","9":"mobile-align-left","11":"first","12":"instock","13":"taxable","14":"shipping-taxable","15":"purchasable","16":"product-type-simple"},"aioseo_notices":[],"_links":{"self":[{"href":"https:\/\/mueblesbrambila.com\/index.php\/wp-json\/wp\/v2\/product\/5314","targetHints":{"allow":["GET"]}}],"collection":[{"href":"https:\/\/mueblesbrambila.com\/index.php\/wp-json\/wp\/v2\/product"}],"about":[{"href":"https:\/\/mueblesbrambila.com\/index.php\/wp-json\/wp\/v2\/types\/product"}],"wp:featuredmedia":[{"embeddable":true,"href":"https:\/\/mueblesbrambila.com\/index.php\/wp-json\/wp\/v2\/media\/7467"}],"wp:attachment":[{"href":"https:\/\/mueblesbrambila.com\/index.php\/wp-json\/wp\/v2\/media?parent=5314"}],"wp:term":[{"taxonomy":"product_brand","embeddable":true,"href":"https:\/\/mueblesbrambila.com\/index.php\/wp-json\/wp\/v2\/product_brand?post=5314"},{"taxonomy":"product_cat","embeddable":true,"href":"https:\/\/mueblesbrambila.com\/index.php\/wp-json\/wp\/v2\/product_cat?post=5314"},{"taxonomy":"product_tag","embeddable":true,"href":"https:\/\/mueblesbrambila.com\/index.php\/wp-json\/wp\/v2\/product_tag?post=5314"}],"curies":[{"name":"wp","href":"https:\/\/api.w.org\/{rel}","templated":true}]}}