{"id":5316,"date":"2021-12-01T15:19:12","date_gmt":"2021-12-01T15:19:12","guid":{"rendered":"https:\/\/mueblesbrambila.com\/?post_type=product&#038;p=5316"},"modified":"2023-10-13T18:47:52","modified_gmt":"2023-10-13T18:47:52","slug":"sartenes-t-fal-mod-0125300","status":"publish","type":"product","link":"https:\/\/mueblesbrambila.com\/index.php\/product\/sartenes-t-fal-mod-0125300\/","title":{"rendered":"JUEGO DE 3 SARTENES T-FAL  0125300 3 SARTEN"},"content":{"rendered":"<div class=\"cl-mine-shaft lh-20 description\" data-v-5562248a=\"\" data-v-62349a2e=\"\">\n<p>Complementa tus utensilios de cocina con un set de 3 sartenes T-fal modelo 0125300. Podr\u00e1s encontrar diferentes tama\u00f1os como 20 cm, 24 cm, 30 cm para que realices un sinf\u00edn de platillos. Gracias a la superficie antiadherente que evitar\u00e1 que los alimentos se queden pegados al sart\u00e9n, adem\u00e1s de facilitar la limpieza.<\/p>\n<\/div>\n<div class=\"caracteristicas-descripcion\" data-v-5562248a=\"\" data-v-62349a2e=\"\">\n<div class=\"ui-vpp-striped-specs\">\n<div class=\"ui-vpp-striped-specs__table\">\n<h3 class=\"ui-vpp-striped-specs__header\">Caracter\u00edsticas principales<\/h3>\n<table class=\"andes-table\">\n<tbody class=\"andes-table__body\">\n<tr class=\"andes-table__row ui-vpp-striped-specs__row\">\n<th class=\"andes-table__header andes-table__header--left ui-vpp-striped-specs__row__column ui-vpp-striped-specs__row__column--id\" scope=\"col\">\n<div class=\"andes-table__header__container\">Marca<\/div>\n<\/th>\n<td id=\":Racvan9lacd:\" class=\"andes-table__column andes-table__column--left andes-table__column--vertical-align-center ui-vpp-striped-specs__row__column\" title=\"T-fal\"><span class=\"andes-table__column--value\">T-fal<\/span><\/td>\n<\/tr>\n<tr class=\"andes-table__row ui-vpp-striped-specs__row\">\n<th class=\"andes-table__header andes-table__header--left ui-vpp-striped-specs__row__column ui-vpp-striped-specs__row__column--id\" scope=\"col\">\n<div class=\"andes-table__header__container\">Modelo<\/div>\n<\/th>\n<td id=\":Radfan9lacd:\" class=\"andes-table__column andes-table__column--left andes-table__column--vertical-align-center ui-vpp-striped-specs__row__column\" title=\"0125300\">0125300 3 SARTEN<\/td>\n<\/tr>\n<tr class=\"andes-table__row ui-vpp-striped-specs__row\">\n<th class=\"andes-table__header andes-table__header--left ui-vpp-striped-specs__row__column ui-vpp-striped-specs__row__column--id\" scope=\"col\">\n<div class=\"andes-table__header__container\">Tipo de producto<\/div>\n<\/th>\n<td id=\":Radvan9lacd:\" class=\"andes-table__column andes-table__column--left andes-table__column--vertical-align-center ui-vpp-striped-specs__row__column\" title=\"Sart\u00e9n\"><span class=\"andes-table__column--value\">Sart\u00e9n<\/span><\/td>\n<\/tr>\n<tr class=\"andes-table__row ui-vpp-striped-specs__row\">\n<th class=\"andes-table__header andes-table__header--left ui-vpp-striped-specs__row__column ui-vpp-striped-specs__row__column--id\" scope=\"col\">\n<div class=\"andes-table__header__container\">Unidades por envase<\/div>\n<\/th>\n<td id=\":Raefan9lacd:\" class=\"andes-table__column andes-table__column--left andes-table__column--vertical-align-center ui-vpp-striped-specs__row__column\" title=\"3\"><span class=\"andes-table__column--value\">3<\/span><\/td>\n<\/tr>\n<tr class=\"andes-table__row ui-vpp-striped-specs__row\">\n<th class=\"andes-table__header andes-table__header--left ui-vpp-striped-specs__row__column ui-vpp-striped-specs__row__column--id\" scope=\"col\">\n<div class=\"andes-table__header__container\">Color<\/div>\n<\/th>\n<td id=\":Raevan9lacd:\" class=\"andes-table__column andes-table__column--left andes-table__column--vertical-align-center ui-vpp-striped-specs__row__column\" title=\"Negro\"><span class=\"andes-table__column--value\">Negro<\/span><\/td>\n<\/tr>\n<\/tbody>\n<\/table>\n<\/div>\n<\/div>\n<div class=\"ui-vpp-striped-specs\">\n<div class=\"ui-vpp-striped-specs__table\">\n<h3 class=\"ui-vpp-striped-specs__header\">Otras caracter\u00edsticas<\/h3>\n<table class=\"andes-table\">\n<tbody class=\"andes-table__body\">\n<tr class=\"andes-table__row ui-vpp-striped-specs__row\">\n<th class=\"andes-table__header andes-table__header--left ui-vpp-striped-specs__row__column ui-vpp-striped-specs__row__column--id\" scope=\"col\">\n<div class=\"andes-table__header__container\">Material del cuerpo<\/div>\n<\/th>\n<td id=\":Rkovcn9lacd:\" class=\"andes-table__column andes-table__column--left andes-table__column--vertical-align-center ui-vpp-striped-specs__row__column\" title=\"Aluminio\"><span class=\"andes-table__column--value\">Aluminio<\/span><\/td>\n<\/tr>\n<tr class=\"andes-table__row ui-vpp-striped-specs__row\">\n<th class=\"andes-table__header andes-table__header--left ui-vpp-striped-specs__row__column ui-vpp-striped-specs__row__column--id\" scope=\"col\">\n<div class=\"andes-table__header__container\">Material del mango<\/div>\n<\/th>\n<td id=\":Rkpfcn9lacd:\" class=\"andes-table__column andes-table__column--left andes-table__column--vertical-align-center ui-vpp-striped-specs__row__column\" title=\"Baquelita\"><span class=\"andes-table__column--value\">Baquelita<\/span><\/td>\n<\/tr>\n<tr class=\"andes-table__row ui-vpp-striped-specs__row\">\n<th class=\"andes-table__header andes-table__header--left ui-vpp-striped-specs__row__column ui-vpp-striped-specs__row__column--id\" scope=\"col\">\n<div class=\"andes-table__header__container\">Forma<\/div>\n<\/th>\n<td id=\":Rkpvcn9lacd:\" class=\"andes-table__column andes-table__column--left andes-table__column--vertical-align-center ui-vpp-striped-specs__row__column\" title=\"Circular\"><span class=\"andes-table__column--value\">Circular<\/span><\/td>\n<\/tr>\n<tr class=\"andes-table__row ui-vpp-striped-specs__row\">\n<th class=\"andes-table__header andes-table__header--left ui-vpp-striped-specs__row__column ui-vpp-striped-specs__row__column--id\" scope=\"col\">\n<div class=\"andes-table__header__container\">Di\u00e1metro<\/div>\n<\/th>\n<td id=\":Rkqfcn9lacd:\" class=\"andes-table__column andes-table__column--left andes-table__column--vertical-align-center ui-vpp-striped-specs__row__column\" title=\"30 cm\"><span class=\"andes-table__column--value\">30 cm<\/span><\/td>\n<\/tr>\n<tr class=\"andes-table__row ui-vpp-striped-specs__row\">\n<th class=\"andes-table__header andes-table__header--left ui-vpp-striped-specs__row__column ui-vpp-striped-specs__row__column--id\" scope=\"col\">\n<div class=\"andes-table__header__container\">Ancho x Altura<\/div>\n<\/th>\n<td id=\":Rkqvcn9lacd:\" class=\"andes-table__column andes-table__column--left andes-table__column--vertical-align-center ui-vpp-striped-specs__row__column\" title=\"30 cm x 0.003 m\"><span class=\"andes-table__column--value\">30 cm x 0.003 m<\/span><\/td>\n<\/tr>\n<tr class=\"andes-table__row ui-vpp-striped-specs__row\">\n<th class=\"andes-table__header andes-table__header--left ui-vpp-striped-specs__row__column ui-vpp-striped-specs__row__column--id\" scope=\"col\">\n<div class=\"andes-table__header__container\">Con superficie antiadherente<\/div>\n<\/th>\n<td id=\":Rkrfcn9lacd:\" class=\"andes-table__column andes-table__column--left andes-table__column--vertical-align-center ui-vpp-striped-specs__row__column\" title=\"S\u00ed\"><span class=\"andes-table__column--value\">S\u00ed<\/span><\/td>\n<\/tr>\n<tr class=\"andes-table__row ui-vpp-striped-specs__row\">\n<th class=\"andes-table__header andes-table__header--left ui-vpp-striped-specs__row__column ui-vpp-striped-specs__row__column--id\" scope=\"col\">\n<div class=\"andes-table__header__container\">Con superficie acanalada<\/div>\n<\/th>\n<td id=\":Rkrvcn9lacd:\" class=\"andes-table__column andes-table__column--left andes-table__column--vertical-align-center ui-vpp-striped-specs__row__column\" title=\"S\u00ed\"><span class=\"andes-table__column--value\">S\u00ed<\/span><\/td>\n<\/tr>\n<tr class=\"andes-table__row ui-vpp-striped-specs__row\">\n<th class=\"andes-table__header andes-table__header--left ui-vpp-striped-specs__row__column ui-vpp-striped-specs__row__column--id\" scope=\"col\">\n<div class=\"andes-table__header__container\">Es apto para lavavajillas<\/div>\n<\/th>\n<td id=\":Rksfcn9lacd:\" class=\"andes-table__column andes-table__column--left andes-table__column--vertical-align-center ui-vpp-striped-specs__row__column\" title=\"S\u00ed\"><span class=\"andes-table__column--value\">S\u00ed<\/span><\/td>\n<\/tr>\n<\/tbody>\n<\/table>\n<\/div>\n<\/div>\n<\/div>\n","protected":false},"excerpt":{"rendered":"<p>Juego de 3 Sartenes T-fal Antiadherente<\/p>\n<p>Mod: 0125300 3 SARTEN<\/p>\n<p>&#8211; 1 pz Sart\u00e9n de 30 cm<br \/>\n&#8211; 1 pz Sart\u00e9n de 24 cm<br \/>\n&#8211; 1 pz Sart\u00e9n de 20 cm<\/p>\n","protected":false},"featured_media":7460,"template":"","meta":{"site-sidebar-layout":"default","site-content-layout":"default","ast-site-content-layout":"default","site-content-style":"default","site-sidebar-style":"default","ast-global-header-display":"","ast-banner-title-visibility":"","ast-main-header-display":"","ast-hfb-above-header-display":"","ast-hfb-below-header-display":"","ast-hfb-mobile-header-display":"","site-post-title":"","ast-breadcrumbs-content":"","ast-featured-img":"","footer-sml-layout":"","theme-transparent-header-meta":"default","adv-header-id-meta":"","stick-header-meta":"","header-above-stick-meta":"","header-main-stick-meta":"","header-below-stick-meta":"","astra-migrate-meta-layouts":"set","ast-page-background-enabled":"default","ast-page-background-meta":{"desktop":{"background-color":"","background-image":"","background-repeat":"repeat","background-position":"center center","background-size":"auto","background-attachment":"scroll","background-type":"","background-media":"","overlay-type":"","overlay-color":"","overlay-gradient":""},"tablet":{"background-color":"","background-image":"","background-repeat":"repeat","background-position":"center center","background-size":"auto","background-attachment":"scroll","background-type":"","background-media":"","overlay-type":"","overlay-color":"","overlay-gradient":""},"mobile":{"background-color":"","background-image":"","background-repeat":"repeat","background-position":"center center","background-size":"auto","background-attachment":"scroll","background-type":"","background-media":"","overlay-type":"","overlay-color":"","overlay-gradient":""}},"ast-content-background-meta":{"desktop":{"background-color":"var(--ast-global-color-5)","background-image":"","background-repeat":"repeat","background-position":"center center","background-size":"auto","background-attachment":"scroll","background-type":"","background-media":"","overlay-type":"","overlay-color":"","overlay-gradient":""},"tablet":{"background-color":"var(--ast-global-color-5)","background-image":"","background-repeat":"repeat","background-position":"center center","background-size":"auto","background-attachment":"scroll","background-type":"","background-media":"","overlay-type":"","overlay-color":"","overlay-gradient":""},"mobile":{"background-color":"var(--ast-global-color-5)","background-image":"","background-repeat":"repeat","background-position":"center center","background-size":"auto","background-attachment":"scroll","background-type":"","background-media":"","overlay-type":"","overlay-color":"","overlay-gradient":""}}},"product_brand":[],"product_cat":[38],"product_tag":[],"class_list":{"0":"post-5316","1":"product","2":"type-product","3":"status-publish","4":"has-post-thumbnail","6":"product_cat-decoracion","7":"desktop-align-left","8":"tablet-align-left","9":"mobile-align-left","11":"first","12":"instock","13":"taxable","14":"shipping-taxable","15":"purchasable","16":"product-type-simple"},"aioseo_notices":[],"_links":{"self":[{"href":"https:\/\/mueblesbrambila.com\/index.php\/wp-json\/wp\/v2\/product\/5316","targetHints":{"allow":["GET"]}}],"collection":[{"href":"https:\/\/mueblesbrambila.com\/index.php\/wp-json\/wp\/v2\/product"}],"about":[{"href":"https:\/\/mueblesbrambila.com\/index.php\/wp-json\/wp\/v2\/types\/product"}],"wp:featuredmedia":[{"embeddable":true,"href":"https:\/\/mueblesbrambila.com\/index.php\/wp-json\/wp\/v2\/media\/7460"}],"wp:attachment":[{"href":"https:\/\/mueblesbrambila.com\/index.php\/wp-json\/wp\/v2\/media?parent=5316"}],"wp:term":[{"taxonomy":"product_brand","embeddable":true,"href":"https:\/\/mueblesbrambila.com\/index.php\/wp-json\/wp\/v2\/product_brand?post=5316"},{"taxonomy":"product_cat","embeddable":true,"href":"https:\/\/mueblesbrambila.com\/index.php\/wp-json\/wp\/v2\/product_cat?post=5316"},{"taxonomy":"product_tag","embeddable":true,"href":"https:\/\/mueblesbrambila.com\/index.php\/wp-json\/wp\/v2\/product_tag?post=5316"}],"curies":[{"name":"wp","href":"https:\/\/api.w.org\/{rel}","templated":true}]}}