{"id":5320,"date":"2021-12-01T15:21:29","date_gmt":"2021-12-01T15:21:29","guid":{"rendered":"https:\/\/mueblesbrambila.com\/?post_type=product&#038;p=5320"},"modified":"2023-10-13T18:22:01","modified_gmt":"2023-10-13T18:22:01","slug":"sartenes-crepera-mod-b5759282","status":"publish","type":"product","link":"https:\/\/mueblesbrambila.com\/index.php\/product\/sartenes-crepera-mod-b5759282\/","title":{"rendered":"PAR DE SARTENES TFAL JUEGO WOK CON CREPERA B5759282 CREP\/WOK"},"content":{"rendered":"<p>\u00a1COCINE SUS RECETAS FAVORITAS A LA PERFECCI\u00d3N CON EL SET DE 2 PIEZAS DE T-FAL SIMPLICITY! INCLUYE: 1 SART\u00c9N HONDO WOK DE 28 CM IDEAL PARA FREIR SIN QUE SALPIQUE + 1 SART\u00c9N\/COMAL DE 25 CM IDEAL PARA LAS CREPAS, TORTILLAS, ASADOS Y HOT CAKES. T-FAL, \u00a1AL QUE NADA SE LE PEGA!<br \/>\nESTE SET DE T-FAL, EST\u00c1 FABRICADO EN FRANCIA BAJO ALTOS EST\u00c1NDARES DE CALIDAD, 100% SEGURO LIBRE DE PARTICULAS PFOA, PLOMO Y CADMIO. ES COMPATIBLE CON TODAS LAS ESTUFAS EXCEPTO INDUCCI\u00d3N.<\/p>\n<p>Somos vendedores autorizados de la marca T-Fal.<\/p>\n<p>Set de 2 piezas \u00abSimplicity\u00bb de T-Fal, al que nada se le pega. Facilidad para la cocina diaria. Con la garant\u00eda de la marca m\u00e1s confiable del mundo en la cocina. \u00bfY a ti, te falta T-Fal?<\/p>\n<p>Incluye:<br \/>\n* 1 Sart\u00e9n hondo wok de 28 cm de di\u00e1metro.<br \/>\n* 1 Sart\u00e9n corto o creper\u00eda de 25 cm de di\u00e1metro.<\/p>\n<p>Caracter\u00edsticas:<br \/>\n* Elaborado 100% en aluminio que distribuye el calor de manera uniforme y consistente.<br \/>\n* Dise\u00f1ado con exclusiva tecnolog\u00eda antiadherente, que evita que los alimentos se peguen al cocinarlos y permita platillos m\u00e1s saludables sin exceso de grasa o aceite.<br \/>\n* Mangos de baquelita y base antiderrapante de 2mm de espesor.<br \/>\n* Dise\u00f1ado y fabricado en Francia bajo estrictos est\u00e1ndares de calidad.<br \/>\n* Fabricados en Francia.<\/p>\n<p>T-Fal brinda tecnolog\u00edas para cocinar m\u00e1s f\u00e1cil:<br \/>\n* TERMO SE\u00d1AL. Indica el momento justo para empezar a cocinar. Cambia de color cuando alcanza la temperatura \u00f3ptima para cocinar.<br \/>\n* TECNOLOG\u00cdA \u00abEASY PLUS\u00bb NADA SE LE PEGA. Es antiadherente y resistente con gran deslizamiento. Libre de PFOA, sin plomo y cadmio.<br \/>\n* DURABASE. Fondo Durabase, mejor distribuci\u00f3n del calor, f\u00e1cil limpieza y evita deslizamientos.<br \/>\n* ANTIADHERENTE SEGURO. Libre de PFOA (Cadmio y Plomo)<\/p>\n<p>RECOMENDACIONES DE USO Y CUIDADO.<\/p>\n<p>* Se recomienda utilizar utensilios de pl\u00e1stico o de madera en sus sartenes de cocina T-FAL para mantener su aspecto y rendimiento. Abst\u00e9ngase de cortar los alimentos o de utilizar utensilios afilados como tenedores, cuchillos, trituradores o batidores que puedan rayar la superficie de cocci\u00f3n.<br \/>\n* Deje que sus sartenes con antiadherente T-Fal se enfr\u00eden antes de limpiarlos.<br \/>\n* Utilice esponjas suaves o pa\u00f1os para limpiar y lavar los sartenes.<br \/>\n* No utilice fibras de lana o acero u otros estropajos met\u00e1licos o abrasivos que puedan rayar sus sartenes.<br \/>\n* Para lavavajillas aseg\u00farese de no usar detergente con lim\u00f3n.<br \/>\n* Almacene sus sartenes colgados por el mango o si debe almacenar en armarios o cajones tenga cuidado al apilarlos para evitar hacerle ara\u00f1azos a la superficie antiadherente.<\/p>\n<div class=\"ui-vpp-striped-specs\">\n<div class=\"ui-vpp-striped-specs__table\">\n<h3 class=\"ui-vpp-striped-specs__header\">Caracter\u00edsticas principales<\/h3>\n<table class=\"andes-table\">\n<tbody class=\"andes-table__body\">\n<tr class=\"andes-table__row ui-vpp-striped-specs__row\">\n<th class=\"andes-table__header andes-table__header--left ui-vpp-striped-specs__row__column ui-vpp-striped-specs__row__column--id\" scope=\"col\">\n<div class=\"andes-table__header__container\">Marca<\/div>\n<\/th>\n<td id=\":Racvan9lacd:\" class=\"andes-table__column andes-table__column--left andes-table__column--vertical-align-center ui-vpp-striped-specs__row__column\" title=\"T-fal\"><span class=\"andes-table__column--value\">T-fal<\/span><\/td>\n<\/tr>\n<tr class=\"andes-table__row ui-vpp-striped-specs__row\">\n<th class=\"andes-table__header andes-table__header--left ui-vpp-striped-specs__row__column ui-vpp-striped-specs__row__column--id\" scope=\"col\">\n<div class=\"andes-table__header__container\">L\u00ednea<\/div>\n<\/th>\n<td id=\":Radfan9lacd:\" class=\"andes-table__column andes-table__column--left andes-table__column--vertical-align-center ui-vpp-striped-specs__row__column\" title=\"Simplicity\"><span class=\"andes-table__column--value\">Simplicity<\/span><\/td>\n<\/tr>\n<tr class=\"andes-table__row ui-vpp-striped-specs__row\">\n<th class=\"andes-table__header andes-table__header--left ui-vpp-striped-specs__row__column ui-vpp-striped-specs__row__column--id\" scope=\"col\">\n<div class=\"andes-table__header__container\">Modelo<\/div>\n<\/th>\n<td id=\":Radvan9lacd:\" class=\"andes-table__column andes-table__column--left andes-table__column--vertical-align-center ui-vpp-striped-specs__row__column\" title=\"Comal Hot Cakes Profundo Chino\">B5759282 CREP\/WOK<\/td>\n<\/tr>\n<tr class=\"andes-table__row ui-vpp-striped-specs__row\">\n<th class=\"andes-table__header andes-table__header--left ui-vpp-striped-specs__row__column ui-vpp-striped-specs__row__column--id\" scope=\"col\">\n<div class=\"andes-table__header__container\">Tipo de producto<\/div>\n<\/th>\n<td id=\":Raefan9lacd:\" class=\"andes-table__column andes-table__column--left andes-table__column--vertical-align-center ui-vpp-striped-specs__row__column\" title=\"Sart\u00e9n\"><span class=\"andes-table__column--value\">Sart\u00e9n<\/span><\/td>\n<\/tr>\n<tr class=\"andes-table__row ui-vpp-striped-specs__row\">\n<th class=\"andes-table__header andes-table__header--left ui-vpp-striped-specs__row__column ui-vpp-striped-specs__row__column--id\" scope=\"col\">\n<div class=\"andes-table__header__container\">Unidades por envase<\/div>\n<\/th>\n<td id=\":Raevan9lacd:\" class=\"andes-table__column andes-table__column--left andes-table__column--vertical-align-center ui-vpp-striped-specs__row__column\" title=\"2\"><span class=\"andes-table__column--value\">2<\/span><\/td>\n<\/tr>\n<tr class=\"andes-table__row ui-vpp-striped-specs__row\">\n<th class=\"andes-table__header andes-table__header--left ui-vpp-striped-specs__row__column ui-vpp-striped-specs__row__column--id\" scope=\"col\">\n<div class=\"andes-table__header__container\">Color<\/div>\n<\/th>\n<td id=\":Raffan9lacd:\" class=\"andes-table__column andes-table__column--left andes-table__column--vertical-align-center ui-vpp-striped-specs__row__column\" title=\"Negro\"><span class=\"andes-table__column--value\">Negro<\/span><\/td>\n<\/tr>\n<\/tbody>\n<\/table>\n<\/div>\n<\/div>\n<div class=\"ui-vpp-striped-specs\">\n<div class=\"ui-vpp-striped-specs__table\">\n<h3 class=\"ui-vpp-striped-specs__header\">Otras caracter\u00edsticas<\/h3>\n<table class=\"andes-table\">\n<tbody class=\"andes-table__body\">\n<tr class=\"andes-table__row ui-vpp-striped-specs__row\">\n<th class=\"andes-table__header andes-table__header--left ui-vpp-striped-specs__row__column ui-vpp-striped-specs__row__column--id\" scope=\"col\">\n<div class=\"andes-table__header__container\">Material del cuerpo<\/div>\n<\/th>\n<td id=\":Racvcn9lacd:\" class=\"andes-table__column andes-table__column--left andes-table__column--vertical-align-center ui-vpp-striped-specs__row__column\" title=\"Aluminio\"><span class=\"andes-table__column--value\">Aluminio<\/span><\/td>\n<\/tr>\n<tr class=\"andes-table__row ui-vpp-striped-specs__row\">\n<th class=\"andes-table__header andes-table__header--left ui-vpp-striped-specs__row__column ui-vpp-striped-specs__row__column--id\" scope=\"col\">\n<div class=\"andes-table__header__container\">Material del mango<\/div>\n<\/th>\n<td id=\":Radfcn9lacd:\" class=\"andes-table__column andes-table__column--left andes-table__column--vertical-align-center ui-vpp-striped-specs__row__column\" title=\"Baquelita\"><span class=\"andes-table__column--value\">Baquelita<\/span><\/td>\n<\/tr>\n<tr class=\"andes-table__row ui-vpp-striped-specs__row\">\n<th class=\"andes-table__header andes-table__header--left ui-vpp-striped-specs__row__column ui-vpp-striped-specs__row__column--id\" scope=\"col\">\n<div class=\"andes-table__header__container\">Forma<\/div>\n<\/th>\n<td id=\":Radvcn9lacd:\" class=\"andes-table__column andes-table__column--left andes-table__column--vertical-align-center ui-vpp-striped-specs__row__column\" title=\"Redonda\"><span class=\"andes-table__column--value\">Redonda<\/span><\/td>\n<\/tr>\n<tr class=\"andes-table__row ui-vpp-striped-specs__row\">\n<th class=\"andes-table__header andes-table__header--left ui-vpp-striped-specs__row__column ui-vpp-striped-specs__row__column--id\" scope=\"col\">\n<div class=\"andes-table__header__container\">Con superficie antiadherente<\/div>\n<\/th>\n<td id=\":Raefcn9lacd:\" class=\"andes-table__column andes-table__column--left andes-table__column--vertical-align-center ui-vpp-striped-specs__row__column\" title=\"S\u00ed\"><span class=\"andes-table__column--value\">S\u00ed<\/span><\/td>\n<\/tr>\n<tr class=\"andes-table__row ui-vpp-striped-specs__row\">\n<th class=\"andes-table__header andes-table__header--left ui-vpp-striped-specs__row__column ui-vpp-striped-specs__row__column--id\" scope=\"col\">\n<div class=\"andes-table__header__container\">Con superficie acanalada<\/div>\n<\/th>\n<td id=\":Raevcn9lacd:\" class=\"andes-table__column andes-table__column--left andes-table__column--vertical-align-center ui-vpp-striped-specs__row__column\" title=\"No\"><span class=\"andes-table__column--value\">No<\/span><\/td>\n<\/tr>\n<tr class=\"andes-table__row ui-vpp-striped-specs__row\">\n<th class=\"andes-table__header andes-table__header--left ui-vpp-striped-specs__row__column ui-vpp-striped-specs__row__column--id\" scope=\"col\">\n<div class=\"andes-table__header__container\">Es apto para lavavajillas<\/div>\n<\/th>\n<td id=\":Raffcn9lacd:\" class=\"andes-table__column andes-table__column--left andes-table__column--vertical-align-center ui-vpp-striped-specs__row__column\" title=\"S\u00ed\"><span class=\"andes-table__column--value\">S\u00ed<\/span><\/td>\n<\/tr>\n<\/tbody>\n<\/table>\n<\/div>\n<\/div>\n","protected":false},"excerpt":{"rendered":"<p>Mod: B5759282 CREP\/WOK<\/p>\n<p>Juego de Creperas Simplicity T-fal negro 25 y 28cm. Facilidad para la cocina diaria Sellado perfecto Antiadherente resistente Cocci\u00f3n homog\u00e9nea Compatible con todas las estufas o fuentes de calor, excepto las de inducci\u00f3n Revestimiento seguro Reciclable Tecnolog\u00eda Thermo Signal<\/p>\n<p>Caracteristicas<\/p>\n<ul>\n<li>Sart\u00e9n de 28 cm.<\/li>\n<li>Crepera de 25 cm.<\/li>\n<\/ul>\n","protected":false},"featured_media":7455,"template":"","meta":{"site-sidebar-layout":"default","site-content-layout":"default","ast-site-content-layout":"default","site-content-style":"default","site-sidebar-style":"default","ast-global-header-display":"","ast-banner-title-visibility":"","ast-main-header-display":"","ast-hfb-above-header-display":"","ast-hfb-below-header-display":"","ast-hfb-mobile-header-display":"","site-post-title":"","ast-breadcrumbs-content":"","ast-featured-img":"","footer-sml-layout":"","theme-transparent-header-meta":"default","adv-header-id-meta":"","stick-header-meta":"","header-above-stick-meta":"","header-main-stick-meta":"","header-below-stick-meta":"","astra-migrate-meta-layouts":"set","ast-page-background-enabled":"default","ast-page-background-meta":{"desktop":{"background-color":"","background-image":"","background-repeat":"repeat","background-position":"center center","background-size":"auto","background-attachment":"scroll","background-type":"","background-media":"","overlay-type":"","overlay-color":"","overlay-gradient":""},"tablet":{"background-color":"","background-image":"","background-repeat":"repeat","background-position":"center center","background-size":"auto","background-attachment":"scroll","background-type":"","background-media":"","overlay-type":"","overlay-color":"","overlay-gradient":""},"mobile":{"background-color":"","background-image":"","background-repeat":"repeat","background-position":"center center","background-size":"auto","background-attachment":"scroll","background-type":"","background-media":"","overlay-type":"","overlay-color":"","overlay-gradient":""}},"ast-content-background-meta":{"desktop":{"background-color":"var(--ast-global-color-5)","background-image":"","background-repeat":"repeat","background-position":"center center","background-size":"auto","background-attachment":"scroll","background-type":"","background-media":"","overlay-type":"","overlay-color":"","overlay-gradient":""},"tablet":{"background-color":"var(--ast-global-color-5)","background-image":"","background-repeat":"repeat","background-position":"center center","background-size":"auto","background-attachment":"scroll","background-type":"","background-media":"","overlay-type":"","overlay-color":"","overlay-gradient":""},"mobile":{"background-color":"var(--ast-global-color-5)","background-image":"","background-repeat":"repeat","background-position":"center center","background-size":"auto","background-attachment":"scroll","background-type":"","background-media":"","overlay-type":"","overlay-color":"","overlay-gradient":""}}},"product_brand":[],"product_cat":[38],"product_tag":[],"class_list":{"0":"post-5320","1":"product","2":"type-product","3":"status-publish","4":"has-post-thumbnail","6":"product_cat-decoracion","7":"desktop-align-left","8":"tablet-align-left","9":"mobile-align-left","11":"first","12":"instock","13":"taxable","14":"shipping-taxable","15":"purchasable","16":"product-type-simple"},"aioseo_notices":[],"_links":{"self":[{"href":"https:\/\/mueblesbrambila.com\/index.php\/wp-json\/wp\/v2\/product\/5320","targetHints":{"allow":["GET"]}}],"collection":[{"href":"https:\/\/mueblesbrambila.com\/index.php\/wp-json\/wp\/v2\/product"}],"about":[{"href":"https:\/\/mueblesbrambila.com\/index.php\/wp-json\/wp\/v2\/types\/product"}],"wp:featuredmedia":[{"embeddable":true,"href":"https:\/\/mueblesbrambila.com\/index.php\/wp-json\/wp\/v2\/media\/7455"}],"wp:attachment":[{"href":"https:\/\/mueblesbrambila.com\/index.php\/wp-json\/wp\/v2\/media?parent=5320"}],"wp:term":[{"taxonomy":"product_brand","embeddable":true,"href":"https:\/\/mueblesbrambila.com\/index.php\/wp-json\/wp\/v2\/product_brand?post=5320"},{"taxonomy":"product_cat","embeddable":true,"href":"https:\/\/mueblesbrambila.com\/index.php\/wp-json\/wp\/v2\/product_cat?post=5320"},{"taxonomy":"product_tag","embeddable":true,"href":"https:\/\/mueblesbrambila.com\/index.php\/wp-json\/wp\/v2\/product_tag?post=5320"}],"curies":[{"name":"wp","href":"https:\/\/api.w.org\/{rel}","templated":true}]}}