{"id":5345,"date":"2021-12-01T15:44:25","date_gmt":"2021-12-01T15:44:25","guid":{"rendered":"https:\/\/mueblesbrambila.com\/?post_type=product&#038;p=5345"},"modified":"2023-10-07T17:54:18","modified_gmt":"2023-10-07T17:54:18","slug":"licuadora-t-fal","status":"publish","type":"product","link":"https:\/\/mueblesbrambila.com\/index.php\/product\/licuadora-t-fal\/","title":{"rendered":"LICUADORA BLANCA LN2841MX TFAL"},"content":{"rendered":"<p>La\u00a0<strong>licuadora 5 velocidades Powermix LN2841MX T-Fal<\/strong>\u00a0tritura hasta los ingredientes m\u00e1s dif\u00edciles gracias a sus\u00a0<strong>4 cuchillas de acero inoxidableZelkrom y sus potente\u00a0motor de 550 W. Con control de perilla, vaso de pl\u00e1stico con capacidad de 2 L y cuchillas desmontables que ayudar\u00e1n a una limpieza m\u00e1s f\u00e1cil, despu\u00e9s de preparar tus alimentos. Adicional, cuenta con un acople de policarbonato que no se oxida ni se barre.<\/strong><\/p>\n<p><strong>Agrega este producto a tu carrito y rec\u00edbelo en tu domicilio o rec\u00f3gelo en una de las sucursales de\u00a0Almacenes \u00c1nfora.Tenemos m\u00e1s de 70 a\u00f1os formando parte de millones de hogares y negocios mexicanos ofreciendo electrodom\u00e9sticos, bater\u00edas, ollas, vajillas, utensilios y algo m\u00e1s.<\/strong><\/p>\n","protected":false},"excerpt":{"rendered":"<p>MOD. LN2841MX<\/p>\n<table id=\"product-attribute-specs-table\" class=\"data table additional-attributes\">\n<tbody>\n<tr>\n<th class=\"col label\" scope=\"row\">Potencia<\/th>\n<td class=\"col data\" data-th=\"Potencia\">550 W<\/td>\n<\/tr>\n<tr>\n<th class=\"col label\" scope=\"row\">Peso<\/th>\n<td class=\"col data\" data-th=\"Peso\">1.25 kg<\/td>\n<\/tr>\n<tr>\n<th class=\"col label\" scope=\"row\">Velocidades<\/th>\n<td class=\"col data\" data-th=\"Velocidades\">5<\/td>\n<\/tr>\n<tr>\n<th class=\"col label\" scope=\"row\">Capacidad<\/th>\n<td class=\"col data\" data-th=\"Capacidad\">2 L<\/td>\n<\/tr>\n<tr>\n<th class=\"col label\" scope=\"row\">Material<\/th>\n<td class=\"col data\" data-th=\"Material\">Pl\u00e1stico<\/td>\n<\/tr>\n<tr>\n<th class=\"col label\" scope=\"row\">Medidas<\/th>\n<td class=\"col data\" data-th=\"Medidas\">41 x 16.5 x 17.5 cm<\/td>\n<\/tr>\n<tr>\n<th class=\"col label\" scope=\"row\">Modelo<\/th>\n<td class=\"col data\" data-th=\"Modelo\">LN2841MX<\/td>\n<\/tr>\n<tr>\n<th class=\"col label\" scope=\"row\">Pulso<\/th>\n<td class=\"col data\" data-th=\"Pulso\">Si<\/td>\n<\/tr>\n<\/tbody>\n<\/table>\n","protected":false},"featured_media":7399,"template":"","meta":{"site-sidebar-layout":"default","site-content-layout":"default","ast-site-content-layout":"default","site-content-style":"default","site-sidebar-style":"default","ast-global-header-display":"","ast-banner-title-visibility":"","ast-main-header-display":"","ast-hfb-above-header-display":"","ast-hfb-below-header-display":"","ast-hfb-mobile-header-display":"","site-post-title":"","ast-breadcrumbs-content":"","ast-featured-img":"","footer-sml-layout":"","theme-transparent-header-meta":"default","adv-header-id-meta":"","stick-header-meta":"","header-above-stick-meta":"","header-main-stick-meta":"","header-below-stick-meta":"","astra-migrate-meta-layouts":"set","ast-page-background-enabled":"default","ast-page-background-meta":{"desktop":{"background-color":"","background-image":"","background-repeat":"repeat","background-position":"center center","background-size":"auto","background-attachment":"scroll","background-type":"","background-media":"","overlay-type":"","overlay-color":"","overlay-gradient":""},"tablet":{"background-color":"","background-image":"","background-repeat":"repeat","background-position":"center center","background-size":"auto","background-attachment":"scroll","background-type":"","background-media":"","overlay-type":"","overlay-color":"","overlay-gradient":""},"mobile":{"background-color":"","background-image":"","background-repeat":"repeat","background-position":"center center","background-size":"auto","background-attachment":"scroll","background-type":"","background-media":"","overlay-type":"","overlay-color":"","overlay-gradient":""}},"ast-content-background-meta":{"desktop":{"background-color":"var(--ast-global-color-5)","background-image":"","background-repeat":"repeat","background-position":"center center","background-size":"auto","background-attachment":"scroll","background-type":"","background-media":"","overlay-type":"","overlay-color":"","overlay-gradient":""},"tablet":{"background-color":"var(--ast-global-color-5)","background-image":"","background-repeat":"repeat","background-position":"center center","background-size":"auto","background-attachment":"scroll","background-type":"","background-media":"","overlay-type":"","overlay-color":"","overlay-gradient":""},"mobile":{"background-color":"var(--ast-global-color-5)","background-image":"","background-repeat":"repeat","background-position":"center center","background-size":"auto","background-attachment":"scroll","background-type":"","background-media":"","overlay-type":"","overlay-color":"","overlay-gradient":""}}},"product_brand":[],"product_cat":[38],"product_tag":[],"class_list":{"0":"post-5345","1":"product","2":"type-product","3":"status-publish","4":"has-post-thumbnail","6":"product_cat-decoracion","7":"desktop-align-left","8":"tablet-align-left","9":"mobile-align-left","11":"first","12":"instock","13":"taxable","14":"shipping-taxable","15":"purchasable","16":"product-type-simple"},"aioseo_notices":[],"_links":{"self":[{"href":"https:\/\/mueblesbrambila.com\/index.php\/wp-json\/wp\/v2\/product\/5345","targetHints":{"allow":["GET"]}}],"collection":[{"href":"https:\/\/mueblesbrambila.com\/index.php\/wp-json\/wp\/v2\/product"}],"about":[{"href":"https:\/\/mueblesbrambila.com\/index.php\/wp-json\/wp\/v2\/types\/product"}],"wp:featuredmedia":[{"embeddable":true,"href":"https:\/\/mueblesbrambila.com\/index.php\/wp-json\/wp\/v2\/media\/7399"}],"wp:attachment":[{"href":"https:\/\/mueblesbrambila.com\/index.php\/wp-json\/wp\/v2\/media?parent=5345"}],"wp:term":[{"taxonomy":"product_brand","embeddable":true,"href":"https:\/\/mueblesbrambila.com\/index.php\/wp-json\/wp\/v2\/product_brand?post=5345"},{"taxonomy":"product_cat","embeddable":true,"href":"https:\/\/mueblesbrambila.com\/index.php\/wp-json\/wp\/v2\/product_cat?post=5345"},{"taxonomy":"product_tag","embeddable":true,"href":"https:\/\/mueblesbrambila.com\/index.php\/wp-json\/wp\/v2\/product_tag?post=5345"}],"curies":[{"name":"wp","href":"https:\/\/api.w.org\/{rel}","templated":true}]}}