{"id":5358,"date":"2021-12-01T15:53:09","date_gmt":"2021-12-01T15:53:09","guid":{"rendered":"https:\/\/mueblesbrambila.com\/?post_type=product&#038;p=5358"},"modified":"2023-10-07T01:19:17","modified_gmt":"2023-10-07T01:19:17","slug":"licuadora-brly07-z00","status":"publish","type":"product","link":"https:\/\/mueblesbrambila.com\/index.php\/product\/licuadora-brly07-z00\/","title":{"rendered":"LICUADORA OSTER BRLY07-Z00"},"content":{"rendered":"<p>Disfruta utilizando la licuadora tambi\u00e9n como procesadora de alimentos, gracias a su potente motor. La tecnolog\u00eda de motor reversible hace girar la cuchilla hacia adelante y hacia atr\u00e1s logrando que los ingredientes se mantengan en el centro durante la rotaci\u00f3n a una velocidad continua.<\/p>\n<div class=\"expand-collapse-header flex justify-between items-center w-100\">\n<h2 class=\"w-100 ma0 pa3 f5 lh-copy normal undefined\">Especificaciones<\/h2>\n<div class=\"pr3\"><\/div>\n<\/div>\n<div class=\"w_zz0G expand-collapse-content\" data-testid=\"ui-collapse-panel\">\n<div class=\"ph3 pb4 pt1\">\n<div class=\"nt1\">\n<div class=\"pb2\">\n<h3 class=\"flex items-center mv0 lh-copy f5 pb1 dark-gray\">Potencia<\/h3>\n<div class=\"mv0 lh-copy f6 mid-gray\">600 W<\/div>\n<\/div>\n<div class=\"pb2\">\n<h3 class=\"flex items-center mv0 lh-copy f5 pb1 dark-gray\">Largo del Producto Armado<\/h3>\n<div class=\"mv0 lh-copy f6 mid-gray\">25 cm<\/div>\n<\/div>\n<div class=\"pb2\">\n<h3 class=\"flex items-center mv0 lh-copy f5 pb1 dark-gray\">Altura del Producto Armado<\/h3>\n<div class=\"mv0 lh-copy f6 mid-gray\">35 cm<\/div>\n<\/div>\n<div class=\"pb2\">\n<h3 class=\"flex items-center mv0 lh-copy f5 pb1 dark-gray\">Contenido del Empaque<\/h3>\n<div class=\"mv0 lh-copy f6 mid-gray\">1 Licuadora, 1 manual<\/div>\n<\/div>\n<div class=\"pb2\">\n<h3 class=\"flex items-center mv0 lh-copy f5 pb1 dark-gray\">Capacidad de volumen<\/h3>\n<div class=\"mv0 lh-copy f6 mid-gray\">1.5 ml<\/div>\n<\/div>\n<div class=\"pb2\">\n<h3 class=\"flex items-center mv0 lh-copy f5 pb1 dark-gray\">Palabras clave<\/h3>\n<div class=\"mv0 lh-copy f6 mid-gray\">licuadora; licuadora oster; licuadora negra; licuadora 3 velocidades; licuadora procesador; licuadora con vaso de vidrio<\/div>\n<\/div>\n<div class=\"pb2\">\n<h3 class=\"flex items-center mv0 lh-copy f5 pb1 dark-gray\">Color<\/h3>\n<div class=\"mv0 lh-copy f6 mid-gray\">Negra<\/div>\n<\/div>\n<div class=\"pb2\">\n<h3 class=\"flex items-center mv0 lh-copy f5 pb1 dark-gray\">Capacidad de Contenido<\/h3>\n<div class=\"mv0 lh-copy f6 mid-gray\">1.5<\/div>\n<\/div>\n<div class=\"pb2\">\n<h3 class=\"flex items-center mv0 lh-copy f5 pb1 dark-gray\">Ancho del Producto Armado<\/h3>\n<div class=\"mv0 lh-copy f6 mid-gray\">22 cm<\/div>\n<\/div>\n<div class=\"pb2\">\n<h3 class=\"flex items-center mv0 lh-copy f5 pb1 dark-gray\">Volts<\/h3>\n<div class=\"mv0 lh-copy f6 mid-gray\">120 V<\/div>\n<\/div>\n<div class=\"pb2\">\n<h3 class=\"flex items-center mv0 lh-copy f5 pb1 dark-gray\">Peso del Producto Armado<\/h3>\n<div class=\"mv0 lh-copy f6 mid-gray\">4 kg<\/div>\n<\/div>\n<div class=\"pb2\">\n<h3 class=\"flex items-center mv0 lh-copy f5 pb1 dark-gray\">Es sensible a los cambios de temperatura<\/h3>\n<div class=\"mv0 lh-copy f6 mid-gray\">No<\/div>\n<\/div>\n<div class=\"pb2\">\n<h3 class=\"flex items-center mv0 lh-copy f5 pb1 dark-gray\">Es una sustancia controlada<\/h3>\n<div class=\"mv0 lh-copy f6 mid-gray\">No<\/div>\n<\/div>\n<div class=\"pb2\">\n<h3 class=\"flex items-center mv0 lh-copy f5 pb1 dark-gray\">Material<\/h3>\n<div class=\"mv0 lh-copy f6 mid-gray\">Metal<\/div>\n<\/div>\n<div class=\"pb2\">\n<h3 class=\"flex items-center mv0 lh-copy f5 pb1 dark-gray\">N\u00famero de velocidades<\/h3>\n<div class=\"mv0 lh-copy f6 mid-gray\">3<\/div>\n<\/div>\n<div class=\"pb2\">\n<h3 class=\"flex items-center mv0 lh-copy f5 pb1 dark-gray\">Pa\u00eds de Origen<\/h3>\n<div class=\"mv0 lh-copy f6 mid-gray\">Estados Unidos<\/div>\n<\/div>\n<div class=\"\">\n<h3 class=\"flex items-center mv0 lh-copy f5 pb1 dark-gray\">Talla<\/h3>\n<div class=\"mv0 lh-copy f6 mid-gray\">1.5 Lt<\/div>\n<\/div>\n<\/div>\n<\/div>\n<\/div>\n","protected":false},"excerpt":{"rendered":"<ul>\n<li>Sistema de acople totalmente met\u00e1lico All-Metal Drive\u00ae, de m\u00e1xima durabilidad<\/li>\n<li>3 velocidades, 2 pulsos y 2 programas autom\u00e1ticos<\/li>\n<li>2 funciones autom\u00e1ticas pre-programadas de \u00abgranizados\u00bb y \u00abprocesador de alimentos\u00bb que le permiten obtener resultados precisos.<\/li>\n<\/ul>\n","protected":false},"featured_media":5360,"template":"","meta":{"site-sidebar-layout":"default","site-content-layout":"default","ast-site-content-layout":"default","site-content-style":"default","site-sidebar-style":"default","ast-global-header-display":"","ast-banner-title-visibility":"","ast-main-header-display":"","ast-hfb-above-header-display":"","ast-hfb-below-header-display":"","ast-hfb-mobile-header-display":"","site-post-title":"","ast-breadcrumbs-content":"","ast-featured-img":"","footer-sml-layout":"","theme-transparent-header-meta":"default","adv-header-id-meta":"","stick-header-meta":"","header-above-stick-meta":"","header-main-stick-meta":"","header-below-stick-meta":"","astra-migrate-meta-layouts":"set","ast-page-background-enabled":"default","ast-page-background-meta":{"desktop":{"background-color":"","background-image":"","background-repeat":"repeat","background-position":"center center","background-size":"auto","background-attachment":"scroll","background-type":"","background-media":"","overlay-type":"","overlay-color":"","overlay-gradient":""},"tablet":{"background-color":"","background-image":"","background-repeat":"repeat","background-position":"center center","background-size":"auto","background-attachment":"scroll","background-type":"","background-media":"","overlay-type":"","overlay-color":"","overlay-gradient":""},"mobile":{"background-color":"","background-image":"","background-repeat":"repeat","background-position":"center center","background-size":"auto","background-attachment":"scroll","background-type":"","background-media":"","overlay-type":"","overlay-color":"","overlay-gradient":""}},"ast-content-background-meta":{"desktop":{"background-color":"var(--ast-global-color-5)","background-image":"","background-repeat":"repeat","background-position":"center center","background-size":"auto","background-attachment":"scroll","background-type":"","background-media":"","overlay-type":"","overlay-color":"","overlay-gradient":""},"tablet":{"background-color":"var(--ast-global-color-5)","background-image":"","background-repeat":"repeat","background-position":"center center","background-size":"auto","background-attachment":"scroll","background-type":"","background-media":"","overlay-type":"","overlay-color":"","overlay-gradient":""},"mobile":{"background-color":"var(--ast-global-color-5)","background-image":"","background-repeat":"repeat","background-position":"center center","background-size":"auto","background-attachment":"scroll","background-type":"","background-media":"","overlay-type":"","overlay-color":"","overlay-gradient":""}}},"product_brand":[],"product_cat":[38],"product_tag":[],"class_list":{"0":"post-5358","1":"product","2":"type-product","3":"status-publish","4":"has-post-thumbnail","6":"product_cat-decoracion","7":"desktop-align-left","8":"tablet-align-left","9":"mobile-align-left","11":"first","12":"instock","13":"taxable","14":"shipping-taxable","15":"purchasable","16":"product-type-simple"},"aioseo_notices":[],"_links":{"self":[{"href":"https:\/\/mueblesbrambila.com\/index.php\/wp-json\/wp\/v2\/product\/5358","targetHints":{"allow":["GET"]}}],"collection":[{"href":"https:\/\/mueblesbrambila.com\/index.php\/wp-json\/wp\/v2\/product"}],"about":[{"href":"https:\/\/mueblesbrambila.com\/index.php\/wp-json\/wp\/v2\/types\/product"}],"wp:featuredmedia":[{"embeddable":true,"href":"https:\/\/mueblesbrambila.com\/index.php\/wp-json\/wp\/v2\/media\/5360"}],"wp:attachment":[{"href":"https:\/\/mueblesbrambila.com\/index.php\/wp-json\/wp\/v2\/media?parent=5358"}],"wp:term":[{"taxonomy":"product_brand","embeddable":true,"href":"https:\/\/mueblesbrambila.com\/index.php\/wp-json\/wp\/v2\/product_brand?post=5358"},{"taxonomy":"product_cat","embeddable":true,"href":"https:\/\/mueblesbrambila.com\/index.php\/wp-json\/wp\/v2\/product_cat?post=5358"},{"taxonomy":"product_tag","embeddable":true,"href":"https:\/\/mueblesbrambila.com\/index.php\/wp-json\/wp\/v2\/product_tag?post=5358"}],"curies":[{"name":"wp","href":"https:\/\/api.w.org\/{rel}","templated":true}]}}