{"id":5378,"date":"2021-12-01T16:13:53","date_gmt":"2021-12-01T16:13:53","guid":{"rendered":"https:\/\/mueblesbrambila.com\/?post_type=product&#038;p=5378"},"modified":"2023-10-07T00:11:13","modified_gmt":"2023-10-07T00:11:13","slug":"sarten-t-fal-26-cm","status":"publish","type":"product","link":"https:\/\/mueblesbrambila.com\/index.php\/product\/sarten-t-fal-26-cm\/","title":{"rendered":"SARTEN 26CM SIMPLICITY BLACK T-FAL B5750582"},"content":{"rendered":"<div id=\"tab1Widget\" class=\"tab left\" role=\"tabpanel\" data-slot-id=\"6\" aria-labelledby=\"tab1\">\n<div class=\"content\">\n<div id=\"longDescriptionWidgetId\">\n<div id=\"product_longdescription_1512122\">Prepara tus m\u00e1s complejas recetas, en este sart\u00e9n Simplicity Black T-Fal; una pieza con di\u00e1metro de 26 cm que te permite cocinar todo tipo de alimentos.<\/p>\n<p>Est\u00e1 fabricado en aluminio, con exterior e interior antiadherente; es apto para estufas (excepto de inducci\u00f3n). Est\u00e1 equipado con un indicador de temperatura Thermo-Spot, que garantiza una comida perfectamente cocinada y sellada, llena de sabor.<\/p>\n<p>Sorprende a todos con un exquisito plaitllo, al tener este sart\u00e9n T-Fal; adqui\u00e9relo con un par de clics.<\/p><\/div>\n<div><\/div>\n<\/div>\n<\/div>\n<\/div>\n<div id=\"tab2Widget\" class=\"tab left\" role=\"tabpanel\" data-slot-id=\"7\" aria-labelledby=\"tab2\">\n<h3>Caracter\u00edsticas<\/h3>\n<div class=\"content\">\n<div id=\"descriptiveAttributesWidgetId\">\n<ul>\n<li><span id=\"descAttributeName_1_7_-3018_2471\">Material:<\/span><span id=\"descAttributeValue_1_7_-3018_2471\">aluminio con antiadherente<\/span><\/li>\n<li><span id=\"descAttributeName_2_7_-3018_2471\">Modelo #:<\/span><span id=\"descAttributeValue_2_7_-3018_2471\">B5750582<\/span><\/li>\n<li><span id=\"descAttributeName_3_7_-3018_2471\">Medidas de los sartenes:<\/span><span id=\"descAttributeValue_3_7_-3018_2471\">26 cm<\/span><\/li>\n<li><span id=\"descAttributeName_4_7_-3018_2471\">Cubierta interior:<\/span><span id=\"descAttributeValue_4_7_-3018_2471\">easy plus<\/span><\/li>\n<li><span id=\"descAttributeName_5_7_-3018_2471\">Asas\/mangos:<\/span><span id=\"descAttributeValue_5_7_-3018_2471\">baquelita<\/span><\/li>\n<li><span id=\"descAttributeName_6_7_-3018_2471\">Caracter\u00edsticas especiales:<\/span><span id=\"descAttributeValue_6_7_-3018_2471\">2 a\u00f1os de duraci\u00f3n<\/span><\/li>\n<li><span id=\"descAttributeName_7_7_-3018_2471\">Color:<\/span><span id=\"descAttributeValue_7_7_-3018_2471\">negro<\/span><\/li>\n<li><span id=\"descAttributeName_8_7_-3018_2471\">Marca:<\/span><span id=\"descAttributeValue_8_7_-3018_2471\">T-FAL<\/span><\/li>\n<\/ul>\n<\/div>\n<\/div>\n<\/div>\n","protected":false},"excerpt":{"rendered":"<h3>Caracter\u00edsticas principales<\/h3>\n<ul>\n<li>\u00a0<span id=\"descAttributeName_1_7_-3018_2471\">Material:\u00a0<\/span><span id=\"descAttributeValue_1_7_-3018_2471\">aluminio con antiadherente<\/span><\/li>\n<li>\u00a0<span id=\"descAttributeName_2_7_-3018_2471\">Modelo #:\u00a0<\/span><span id=\"descAttributeValue_2_7_-3018_2471\">B5750582<\/span><\/li>\n<li>\u00a0<span id=\"descAttributeName_3_7_-3018_2471\">Medidas de los sartenes:\u00a0<\/span><span id=\"descAttributeValue_3_7_-3018_2471\">26 cm<\/span><\/li>\n<li>\u00a0<span id=\"descAttributeName_4_7_-3018_2471\">Cubierta interior:\u00a0<\/span><span id=\"descAttributeValue_4_7_-3018_2471\">easy plus<\/span><\/li>\n<li>\u00a0<span id=\"descAttributeName_5_7_-3018_2471\">Asas\/mangos:\u00a0<\/span><span id=\"descAttributeValue_5_7_-3018_2471\">baquelita<\/span><\/li>\n<\/ul>\n","protected":false},"featured_media":7336,"template":"","meta":{"site-sidebar-layout":"default","site-content-layout":"default","ast-site-content-layout":"default","site-content-style":"default","site-sidebar-style":"default","ast-global-header-display":"","ast-banner-title-visibility":"","ast-main-header-display":"","ast-hfb-above-header-display":"","ast-hfb-below-header-display":"","ast-hfb-mobile-header-display":"","site-post-title":"","ast-breadcrumbs-content":"","ast-featured-img":"","footer-sml-layout":"","theme-transparent-header-meta":"default","adv-header-id-meta":"","stick-header-meta":"","header-above-stick-meta":"","header-main-stick-meta":"","header-below-stick-meta":"","astra-migrate-meta-layouts":"set","ast-page-background-enabled":"default","ast-page-background-meta":{"desktop":{"background-color":"","background-image":"","background-repeat":"repeat","background-position":"center center","background-size":"auto","background-attachment":"scroll","background-type":"","background-media":"","overlay-type":"","overlay-color":"","overlay-gradient":""},"tablet":{"background-color":"","background-image":"","background-repeat":"repeat","background-position":"center center","background-size":"auto","background-attachment":"scroll","background-type":"","background-media":"","overlay-type":"","overlay-color":"","overlay-gradient":""},"mobile":{"background-color":"","background-image":"","background-repeat":"repeat","background-position":"center center","background-size":"auto","background-attachment":"scroll","background-type":"","background-media":"","overlay-type":"","overlay-color":"","overlay-gradient":""}},"ast-content-background-meta":{"desktop":{"background-color":"var(--ast-global-color-5)","background-image":"","background-repeat":"repeat","background-position":"center center","background-size":"auto","background-attachment":"scroll","background-type":"","background-media":"","overlay-type":"","overlay-color":"","overlay-gradient":""},"tablet":{"background-color":"var(--ast-global-color-5)","background-image":"","background-repeat":"repeat","background-position":"center center","background-size":"auto","background-attachment":"scroll","background-type":"","background-media":"","overlay-type":"","overlay-color":"","overlay-gradient":""},"mobile":{"background-color":"var(--ast-global-color-5)","background-image":"","background-repeat":"repeat","background-position":"center center","background-size":"auto","background-attachment":"scroll","background-type":"","background-media":"","overlay-type":"","overlay-color":"","overlay-gradient":""}}},"product_brand":[],"product_cat":[38],"product_tag":[],"class_list":{"0":"post-5378","1":"product","2":"type-product","3":"status-publish","4":"has-post-thumbnail","6":"product_cat-decoracion","7":"desktop-align-left","8":"tablet-align-left","9":"mobile-align-left","11":"first","12":"instock","13":"taxable","14":"shipping-taxable","15":"purchasable","16":"product-type-simple"},"aioseo_notices":[],"_links":{"self":[{"href":"https:\/\/mueblesbrambila.com\/index.php\/wp-json\/wp\/v2\/product\/5378","targetHints":{"allow":["GET"]}}],"collection":[{"href":"https:\/\/mueblesbrambila.com\/index.php\/wp-json\/wp\/v2\/product"}],"about":[{"href":"https:\/\/mueblesbrambila.com\/index.php\/wp-json\/wp\/v2\/types\/product"}],"wp:featuredmedia":[{"embeddable":true,"href":"https:\/\/mueblesbrambila.com\/index.php\/wp-json\/wp\/v2\/media\/7336"}],"wp:attachment":[{"href":"https:\/\/mueblesbrambila.com\/index.php\/wp-json\/wp\/v2\/media?parent=5378"}],"wp:term":[{"taxonomy":"product_brand","embeddable":true,"href":"https:\/\/mueblesbrambila.com\/index.php\/wp-json\/wp\/v2\/product_brand?post=5378"},{"taxonomy":"product_cat","embeddable":true,"href":"https:\/\/mueblesbrambila.com\/index.php\/wp-json\/wp\/v2\/product_cat?post=5378"},{"taxonomy":"product_tag","embeddable":true,"href":"https:\/\/mueblesbrambila.com\/index.php\/wp-json\/wp\/v2\/product_tag?post=5378"}],"curies":[{"name":"wp","href":"https:\/\/api.w.org\/{rel}","templated":true}]}}