{"id":5380,"date":"2021-12-01T16:15:08","date_gmt":"2021-12-01T16:15:08","guid":{"rendered":"https:\/\/mueblesbrambila.com\/?post_type=product&#038;p=5380"},"modified":"2023-10-06T18:29:46","modified_gmt":"2023-10-06T18:29:46","slug":"sarten-t-fal-30-cm","status":"publish","type":"product","link":"https:\/\/mueblesbrambila.com\/index.php\/product\/sarten-t-fal-30-cm\/","title":{"rendered":"SARTEN 30CM SIMPLICITY BLACK T-FAL B5750782"},"content":{"rendered":"<p>Con la <strong>sart\u00e9n de aluminio 30 cm Simplicity B5750782 T-Fal<\/strong>\u00a0con recubrimiento\u00a0<strong>antiadherente Easy Plus<\/strong>\u00a0cocina f\u00e1cil y limpia sin esfuerzo.<\/p>\n<p><strong>Resultados sobresalientes<\/strong>\u00a0gracias a su base Diffusion Base para una cocci\u00f3n homog\u00e9nea. Con la exclusiva\u00a0<strong>Thermo-Se\u00f1al<\/strong>cambia de color cuando alcanza la temperatura \u00f3ptima para cocinar.<\/p>\n<p>En\u00a0<strong>Almacenes \u00c1nfora<\/strong>selecciona los mejores productos para tu casa o negocio y te los enviamos por paqueter\u00eda o entregamos en una de nuestras sucursales. Nos respaldan m\u00e1s de 70 a\u00f1os formando parte de millones de hogares y negocios mexicanos al ofrecer electrodom\u00e9sticos, bater\u00edas, ollas, vajillas, utensilios y algo m\u00e1s.<\/p>\n<table id=\"product-attribute-specs-table\" class=\"data table additional-attributes\">\n<tbody>\n<tr>\n<th class=\"col label\" scope=\"row\">Color<\/th>\n<td class=\"col data\" data-th=\"Color\">Negro<\/td>\n<\/tr>\n<tr>\n<th class=\"col label\" scope=\"row\">Material<\/th>\n<td class=\"col data\" data-th=\"Material\">Aluminio<\/td>\n<\/tr>\n<tr>\n<th class=\"col label\" scope=\"row\">Medidas<\/th>\n<td class=\"col data\" data-th=\"Medidas\">4 x 30 x 30 cm. Mango 2.5 x 19 x 3 cm<\/td>\n<\/tr>\n<tr>\n<th class=\"col label\" scope=\"row\">Peso<\/th>\n<td class=\"col data\" data-th=\"Peso\">688 g<\/td>\n<\/tr>\n<tr>\n<th class=\"col label\" scope=\"row\">Modelo<\/th>\n<td class=\"col data\" data-th=\"Modelo\">B5750782<\/td>\n<\/tr>\n<\/tbody>\n<\/table>\n","protected":false},"excerpt":{"rendered":"<p>MOD. B5750782<\/p>\n<ul>\n<li>Di\u00e1metro de 30 cm<\/li>\n<li>Mango ergon\u00f3mico<\/li>\n<li>Tecnolog\u00eda Thermospot<\/li>\n<li>Revestimiento de Titanio<\/li>\n<li>Superficie antiadherente<\/li>\n<li>Con protector de llama para una limpieza m\u00e1s f\u00e1cil<\/li>\n<li>Cuenta con fondo Durabase que distribuye el calor de forma uniforme<\/li>\n<\/ul>\n","protected":false},"featured_media":7330,"template":"","meta":{"site-sidebar-layout":"default","site-content-layout":"default","ast-site-content-layout":"default","site-content-style":"default","site-sidebar-style":"default","ast-global-header-display":"","ast-banner-title-visibility":"","ast-main-header-display":"","ast-hfb-above-header-display":"","ast-hfb-below-header-display":"","ast-hfb-mobile-header-display":"","site-post-title":"","ast-breadcrumbs-content":"","ast-featured-img":"","footer-sml-layout":"","theme-transparent-header-meta":"default","adv-header-id-meta":"","stick-header-meta":"","header-above-stick-meta":"","header-main-stick-meta":"","header-below-stick-meta":"","astra-migrate-meta-layouts":"set","ast-page-background-enabled":"default","ast-page-background-meta":{"desktop":{"background-color":"","background-image":"","background-repeat":"repeat","background-position":"center center","background-size":"auto","background-attachment":"scroll","background-type":"","background-media":"","overlay-type":"","overlay-color":"","overlay-gradient":""},"tablet":{"background-color":"","background-image":"","background-repeat":"repeat","background-position":"center center","background-size":"auto","background-attachment":"scroll","background-type":"","background-media":"","overlay-type":"","overlay-color":"","overlay-gradient":""},"mobile":{"background-color":"","background-image":"","background-repeat":"repeat","background-position":"center center","background-size":"auto","background-attachment":"scroll","background-type":"","background-media":"","overlay-type":"","overlay-color":"","overlay-gradient":""}},"ast-content-background-meta":{"desktop":{"background-color":"var(--ast-global-color-5)","background-image":"","background-repeat":"repeat","background-position":"center center","background-size":"auto","background-attachment":"scroll","background-type":"","background-media":"","overlay-type":"","overlay-color":"","overlay-gradient":""},"tablet":{"background-color":"var(--ast-global-color-5)","background-image":"","background-repeat":"repeat","background-position":"center center","background-size":"auto","background-attachment":"scroll","background-type":"","background-media":"","overlay-type":"","overlay-color":"","overlay-gradient":""},"mobile":{"background-color":"var(--ast-global-color-5)","background-image":"","background-repeat":"repeat","background-position":"center center","background-size":"auto","background-attachment":"scroll","background-type":"","background-media":"","overlay-type":"","overlay-color":"","overlay-gradient":""}}},"product_brand":[],"product_cat":[38],"product_tag":[],"class_list":{"0":"post-5380","1":"product","2":"type-product","3":"status-publish","4":"has-post-thumbnail","6":"product_cat-decoracion","7":"desktop-align-left","8":"tablet-align-left","9":"mobile-align-left","11":"first","12":"instock","13":"taxable","14":"shipping-taxable","15":"purchasable","16":"product-type-simple"},"aioseo_notices":[],"_links":{"self":[{"href":"https:\/\/mueblesbrambila.com\/index.php\/wp-json\/wp\/v2\/product\/5380","targetHints":{"allow":["GET"]}}],"collection":[{"href":"https:\/\/mueblesbrambila.com\/index.php\/wp-json\/wp\/v2\/product"}],"about":[{"href":"https:\/\/mueblesbrambila.com\/index.php\/wp-json\/wp\/v2\/types\/product"}],"wp:featuredmedia":[{"embeddable":true,"href":"https:\/\/mueblesbrambila.com\/index.php\/wp-json\/wp\/v2\/media\/7330"}],"wp:attachment":[{"href":"https:\/\/mueblesbrambila.com\/index.php\/wp-json\/wp\/v2\/media?parent=5380"}],"wp:term":[{"taxonomy":"product_brand","embeddable":true,"href":"https:\/\/mueblesbrambila.com\/index.php\/wp-json\/wp\/v2\/product_brand?post=5380"},{"taxonomy":"product_cat","embeddable":true,"href":"https:\/\/mueblesbrambila.com\/index.php\/wp-json\/wp\/v2\/product_cat?post=5380"},{"taxonomy":"product_tag","embeddable":true,"href":"https:\/\/mueblesbrambila.com\/index.php\/wp-json\/wp\/v2\/product_tag?post=5380"}],"curies":[{"name":"wp","href":"https:\/\/api.w.org\/{rel}","templated":true}]}}