{"id":5385,"date":"2021-12-01T16:17:20","date_gmt":"2021-12-01T16:17:20","guid":{"rendered":"https:\/\/mueblesbrambila.com\/?post_type=product&#038;p=5385"},"modified":"2023-10-06T18:48:10","modified_gmt":"2023-10-06T18:48:10","slug":"sarten-t-fal-34cm-crepera","status":"publish","type":"product","link":"https:\/\/mueblesbrambila.com\/index.php\/product\/sarten-t-fal-34cm-crepera\/","title":{"rendered":"SARTEN CREPERA 34CM AZUL T-FAL B5639782"},"content":{"rendered":"<p>La T-Fal Sart\u00e9n para Crepas es un utensilio de cocina con forma circular y una capa antiadherente que permite cocinar crepas sin que se peguen a la superficie. Est\u00e1 fabricada en aluminio, lo cual le otorga ligereza y resistencia. Su di\u00e1metro es de 34 cm, lo suficientemente amplio como para preparar grandes porciones de crepas o tortillas francesas.<\/p>\n<p>Esta sart\u00e9n est\u00e1 dise\u00f1ada espec\u00edficamente para la elaboraci\u00f3n de crepas, aunque tambi\u00e9n puede utilizarse para otros tipos de alimentos similares. El color del producto combina el negro con detalles en azul, d\u00e1ndole un aspecto moderno y elegante.<\/p>\n<p>Gracias a su recubrimiento antiadherente, esta sart\u00e9n facilita la cocci\u00f3n sin necesidad de utilizar aceite o mantequilla en exceso. Adem\u00e1s, este material evita que los ingredientes se adhieran a la superficie durante el proceso culinario y simplifica su limpieza posterior.<\/p>\n<p>En resumen, si buscas una herramienta eficiente y pr\u00e1ctica para cocinar tus crepas favoritas u otros platillos similares sin preocuparte por que se peguen o queden mal hechos debido a problemas t\u00e9cnicos propios del utensilio utilizado; La T-Fal Sart\u00e9n para Crepas podr\u00eda ser justo lo que est\u00e1s buscando gracias a sus caracter\u00edsticas \u00fanicas e innovadoras dentro del mercado actual.<\/p>\n","protected":false},"excerpt":{"rendered":"<p>MOD. B5639782<\/p>\n<ul>\n<li>Tipo:\u00a0Sart\u00e9n para crepas<\/li>\n<li>Capa antiadherente:\u00a0<img decoding=\"async\" src=\"https:\/\/www.cyberpuerta.mx\/out\/cyberpuertaV5\/src\/img\/yes.png\" \/><\/li>\n<li>Materiales:\u00a0Aluminio<\/li>\n<li>Color del producto: Negro<\/li>\n<\/ul>\n","protected":false},"featured_media":7333,"template":"","meta":{"site-sidebar-layout":"default","site-content-layout":"default","ast-site-content-layout":"default","site-content-style":"default","site-sidebar-style":"default","ast-global-header-display":"","ast-banner-title-visibility":"","ast-main-header-display":"","ast-hfb-above-header-display":"","ast-hfb-below-header-display":"","ast-hfb-mobile-header-display":"","site-post-title":"","ast-breadcrumbs-content":"","ast-featured-img":"","footer-sml-layout":"","theme-transparent-header-meta":"default","adv-header-id-meta":"","stick-header-meta":"","header-above-stick-meta":"","header-main-stick-meta":"","header-below-stick-meta":"","astra-migrate-meta-layouts":"set","ast-page-background-enabled":"default","ast-page-background-meta":{"desktop":{"background-color":"","background-image":"","background-repeat":"repeat","background-position":"center center","background-size":"auto","background-attachment":"scroll","background-type":"","background-media":"","overlay-type":"","overlay-color":"","overlay-gradient":""},"tablet":{"background-color":"","background-image":"","background-repeat":"repeat","background-position":"center center","background-size":"auto","background-attachment":"scroll","background-type":"","background-media":"","overlay-type":"","overlay-color":"","overlay-gradient":""},"mobile":{"background-color":"","background-image":"","background-repeat":"repeat","background-position":"center center","background-size":"auto","background-attachment":"scroll","background-type":"","background-media":"","overlay-type":"","overlay-color":"","overlay-gradient":""}},"ast-content-background-meta":{"desktop":{"background-color":"var(--ast-global-color-5)","background-image":"","background-repeat":"repeat","background-position":"center center","background-size":"auto","background-attachment":"scroll","background-type":"","background-media":"","overlay-type":"","overlay-color":"","overlay-gradient":""},"tablet":{"background-color":"var(--ast-global-color-5)","background-image":"","background-repeat":"repeat","background-position":"center center","background-size":"auto","background-attachment":"scroll","background-type":"","background-media":"","overlay-type":"","overlay-color":"","overlay-gradient":""},"mobile":{"background-color":"var(--ast-global-color-5)","background-image":"","background-repeat":"repeat","background-position":"center center","background-size":"auto","background-attachment":"scroll","background-type":"","background-media":"","overlay-type":"","overlay-color":"","overlay-gradient":""}}},"product_brand":[],"product_cat":[38],"product_tag":[],"class_list":{"0":"post-5385","1":"product","2":"type-product","3":"status-publish","4":"has-post-thumbnail","6":"product_cat-decoracion","7":"desktop-align-left","8":"tablet-align-left","9":"mobile-align-left","11":"first","12":"instock","13":"taxable","14":"shipping-taxable","15":"purchasable","16":"product-type-simple"},"aioseo_notices":[],"_links":{"self":[{"href":"https:\/\/mueblesbrambila.com\/index.php\/wp-json\/wp\/v2\/product\/5385","targetHints":{"allow":["GET"]}}],"collection":[{"href":"https:\/\/mueblesbrambila.com\/index.php\/wp-json\/wp\/v2\/product"}],"about":[{"href":"https:\/\/mueblesbrambila.com\/index.php\/wp-json\/wp\/v2\/types\/product"}],"wp:featuredmedia":[{"embeddable":true,"href":"https:\/\/mueblesbrambila.com\/index.php\/wp-json\/wp\/v2\/media\/7333"}],"wp:attachment":[{"href":"https:\/\/mueblesbrambila.com\/index.php\/wp-json\/wp\/v2\/media?parent=5385"}],"wp:term":[{"taxonomy":"product_brand","embeddable":true,"href":"https:\/\/mueblesbrambila.com\/index.php\/wp-json\/wp\/v2\/product_brand?post=5385"},{"taxonomy":"product_cat","embeddable":true,"href":"https:\/\/mueblesbrambila.com\/index.php\/wp-json\/wp\/v2\/product_cat?post=5385"},{"taxonomy":"product_tag","embeddable":true,"href":"https:\/\/mueblesbrambila.com\/index.php\/wp-json\/wp\/v2\/product_tag?post=5385"}],"curies":[{"name":"wp","href":"https:\/\/api.w.org\/{rel}","templated":true}]}}