{"id":5406,"date":"2021-12-07T20:51:53","date_gmt":"2021-12-07T20:51:53","guid":{"rendered":"https:\/\/mueblesbrambila.com\/?post_type=product&#038;p=5406"},"modified":"2023-11-06T17:10:53","modified_gmt":"2023-11-06T17:10:53","slug":"dvd-lg-dp12","status":"publish","type":"product","link":"https:\/\/mueblesbrambila.com\/index.php\/product\/dvd-lg-dp12\/","title":{"rendered":"DVD LG DP132"},"content":{"rendered":"<p>Con el DVD LG puedes ver tus pel\u00edculas favoritas todas las veces que quieras. La versatilidad de este reproductor te permite manipular cada escena y verla a detalle gracias a su reproducci\u00f3n r\u00e1pida y lenta. Complementa tu espacio de entretenimiento con este equipo que lee diferentes formatos: PNG, VOB, FLV, MP3, AVI, WMV, WMA, Multiformato, JPEG Y MPEG, entre otros. Adem\u00e1s de pel\u00edculas, podr\u00e1s visualizar fotograf\u00edas, videos caseros y escuchar tu m\u00fasica preferida en CD o desde tu memoria USB. Otras conexiones con las que cuenta el DVD LG son de tipo coaxial, para componente, de video y audio compuesto. Disfruta de im\u00e1genes m\u00e1s definidas y un audio de gran calidad gracias a su sistema envolvente Dolby y DTS HD Master Audio. El aparato incluye una bater\u00eda RCU, un cable AV, un adaptador y el control remoto, todo lo que necesitas para comenzar a usarlo de forma r\u00e1pida y sencilla. A\u00f1ade este producto a tu carrito para complementar tu equipo de cine en casa y comparte el mejor entretenimiento con los tuyos. Su dise\u00f1o compacto es ideal para colocarlo en un espacio reducido. Sus medidas en cent\u00edmetros son: 4.3 de alto, 26.9 de ancho y 19.5 de fondo.<\/p>\n<div class=\"pb2\">\n<h6 class=\"flex items-center mv0 lh-copy f5 pb1 dark-gray\">Peso (Kg)<\/h6>\n<div class=\"mv0 lh-copy mid-gray f6\">1<\/div>\n<\/div>\n<div class=\"pb2\">\n<h5 class=\"flex items-center mv0 lh-copy f5 pb1 dark-gray\">Entrada de video compuesto (AV)<\/h5>\n<div class=\"mv0 lh-copy mid-gray f6\">Si<\/div>\n<\/div>\n<div class=\"pb2\">\n<h6 class=\"flex items-center mv0 lh-copy f5 pb1 dark-gray\">Contenido del Empaque<\/h6>\n<div class=\"mv0 lh-copy mid-gray f6\">1 DVD, 1 Control Remoto y 1 Manual de Usuario<\/div>\n<\/div>\n<div class=\"pb2\">\n<h6 class=\"flex items-center mv0 lh-copy f5 pb1 dark-gray\">Color<\/h6>\n<div class=\"mv0 lh-copy mid-gray f6\">Negro<\/div>\n<\/div>\n<div class=\"pb2\">\n<h6 class=\"flex items-center mv0 lh-copy f5 pb1 dark-gray\">Modelo<\/h6>\n<div class=\"mv0 lh-copy mid-gray f6\">DP132<\/div>\n<\/div>\n<div class=\"pb2\">\n<h6 class=\"flex items-center mv0 lh-copy f5 pb1 dark-gray\">Entradas USB<\/h6>\n<div class=\"mv0 lh-copy mid-gray f6\">1<\/div>\n<\/div>\n<div class=\"pb2\"><\/div>\n<div class=\"pb2\">\n<div class=\"mv0 lh-copy mid-gray f6\"><span style=\"font-size: 1.1em; font-weight: bold;\">Alimentaci\u00f3n de corriente<\/span><\/div>\n<\/div>\n<div class=\"pb2\">\n<div class=\"mv0 lh-copy mid-gray f6\">Alterna<\/div>\n<\/div>\n<div class=\"pb2\">\n<h6 class=\"flex items-center mv0 lh-copy f5 pb1 dark-gray\">Leyendas de Protecci\u00f3n \/ Advertencias<\/h6>\n<div class=\"mv0 lh-copy mid-gray f6\">Leer el instructivo\/manual para el\u00a0 uso adecuado del producto.<\/div>\n<\/div>\n<div class=\"pb2\">\n<h6 class=\"flex items-center mv0 lh-copy f5 pb1 dark-gray\">Resoluci\u00f3n<\/h6>\n<div class=\"mv0 lh-copy mid-gray f6\">1920 x 1080<\/div>\n<\/div>\n<div class=\"pb2\">\n<h6 class=\"flex items-center mv0 lh-copy f5 pb1 dark-gray\">Pa\u00eds de Origen<\/h6>\n<div class=\"mv0 lh-copy mid-gray f6\">M\u00e9xico<\/div>\n<\/div>\n<div class=\"pb2\">\n<h6 class=\"flex items-center mv0 lh-copy f5 pb1 dark-gray\">Alto (cm)<\/h6>\n<div class=\"mv0 lh-copy mid-gray f6\">4.31<\/div>\n<\/div>\n<div class=\"pb2\">\n<h6 class=\"flex items-center mv0 lh-copy f5 pb1 dark-gray\">gama_color<\/h6>\n<div class=\"mv0 lh-copy mid-gray f6\">Negro<\/div>\n<\/div>\n<div class=\"pb2\">\n<h6 class=\"flex items-center mv0 lh-copy f5 pb1 dark-gray\">Ancho (cm)<\/h6>\n<div class=\"mv0 lh-copy mid-gray f6\">26.92<\/div>\n<\/div>\n<div class=\"\">\n<h6 class=\"flex items-center mv0 lh-copy f5 pb1 dark-gray\">Fondo (cm)<\/h6>\n<div class=\"mv0 lh-copy mid-gray f6\">19.55<\/div>\n<\/div>\n","protected":false},"excerpt":{"rendered":"<p><strong>MOD: DP132<\/strong><\/p>\n<ul>\n<li>Reproduce diferentes formatos: PNG, VOB, FLV, MP3, AVI, WMV, WMA, Multiformato, JPEG Y MPEG<\/li>\n<li>Visualiza fotograf\u00edas, videos y m\u00fasica desde tu memoria USB<\/li>\n<li>Su dise\u00f1o compacto es ideal para colocarlo en un espacio reducido. Sus medidas en cent\u00edmetros son: 4.3 de alto, 26.9 de ancho y 19.5 de fondo<\/li>\n<\/ul>\n","protected":false},"featured_media":5407,"template":"","meta":{"site-sidebar-layout":"default","site-content-layout":"default","ast-site-content-layout":"default","site-content-style":"default","site-sidebar-style":"default","ast-global-header-display":"","ast-banner-title-visibility":"","ast-main-header-display":"","ast-hfb-above-header-display":"","ast-hfb-below-header-display":"","ast-hfb-mobile-header-display":"","site-post-title":"","ast-breadcrumbs-content":"","ast-featured-img":"","footer-sml-layout":"","theme-transparent-header-meta":"default","adv-header-id-meta":"","stick-header-meta":"","header-above-stick-meta":"","header-main-stick-meta":"","header-below-stick-meta":"","astra-migrate-meta-layouts":"set","ast-page-background-enabled":"default","ast-page-background-meta":{"desktop":{"background-color":"","background-image":"","background-repeat":"repeat","background-position":"center center","background-size":"auto","background-attachment":"scroll","background-type":"","background-media":"","overlay-type":"","overlay-color":"","overlay-gradient":""},"tablet":{"background-color":"","background-image":"","background-repeat":"repeat","background-position":"center center","background-size":"auto","background-attachment":"scroll","background-type":"","background-media":"","overlay-type":"","overlay-color":"","overlay-gradient":""},"mobile":{"background-color":"","background-image":"","background-repeat":"repeat","background-position":"center center","background-size":"auto","background-attachment":"scroll","background-type":"","background-media":"","overlay-type":"","overlay-color":"","overlay-gradient":""}},"ast-content-background-meta":{"desktop":{"background-color":"var(--ast-global-color-5)","background-image":"","background-repeat":"repeat","background-position":"center center","background-size":"auto","background-attachment":"scroll","background-type":"","background-media":"","overlay-type":"","overlay-color":"","overlay-gradient":""},"tablet":{"background-color":"var(--ast-global-color-5)","background-image":"","background-repeat":"repeat","background-position":"center center","background-size":"auto","background-attachment":"scroll","background-type":"","background-media":"","overlay-type":"","overlay-color":"","overlay-gradient":""},"mobile":{"background-color":"var(--ast-global-color-5)","background-image":"","background-repeat":"repeat","background-position":"center center","background-size":"auto","background-attachment":"scroll","background-type":"","background-media":"","overlay-type":"","overlay-color":"","overlay-gradient":""}}},"product_brand":[],"product_cat":[33],"product_tag":[],"class_list":{"0":"post-5406","1":"product","2":"type-product","3":"status-publish","4":"has-post-thumbnail","6":"product_cat-electrodomesticos","7":"desktop-align-left","8":"tablet-align-left","9":"mobile-align-left","11":"first","12":"instock","13":"taxable","14":"shipping-taxable","15":"purchasable","16":"product-type-simple"},"aioseo_notices":[],"_links":{"self":[{"href":"https:\/\/mueblesbrambila.com\/index.php\/wp-json\/wp\/v2\/product\/5406","targetHints":{"allow":["GET"]}}],"collection":[{"href":"https:\/\/mueblesbrambila.com\/index.php\/wp-json\/wp\/v2\/product"}],"about":[{"href":"https:\/\/mueblesbrambila.com\/index.php\/wp-json\/wp\/v2\/types\/product"}],"wp:featuredmedia":[{"embeddable":true,"href":"https:\/\/mueblesbrambila.com\/index.php\/wp-json\/wp\/v2\/media\/5407"}],"wp:attachment":[{"href":"https:\/\/mueblesbrambila.com\/index.php\/wp-json\/wp\/v2\/media?parent=5406"}],"wp:term":[{"taxonomy":"product_brand","embeddable":true,"href":"https:\/\/mueblesbrambila.com\/index.php\/wp-json\/wp\/v2\/product_brand?post=5406"},{"taxonomy":"product_cat","embeddable":true,"href":"https:\/\/mueblesbrambila.com\/index.php\/wp-json\/wp\/v2\/product_cat?post=5406"},{"taxonomy":"product_tag","embeddable":true,"href":"https:\/\/mueblesbrambila.com\/index.php\/wp-json\/wp\/v2\/product_tag?post=5406"}],"curies":[{"name":"wp","href":"https:\/\/api.w.org\/{rel}","templated":true}]}}