{"id":6727,"date":"2023-08-18T04:15:40","date_gmt":"2023-08-18T04:15:40","guid":{"rendered":"https:\/\/mueblesbrambila.com\/?post_type=product&#038;p=6727"},"modified":"2023-08-18T04:15:40","modified_gmt":"2023-08-18T04:15:40","slug":"ventilador-mytek-plastico","status":"publish","type":"product","link":"https:\/\/mueblesbrambila.com\/index.php\/product\/ventilador-mytek-plastico\/","title":{"rendered":"VENTILADOR MYTEK PLASTICO"},"content":{"rendered":"<div class=\"triangle-title\">Caracter\u00edsticas<\/div>\n<ul>\n<li>3 velocidades<\/li>\n<li>Oscilatorio<\/li>\n<li>Inclinaci\u00f3n ajustable<\/li>\n<li>Parrilla de pl\u00e1stico<\/li>\n<li>Base de pl\u00e1stico en cruz<\/li>\n<li>Altura ajustable de 94 a 120 cm<\/li>\n<\/ul>\n<div class=\"col-md-4\">\n<div class=\"product-downloads\"><\/div>\n<\/div>\n<div class=\"col-md-4\">\n<div class=\"product-data\">\n<div class=\"triangle-title\"><strong style=\"font-size: 16px;\">Potencia<\/strong><\/div>\n<div class=\"edit-content\">\n<p>48 watts<\/p>\n<p><strong>Frecuencia \/ Tensi\u00f3n<\/strong><br \/>\n127 V~\/ 60Hz<\/p>\n<\/div>\n<\/div>\n<\/div>\n<div class=\"col-md-4\">\n<div class=\"product-sizeweight\">\n<div class=\"triangle-title\">Dimensiones y peso<\/div>\n<div class=\"edit-content\">\n<p><strong>Dimensi\u00f3n de empaque<\/strong><br \/>\nL525 x W132 x H445 mm<\/p>\n<p><strong>Dimensi\u00f3n de producto<\/strong><br \/>\nL445 x W445 x H1270 mm<\/p>\n<p><strong>Peso bruto (kg)<\/strong><br \/>\n3<\/p>\n<\/div>\n<\/div>\n<\/div>\n","protected":false},"excerpt":{"rendered":"<p>Tiene el tama\u00f1o ideal de 16 pulgadas para refrescar tu ambiente de una manera econ\u00f3mica y funcional. Es liviano, s\u00f3lo pesa 3 kilos, por lo que hace f\u00e1cil de usar y transportar. La altura de este ventilador vertical es regulable hasta un m\u00e1ximo de 120 cm.<\/p>\n","protected":false},"featured_media":6539,"template":"","meta":{"site-sidebar-layout":"default","site-content-layout":"","ast-site-content-layout":"default","site-content-style":"default","site-sidebar-style":"default","ast-global-header-display":"","ast-banner-title-visibility":"","ast-main-header-display":"","ast-hfb-above-header-display":"","ast-hfb-below-header-display":"","ast-hfb-mobile-header-display":"","site-post-title":"","ast-breadcrumbs-content":"","ast-featured-img":"","footer-sml-layout":"","theme-transparent-header-meta":"default","adv-header-id-meta":"","stick-header-meta":"","header-above-stick-meta":"","header-main-stick-meta":"","header-below-stick-meta":"","astra-migrate-meta-layouts":"set","ast-page-background-enabled":"default","ast-page-background-meta":{"desktop":{"background-color":"","background-image":"","background-repeat":"repeat","background-position":"center center","background-size":"auto","background-attachment":"scroll","background-type":"","background-media":"","overlay-type":"","overlay-color":"","overlay-gradient":""},"tablet":{"background-color":"","background-image":"","background-repeat":"repeat","background-position":"center center","background-size":"auto","background-attachment":"scroll","background-type":"","background-media":"","overlay-type":"","overlay-color":"","overlay-gradient":""},"mobile":{"background-color":"","background-image":"","background-repeat":"repeat","background-position":"center center","background-size":"auto","background-attachment":"scroll","background-type":"","background-media":"","overlay-type":"","overlay-color":"","overlay-gradient":""}},"ast-content-background-meta":{"desktop":{"background-color":"var(--ast-global-color-5)","background-image":"","background-repeat":"repeat","background-position":"center center","background-size":"auto","background-attachment":"scroll","background-type":"","background-media":"","overlay-type":"","overlay-color":"","overlay-gradient":""},"tablet":{"background-color":"var(--ast-global-color-5)","background-image":"","background-repeat":"repeat","background-position":"center center","background-size":"auto","background-attachment":"scroll","background-type":"","background-media":"","overlay-type":"","overlay-color":"","overlay-gradient":""},"mobile":{"background-color":"var(--ast-global-color-5)","background-image":"","background-repeat":"repeat","background-position":"center center","background-size":"auto","background-attachment":"scroll","background-type":"","background-media":"","overlay-type":"","overlay-color":"","overlay-gradient":""}}},"product_brand":[],"product_cat":[48],"product_tag":[],"class_list":{"0":"post-6727","1":"product","2":"type-product","3":"status-publish","4":"has-post-thumbnail","6":"product_cat-mesas","7":"desktop-align-left","8":"tablet-align-left","9":"mobile-align-left","11":"first","12":"instock","13":"taxable","14":"shipping-taxable","15":"purchasable","16":"product-type-simple"},"aioseo_notices":[],"_links":{"self":[{"href":"https:\/\/mueblesbrambila.com\/index.php\/wp-json\/wp\/v2\/product\/6727","targetHints":{"allow":["GET"]}}],"collection":[{"href":"https:\/\/mueblesbrambila.com\/index.php\/wp-json\/wp\/v2\/product"}],"about":[{"href":"https:\/\/mueblesbrambila.com\/index.php\/wp-json\/wp\/v2\/types\/product"}],"wp:featuredmedia":[{"embeddable":true,"href":"https:\/\/mueblesbrambila.com\/index.php\/wp-json\/wp\/v2\/media\/6539"}],"wp:attachment":[{"href":"https:\/\/mueblesbrambila.com\/index.php\/wp-json\/wp\/v2\/media?parent=6727"}],"wp:term":[{"taxonomy":"product_brand","embeddable":true,"href":"https:\/\/mueblesbrambila.com\/index.php\/wp-json\/wp\/v2\/product_brand?post=6727"},{"taxonomy":"product_cat","embeddable":true,"href":"https:\/\/mueblesbrambila.com\/index.php\/wp-json\/wp\/v2\/product_cat?post=6727"},{"taxonomy":"product_tag","embeddable":true,"href":"https:\/\/mueblesbrambila.com\/index.php\/wp-json\/wp\/v2\/product_tag?post=6727"}],"curies":[{"name":"wp","href":"https:\/\/api.w.org\/{rel}","templated":true}]}}