{"id":6730,"date":"2023-08-18T04:19:01","date_gmt":"2023-08-18T04:19:01","guid":{"rendered":"https:\/\/mueblesbrambila.com\/?post_type=product&#038;p=6730"},"modified":"2023-08-18T04:25:15","modified_gmt":"2023-08-18T04:25:15","slug":"ventilador-tfal-16-silencioso","status":"publish","type":"product","link":"https:\/\/mueblesbrambila.com\/index.php\/product\/ventilador-tfal-16-silencioso\/","title":{"rendered":"VENTILADOR TFAL 16&#8243; SILENCIOSO"},"content":{"rendered":"<div class=\"vtex-flex-layout-0-x-flexColChild vtex-flex-layout-0-x-flexColChild--global__product-center-col pb0\">\n<div class=\"vtex-store-components-3-x-productDescriptionContainer vtex-store-components-3-x-productDescriptionContainer--product-col__description\">\n<h2 class=\"vtex-store-components-3-x-productDescriptionTitle vtex-store-components-3-x-productDescriptionTitle--product-col__description t-heading-5 mb5 mt0\">Informaci\u00f3n<\/h2>\n<div class=\"vtex-store-components-3-x-productDescriptionText vtex-store-components-3-x-productDescriptionText--product-col__description c-muted-1\">\n<div class=\"vtex-store-components-3-x-container vtex-store-components-3-x-container--product-col__description relative\">\n<div class=\"vtex-store-components-3-x-content vtex-store-components-3-x-content--product-col__description h-auto\">\n<div>Ventilador de Pie T-Fal Air Maxx Negro<\/div>\n<\/div>\n<\/div>\n<\/div>\n<\/div>\n<\/div>\n<div class=\"vtex-flex-layout-0-x-flexColChild vtex-flex-layout-0-x-flexColChild--global__product-center-col pb0\">\n<div class=\"flex flex-column pt8 chedrauimx-frontend-applications-4-x-containerDescription\">\n<p><span class=\"chedrauimx-frontend-applications-4-x-titleDescription\">Caracter\u00edsticas Importantes<\/span><\/p>\n<ul class=\"chedrauimx-frontend-applications-4-x-descriptionList\">\n<li class=\"chedrauimx-frontend-applications-4-x-listElement\">4 aspas con forma c\u00f3ncava que impulsan mejor el viento.<\/li>\n<li class=\"chedrauimx-frontend-applications-4-x-listElement\">Malla de pl\u00e1stico con dise\u00f1o aerodin\u00e1mico, que facilitan la distribuci\u00f3n del viento.<\/li>\n<li class=\"chedrauimx-frontend-applications-4-x-listElement\">Materiales ligeros y de alta calidad que facilitan la limpieza y traslado.<\/li>\n<li class=\"chedrauimx-frontend-applications-4-x-listElement\">Menos ruido: la Tecnolog\u00eda Silence Force reduce el sonido generado, alcanzando un m\u00e1ximo de 62 decibeles, similar al de una llovizna.<\/li>\n<li class=\"chedrauimx-frontend-applications-4-x-listElement\">Funci\u00f3n repelente compatible con tabletas gen\u00e9ricas, que te brindar\u00e1 mayor confort al eliminar a los mosquitos.<\/li>\n<\/ul>\n<\/div>\n<\/div>\n","protected":false},"excerpt":{"rendered":"<p>Ventilador 16 pulgadas con 3 velocidades incluyendo funci\u00f3n para dormir, con sistema repelente antimosquitos patentado, tecnolog\u00eda Silence Force que reduce el sonido generado, 4 aspas con forma c\u00f3ncava que impulsan mejor el viento, Motor de 70 W de potencia, la energ\u00eda precisa para refrescar tu espacio<\/p>\n","protected":false},"featured_media":6546,"template":"","meta":{"site-sidebar-layout":"default","site-content-layout":"","ast-site-content-layout":"default","site-content-style":"default","site-sidebar-style":"default","ast-global-header-display":"","ast-banner-title-visibility":"","ast-main-header-display":"","ast-hfb-above-header-display":"","ast-hfb-below-header-display":"","ast-hfb-mobile-header-display":"","site-post-title":"","ast-breadcrumbs-content":"","ast-featured-img":"","footer-sml-layout":"","theme-transparent-header-meta":"default","adv-header-id-meta":"","stick-header-meta":"","header-above-stick-meta":"","header-main-stick-meta":"","header-below-stick-meta":"","astra-migrate-meta-layouts":"set","ast-page-background-enabled":"default","ast-page-background-meta":{"desktop":{"background-color":"","background-image":"","background-repeat":"repeat","background-position":"center center","background-size":"auto","background-attachment":"scroll","background-type":"","background-media":"","overlay-type":"","overlay-color":"","overlay-gradient":""},"tablet":{"background-color":"","background-image":"","background-repeat":"repeat","background-position":"center center","background-size":"auto","background-attachment":"scroll","background-type":"","background-media":"","overlay-type":"","overlay-color":"","overlay-gradient":""},"mobile":{"background-color":"","background-image":"","background-repeat":"repeat","background-position":"center center","background-size":"auto","background-attachment":"scroll","background-type":"","background-media":"","overlay-type":"","overlay-color":"","overlay-gradient":""}},"ast-content-background-meta":{"desktop":{"background-color":"var(--ast-global-color-5)","background-image":"","background-repeat":"repeat","background-position":"center center","background-size":"auto","background-attachment":"scroll","background-type":"","background-media":"","overlay-type":"","overlay-color":"","overlay-gradient":""},"tablet":{"background-color":"var(--ast-global-color-5)","background-image":"","background-repeat":"repeat","background-position":"center center","background-size":"auto","background-attachment":"scroll","background-type":"","background-media":"","overlay-type":"","overlay-color":"","overlay-gradient":""},"mobile":{"background-color":"var(--ast-global-color-5)","background-image":"","background-repeat":"repeat","background-position":"center center","background-size":"auto","background-attachment":"scroll","background-type":"","background-media":"","overlay-type":"","overlay-color":"","overlay-gradient":""}}},"product_brand":[],"product_cat":[48],"product_tag":[],"class_list":{"0":"post-6730","1":"product","2":"type-product","3":"status-publish","4":"has-post-thumbnail","6":"product_cat-mesas","7":"desktop-align-left","8":"tablet-align-left","9":"mobile-align-left","11":"first","12":"instock","13":"taxable","14":"shipping-taxable","15":"purchasable","16":"product-type-simple"},"aioseo_notices":[],"_links":{"self":[{"href":"https:\/\/mueblesbrambila.com\/index.php\/wp-json\/wp\/v2\/product\/6730","targetHints":{"allow":["GET"]}}],"collection":[{"href":"https:\/\/mueblesbrambila.com\/index.php\/wp-json\/wp\/v2\/product"}],"about":[{"href":"https:\/\/mueblesbrambila.com\/index.php\/wp-json\/wp\/v2\/types\/product"}],"wp:featuredmedia":[{"embeddable":true,"href":"https:\/\/mueblesbrambila.com\/index.php\/wp-json\/wp\/v2\/media\/6546"}],"wp:attachment":[{"href":"https:\/\/mueblesbrambila.com\/index.php\/wp-json\/wp\/v2\/media?parent=6730"}],"wp:term":[{"taxonomy":"product_brand","embeddable":true,"href":"https:\/\/mueblesbrambila.com\/index.php\/wp-json\/wp\/v2\/product_brand?post=6730"},{"taxonomy":"product_cat","embeddable":true,"href":"https:\/\/mueblesbrambila.com\/index.php\/wp-json\/wp\/v2\/product_cat?post=6730"},{"taxonomy":"product_tag","embeddable":true,"href":"https:\/\/mueblesbrambila.com\/index.php\/wp-json\/wp\/v2\/product_tag?post=6730"}],"curies":[{"name":"wp","href":"https:\/\/api.w.org\/{rel}","templated":true}]}}