{"id":6736,"date":"2023-08-18T04:29:29","date_gmt":"2023-08-18T04:29:29","guid":{"rendered":"https:\/\/mueblesbrambila.com\/?post_type=product&#038;p=6736"},"modified":"2023-08-18T04:29:29","modified_gmt":"2023-08-18T04:29:29","slug":"ventilador-de-aspas-de-metal","status":"publish","type":"product","link":"https:\/\/mueblesbrambila.com\/index.php\/product\/ventilador-de-aspas-de-metal\/","title":{"rendered":"VENTILADOR DE ASPAS DE METAL"},"content":{"rendered":"<ul class=\"vtex-menu-2-x-menuContainer vtex-menu-2-x-menuContainer--menu-extras list flex pl0 mv0 flex-row\">\n<li class=\"vtex-menu-2-x-menuItem list vtex-menu-2-x-menuItem vtex-menu-2-x-menuItem--isOpen\">\n<div class=\"vtex-menu-2-x-menuItemInnerDiv\">\n<div class=\"vtex-menu-2-x-styledLinkContainer mh6 pv5\">\n<div class=\"vtex-menu-2-x-styledLinkContent flex justify-between nowrap\">Descripci\u00f3n<\/div>\n<\/div>\n<\/div>\n<div class=\"overflow-hidden\">\n<section class=\"vtex-menu-2-x-submenuAccordion w-100 flex pl4 flex\">\n<div class=\"vtex-store-components-3-x-productDescriptionContainer\">\n<div class=\"vtex-store-components-3-x-productDescriptionText c-muted-1\">\n<div class=\"vtex-store-components-3-x-container relative\">\n<div class=\"vtex-store-components-3-x-content h-auto\">\n<div>Mant\u00e9n tu hogar siempre fresco con uno de los ventiladores que Muebles Brambila tiene para ti. El Ventilador 3 en 1 Dace V318104 cuenta con 3 velocidades (Bajo, Medio y Alto), que se adaptan a tus necesidades, est\u00e1 fabricado con materiales de excelente calidad que ofrecen durabilidad, tiene aspas de aluminio aerodin\u00e1micas de 18 pulgadas, rejilla met\u00e1lica y base redonda (Base Clip) de f\u00e1cil armado que genera un mejor equilibrio y seguridad en su firmeza al momento de ponerlo en funcionamiento, su \u00e1ngulo regulable, posee movimiento oscilatorio y cabeza giratoria permite que el aire llegue a todos los rincones de la habitaci\u00f3n, adem\u00e1s su dise\u00f1o te permite adaptarlo como ventilador de torre con altura ajustable, ventilados de piso o ventilador de pared y su operaci\u00f3n es manual lo que facilita su uso. Sin duda este ventilador es una excelente opci\u00f3n para una habitaci\u00f3n mediana. Aprovecha tu Cr\u00e9dito y descubre todos los beneficios que tiene para ti.<\/div>\n<div><\/div>\n<\/div>\n<\/div>\n<\/div>\n<\/div>\n<\/section>\n<\/div>\n<\/li>\n<li class=\"vtex-menu-2-x-menuItem list vtex-menu-2-x-menuItem vtex-menu-2-x-menuItem--isOpen\">\n<div class=\"vtex-menu-2-x-menuItemInnerDiv\">\n<div class=\"vtex-menu-2-x-styledLinkContainer mh6 pv5\">\n<div class=\"vtex-menu-2-x-styledLinkContent flex justify-between nowrap\">Caracter\u00edsticas<\/div>\n<\/div>\n<\/div>\n<div class=\"overflow-hidden\">\n<section class=\"vtex-menu-2-x-submenuAccordion w-100 flex pl4 flex\">\n<div class=\"vtex-store-components-3-x-specificationsTableContainer mt9 mt0-l pl8-l\">\n<div class=\"vtex-store-components-3-x-container relative\">\n<div class=\"vtex-store-components-3-x-content h-auto\">\n<table class=\"vtex-store-components-3-x-specificationsTable w-100 bg-base border-collapse\">\n<thead class=\"vtex-store-components-3-x-specificationsTableHead\"><\/thead>\n<tbody class=\"vtex-store-components-3-x-specificationsTableBody\">\n<tr class=\"vtex-store-components-3-x-specificationsTableRow\">\n<td class=\"vtex-store-components-3-x-specificationItemProperty w-50 b--muted-4 bb pa5\" data-specification=\"N\u00famero de Aspas\">\n<div>N\u00famero de Aspas<\/div>\n<\/td>\n<td class=\"vtex-store-components-3-x-specificationItemSpecifications w-50 b--muted-4 bb pa5\" data-specification=\"3\">\n<div>3<\/div>\n<\/td>\n<\/tr>\n<tr class=\"vtex-store-components-3-x-specificationsTableRow\">\n<td class=\"vtex-store-components-3-x-specificationItemProperty w-50 b--muted-4 bb pa5\" data-specification=\"Movimiento Oscilatorio\">\n<div>Movimiento Oscilatorio<\/div>\n<\/td>\n<td class=\"vtex-store-components-3-x-specificationItemSpecifications w-50 b--muted-4 bb pa5\" data-specification=\"S\u00ed\">\n<div>S\u00ed<\/div>\n<\/td>\n<\/tr>\n<tr class=\"vtex-store-components-3-x-specificationsTableRow\">\n<td class=\"vtex-store-components-3-x-specificationItemProperty w-50 b--muted-4 bb pa5\" data-specification=\"Potencia en Watts\">\n<div>Potencia en Watts<\/div>\n<\/td>\n<td class=\"vtex-store-components-3-x-specificationItemSpecifications w-50 b--muted-4 bb pa5\" data-specification=\"100 W\">\n<div>100 W<\/div>\n<\/td>\n<\/tr>\n<tr class=\"vtex-store-components-3-x-specificationsTableRow\">\n<td class=\"vtex-store-components-3-x-specificationItemProperty w-50 b--muted-4 bb pa5\" data-specification=\"Tipo de Ventilador\">\n<div>Tipo de Ventilador<\/div>\n<\/td>\n<td class=\"vtex-store-components-3-x-specificationItemSpecifications w-50 b--muted-4 bb pa5\" data-specification=\"3 en 1\">\n<div>3 en 1<\/div>\n<\/td>\n<\/tr>\n<tr class=\"vtex-store-components-3-x-specificationsTableRow\">\n<td class=\"vtex-store-components-3-x-specificationItemProperty w-50 b--muted-4 bb pa5\" data-specification=\"Altura Ajustable\">\n<div>Altura Ajustable<\/div>\n<\/td>\n<td class=\"vtex-store-components-3-x-specificationItemSpecifications w-50 b--muted-4 bb pa5\" data-specification=\"S\u00ed\">\n<div>S\u00ed<\/div>\n<\/td>\n<\/tr>\n<tr class=\"vtex-store-components-3-x-specificationsTableRow\">\n<td class=\"vtex-store-components-3-x-specificationItemProperty w-50 b--muted-4 bb pa5\" data-specification=\"Voltaje\">\n<div>Voltaje<\/div>\n<\/td>\n<td class=\"vtex-store-components-3-x-specificationItemSpecifications w-50 b--muted-4 bb pa5\" data-specification=\"127 V\">\n<div>127 V<\/div>\n<\/td>\n<\/tr>\n<tr class=\"vtex-store-components-3-x-specificationsTableRow\">\n<td class=\"vtex-store-components-3-x-specificationItemProperty w-50 b--muted-4 bb pa5\" data-specification=\"Tama\u00f1o en Pulgadas\">\n<div>Tama\u00f1o en Pulgadas<\/div>\n<\/td>\n<td class=\"vtex-store-components-3-x-specificationItemSpecifications w-50 b--muted-4 bb pa5\" data-specification=\"18\">\n<div>18<\/div>\n<\/td>\n<\/tr>\n<tr class=\"vtex-store-components-3-x-specificationsTableRow\">\n<td class=\"vtex-store-components-3-x-specificationItemProperty w-50 b--muted-4 bb pa5\" data-specification=\"Tipo de Panel\">\n<div>Tipo de Panel<\/div>\n<\/td>\n<td class=\"vtex-store-components-3-x-specificationItemSpecifications w-50 b--muted-4 bb pa5\" data-specification=\"Botones\">\n<div>Botones<\/div>\n<\/td>\n<\/tr>\n<tr class=\"vtex-store-components-3-x-specificationsTableRow\">\n<td class=\"vtex-store-components-3-x-specificationItemProperty w-50 b--muted-4 bb pa5\" data-specification=\"Panel de Control\">\n<div>Panel de Control<\/div>\n<\/td>\n<td class=\"vtex-store-components-3-x-specificationItemSpecifications w-50 b--muted-4 bb pa5\" data-specification=\"Manual\">\n<div>Manual<\/div>\n<\/td>\n<\/tr>\n<tr class=\"vtex-store-components-3-x-specificationsTableRow\">\n<td class=\"vtex-store-components-3-x-specificationItemProperty w-50 b--muted-4 bb pa5\" data-specification=\"Peso\">\n<div>Peso<\/div>\n<\/td>\n<td class=\"vtex-store-components-3-x-specificationItemSpecifications w-50 b--muted-4 bb pa5\" data-specification=\"5 Kg\">\n<div>5 Kg<\/div>\n<\/td>\n<\/tr>\n<tr class=\"vtex-store-components-3-x-specificationsTableRow\">\n<td class=\"vtex-store-components-3-x-specificationItemProperty w-50 b--muted-4 bb pa5\" data-specification=\"Dimensiones (L x Al x An)\">\n<div>Dimensiones (L x Al x An)<\/div>\n<\/td>\n<td class=\"vtex-store-components-3-x-specificationItemSpecifications w-50 b--muted-4 bb pa5\" data-specification=\"0.16 m x 0.52 m x 0.63 m\">\n<div>0.16 m x 0.52 m x 0.63 m<\/div>\n<\/td>\n<\/tr>\n<tr class=\"vtex-store-components-3-x-specificationsTableRow\">\n<td class=\"vtex-store-components-3-x-specificationItemProperty w-50 b--muted-4 bb pa5\" data-specification=\"Contenido del Empaque\">\n<div>Contenido del Empaque<\/div>\n<\/td>\n<td class=\"vtex-store-components-3-x-specificationItemSpecifications w-50 b--muted-4 bb pa5\" data-specification=\"1 Ventilador e Instructivo\">\n<div>1 Ventilador e Instructivo<\/div>\n<\/td>\n<\/tr>\n<tr class=\"vtex-store-components-3-x-specificationsTableRow\">\n<td class=\"vtex-store-components-3-x-specificationItemProperty w-50 b--muted-4 bb pa5\" data-specification=\"Garant\u00eda con Proveedor\">\n<div>Garant\u00eda con Proveedor<\/div>\n<\/td>\n<td class=\"vtex-store-components-3-x-specificationItemSpecifications w-50 b--muted-4 bb pa5\" data-specification=\"12 Meses\">\n<div>12 Meses<\/div>\n<\/td>\n<\/tr>\n<tr class=\"vtex-store-components-3-x-specificationsTableRow\">\n<td class=\"vtex-store-components-3-x-specificationItemProperty w-50 b--muted-4 bb pa5\" data-specification=\"Ahorro de Energ\u00eda\">\n<div>Ahorro de Energ\u00eda<\/div>\n<\/td>\n<td class=\"vtex-store-components-3-x-specificationItemSpecifications w-50 b--muted-4 bb pa5\" data-specification=\"No\">\n<div>No<\/div>\n<\/td>\n<\/tr>\n<tr class=\"vtex-store-components-3-x-specificationsTableRow\">\n<td class=\"vtex-store-components-3-x-specificationItemProperty w-50 b--muted-4 bb pa5\" data-specification=\"Color\">\n<div>Color<\/div>\n<\/td>\n<td class=\"vtex-store-components-3-x-specificationItemSpecifications w-50 b--muted-4 bb pa5\" data-specification=\"Gris\">\n<div>Gris<\/div>\n<\/td>\n<\/tr>\n<tr class=\"vtex-store-components-3-x-specificationsTableRow\">\n<td class=\"vtex-store-components-3-x-specificationItemProperty w-50 b--muted-4 bb pa5\" data-specification=\"N\u00famero de Velocidades\">\n<div>N\u00famero de Velocidades<\/div>\n<\/td>\n<td class=\"vtex-store-components-3-x-specificationItemSpecifications w-50 b--muted-4 bb pa5\" data-specification=\"3\">\n<div>3<\/div>\n<\/td>\n<\/tr>\n<tr class=\"vtex-store-components-3-x-specificationsTableRow\">\n<td class=\"vtex-store-components-3-x-specificationItemProperty w-50 b--muted-4 bb pa5\" data-specification=\"Material\">\n<div>Material<\/div>\n<\/td>\n<td class=\"vtex-store-components-3-x-specificationItemSpecifications w-50 b--muted-4 bb pa5\" data-specification=\"Aluminio, metal y pl\u00e1stico\">\n<div>Aluminio, metal y pl\u00e1stico<\/div>\n<\/td>\n<\/tr>\n<\/tbody>\n<\/table>\n<\/div>\n<\/div>\n<\/div>\n<\/section>\n<\/div>\n<\/li>\n<\/ul>\n","protected":false},"excerpt":{"rendered":"<div class=\"vtex-flex-layout-0-x-flexColChild vtex-flex-layout-0-x-flexColChild--colDataProduct pb0\">\n<div class=\"vtex-product-specification-badges-0-x-groupContainer vtex-product-specification-badges-0-x-groupContainer--benefits inline-flex flex-column ma2\">\n<div class=\"vtex-product-specification-badges-0-x-badgeContainer vtex-product-specification-badges-0-x-badgeContainer--benefits vtex-product-specification-badges-0-x-badgeContainer--customer-bennefits-1 vtex-product-specification-badges-0-x-badgeContainer--benefits--customer-bennefits-1  bg-base flex items-center justify-center&quot;\"><span class=\"vtex-product-specification-badges-0-x-badgeText vtex-product-specification-badges-0-x-badgeText--benefits vtex-product-specification-badges-0-x-badgeText--3-velocidades-que-se-adaptan-a-tus-necesidades vtex-product-specification-badges-0-x-badgeText--benefits--3-velocidades-que-se-adaptan-a-tus-necesidades ma3 t-body c-muted-1 tc\">3 Velocidades que se adaptan a tus necesidades<\/span><\/div>\n<\/div>\n<\/div>\n<div class=\"vtex-flex-layout-0-x-flexColChild vtex-flex-layout-0-x-flexColChild--colDataProduct pb0\">\n<div class=\"vtex-product-specification-badges-0-x-groupContainer vtex-product-specification-badges-0-x-groupContainer--benefits inline-flex flex-column ma2\">\n<div class=\"vtex-product-specification-badges-0-x-badgeContainer vtex-product-specification-badges-0-x-badgeContainer--benefits vtex-product-specification-badges-0-x-badgeContainer--customer-bennefits-2 vtex-product-specification-badges-0-x-badgeContainer--benefits--customer-bennefits-2  bg-base flex items-center justify-center&quot;\"><span class=\"vtex-product-specification-badges-0-x-badgeText vtex-product-specification-badges-0-x-badgeText--benefits vtex-product-specification-badges-0-x-badgeText--aspas-de-metal-de-18-pulgadas vtex-product-specification-badges-0-x-badgeText--benefits--aspas-de-metal-de-18-pulgadas ma3 t-body c-muted-1 tc\">Aspas de metal de 18 pulgadas<\/span><\/div>\n<\/div>\n<\/div>\n<div class=\"vtex-flex-layout-0-x-flexColChild vtex-flex-layout-0-x-flexColChild--colDataProduct pb0\">\n<div class=\"vtex-product-specification-badges-0-x-groupContainer vtex-product-specification-badges-0-x-groupContainer--benefits inline-flex flex-column ma2\">\n<div class=\"vtex-product-specification-badges-0-x-badgeContainer vtex-product-specification-badges-0-x-badgeContainer--benefits vtex-product-specification-badges-0-x-badgeContainer--customer-bennefits-3 vtex-product-specification-badges-0-x-badgeContainer--benefits--customer-bennefits-3  bg-base flex items-center justify-center&quot;\"><span class=\"vtex-product-specification-badges-0-x-badgeText vtex-product-specification-badges-0-x-badgeText--benefits vtex-product-specification-badges-0-x-badgeText--funcion-3-en-1-ventilador-de-pared-de-piso-o-de-torre vtex-product-specification-badges-0-x-badgeText--benefits--funcion-3-en-1-ventilador-de-pared-de-piso-o-de-torre ma3 t-body c-muted-1 tc\">Funci\u00f3n 3 en 1: ventilador de pared, de piso o de torre<\/span><\/div>\n<\/div>\n<\/div>\n<div class=\"vtex-flex-layout-0-x-flexColChild vtex-flex-layout-0-x-flexColChild--colDataProduct pb0\">\n<div class=\"vtex-product-specification-badges-0-x-groupContainer vtex-product-specification-badges-0-x-groupContainer--benefits inline-flex flex-column ma2\">\n<div class=\"vtex-product-specification-badges-0-x-badgeContainer vtex-product-specification-badges-0-x-badgeContainer--benefits vtex-product-specification-badges-0-x-badgeContainer--customer-bennefits-4 vtex-product-specification-badges-0-x-badgeContainer--benefits--customer-bennefits-4  bg-base flex items-center justify-center&quot;\"><span class=\"vtex-product-specification-badges-0-x-badgeText vtex-product-specification-badges-0-x-badgeText--benefits vtex-product-specification-badges-0-x-badgeText--ideal-para-una-habitacion-mediana vtex-product-specification-badges-0-x-badgeText--benefits--ideal-para-una-habitacion-mediana ma3 t-body c-muted-1 tc\">Ideal para una habitaci\u00f3n mediana<\/span><\/div>\n<\/div>\n<\/div>\n","protected":false},"featured_media":6578,"template":"","meta":{"site-sidebar-layout":"default","site-content-layout":"","ast-site-content-layout":"default","site-content-style":"default","site-sidebar-style":"default","ast-global-header-display":"","ast-banner-title-visibility":"","ast-main-header-display":"","ast-hfb-above-header-display":"","ast-hfb-below-header-display":"","ast-hfb-mobile-header-display":"","site-post-title":"","ast-breadcrumbs-content":"","ast-featured-img":"","footer-sml-layout":"","theme-transparent-header-meta":"default","adv-header-id-meta":"","stick-header-meta":"","header-above-stick-meta":"","header-main-stick-meta":"","header-below-stick-meta":"","astra-migrate-meta-layouts":"set","ast-page-background-enabled":"default","ast-page-background-meta":{"desktop":{"background-color":"","background-image":"","background-repeat":"repeat","background-position":"center center","background-size":"auto","background-attachment":"scroll","background-type":"","background-media":"","overlay-type":"","overlay-color":"","overlay-gradient":""},"tablet":{"background-color":"","background-image":"","background-repeat":"repeat","background-position":"center center","background-size":"auto","background-attachment":"scroll","background-type":"","background-media":"","overlay-type":"","overlay-color":"","overlay-gradient":""},"mobile":{"background-color":"","background-image":"","background-repeat":"repeat","background-position":"center center","background-size":"auto","background-attachment":"scroll","background-type":"","background-media":"","overlay-type":"","overlay-color":"","overlay-gradient":""}},"ast-content-background-meta":{"desktop":{"background-color":"var(--ast-global-color-5)","background-image":"","background-repeat":"repeat","background-position":"center center","background-size":"auto","background-attachment":"scroll","background-type":"","background-media":"","overlay-type":"","overlay-color":"","overlay-gradient":""},"tablet":{"background-color":"var(--ast-global-color-5)","background-image":"","background-repeat":"repeat","background-position":"center center","background-size":"auto","background-attachment":"scroll","background-type":"","background-media":"","overlay-type":"","overlay-color":"","overlay-gradient":""},"mobile":{"background-color":"var(--ast-global-color-5)","background-image":"","background-repeat":"repeat","background-position":"center center","background-size":"auto","background-attachment":"scroll","background-type":"","background-media":"","overlay-type":"","overlay-color":"","overlay-gradient":""}}},"product_brand":[],"product_cat":[48],"product_tag":[],"class_list":{"0":"post-6736","1":"product","2":"type-product","3":"status-publish","4":"has-post-thumbnail","6":"product_cat-mesas","7":"desktop-align-left","8":"tablet-align-left","9":"mobile-align-left","11":"first","12":"instock","13":"taxable","14":"shipping-taxable","15":"purchasable","16":"product-type-simple"},"aioseo_notices":[],"_links":{"self":[{"href":"https:\/\/mueblesbrambila.com\/index.php\/wp-json\/wp\/v2\/product\/6736","targetHints":{"allow":["GET"]}}],"collection":[{"href":"https:\/\/mueblesbrambila.com\/index.php\/wp-json\/wp\/v2\/product"}],"about":[{"href":"https:\/\/mueblesbrambila.com\/index.php\/wp-json\/wp\/v2\/types\/product"}],"wp:featuredmedia":[{"embeddable":true,"href":"https:\/\/mueblesbrambila.com\/index.php\/wp-json\/wp\/v2\/media\/6578"}],"wp:attachment":[{"href":"https:\/\/mueblesbrambila.com\/index.php\/wp-json\/wp\/v2\/media?parent=6736"}],"wp:term":[{"taxonomy":"product_brand","embeddable":true,"href":"https:\/\/mueblesbrambila.com\/index.php\/wp-json\/wp\/v2\/product_brand?post=6736"},{"taxonomy":"product_cat","embeddable":true,"href":"https:\/\/mueblesbrambila.com\/index.php\/wp-json\/wp\/v2\/product_cat?post=6736"},{"taxonomy":"product_tag","embeddable":true,"href":"https:\/\/mueblesbrambila.com\/index.php\/wp-json\/wp\/v2\/product_tag?post=6736"}],"curies":[{"name":"wp","href":"https:\/\/api.w.org\/{rel}","templated":true}]}}