{"id":6980,"date":"2023-08-26T16:59:00","date_gmt":"2023-08-26T16:59:00","guid":{"rendered":"https:\/\/mueblesbrambila.com\/?post_type=product&#038;p=6980"},"modified":"2025-07-30T00:59:11","modified_gmt":"2025-07-30T00:59:11","slug":"colchon-america-ribon","status":"publish","type":"product","link":"https:\/\/mueblesbrambila.com\/index.php\/product\/colchon-america-ribon\/","title":{"rendered":"COLCHON AMERICA RIBON"},"content":{"rendered":"<p><strong>COLCHON MATRIMONIAL AMERICA RIBON<\/strong><\/p>\n<ul>\n<li>Firmeza de Colchon: Semi-Firme<\/li>\n<li>510 Resortes<\/li>\n<li>Tela Tejida de Punto con Tratamiento Anti-bacterial<\/li>\n<li>Soporte: Unidad de Resortes Tipo INFINITI<\/li>\n<li>Doble Marco Perimetral de Acero Electrosoldado, Revenido y Engrapado a los Resortes<\/li>\n<li>Acojinamiento con Placa de Poliuretano + Marvesband<\/li>\n<li>Capitoneado con Capas de Peeler + Delcr\u00f3n<\/li>\n<li>Templado Thermo Flex<\/li>\n<li>Perfect Side: Dise\u00f1o que permite NO voltear el colch\u00f3n<\/li>\n<li>*NO INCLUYE BOX*<\/li>\n<\/ul>\n<p>&nbsp;<\/p>\n<p><strong>TECNOLOGIA<\/strong><\/p>\n<ul>\n<li><strong>Infiniti:<\/strong>\u00a0Resortes continuos y entrelazados que distribuye de manera uniforme el peso del cuerpo brindando un mejor descanso<\/li>\n<li><strong>Euro Pillow:<\/strong>\u00a0Cubierta superior conectada al colch\u00f3n para mayor comodidad<\/li>\n<\/ul>\n<p>Brinda descanso total a cada parte de tu cuerpo con colchones america. Los colchones que eliges para tu descanso son de suma importancia para tu salud y energ\u00eda. Tenemos los mejores colchones de las marcas de colchones m\u00e1s prestigiadas. Adem\u00e1s, manejamos todos los tama\u00f1os de colchones como colchon individual, colchon matrimonial, colchon queen size y colchon king size. Estos super colchones var\u00edan en tecnolog\u00edas; colchon memory foam y colchones orto-p\u00e9dicos, al igual que en las medidas de colchones; medidas colchon individual, medidas colchon matrimonial, colchon queen y colchon king size medidas. Los colchones america son buenos y de la mejor calidad con las mejores ofertas colchones. Despu\u00e9s de descansar en un colchon america matrimonial \/ colchones america king size \/ colchones america individual o queen no querr\u00e1s dejarlo nunca.\u00a0 Utilizar un cubre colchon har\u00e1 que las labores como limpiar un colchon sean m\u00e1s prolongadas.<\/p>\n<p>Los mejores colchones america precios los encuentras en Muebles Brambila<\/p>\n<h4><\/h4>\n<table width=\"309\">\n<tbody>\n<tr>\n<td style=\"text-align: center;\" width=\"150\"><strong>MEDIDA<\/strong><\/td>\n<td style=\"text-align: center;\" width=\"159\"><strong>DIMENSIONES<\/strong><\/td>\n<\/tr>\n<tr>\n<td width=\"150\">INDIVIDUAL<\/td>\n<td width=\"159\">1.90 X 1.00 mts.<\/td>\n<\/tr>\n<tr>\n<td width=\"150\">MATRIMONIAL<\/td>\n<td width=\"159\">1.90 x 1.36 mts.<\/td>\n<\/tr>\n<tr>\n<td width=\"150\">QUEEN SIZE<\/td>\n<td width=\"159\">1.90 x 1.50 mts.<\/td>\n<\/tr>\n<tr>\n<td width=\"150\">KING SIZE<\/td>\n<td width=\"159\">1.90 x 2.00 mts<\/td>\n<\/tr>\n<\/tbody>\n<\/table>\n","protected":false},"excerpt":{"rendered":"<p>El<strong>\u00a0modelo<em>\u00a0Ribon<\/em><\/strong>, de tama\u00f1o\u00a0<strong>matrimonial<\/strong>, cuenta con<strong>\u00a0510 resortes continuos<\/strong>\u00a0y\u00a0<strong>colchoneta est\u00e1ndar\u00a0<\/strong>con tela en tejido de punto de gran suavidad al tacto; cuidando de ti, posee un\u00a0<strong>tratamiento antibacteriano<\/strong>\u00a0y\u00a0<strong>retardante al fuego<\/strong>.<\/p>\n","protected":false},"featured_media":8657,"template":"","meta":{"site-sidebar-layout":"default","site-content-layout":"","ast-site-content-layout":"default","site-content-style":"default","site-sidebar-style":"default","ast-global-header-display":"","ast-banner-title-visibility":"","ast-main-header-display":"","ast-hfb-above-header-display":"","ast-hfb-below-header-display":"","ast-hfb-mobile-header-display":"","site-post-title":"","ast-breadcrumbs-content":"","ast-featured-img":"","footer-sml-layout":"","theme-transparent-header-meta":"default","adv-header-id-meta":"","stick-header-meta":"","header-above-stick-meta":"","header-main-stick-meta":"","header-below-stick-meta":"","astra-migrate-meta-layouts":"set","ast-page-background-enabled":"default","ast-page-background-meta":{"desktop":{"background-color":"","background-image":"","background-repeat":"repeat","background-position":"center center","background-size":"auto","background-attachment":"scroll","background-type":"","background-media":"","overlay-type":"","overlay-color":"","overlay-gradient":""},"tablet":{"background-color":"","background-image":"","background-repeat":"repeat","background-position":"center center","background-size":"auto","background-attachment":"scroll","background-type":"","background-media":"","overlay-type":"","overlay-color":"","overlay-gradient":""},"mobile":{"background-color":"","background-image":"","background-repeat":"repeat","background-position":"center center","background-size":"auto","background-attachment":"scroll","background-type":"","background-media":"","overlay-type":"","overlay-color":"","overlay-gradient":""}},"ast-content-background-meta":{"desktop":{"background-color":"var(--ast-global-color-5)","background-image":"","background-repeat":"repeat","background-position":"center center","background-size":"auto","background-attachment":"scroll","background-type":"","background-media":"","overlay-type":"","overlay-color":"","overlay-gradient":""},"tablet":{"background-color":"var(--ast-global-color-5)","background-image":"","background-repeat":"repeat","background-position":"center center","background-size":"auto","background-attachment":"scroll","background-type":"","background-media":"","overlay-type":"","overlay-color":"","overlay-gradient":""},"mobile":{"background-color":"var(--ast-global-color-5)","background-image":"","background-repeat":"repeat","background-position":"center center","background-size":"auto","background-attachment":"scroll","background-type":"","background-media":"","overlay-type":"","overlay-color":"","overlay-gradient":""}}},"product_brand":[],"product_cat":[47],"product_tag":[],"class_list":{"0":"post-6980","1":"product","2":"type-product","3":"status-publish","4":"has-post-thumbnail","6":"product_cat-colchones","7":"desktop-align-left","8":"tablet-align-left","9":"mobile-align-left","11":"first","12":"instock","13":"taxable","14":"shipping-taxable","15":"purchasable","16":"product-type-simple"},"aioseo_notices":[],"_links":{"self":[{"href":"https:\/\/mueblesbrambila.com\/index.php\/wp-json\/wp\/v2\/product\/6980","targetHints":{"allow":["GET"]}}],"collection":[{"href":"https:\/\/mueblesbrambila.com\/index.php\/wp-json\/wp\/v2\/product"}],"about":[{"href":"https:\/\/mueblesbrambila.com\/index.php\/wp-json\/wp\/v2\/types\/product"}],"wp:featuredmedia":[{"embeddable":true,"href":"https:\/\/mueblesbrambila.com\/index.php\/wp-json\/wp\/v2\/media\/8657"}],"wp:attachment":[{"href":"https:\/\/mueblesbrambila.com\/index.php\/wp-json\/wp\/v2\/media?parent=6980"}],"wp:term":[{"taxonomy":"product_brand","embeddable":true,"href":"https:\/\/mueblesbrambila.com\/index.php\/wp-json\/wp\/v2\/product_brand?post=6980"},{"taxonomy":"product_cat","embeddable":true,"href":"https:\/\/mueblesbrambila.com\/index.php\/wp-json\/wp\/v2\/product_cat?post=6980"},{"taxonomy":"product_tag","embeddable":true,"href":"https:\/\/mueblesbrambila.com\/index.php\/wp-json\/wp\/v2\/product_tag?post=6980"}],"curies":[{"name":"wp","href":"https:\/\/api.w.org\/{rel}","templated":true}]}}