{"id":6986,"date":"2023-08-26T17:17:54","date_gmt":"2023-08-26T17:17:54","guid":{"rendered":"https:\/\/mueblesbrambila.com\/?post_type=product&#038;p=6986"},"modified":"2025-07-30T01:03:18","modified_gmt":"2025-07-30T01:03:18","slug":"colchon-america-tampa","status":"publish","type":"product","link":"https:\/\/mueblesbrambila.com\/index.php\/product\/colchon-america-tampa\/","title":{"rendered":"COLCHON AMERICA TAMPA"},"content":{"rendered":"<ul>\n<li>Soporte: Unidad de resortes\u00a0<em>Infinity con do<\/em>ble marco perimetral de acero al alto carbono, electro soldado, revenido y engrapado a los resortes.<\/li>\n<li>Templado:\u00a0<em>THERMO-FLEX<\/em>\u00a0(Electro\u0301nico y en Horno a 280oC).<\/li>\n<li>Acojinamiento: Marvesbond + placas de poliuretano.<\/li>\n<li>Capitonado: Capas de peeler + delcro\u0301n.<\/li>\n<li>Tela: Tejido de punto con tratamiento antibacterial.<\/li>\n<li>Tecnologi\u0301as:\n<ul>\n<li>Sistema\u00a0<em>Infinity<\/em>: resortes de acero continuo y entrelazados.<\/li>\n<li>Sistema 2\u00a0<em>Pillow Top<\/em>: doble colchoneta.<\/li>\n<li>Sistema ortop\u00e9dico<\/li>\n<\/ul>\n<\/li>\n<li>NO INCLUYE BOX<\/li>\n<\/ul>\n","protected":false},"excerpt":{"rendered":"<p>Colch\u00f3n Am\u00e9rica Tampa con doble colchoneta y doble sistema de confort con sistema de resortes\u00a0<em>Infinity<\/em>\u00a0que lo hace m\u00e1s resistente y duradero, tiene 510 resortes con sistema doble de resortes perimetral que evitan te resbales al momento de sentarte en la orilla. Este colch\u00f3n te garantiza una mayor comodidad y suavidad m\u00e1xima con su doble colchoneta, tela fresca con tratamiento antibacterial y su estampado y capitoneado lo hacen lucir fant\u00e1stico.<\/p>\n","protected":false},"featured_media":8659,"template":"","meta":{"site-sidebar-layout":"default","site-content-layout":"","ast-site-content-layout":"default","site-content-style":"default","site-sidebar-style":"default","ast-global-header-display":"","ast-banner-title-visibility":"","ast-main-header-display":"","ast-hfb-above-header-display":"","ast-hfb-below-header-display":"","ast-hfb-mobile-header-display":"","site-post-title":"","ast-breadcrumbs-content":"","ast-featured-img":"","footer-sml-layout":"","theme-transparent-header-meta":"default","adv-header-id-meta":"","stick-header-meta":"","header-above-stick-meta":"","header-main-stick-meta":"","header-below-stick-meta":"","astra-migrate-meta-layouts":"set","ast-page-background-enabled":"default","ast-page-background-meta":{"desktop":{"background-color":"","background-image":"","background-repeat":"repeat","background-position":"center center","background-size":"auto","background-attachment":"scroll","background-type":"","background-media":"","overlay-type":"","overlay-color":"","overlay-gradient":""},"tablet":{"background-color":"","background-image":"","background-repeat":"repeat","background-position":"center center","background-size":"auto","background-attachment":"scroll","background-type":"","background-media":"","overlay-type":"","overlay-color":"","overlay-gradient":""},"mobile":{"background-color":"","background-image":"","background-repeat":"repeat","background-position":"center center","background-size":"auto","background-attachment":"scroll","background-type":"","background-media":"","overlay-type":"","overlay-color":"","overlay-gradient":""}},"ast-content-background-meta":{"desktop":{"background-color":"var(--ast-global-color-5)","background-image":"","background-repeat":"repeat","background-position":"center center","background-size":"auto","background-attachment":"scroll","background-type":"","background-media":"","overlay-type":"","overlay-color":"","overlay-gradient":""},"tablet":{"background-color":"var(--ast-global-color-5)","background-image":"","background-repeat":"repeat","background-position":"center center","background-size":"auto","background-attachment":"scroll","background-type":"","background-media":"","overlay-type":"","overlay-color":"","overlay-gradient":""},"mobile":{"background-color":"var(--ast-global-color-5)","background-image":"","background-repeat":"repeat","background-position":"center center","background-size":"auto","background-attachment":"scroll","background-type":"","background-media":"","overlay-type":"","overlay-color":"","overlay-gradient":""}}},"product_brand":[],"product_cat":[47],"product_tag":[],"class_list":{"0":"post-6986","1":"product","2":"type-product","3":"status-publish","4":"has-post-thumbnail","6":"product_cat-colchones","7":"desktop-align-left","8":"tablet-align-left","9":"mobile-align-left","11":"first","12":"instock","13":"taxable","14":"shipping-taxable","15":"purchasable","16":"product-type-simple"},"aioseo_notices":[],"_links":{"self":[{"href":"https:\/\/mueblesbrambila.com\/index.php\/wp-json\/wp\/v2\/product\/6986","targetHints":{"allow":["GET"]}}],"collection":[{"href":"https:\/\/mueblesbrambila.com\/index.php\/wp-json\/wp\/v2\/product"}],"about":[{"href":"https:\/\/mueblesbrambila.com\/index.php\/wp-json\/wp\/v2\/types\/product"}],"wp:featuredmedia":[{"embeddable":true,"href":"https:\/\/mueblesbrambila.com\/index.php\/wp-json\/wp\/v2\/media\/8659"}],"wp:attachment":[{"href":"https:\/\/mueblesbrambila.com\/index.php\/wp-json\/wp\/v2\/media?parent=6986"}],"wp:term":[{"taxonomy":"product_brand","embeddable":true,"href":"https:\/\/mueblesbrambila.com\/index.php\/wp-json\/wp\/v2\/product_brand?post=6986"},{"taxonomy":"product_cat","embeddable":true,"href":"https:\/\/mueblesbrambila.com\/index.php\/wp-json\/wp\/v2\/product_cat?post=6986"},{"taxonomy":"product_tag","embeddable":true,"href":"https:\/\/mueblesbrambila.com\/index.php\/wp-json\/wp\/v2\/product_tag?post=6986"}],"curies":[{"name":"wp","href":"https:\/\/api.w.org\/{rel}","templated":true}]}}