{"id":7621,"date":"2023-11-07T02:24:24","date_gmt":"2023-11-07T02:24:24","guid":{"rendered":"https:\/\/mueblesbrambila.com\/?post_type=product&#038;p=7621"},"modified":"2023-11-07T23:30:35","modified_gmt":"2023-11-07T23:30:35","slug":"pantalla-blux-smartv-uhd-4k-50-pulg-vidaa-50uhd23bvd","status":"publish","type":"product","link":"https:\/\/mueblesbrambila.com\/index.php\/product\/pantalla-blux-smartv-uhd-4k-50-pulg-vidaa-50uhd23bvd\/","title":{"rendered":"PANTALLA BLUX SMARTV UHD 4K 50 PULG. VIDAA 50UHD23BVD"},"content":{"rendered":"<ul class=\"reset-ul attributes-list\" data-v-5562248a=\"\" data-v-62349a2e=\"\">\n<li class=\"lh-20 border-b-cl-alto pb-10 mb-10 overflow-wrap-word\" data-v-58ef19d4=\"\" data-v-5562248a=\"\" data-v-62349a2e=\"\"><span class=\"fw-600\" data-v-58ef19d4=\"\"><strong>Marca<\/strong> <\/span><span class=\"fw-400 cl-mine-shaft text-right oveflow-wrap-word\" data-v-58ef19d4=\"\">BLUX<\/span><\/li>\n<li class=\"lh-20 border-b-cl-alto pb-10 mb-10 overflow-wrap-word\" data-v-58ef19d4=\"\" data-v-5562248a=\"\" data-v-62349a2e=\"\"><strong><span class=\"fw-600\" data-v-58ef19d4=\"\">Peso (kilogramos) <\/span><\/strong><span class=\"fw-400 cl-mine-shaft text-right oveflow-wrap-word\" data-v-58ef19d4=\"\">9.3<\/span><\/li>\n<li class=\"lh-20 border-b-cl-alto pb-10 mb-10 overflow-wrap-word\" data-v-58ef19d4=\"\" data-v-5562248a=\"\" data-v-62349a2e=\"\"><strong><span class=\"fw-600\" data-v-58ef19d4=\"\">Resolucion <\/span><\/strong><span class=\"fw-400 cl-mine-shaft text-right oveflow-wrap-word\" data-v-58ef19d4=\"\">4K<\/span><\/li>\n<li class=\"lh-20 border-b-cl-alto pb-10 mb-10 overflow-wrap-word\" data-v-58ef19d4=\"\" data-v-5562248a=\"\" data-v-62349a2e=\"\"><strong><span class=\"fw-600\" data-v-58ef19d4=\"\">Modelo <\/span><\/strong><span class=\"fw-400 cl-mine-shaft text-right oveflow-wrap-word\" data-v-58ef19d4=\"\">50UHD23BVD<\/span><\/li>\n<li class=\"lh-20 border-b-cl-alto pb-10 mb-10 overflow-wrap-word\" data-v-58ef19d4=\"\" data-v-5562248a=\"\" data-v-62349a2e=\"\"><strong><span class=\"fw-600\" data-v-58ef19d4=\"\">Medidas (fondo x largo x alto ) <\/span><\/strong><span class=\"fw-400 cl-mine-shaft text-right oveflow-wrap-word\" data-v-58ef19d4=\"\">8.8 x 111.6 x 64.8 cm<\/span><\/li>\n<li class=\"lh-20 border-b-cl-alto pb-10 mb-10 overflow-wrap-word\" data-v-58ef19d4=\"\" data-v-5562248a=\"\" data-v-62349a2e=\"\"><span class=\"fw-600\" data-v-58ef19d4=\"\"><strong>Sistema operativ<\/strong>o <\/span><span class=\"fw-400 cl-mine-shaft text-right oveflow-wrap-word\" data-v-58ef19d4=\"\">VIDAA<\/span><\/li>\n<li class=\"lh-20 border-b-cl-alto pb-10 mb-10 overflow-wrap-word\" data-v-58ef19d4=\"\" data-v-5562248a=\"\" data-v-62349a2e=\"\"><strong><span class=\"fw-600\" data-v-58ef19d4=\"\">Tama\u00f1o de pantalla <\/span><\/strong><span class=\"fw-400 cl-mine-shaft text-right oveflow-wrap-word\" data-v-58ef19d4=\"\">50\u00bb<\/span><\/li>\n<li class=\"lh-20 border-b-cl-alto pb-10 mb-10 overflow-wrap-word\" data-v-58ef19d4=\"\" data-v-5562248a=\"\" data-v-62349a2e=\"\"><strong><span class=\"fw-600\" data-v-58ef19d4=\"\">Entradas <\/span><\/strong><span class=\"fw-400 cl-mine-shaft text-right oveflow-wrap-word\" data-v-58ef19d4=\"\">HDMI 4<\/span><\/li>\n<li class=\"lh-20 border-b-cl-alto pb-10 mb-10 overflow-wrap-word\" data-v-58ef19d4=\"\" data-v-5562248a=\"\" data-v-62349a2e=\"\"><strong><span class=\"fw-600\" data-v-58ef19d4=\"\">Formato de audio <\/span><\/strong><span class=\"fw-400 cl-mine-shaft text-right oveflow-wrap-word\" data-v-58ef19d4=\"\">NO<\/span><\/li>\n<li class=\"lh-20 border-b-cl-alto pb-10 mb-10 overflow-wrap-word\" data-v-58ef19d4=\"\" data-v-5562248a=\"\" data-v-62349a2e=\"\"><strong><span class=\"fw-600\" data-v-58ef19d4=\"\">Tecnologia <\/span><\/strong><span class=\"fw-400 cl-mine-shaft text-right oveflow-wrap-word\" data-v-58ef19d4=\"\">LED<\/span><\/li>\n<\/ul>\n","protected":false},"excerpt":{"rendered":"<p>MOD: 50UHD23BVD<\/p>\n<p>La Pantalla Blux 50UHD23BVD de 50 Pulgadas con una impresionante resoluci\u00f3n 4K y tecnolog\u00eda LED. La resoluci\u00f3n 4K ofrece una calidad de imagen superior con detalles n\u00edtidos y colores vibrantes, lo que brinda una experiencia de visualizaci\u00f3n inmersiva. Cuenta con 4 entradas HDMI, lo que te permite conectar varios dispositivos externos, como reproductores de Blu-ray, consolas de videojuegos y decodificadores de televisi\u00f3n por cable\/sat\u00e9lite. Adem\u00e1s, su sistema operativo VIDDA te permite disfrutar servicios de transmisi\u00f3n en l\u00ednea, como Netflix, YouTube y m\u00e1s.<\/p>\n","protected":false},"featured_media":7627,"template":"","meta":{"site-sidebar-layout":"default","site-content-layout":"","ast-site-content-layout":"default","site-content-style":"default","site-sidebar-style":"default","ast-global-header-display":"","ast-banner-title-visibility":"","ast-main-header-display":"","ast-hfb-above-header-display":"","ast-hfb-below-header-display":"","ast-hfb-mobile-header-display":"","site-post-title":"","ast-breadcrumbs-content":"","ast-featured-img":"","footer-sml-layout":"","theme-transparent-header-meta":"default","adv-header-id-meta":"","stick-header-meta":"","header-above-stick-meta":"","header-main-stick-meta":"","header-below-stick-meta":"","astra-migrate-meta-layouts":"set","ast-page-background-enabled":"default","ast-page-background-meta":{"desktop":{"background-color":"","background-image":"","background-repeat":"repeat","background-position":"center center","background-size":"auto","background-attachment":"scroll","background-type":"","background-media":"","overlay-type":"","overlay-color":"","overlay-gradient":""},"tablet":{"background-color":"","background-image":"","background-repeat":"repeat","background-position":"center center","background-size":"auto","background-attachment":"scroll","background-type":"","background-media":"","overlay-type":"","overlay-color":"","overlay-gradient":""},"mobile":{"background-color":"","background-image":"","background-repeat":"repeat","background-position":"center center","background-size":"auto","background-attachment":"scroll","background-type":"","background-media":"","overlay-type":"","overlay-color":"","overlay-gradient":""}},"ast-content-background-meta":{"desktop":{"background-color":"var(--ast-global-color-5)","background-image":"","background-repeat":"repeat","background-position":"center center","background-size":"auto","background-attachment":"scroll","background-type":"","background-media":"","overlay-type":"","overlay-color":"","overlay-gradient":""},"tablet":{"background-color":"var(--ast-global-color-5)","background-image":"","background-repeat":"repeat","background-position":"center center","background-size":"auto","background-attachment":"scroll","background-type":"","background-media":"","overlay-type":"","overlay-color":"","overlay-gradient":""},"mobile":{"background-color":"var(--ast-global-color-5)","background-image":"","background-repeat":"repeat","background-position":"center center","background-size":"auto","background-attachment":"scroll","background-type":"","background-media":"","overlay-type":"","overlay-color":"","overlay-gradient":""}}},"product_brand":[],"product_cat":[33],"product_tag":[],"class_list":{"0":"post-7621","1":"product","2":"type-product","3":"status-publish","4":"has-post-thumbnail","6":"product_cat-electrodomesticos","7":"desktop-align-left","8":"tablet-align-left","9":"mobile-align-left","11":"first","12":"instock","13":"taxable","14":"shipping-taxable","15":"product-type-simple"},"aioseo_notices":[],"_links":{"self":[{"href":"https:\/\/mueblesbrambila.com\/index.php\/wp-json\/wp\/v2\/product\/7621","targetHints":{"allow":["GET"]}}],"collection":[{"href":"https:\/\/mueblesbrambila.com\/index.php\/wp-json\/wp\/v2\/product"}],"about":[{"href":"https:\/\/mueblesbrambila.com\/index.php\/wp-json\/wp\/v2\/types\/product"}],"wp:featuredmedia":[{"embeddable":true,"href":"https:\/\/mueblesbrambila.com\/index.php\/wp-json\/wp\/v2\/media\/7627"}],"wp:attachment":[{"href":"https:\/\/mueblesbrambila.com\/index.php\/wp-json\/wp\/v2\/media?parent=7621"}],"wp:term":[{"taxonomy":"product_brand","embeddable":true,"href":"https:\/\/mueblesbrambila.com\/index.php\/wp-json\/wp\/v2\/product_brand?post=7621"},{"taxonomy":"product_cat","embeddable":true,"href":"https:\/\/mueblesbrambila.com\/index.php\/wp-json\/wp\/v2\/product_cat?post=7621"},{"taxonomy":"product_tag","embeddable":true,"href":"https:\/\/mueblesbrambila.com\/index.php\/wp-json\/wp\/v2\/product_tag?post=7621"}],"curies":[{"name":"wp","href":"https:\/\/api.w.org\/{rel}","templated":true}]}}