{"id":7648,"date":"2023-11-08T00:09:16","date_gmt":"2023-11-08T00:09:16","guid":{"rendered":"https:\/\/mueblesbrambila.com\/?post_type=product&#038;p=7648"},"modified":"2023-11-08T00:09:38","modified_gmt":"2023-11-08T00:09:38","slug":"armonia-plus-bateria-peltre-beige","status":"publish","type":"product","link":"https:\/\/mueblesbrambila.com\/index.php\/product\/armonia-plus-bateria-peltre-beige\/","title":{"rendered":"ARMONIA PLUS BATERIA PELTRE BEIGE"},"content":{"rendered":"<p>El acero vitrificado CINSA es un material hecho con un alma de acero de carbono y una cubierta de vitrificado CINSA que le brinda una superficie id\u00f3nea para cocinar alimentos por ser un producto resistente, seguro y durable. Se elabora mediante un proceso de ingenier\u00eda de alta tecnolog\u00eda y de un trabajo hecho por maestros artesanos que conjuntan la habilidad y la calidad en su trabajo.<\/p>\n<p><strong>Contenido:<\/strong><br \/>\nIncluye 14 piezas:<br \/>\n-Olla 24 cm capacidad 7.7 Litros<br \/>\n-Arrocera 24 cm capacidad 4 Litros<br \/>\n-Olla 18 cm capacidad 3 Litros<br \/>\n-Arrocera 20 cm capacidad 2 Litros<br \/>\n-Cacerola Semi honda 18 cm capacidad 1 Litro<br \/>\n-Cacerola 13.5 cm capacidad .85 Litros<br \/>\n-Hervidor 18 cm capacidad 3.8 Litros<br \/>\n-Hervidor 10 cm capacidad .7 Litros<br \/>\n-Sart\u00e9n 22 cm<br \/>\n-Cuchara 30 cm<br \/>\n-Tapa intercambiable de peltre 24 cm<br \/>\n-Tapa intercambiable de peltre 18 cm<br \/>\n-Tapa intercambiable de pl\u00e1stico 24 cm<br \/>\n-Tapa de pl\u00e1stico 20 cm<\/p>\n<p>-Estufa de gas.<br \/>\n-Estufa el\u00e9ctrica.<\/p>\n<p>x Evita el uso en microondas y en estufa de inducci\u00f3n.<\/p>\n<h2 class=\"ui-pdp-specs__title\">Caracter\u00edsticas principales<\/h2>\n<div class=\"ui-pdp-specs__table\">\n<table class=\"andes-table\">\n<tbody class=\"andes-table__body\">\n<tr class=\"andes-table__row\">\n<th class=\"andes-table__header andes-table__header--left ui-pdp-specs__table__column ui-pdp-specs__table__column-title\" scope=\"col\">\n<div class=\"andes-table__header__container\">Marca<\/div>\n<\/th>\n<td id=\":R2j7n5l2cd:\" class=\"andes-table__column andes-table__column--left andes-table__column--vertical-align-center ui-pdp-specs__table__column\" title=\"Cinsa\"><span class=\"andes-table__column--value\">Cinsa<\/span><\/td>\n<\/tr>\n<tr class=\"andes-table__row\">\n<th class=\"andes-table__header andes-table__header--left ui-pdp-specs__table__column ui-pdp-specs__table__column-title\" scope=\"col\">\n<div class=\"andes-table__header__container\">L\u00ednea<\/div>\n<\/th>\n<td id=\":R2jbn5l2cd:\" class=\"andes-table__column andes-table__column--left andes-table__column--vertical-align-center ui-pdp-specs__table__column\" title=\"Cl\u00e1sica\"><span class=\"andes-table__column--value\">Cl\u00e1sica<\/span><\/td>\n<\/tr>\n<tr class=\"andes-table__row\">\n<th class=\"andes-table__header andes-table__header--left ui-pdp-specs__table__column ui-pdp-specs__table__column-title\" scope=\"col\">\n<div class=\"andes-table__header__container\">Modelo<\/div>\n<\/th>\n<td id=\":R2jfn5l2cd:\" class=\"andes-table__column andes-table__column--left andes-table__column--vertical-align-center ui-pdp-specs__table__column\" title=\"Armon\u00eda Plus\"><span class=\"andes-table__column--value\">Armon\u00eda Plus<\/span><\/td>\n<\/tr>\n<tr class=\"andes-table__row\">\n<th class=\"andes-table__header andes-table__header--left ui-pdp-specs__table__column ui-pdp-specs__table__column-title\" scope=\"col\">\n<div class=\"andes-table__header__container\">Cantidad de piezas<\/div>\n<\/th>\n<td id=\":R2jjn5l2cd:\" class=\"andes-table__column andes-table__column--left andes-table__column--vertical-align-center ui-pdp-specs__table__column\" title=\"14\"><span class=\"andes-table__column--value\">14<\/span><\/td>\n<\/tr>\n<\/tbody>\n<\/table>\n<\/div>\n<h3 class=\"ui-pdp-specs__subtitle\">Otras caracter\u00edsticas<\/h3>\n<div class=\"ui-pdp-list ui-pdp-specs__list\">\n<ul class=\"ui-pdp-list__wrapper\">\n<li class=\"ui-pdp-list__item\">\n<p class=\"ui-pdp-family--REGULAR ui-pdp-list__text\"><span class=\"ui-pdp-color--BLACK ui-pdp-size--XSMALL ui-pdp-family--BOLD\">Materiales<\/span>: Acero vitrificado<\/p>\n<\/li>\n<li class=\"ui-pdp-list__item\">\n<p class=\"ui-pdp-family--REGULAR ui-pdp-list__text\"><span class=\"ui-pdp-color--BLACK ui-pdp-size--XSMALL ui-pdp-family--BOLD\">Con revestimiento antiadherente<\/span>: No<\/p>\n<\/li>\n<\/ul>\n<ul class=\"ui-pdp-list__wrapper\">\n<li class=\"ui-pdp-list__item\">\n<p class=\"ui-pdp-family--REGULAR ui-pdp-list__text\"><span class=\"ui-pdp-color--BLACK ui-pdp-size--XSMALL ui-pdp-family--BOLD\">Piezas incluidas<\/span>: 14<\/p>\n<\/li>\n<\/ul>\n<\/div>\n","protected":false},"excerpt":{"rendered":"<p>MOD: ARMON\u00cdA PLUS<\/p>\n<p>Caracter\u00edsticas:<br \/>\n-Ligero<br \/>\n-F\u00e1cil de lavar<br \/>\n-Conserva su color y brillo<br \/>\n-No altera el sabor ni las propiedades de los alimentos<br \/>\n-Resistente y durable<br \/>\n-El acero conserva el calor en la pieza<br \/>\n-100% libre de t\u00f3xicos<\/p>\n","protected":false},"featured_media":7654,"template":"","meta":{"site-sidebar-layout":"default","site-content-layout":"","ast-site-content-layout":"default","site-content-style":"default","site-sidebar-style":"default","ast-global-header-display":"","ast-banner-title-visibility":"","ast-main-header-display":"","ast-hfb-above-header-display":"","ast-hfb-below-header-display":"","ast-hfb-mobile-header-display":"","site-post-title":"","ast-breadcrumbs-content":"","ast-featured-img":"","footer-sml-layout":"","theme-transparent-header-meta":"default","adv-header-id-meta":"","stick-header-meta":"","header-above-stick-meta":"","header-main-stick-meta":"","header-below-stick-meta":"","astra-migrate-meta-layouts":"set","ast-page-background-enabled":"default","ast-page-background-meta":{"desktop":{"background-color":"","background-image":"","background-repeat":"repeat","background-position":"center center","background-size":"auto","background-attachment":"scroll","background-type":"","background-media":"","overlay-type":"","overlay-color":"","overlay-gradient":""},"tablet":{"background-color":"","background-image":"","background-repeat":"repeat","background-position":"center center","background-size":"auto","background-attachment":"scroll","background-type":"","background-media":"","overlay-type":"","overlay-color":"","overlay-gradient":""},"mobile":{"background-color":"","background-image":"","background-repeat":"repeat","background-position":"center center","background-size":"auto","background-attachment":"scroll","background-type":"","background-media":"","overlay-type":"","overlay-color":"","overlay-gradient":""}},"ast-content-background-meta":{"desktop":{"background-color":"var(--ast-global-color-5)","background-image":"","background-repeat":"repeat","background-position":"center center","background-size":"auto","background-attachment":"scroll","background-type":"","background-media":"","overlay-type":"","overlay-color":"","overlay-gradient":""},"tablet":{"background-color":"var(--ast-global-color-5)","background-image":"","background-repeat":"repeat","background-position":"center center","background-size":"auto","background-attachment":"scroll","background-type":"","background-media":"","overlay-type":"","overlay-color":"","overlay-gradient":""},"mobile":{"background-color":"var(--ast-global-color-5)","background-image":"","background-repeat":"repeat","background-position":"center center","background-size":"auto","background-attachment":"scroll","background-type":"","background-media":"","overlay-type":"","overlay-color":"","overlay-gradient":""}}},"product_brand":[],"product_cat":[38],"product_tag":[],"class_list":{"0":"post-7648","1":"product","2":"type-product","3":"status-publish","4":"has-post-thumbnail","6":"product_cat-decoracion","7":"desktop-align-left","8":"tablet-align-left","9":"mobile-align-left","11":"first","12":"instock","13":"taxable","14":"shipping-taxable","15":"product-type-simple"},"aioseo_notices":[],"_links":{"self":[{"href":"https:\/\/mueblesbrambila.com\/index.php\/wp-json\/wp\/v2\/product\/7648","targetHints":{"allow":["GET"]}}],"collection":[{"href":"https:\/\/mueblesbrambila.com\/index.php\/wp-json\/wp\/v2\/product"}],"about":[{"href":"https:\/\/mueblesbrambila.com\/index.php\/wp-json\/wp\/v2\/types\/product"}],"wp:featuredmedia":[{"embeddable":true,"href":"https:\/\/mueblesbrambila.com\/index.php\/wp-json\/wp\/v2\/media\/7654"}],"wp:attachment":[{"href":"https:\/\/mueblesbrambila.com\/index.php\/wp-json\/wp\/v2\/media?parent=7648"}],"wp:term":[{"taxonomy":"product_brand","embeddable":true,"href":"https:\/\/mueblesbrambila.com\/index.php\/wp-json\/wp\/v2\/product_brand?post=7648"},{"taxonomy":"product_cat","embeddable":true,"href":"https:\/\/mueblesbrambila.com\/index.php\/wp-json\/wp\/v2\/product_cat?post=7648"},{"taxonomy":"product_tag","embeddable":true,"href":"https:\/\/mueblesbrambila.com\/index.php\/wp-json\/wp\/v2\/product_tag?post=7648"}],"curies":[{"name":"wp","href":"https:\/\/api.w.org\/{rel}","templated":true}]}}