{"id":7673,"date":"2023-11-08T00:49:24","date_gmt":"2023-11-08T00:49:24","guid":{"rendered":"https:\/\/mueblesbrambila.com\/?post_type=product&#038;p=7673"},"modified":"2023-11-08T00:49:25","modified_gmt":"2023-11-08T00:49:25","slug":"bateria-aluminio-con-teflon-tramontina-8pzs","status":"publish","type":"product","link":"https:\/\/mueblesbrambila.com\/index.php\/product\/bateria-aluminio-con-teflon-tramontina-8pzs\/","title":{"rendered":"BATERIA ALUMINIO CON TEFLON TRAMONTINA 8PZS."},"content":{"rendered":"<p>La Bater\u00eda de Cocina Formia en color negro de Tramontina, es indispensable para quienes buscan completar su cocina con mucho m\u00e1s estilo y versatilidad.<\/p>\n<p>Piezas de aluminio con revestimiento interno y externo antiadherente Starfl\u00f3n Max, caracter\u00edsticas que proporcionan una cocci\u00f3n uniforme de los alimentos y evitan que se peguen a su superficie. Sin necesidad de usar grasa o aceite<\/p>\n<p>Las tapas cuentan con un dise\u00f1o elegante, fabricadas de vidrio templado con bordes de acero inoxidable y salida de vapor. Mangos y asas de material antit\u00e9rmico, material que garantiza seguridad y comodidad durante el manejo.<\/p>\n<div class=\"ui-pdp-container__row ui-pdp-container__row--highlighted-specs-title\">\n<h6 class=\"ui-vpp-text-alignment--left ui-pdp-color--BLACK ui-pdp-size--XLARGE ui-pdp-family--REGULAR highlighted-specs-title\"><span style=\"font-size: 1.5em; font-weight: bold;\">Caracter\u00edsticas principales<\/span><\/h6>\n<\/div>\n<div class=\"ui-pdp-container__row ui-pdp-container__row--technical-specifications\">\n<div class=\"ui-pdp-collapsable ui-vpp-highlighted-specs__striped-collapsed__action\">\n<div class=\"ui-pdp-collapsable__container\">\n<div class=\"ui-vpp-highlighted-specs__striped-specs\">\n<div class=\"ui-vpp-striped-specs\">\n<div class=\"ui-vpp-striped-specs__table\">\n<table class=\"andes-table\">\n<tbody class=\"andes-table__body\">\n<tr class=\"andes-table__row ui-vpp-striped-specs__row\">\n<th class=\"andes-table__header andes-table__header--left ui-vpp-striped-specs__row__column ui-vpp-striped-specs__row__column--id\" scope=\"col\">\n<div class=\"andes-table__header__container\">Marca<\/div>\n<\/th>\n<td id=\":Racvan9lacd:\" class=\"andes-table__column andes-table__column--left andes-table__column--vertical-align-center ui-vpp-striped-specs__row__column\" title=\"Tramontina\"><span class=\"andes-table__column--value\">Tramontina<\/span><\/td>\n<\/tr>\n<tr class=\"andes-table__row ui-vpp-striped-specs__row\">\n<th class=\"andes-table__header andes-table__header--left ui-vpp-striped-specs__row__column ui-vpp-striped-specs__row__column--id\" scope=\"col\">\n<div class=\"andes-table__header__container\">L\u00ednea<\/div>\n<\/th>\n<td id=\":Radfan9lacd:\" class=\"andes-table__column andes-table__column--left andes-table__column--vertical-align-center ui-vpp-striped-specs__row__column\" title=\"Formia\"><span class=\"andes-table__column--value\">Formia<\/span><\/td>\n<\/tr>\n<tr class=\"andes-table__row ui-vpp-striped-specs__row\">\n<th class=\"andes-table__header andes-table__header--left ui-vpp-striped-specs__row__column ui-vpp-striped-specs__row__column--id\" scope=\"col\">\n<div class=\"andes-table__header__container\">Modelo<\/div>\n<\/th>\n<td id=\":Radvan9lacd:\" class=\"andes-table__column andes-table__column--left andes-table__column--vertical-align-center ui-vpp-striped-specs__row__column\" title=\"28399000\"><span class=\"andes-table__column--value\">28399000<\/span><\/td>\n<\/tr>\n<tr class=\"andes-table__row ui-vpp-striped-specs__row\">\n<th class=\"andes-table__header andes-table__header--left ui-vpp-striped-specs__row__column ui-vpp-striped-specs__row__column--id\" scope=\"col\">\n<div class=\"andes-table__header__container\">Cantidad de piezas<\/div>\n<\/th>\n<td id=\":Raefan9lacd:\" class=\"andes-table__column andes-table__column--left andes-table__column--vertical-align-center ui-vpp-striped-specs__row__column\" title=\"8\"><span class=\"andes-table__column--value\">8<\/span><\/td>\n<\/tr>\n<tr class=\"andes-table__row ui-vpp-striped-specs__row\">\n<th class=\"andes-table__header andes-table__header--left ui-vpp-striped-specs__row__column ui-vpp-striped-specs__row__column--id\" scope=\"col\">\n<div class=\"andes-table__header__container\">Color<\/div>\n<\/th>\n<td id=\":Raevan9lacd:\" class=\"andes-table__column andes-table__column--left andes-table__column--vertical-align-center ui-vpp-striped-specs__row__column\" title=\"Negro\"><span class=\"andes-table__column--value\">Negro<\/span><\/td>\n<\/tr>\n<\/tbody>\n<\/table>\n<\/div>\n<\/div>\n<div class=\"ui-vpp-striped-specs\">\n<div class=\"ui-vpp-striped-specs__table\">\n<h3 class=\"ui-vpp-striped-specs__header\">Otras caracter\u00edsticas<\/h3>\n<table class=\"andes-table\">\n<tbody class=\"andes-table__body\">\n<tr class=\"andes-table__row ui-vpp-striped-specs__row\">\n<th class=\"andes-table__header andes-table__header--left ui-vpp-striped-specs__row__column ui-vpp-striped-specs__row__column--id\" scope=\"col\">\n<div class=\"andes-table__header__container\">Materiales<\/div>\n<\/th>\n<td id=\":Racvcn9lacd:\" class=\"andes-table__column andes-table__column--left andes-table__column--vertical-align-center ui-vpp-striped-specs__row__column\" title=\"Alumino con antiadherente\"><span class=\"andes-table__column--value\">Alumino con antiadherente<\/span><\/td>\n<\/tr>\n<tr class=\"andes-table__row ui-vpp-striped-specs__row\">\n<th class=\"andes-table__header andes-table__header--left ui-vpp-striped-specs__row__column ui-vpp-striped-specs__row__column--id\" scope=\"col\">\n<div class=\"andes-table__header__container\">Con revestimiento antiadherente<\/div>\n<\/th>\n<td id=\":Radfcn9lacd:\" class=\"andes-table__column andes-table__column--left andes-table__column--vertical-align-center ui-vpp-striped-specs__row__column\" title=\"S\u00ed\"><span class=\"andes-table__column--value\">S\u00ed<\/span><\/td>\n<\/tr>\n<tr class=\"andes-table__row ui-vpp-striped-specs__row\">\n<th class=\"andes-table__header andes-table__header--left ui-vpp-striped-specs__row__column ui-vpp-striped-specs__row__column--id\" scope=\"col\">\n<div class=\"andes-table__header__container\">Piezas incluidas<\/div>\n<\/th>\n<td id=\":Radvcn9lacd:\" class=\"andes-table__column andes-table__column--left andes-table__column--vertical-align-center ui-vpp-striped-specs__row__column\" title=\"1 Cazo 20 cm 2.8L con tapa.\n1 Hervidor 12 cm 1 L.\n1 Sart\u00e9n 20 cm 800 mL.\n1 Olla 16 cm 1.4L con tapa.\n1 Olla 18cm 2L con tapa.\"><span class=\"andes-table__column--value\">1 Cazo 20 cm 2.8L con tapa. 1 Hervidor 12 cm 1 L. 1 Sart\u00e9n 20 cm 800 mL. 1 Olla 16 cm 1.4L con tapa. 1 Olla 18cm 2L con tapa.<\/span><\/td>\n<\/tr>\n<tr class=\"andes-table__row ui-vpp-striped-specs__row\">\n<th class=\"andes-table__header andes-table__header--left ui-vpp-striped-specs__row__column ui-vpp-striped-specs__row__column--id\" scope=\"col\">\n<div class=\"andes-table__header__container\">Material de la manija<\/div>\n<\/th>\n<td id=\":Raefcn9lacd:\" class=\"andes-table__column andes-table__column--left andes-table__column--vertical-align-center ui-vpp-striped-specs__row__column\" title=\"Baquelita antit\u00e9rmica\"><span class=\"andes-table__column--value\">Baquelita antit\u00e9rmica<\/span><\/td>\n<\/tr>\n<tr class=\"andes-table__row ui-vpp-striped-specs__row\">\n<th class=\"andes-table__header andes-table__header--left ui-vpp-striped-specs__row__column ui-vpp-striped-specs__row__column--id\" scope=\"col\">\n<div class=\"andes-table__header__container\">Es apto para lavavajillas<\/div>\n<\/th>\n<td id=\":Raevcn9lacd:\" class=\"andes-table__column andes-table__column--left andes-table__column--vertical-align-center ui-vpp-striped-specs__row__column\" title=\"S\u00ed\"><span class=\"andes-table__column--value\">S\u00ed<\/span><\/td>\n<\/tr>\n<tr class=\"andes-table__row ui-vpp-striped-specs__row\">\n<th class=\"andes-table__header andes-table__header--left ui-vpp-striped-specs__row__column ui-vpp-striped-specs__row__column--id\" scope=\"col\">\n<div class=\"andes-table__header__container\">Es inflamable<\/div>\n<\/th>\n<td id=\":Raffcn9lacd:\" class=\"andes-table__column andes-table__column--left andes-table__column--vertical-align-center ui-vpp-striped-specs__row__column\" title=\"No\"><span class=\"andes-table__column--value\">No<\/span><\/td>\n<\/tr>\n<tr class=\"andes-table__row ui-vpp-striped-specs__row\">\n<th class=\"andes-table__header andes-table__header--left ui-vpp-striped-specs__row__column ui-vpp-striped-specs__row__column--id\" scope=\"col\">\n<div class=\"andes-table__header__container\">Es kit<\/div>\n<\/th>\n<td id=\":Rafvcn9lacd:\" class=\"andes-table__column andes-table__column--left andes-table__column--vertical-align-center ui-vpp-striped-specs__row__column\" title=\"S\u00ed\"><span class=\"andes-table__column--value\">S\u00ed<\/span><\/td>\n<\/tr>\n<\/tbody>\n<\/table>\n<\/div>\n<\/div>\n<\/div>\n<\/div>\n<\/div>\n<\/div>\n","protected":false},"excerpt":{"rendered":"<p>MOD: FORMIA<\/p>\n<table class=\"a-normal a-spacing-micro\">\n<tbody>\n<tr class=\"a-spacing-small po-material\">\n<td class=\"a-span3\"><span class=\"a-size-base a-text-bold\">Material<\/span><\/td>\n<td class=\"a-span9\"><span class=\"a-size-base po-break-word\">Acero inoxidable<\/span><\/td>\n<\/tr>\n<tr class=\"a-spacing-small po-color\">\n<td class=\"a-span3\"><span class=\"a-size-base a-text-bold\">Color<\/span><\/td>\n<td class=\"a-span9\"><span class=\"a-size-base po-break-word\">Negro<\/span><\/td>\n<\/tr>\n<tr class=\"a-spacing-small po-brand\">\n<td class=\"a-span3\"><span class=\"a-size-base a-text-bold\">Marca<\/span><\/td>\n<td class=\"a-span9\"><span class=\"a-size-base po-break-word\">Tramontina<\/span><\/td>\n<\/tr>\n<tr class=\"a-spacing-small po-size\">\n<td class=\"a-span3\"><span class=\"a-size-base a-text-bold\">Tama\u00f1o<\/span><\/td>\n<td class=\"a-span9\"><span class=\"a-size-base po-break-word\">Est\u00e1ndar<\/span><\/td>\n<\/tr>\n<tr class=\"a-spacing-small po-is_dishwasher_safe\">\n<td class=\"a-span3\"><span class=\"a-size-base a-text-bold\">Se puede lavar en el lavaplatos<\/span><\/td>\n<td class=\"a-span9\"><span class=\"a-size-base po-break-word\">S\u00ed<\/span><\/td>\n<\/tr>\n<\/tbody>\n<\/table>\n<p>&nbsp;<\/p>\n","protected":false},"featured_media":7679,"template":"","meta":{"site-sidebar-layout":"default","site-content-layout":"","ast-site-content-layout":"default","site-content-style":"default","site-sidebar-style":"default","ast-global-header-display":"","ast-banner-title-visibility":"","ast-main-header-display":"","ast-hfb-above-header-display":"","ast-hfb-below-header-display":"","ast-hfb-mobile-header-display":"","site-post-title":"","ast-breadcrumbs-content":"","ast-featured-img":"","footer-sml-layout":"","theme-transparent-header-meta":"default","adv-header-id-meta":"","stick-header-meta":"","header-above-stick-meta":"","header-main-stick-meta":"","header-below-stick-meta":"","astra-migrate-meta-layouts":"set","ast-page-background-enabled":"default","ast-page-background-meta":{"desktop":{"background-color":"","background-image":"","background-repeat":"repeat","background-position":"center center","background-size":"auto","background-attachment":"scroll","background-type":"","background-media":"","overlay-type":"","overlay-color":"","overlay-gradient":""},"tablet":{"background-color":"","background-image":"","background-repeat":"repeat","background-position":"center center","background-size":"auto","background-attachment":"scroll","background-type":"","background-media":"","overlay-type":"","overlay-color":"","overlay-gradient":""},"mobile":{"background-color":"","background-image":"","background-repeat":"repeat","background-position":"center center","background-size":"auto","background-attachment":"scroll","background-type":"","background-media":"","overlay-type":"","overlay-color":"","overlay-gradient":""}},"ast-content-background-meta":{"desktop":{"background-color":"var(--ast-global-color-5)","background-image":"","background-repeat":"repeat","background-position":"center center","background-size":"auto","background-attachment":"scroll","background-type":"","background-media":"","overlay-type":"","overlay-color":"","overlay-gradient":""},"tablet":{"background-color":"var(--ast-global-color-5)","background-image":"","background-repeat":"repeat","background-position":"center center","background-size":"auto","background-attachment":"scroll","background-type":"","background-media":"","overlay-type":"","overlay-color":"","overlay-gradient":""},"mobile":{"background-color":"var(--ast-global-color-5)","background-image":"","background-repeat":"repeat","background-position":"center center","background-size":"auto","background-attachment":"scroll","background-type":"","background-media":"","overlay-type":"","overlay-color":"","overlay-gradient":""}}},"product_brand":[],"product_cat":[38],"product_tag":[],"class_list":{"0":"post-7673","1":"product","2":"type-product","3":"status-publish","4":"has-post-thumbnail","6":"product_cat-decoracion","7":"desktop-align-left","8":"tablet-align-left","9":"mobile-align-left","11":"first","12":"instock","13":"taxable","14":"shipping-taxable","15":"product-type-simple"},"aioseo_notices":[],"_links":{"self":[{"href":"https:\/\/mueblesbrambila.com\/index.php\/wp-json\/wp\/v2\/product\/7673","targetHints":{"allow":["GET"]}}],"collection":[{"href":"https:\/\/mueblesbrambila.com\/index.php\/wp-json\/wp\/v2\/product"}],"about":[{"href":"https:\/\/mueblesbrambila.com\/index.php\/wp-json\/wp\/v2\/types\/product"}],"wp:featuredmedia":[{"embeddable":true,"href":"https:\/\/mueblesbrambila.com\/index.php\/wp-json\/wp\/v2\/media\/7679"}],"wp:attachment":[{"href":"https:\/\/mueblesbrambila.com\/index.php\/wp-json\/wp\/v2\/media?parent=7673"}],"wp:term":[{"taxonomy":"product_brand","embeddable":true,"href":"https:\/\/mueblesbrambila.com\/index.php\/wp-json\/wp\/v2\/product_brand?post=7673"},{"taxonomy":"product_cat","embeddable":true,"href":"https:\/\/mueblesbrambila.com\/index.php\/wp-json\/wp\/v2\/product_cat?post=7673"},{"taxonomy":"product_tag","embeddable":true,"href":"https:\/\/mueblesbrambila.com\/index.php\/wp-json\/wp\/v2\/product_tag?post=7673"}],"curies":[{"name":"wp","href":"https:\/\/api.w.org\/{rel}","templated":true}]}}