{"id":7718,"date":"2023-11-08T02:13:47","date_gmt":"2023-11-08T02:13:47","guid":{"rendered":"https:\/\/mueblesbrambila.com\/?post_type=product&#038;p=7718"},"modified":"2023-11-08T16:42:50","modified_gmt":"2023-11-08T16:42:50","slug":"freidora-de-aire-oster-4-litros-digital-ckstaf40d013","status":"publish","type":"product","link":"https:\/\/mueblesbrambila.com\/index.php\/product\/freidora-de-aire-oster-4-litros-digital-ckstaf40d013\/","title":{"rendered":"FREIDORA DE AIRE OSTER 4 LITROS DIGITAL CKSTAF40D013"},"content":{"rendered":"<p>Oster es una marca norteamericana con m\u00e1s de 90 a\u00f1os de historia en el mercado internacional de electrodom\u00e9sticos. Es ideal para quienes deseen alimentar su pasi\u00f3n por la comida creando nuevas recetas creativas.<\/p>\n<p>La freidora de aire Oster te permite cocinar sin la necesidad de usar aceite.<\/p>\n<div class=\"ui-pdp-container__row ui-pdp-container__row--highlighted-specs-title\">\n<h2 class=\"ui-vpp-text-alignment--left ui-pdp-color--BLACK ui-pdp-size--XLARGE ui-pdp-family--REGULAR highlighted-specs-title\">Caracter\u00edsticas del producto<\/h2>\n<\/div>\n<div class=\"ui-pdp-container__row ui-pdp-container__row--technical-specifications\">\n<div class=\"ui-pdp-collapsable ui-vpp-highlighted-specs__striped-collapsed__action\">\n<div class=\"ui-pdp-collapsable__container\">\n<div class=\"ui-vpp-highlighted-specs__striped-specs\">\n<div class=\"ui-vpp-striped-specs\">\n<div class=\"ui-vpp-striped-specs__table\">\n<h3 class=\"ui-vpp-striped-specs__header\">Caracter\u00edsticas principales<\/h3>\n<table class=\"andes-table\">\n<tbody class=\"andes-table__body\">\n<tr class=\"andes-table__row ui-vpp-striped-specs__row\">\n<th class=\"andes-table__header andes-table__header--left ui-vpp-striped-specs__row__column ui-vpp-striped-specs__row__column--id\" scope=\"col\">\n<div class=\"andes-table__header__container\">Marca<\/div>\n<\/th>\n<td id=\":Racvan4at7k:\" class=\"andes-table__column andes-table__column--left andes-table__column--vertical-align-center ui-vpp-striped-specs__row__column\" title=\"Oster\"><span class=\"andes-table__column--value\">Oster<\/span><\/td>\n<\/tr>\n<tr class=\"andes-table__row ui-vpp-striped-specs__row\">\n<th class=\"andes-table__header andes-table__header--left ui-vpp-striped-specs__row__column ui-vpp-striped-specs__row__column--id\" scope=\"col\">\n<div class=\"andes-table__header__container\">L\u00ednea<\/div>\n<\/th>\n<td id=\":Radfan4at7k:\" class=\"andes-table__column andes-table__column--left andes-table__column--vertical-align-center ui-vpp-striped-specs__row__column\" title=\"Freidora de aire\"><span class=\"andes-table__column--value\">Freidora de aire<\/span><\/td>\n<\/tr>\n<tr class=\"andes-table__row ui-vpp-striped-specs__row\">\n<th class=\"andes-table__header andes-table__header--left ui-vpp-striped-specs__row__column ui-vpp-striped-specs__row__column--id\" scope=\"col\">\n<div class=\"andes-table__header__container\">Modelo<\/div>\n<\/th>\n<td id=\":Radvan4at7k:\" class=\"andes-table__column andes-table__column--left andes-table__column--vertical-align-center ui-vpp-striped-specs__row__column\" title=\"2129373\"><span class=\"andes-table__column--value\">2129373<\/span><\/td>\n<\/tr>\n<tr class=\"andes-table__row ui-vpp-striped-specs__row\">\n<th class=\"andes-table__header andes-table__header--left ui-vpp-striped-specs__row__column ui-vpp-striped-specs__row__column--id\" scope=\"col\">\n<div class=\"andes-table__header__container\">Modelo alfanum\u00e9rico<\/div>\n<\/th>\n<td id=\":Raefan4at7k:\" class=\"andes-table__column andes-table__column--left andes-table__column--vertical-align-center ui-vpp-striped-specs__row__column\" title=\"Ckstaf40d\">CKSTAF40D013<\/td>\n<\/tr>\n<tr class=\"andes-table__row ui-vpp-striped-specs__row\">\n<th class=\"andes-table__header andes-table__header--left ui-vpp-striped-specs__row__column ui-vpp-striped-specs__row__column--id\" scope=\"col\">\n<div class=\"andes-table__header__container\">Color<\/div>\n<\/th>\n<td id=\":Raevan4at7k:\" class=\"andes-table__column andes-table__column--left andes-table__column--vertical-align-center ui-vpp-striped-specs__row__column\" title=\"Negro\"><span class=\"andes-table__column--value\">Negro<\/span><\/td>\n<\/tr>\n<tr class=\"andes-table__row ui-vpp-striped-specs__row\">\n<th class=\"andes-table__header andes-table__header--left ui-vpp-striped-specs__row__column ui-vpp-striped-specs__row__column--id\" scope=\"col\">\n<div class=\"andes-table__header__container\">Voltaje<\/div>\n<\/th>\n<td id=\":Raffan4at7k:\" class=\"andes-table__column andes-table__column--left andes-table__column--vertical-align-center ui-vpp-striped-specs__row__column\" title=\"220V\"><span class=\"andes-table__column--value\">220V<\/span><\/td>\n<\/tr>\n<\/tbody>\n<\/table>\n<\/div>\n<\/div>\n<div class=\"ui-vpp-striped-specs\">\n<div class=\"ui-vpp-striped-specs__table\">\n<h3 class=\"ui-vpp-striped-specs__header\">Otros<\/h3>\n<table class=\"andes-table\">\n<tbody class=\"andes-table__body\">\n<tr class=\"andes-table__row ui-vpp-striped-specs__row\">\n<th class=\"andes-table__header andes-table__header--left ui-vpp-striped-specs__row__column ui-vpp-striped-specs__row__column--id\" scope=\"col\">\n<div class=\"andes-table__header__container\">Potencia<\/div>\n<\/th>\n<td id=\":R19gvcn4at7k:\" class=\"andes-table__column andes-table__column--left andes-table__column--vertical-align-center ui-vpp-striped-specs__row__column\" title=\"1500 W\"><span class=\"andes-table__column--value\">1500 W<\/span><\/td>\n<\/tr>\n<tr class=\"andes-table__row ui-vpp-striped-specs__row\">\n<th class=\"andes-table__header andes-table__header--left ui-vpp-striped-specs__row__column ui-vpp-striped-specs__row__column--id\" scope=\"col\">\n<div class=\"andes-table__header__container\">Capacidad en volumen<\/div>\n<\/th>\n<td id=\":R19hfcn4at7k:\" class=\"andes-table__column andes-table__column--left andes-table__column--vertical-align-center ui-vpp-striped-specs__row__column\" title=\"4 L\"><span class=\"andes-table__column--value\">4 L<\/span><\/td>\n<\/tr>\n<tr class=\"andes-table__row ui-vpp-striped-specs__row\">\n<th class=\"andes-table__header andes-table__header--left ui-vpp-striped-specs__row__column ui-vpp-striped-specs__row__column--id\" scope=\"col\">\n<div class=\"andes-table__header__container\">Tipos de control<\/div>\n<\/th>\n<td id=\":R19hvcn4at7k:\" class=\"andes-table__column andes-table__column--left andes-table__column--vertical-align-center ui-vpp-striped-specs__row__column\" title=\"Botones\"><span class=\"andes-table__column--value\">Botones<\/span><\/td>\n<\/tr>\n<tr class=\"andes-table__row ui-vpp-striped-specs__row\">\n<th class=\"andes-table__header andes-table__header--left ui-vpp-striped-specs__row__column ui-vpp-striped-specs__row__column--id\" scope=\"col\">\n<div class=\"andes-table__header__container\">Cantidad de canastos<\/div>\n<\/th>\n<td id=\":R19ifcn4at7k:\" class=\"andes-table__column andes-table__column--left andes-table__column--vertical-align-center ui-vpp-striped-specs__row__column\" title=\"1\"><span class=\"andes-table__column--value\">1<\/span><\/td>\n<\/tr>\n<tr class=\"andes-table__row ui-vpp-striped-specs__row\">\n<th class=\"andes-table__header andes-table__header--left ui-vpp-striped-specs__row__column ui-vpp-striped-specs__row__column--id\" scope=\"col\">\n<div class=\"andes-table__header__container\">Con control de temperatura<\/div>\n<\/th>\n<td id=\":R19ivcn4at7k:\" class=\"andes-table__column andes-table__column--left andes-table__column--vertical-align-center ui-vpp-striped-specs__row__column\" title=\"S\u00ed\"><span class=\"andes-table__column--value\">S\u00ed<\/span><\/td>\n<\/tr>\n<tr class=\"andes-table__row ui-vpp-striped-specs__row\">\n<th class=\"andes-table__header andes-table__header--left ui-vpp-striped-specs__row__column ui-vpp-striped-specs__row__column--id\" scope=\"col\">\n<div class=\"andes-table__header__container\">Temperatura m\u00e1xima<\/div>\n<\/th>\n<td id=\":R19jfcn4at7k:\" class=\"andes-table__column andes-table__column--left andes-table__column--vertical-align-center ui-vpp-striped-specs__row__column\" title=\"200 \u00b0C\"><span class=\"andes-table__column--value\">200 \u00b0C<\/span><\/td>\n<\/tr>\n<tr class=\"andes-table__row ui-vpp-striped-specs__row\">\n<th class=\"andes-table__header andes-table__header--left ui-vpp-striped-specs__row__column ui-vpp-striped-specs__row__column--id\" scope=\"col\">\n<div class=\"andes-table__header__container\">Funciones<\/div>\n<\/th>\n<td id=\":R19jvcn4at7k:\" class=\"andes-table__column andes-table__column--left andes-table__column--vertical-align-center ui-vpp-striped-specs__row__column\" title=\"Asar, Fre\u00edr, Hornear\"><span class=\"andes-table__column--value\">Asar, Fre\u00edr, Hornear<\/span><\/td>\n<\/tr>\n<tr class=\"andes-table__row ui-vpp-striped-specs__row\">\n<th class=\"andes-table__header andes-table__header--left ui-vpp-striped-specs__row__column ui-vpp-striped-specs__row__column--id\" scope=\"col\">\n<div class=\"andes-table__header__container\">Con canasto removible<\/div>\n<\/th>\n<td id=\":R19kfcn4at7k:\" class=\"andes-table__column andes-table__column--left andes-table__column--vertical-align-center ui-vpp-striped-specs__row__column\" title=\"S\u00ed\"><span class=\"andes-table__column--value\">S\u00ed<\/span><\/td>\n<\/tr>\n<tr class=\"andes-table__row ui-vpp-striped-specs__row\">\n<th class=\"andes-table__header andes-table__header--left ui-vpp-striped-specs__row__column ui-vpp-striped-specs__row__column--id\" scope=\"col\">\n<div class=\"andes-table__header__container\">Con ventana transparente<\/div>\n<\/th>\n<td id=\":R19kvcn4at7k:\" class=\"andes-table__column andes-table__column--left andes-table__column--vertical-align-center ui-vpp-striped-specs__row__column\" title=\"No\"><span class=\"andes-table__column--value\">No<\/span><\/td>\n<\/tr>\n<tr class=\"andes-table__row ui-vpp-striped-specs__row\">\n<th class=\"andes-table__header andes-table__header--left ui-vpp-striped-specs__row__column ui-vpp-striped-specs__row__column--id\" scope=\"col\">\n<div class=\"andes-table__header__container\">Con temporizador<\/div>\n<\/th>\n<td id=\":R19lfcn4at7k:\" class=\"andes-table__column andes-table__column--left andes-table__column--vertical-align-center ui-vpp-striped-specs__row__column\" title=\"S\u00ed\"><span class=\"andes-table__column--value\">S\u00ed<\/span><\/td>\n<\/tr>\n<tr class=\"andes-table__row ui-vpp-striped-specs__row\">\n<th class=\"andes-table__header andes-table__header--left ui-vpp-striped-specs__row__column ui-vpp-striped-specs__row__column--id\" scope=\"col\">\n<div class=\"andes-table__header__container\">Con alarma<\/div>\n<\/th>\n<td id=\":R19lvcn4at7k:\" class=\"andes-table__column andes-table__column--left andes-table__column--vertical-align-center ui-vpp-striped-specs__row__column\" title=\"S\u00ed\"><span class=\"andes-table__column--value\">S\u00ed<\/span><\/td>\n<\/tr>\n<tr class=\"andes-table__row ui-vpp-striped-specs__row\">\n<th class=\"andes-table__header andes-table__header--left ui-vpp-striped-specs__row__column ui-vpp-striped-specs__row__column--id\" scope=\"col\">\n<div class=\"andes-table__header__container\">Con mango resistente al calor<\/div>\n<\/th>\n<td id=\":R19mfcn4at7k:\" class=\"andes-table__column andes-table__column--left andes-table__column--vertical-align-center ui-vpp-striped-specs__row__column\" title=\"S\u00ed\"><span class=\"andes-table__column--value\">S\u00ed<\/span><\/td>\n<\/tr>\n<tr class=\"andes-table__row ui-vpp-striped-specs__row\">\n<th class=\"andes-table__header andes-table__header--left ui-vpp-striped-specs__row__column ui-vpp-striped-specs__row__column--id\" scope=\"col\">\n<div class=\"andes-table__header__container\">Con superficie antiadherente<\/div>\n<\/th>\n<td id=\":R19mvcn4at7k:\" class=\"andes-table__column andes-table__column--left andes-table__column--vertical-align-center ui-vpp-striped-specs__row__column\" title=\"S\u00ed\"><span class=\"andes-table__column--value\">S\u00ed<\/span><\/td>\n<\/tr>\n<tr class=\"andes-table__row ui-vpp-striped-specs__row\">\n<th class=\"andes-table__header andes-table__header--left ui-vpp-striped-specs__row__column ui-vpp-striped-specs__row__column--id\" scope=\"col\">\n<div class=\"andes-table__header__container\">Altura<\/div>\n<\/th>\n<td id=\":R19nfcn4at7k:\" class=\"andes-table__column andes-table__column--left andes-table__column--vertical-align-center ui-vpp-striped-specs__row__column\" title=\"31.3 cm\"><span class=\"andes-table__column--value\">31.3 cm<\/span><\/td>\n<\/tr>\n<tr class=\"andes-table__row ui-vpp-striped-specs__row\">\n<th class=\"andes-table__header andes-table__header--left ui-vpp-striped-specs__row__column ui-vpp-striped-specs__row__column--id\" scope=\"col\">\n<div class=\"andes-table__header__container\">Ancho<\/div>\n<\/th>\n<td id=\":R19nvcn4at7k:\" class=\"andes-table__column andes-table__column--left andes-table__column--vertical-align-center ui-vpp-striped-specs__row__column\" title=\"26 cm\"><span class=\"andes-table__column--value\">26 cm<\/span><\/td>\n<\/tr>\n<tr class=\"andes-table__row ui-vpp-striped-specs__row\">\n<th class=\"andes-table__header andes-table__header--left ui-vpp-striped-specs__row__column ui-vpp-striped-specs__row__column--id\" scope=\"col\">\n<div class=\"andes-table__header__container\">Largo<\/div>\n<\/th>\n<td id=\":R19ofcn4at7k:\" class=\"andes-table__column andes-table__column--left andes-table__column--vertical-align-center ui-vpp-striped-specs__row__column\" title=\"33.7 cm\"><span class=\"andes-table__column--value\">33.7 cm<\/span><\/td>\n<\/tr>\n<\/tbody>\n<\/table>\n<\/div>\n<\/div>\n<\/div>\n<\/div>\n<\/div>\n<\/div>\n","protected":false},"excerpt":{"rendered":"<p>MOD: CKSTAF40D013<\/p>\n<div class=\"ui-pdp-container__row ui-pdp-container__row--highlighted-features-title\">\n<h6 class=\"ui-vpp-text-alignment--left ui-pdp-color--BLACK ui-pdp-size--XSMALL ui-pdp-family--SEMIBOLD highlighted-features-title\">Lo que tienes que saber de este producto<\/h6>\n<\/div>\n<div class=\"ui-pdp-container__row ui-pdp-container__row--highlighted-features\">\n<div class=\"ui-vpp-highlighted-specs__features\">\n<ul class=\"ui-vpp-highlighted-specs__features-list\">\n<li class=\"ui-vpp-highlighted-specs__features-list-item ui-pdp-color--BLACK ui-pdp-size--XSMALL ui-pdp-family--REGULAR\">Potencia de 1500W.<\/li>\n<li class=\"ui-vpp-highlighted-specs__features-list-item ui-pdp-color--BLACK ui-pdp-size--XSMALL ui-pdp-family--REGULAR\">Control botones.<\/li>\n<li class=\"ui-vpp-highlighted-specs__features-list-item ui-pdp-color--BLACK ui-pdp-size--XSMALL ui-pdp-family--REGULAR\">Contiene 1 canasto removible.<\/li>\n<li class=\"ui-vpp-highlighted-specs__features-list-item ui-pdp-color--BLACK ui-pdp-size--XSMALL ui-pdp-family--REGULAR\">Mango resistente a altas temperaturas.<\/li>\n<li class=\"ui-vpp-highlighted-specs__features-list-item ui-pdp-color--BLACK ui-pdp-size--XSMALL ui-pdp-family--REGULAR\">Con timer programable.<\/li>\n<li class=\"ui-vpp-highlighted-specs__features-list-item ui-pdp-color--BLACK ui-pdp-size--XSMALL ui-pdp-family--REGULAR\">Superficie antiadherente.<\/li>\n<li class=\"ui-vpp-highlighted-specs__features-list-item ui-pdp-color--BLACK ui-pdp-size--XSMALL ui-pdp-family--REGULAR\">Funciones incluidas: asar, fre\u00edr y hornear.<\/li>\n<li class=\"ui-vpp-highlighted-specs__features-list-item ui-pdp-color--BLACK ui-pdp-size--XSMALL ui-pdp-family--REGULAR\">Dimensiones: 26cm de ancho, 31.3cm de alto y 33.7cm de largo.<\/li>\n<li class=\"ui-vpp-highlighted-specs__features-list-item ui-pdp-color--BLACK ui-pdp-size--XSMALL ui-pdp-family--REGULAR\">Ideal para la preparaci\u00f3n de tus comidas.<\/li>\n<\/ul>\n<\/div>\n<\/div>\n","protected":false},"featured_media":7720,"template":"","meta":{"site-sidebar-layout":"default","site-content-layout":"","ast-site-content-layout":"default","site-content-style":"default","site-sidebar-style":"default","ast-global-header-display":"","ast-banner-title-visibility":"","ast-main-header-display":"","ast-hfb-above-header-display":"","ast-hfb-below-header-display":"","ast-hfb-mobile-header-display":"","site-post-title":"","ast-breadcrumbs-content":"","ast-featured-img":"","footer-sml-layout":"","theme-transparent-header-meta":"default","adv-header-id-meta":"","stick-header-meta":"","header-above-stick-meta":"","header-main-stick-meta":"","header-below-stick-meta":"","astra-migrate-meta-layouts":"set","ast-page-background-enabled":"default","ast-page-background-meta":{"desktop":{"background-color":"","background-image":"","background-repeat":"repeat","background-position":"center center","background-size":"auto","background-attachment":"scroll","background-type":"","background-media":"","overlay-type":"","overlay-color":"","overlay-gradient":""},"tablet":{"background-color":"","background-image":"","background-repeat":"repeat","background-position":"center center","background-size":"auto","background-attachment":"scroll","background-type":"","background-media":"","overlay-type":"","overlay-color":"","overlay-gradient":""},"mobile":{"background-color":"","background-image":"","background-repeat":"repeat","background-position":"center center","background-size":"auto","background-attachment":"scroll","background-type":"","background-media":"","overlay-type":"","overlay-color":"","overlay-gradient":""}},"ast-content-background-meta":{"desktop":{"background-color":"var(--ast-global-color-5)","background-image":"","background-repeat":"repeat","background-position":"center center","background-size":"auto","background-attachment":"scroll","background-type":"","background-media":"","overlay-type":"","overlay-color":"","overlay-gradient":""},"tablet":{"background-color":"var(--ast-global-color-5)","background-image":"","background-repeat":"repeat","background-position":"center center","background-size":"auto","background-attachment":"scroll","background-type":"","background-media":"","overlay-type":"","overlay-color":"","overlay-gradient":""},"mobile":{"background-color":"var(--ast-global-color-5)","background-image":"","background-repeat":"repeat","background-position":"center center","background-size":"auto","background-attachment":"scroll","background-type":"","background-media":"","overlay-type":"","overlay-color":"","overlay-gradient":""}}},"product_brand":[],"product_cat":[38],"product_tag":[],"class_list":{"0":"post-7718","1":"product","2":"type-product","3":"status-publish","4":"has-post-thumbnail","6":"product_cat-decoracion","7":"desktop-align-left","8":"tablet-align-left","9":"mobile-align-left","11":"first","12":"instock","13":"taxable","14":"shipping-taxable","15":"product-type-simple"},"aioseo_notices":[],"_links":{"self":[{"href":"https:\/\/mueblesbrambila.com\/index.php\/wp-json\/wp\/v2\/product\/7718","targetHints":{"allow":["GET"]}}],"collection":[{"href":"https:\/\/mueblesbrambila.com\/index.php\/wp-json\/wp\/v2\/product"}],"about":[{"href":"https:\/\/mueblesbrambila.com\/index.php\/wp-json\/wp\/v2\/types\/product"}],"wp:featuredmedia":[{"embeddable":true,"href":"https:\/\/mueblesbrambila.com\/index.php\/wp-json\/wp\/v2\/media\/7720"}],"wp:attachment":[{"href":"https:\/\/mueblesbrambila.com\/index.php\/wp-json\/wp\/v2\/media?parent=7718"}],"wp:term":[{"taxonomy":"product_brand","embeddable":true,"href":"https:\/\/mueblesbrambila.com\/index.php\/wp-json\/wp\/v2\/product_brand?post=7718"},{"taxonomy":"product_cat","embeddable":true,"href":"https:\/\/mueblesbrambila.com\/index.php\/wp-json\/wp\/v2\/product_cat?post=7718"},{"taxonomy":"product_tag","embeddable":true,"href":"https:\/\/mueblesbrambila.com\/index.php\/wp-json\/wp\/v2\/product_tag?post=7718"}],"curies":[{"name":"wp","href":"https:\/\/api.w.org\/{rel}","templated":true}]}}