{"id":7763,"date":"2023-11-08T17:12:40","date_gmt":"2023-11-08T17:12:40","guid":{"rendered":"https:\/\/mueblesbrambila.com\/?post_type=product&#038;p=7763"},"modified":"2023-11-08T17:12:40","modified_gmt":"2023-11-08T17:12:40","slug":"licuadora-oster-3-vel-roja-reversible-blstpyg1210r","status":"publish","type":"product","link":"https:\/\/mueblesbrambila.com\/index.php\/product\/licuadora-oster-3-vel-roja-reversible-blstpyg1210r\/","title":{"rendered":"LICUADORA OSTER 3 VEL ROJA REVERSIBLE BLSTPYG1210R"},"content":{"rendered":"<div class=\"jumbotron p-3 p-md-5 text-white rounded bg-dark\"><img decoding=\"async\" class=\"rounded\" src=\"https:\/\/vtex-brands-resources.s3.amazonaws.com\/oster\/1551865\/images\/slot1-2560x1600.jpg\" \/><\/div>\n<div class=\"contenedor-os\">\n<div class=\"row mb-2 memes\">\n<div class=\"col-md-6\">\n<div class=\"card flex-md-row mb-4 box-shadow h-md-250\">\n<div class=\"card-body d-flex flex-column align-items-start\">\n<div>\n<h1><span class=\"text1\">Licuadora Oster\u00ae<\/span>\u00a0<span class=\"text12\"><strong>con Tecnolog\u00eda Reversible<\/strong><\/span><\/h1>\n<\/div>\n<p class=\"card-text mb-auto\">\u00a1Ahorra tiempo y obt\u00e9n mejores resultados! La tecnolog\u00eda reversible es exclusiva de la marca Oster\u00ae y simplifica la preparaci\u00f3n de mezclas con la textura y consistencia precisas. Obt\u00e9n texturas y mezclas homog\u00e9neas ideales en licuados, salsas, sopas, tragos, postres, pur\u00e9s, y mucho m\u00e1s.<\/p>\n<\/div>\n<\/div>\n<\/div>\n<div class=\"col-md-6\">\n<div class=\"card flex-md-row mb-4 box-shadow h-md-250\">\n<div class=\"card-body d-flex flex-column align-items-start1\"><span class=\"text1\" style=\"font-size: 2em; font-weight: bold;\">Tecnolog\u00eda<\/span><span style=\"font-size: 2em; font-weight: bold;\">\u00a0<\/span><span class=\"text12\" style=\"font-size: 2em; font-weight: bold;\"><b>Reversible<\/b><\/span><\/div>\n<\/div>\n<\/div>\n<\/div>\n<div class=\"row mb-2\">\n<div class=\"col-md-6\">\n<div class=\"card flex-md-row mb-4 box-shadow h-md-250 sec-2\">\n<div class=\"card-body d-flex flex-column align-items-start\">\n<p class=\"card-text mb-auto\">La exclusiva tecnolog\u00eda reversible gira las cuchillas hacia adelante y hacia atr\u00e1s procesando completamente todos los alimentos y manteniendo los ingredientes en constante movimiento para que no se queden en el fondo de la jarra.<\/p>\n<\/div>\n<\/div>\n<\/div>\n<div class=\"col-md-6\">\n<div class=\"card flex-md-row mb-4 box-shadow h-md-250 sec-2\">\n<div class=\"card-body d-flex flex-column align-items-start3\"><span class=\"text1\" style=\"font-size: 2em; font-weight: bold;\">Tapa con copa<\/span><span style=\"font-size: 2em; font-weight: bold;\">\u00a0<\/span><span class=\"text12\" style=\"font-size: 2em; font-weight: bold;\"><b>medidora<\/b><\/span><\/div>\n<div class=\"card-body d-flex flex-column align-items-start\">\n<p class=\"card-text mb-auto\">La tapita se puede usar como cuchara medidora (60 ml)<\/p>\n<\/div>\n<\/div>\n<\/div>\n<\/div>\n<div class=\"row mb-2 memes\">\n<div class=\"col-md-6\">\n<div class=\"card flex-md-row mb-4 box-shadow h-md-250\">\n<div class=\"card-body d-flex flex-column align-items-start123\"><span class=\"text1\" style=\"font-size: 2em; font-weight: bold;\">Revolucionaria cuchilla reversible<\/span><span style=\"font-size: 2em; font-weight: bold;\">\u00a0<\/span><span class=\"text12\" style=\"font-size: 2em; font-weight: bold;\"><strong>dos veces m\u00e1s grande*<\/strong><\/span><\/div>\n<\/div>\n<\/div>\n<div class=\"col-md-6\">\n<div class=\"card flex-md-row mb-4 box-shadow h-md-250\">\n<div class=\"card-body d-flex flex-column align-items-start\">\n<p class=\"card-text mb-auto\">La cuchilla est\u00e1 compuesta por tres partes, y cada una tiene una funci\u00f3n: su forma de \u201cS\u201d y \u00e1ngulo plano y m\u00e1s ancho, la hacen ideal para rebanar y obtener salsas y masas con texturas adecuadas; las puntas filosas est\u00e1n dise\u00f1adas para triturar hielo y alimentos duros; y la posici\u00f3n y dise\u00f1o mantiene los ingredientes en continuo movimiento, para que no se queden el fondo de la jarra y se mezclen bien.<\/p>\n<\/div>\n<\/div>\n<\/div>\n<\/div>\n<\/div>\n","protected":false},"excerpt":{"rendered":"<p>MOD: BLSTPYG1210R<\/p>\n<table class=\"a-normal a-spacing-micro\">\n<tbody>\n<tr class=\"a-spacing-small po-brand\">\n<td class=\"a-span3\"><span class=\"a-size-base a-text-bold\">Marca<\/span><\/td>\n<td class=\"a-span9\"><span class=\"a-size-base po-break-word\">Oster<\/span><\/td>\n<\/tr>\n<tr class=\"a-spacing-small po-color\">\n<td class=\"a-span3\"><span class=\"a-size-base a-text-bold\">Color<\/span><\/td>\n<td class=\"a-span9\"><span class=\"a-size-base po-break-word\">Rojo<\/span><\/td>\n<\/tr>\n<tr class=\"a-spacing-small po-special_feature\">\n<td class=\"a-span3\"><span class=\"a-size-base a-text-bold\">Caracter\u00edstica especial<\/span><\/td>\n<td class=\"a-span9\"><span class=\"a-size-base po-break-word\">Manual<\/span><\/td>\n<\/tr>\n<tr class=\"a-spacing-small po-capacity\">\n<td class=\"a-span3\"><span class=\"a-size-base a-text-bold\">Capacidad<\/span><\/td>\n<td class=\"a-span9\"><span class=\"a-size-base po-break-word\">1,5 Litros<\/span><\/td>\n<\/tr>\n<tr class=\"a-spacing-small po-item_depth_width_height\">\n<td class=\"a-span3\"><span class=\"a-size-base a-text-bold\">Dimensiones del producto<\/span><\/td>\n<td class=\"a-span9\"><span class=\"a-size-base po-break-word\">24D x 27W x 35H centimeters<\/span><\/td>\n<\/tr>\n<\/tbody>\n<\/table>\n","protected":false},"featured_media":7771,"template":"","meta":{"site-sidebar-layout":"default","site-content-layout":"","ast-site-content-layout":"default","site-content-style":"default","site-sidebar-style":"default","ast-global-header-display":"","ast-banner-title-visibility":"","ast-main-header-display":"","ast-hfb-above-header-display":"","ast-hfb-below-header-display":"","ast-hfb-mobile-header-display":"","site-post-title":"","ast-breadcrumbs-content":"","ast-featured-img":"","footer-sml-layout":"","theme-transparent-header-meta":"default","adv-header-id-meta":"","stick-header-meta":"","header-above-stick-meta":"","header-main-stick-meta":"","header-below-stick-meta":"","astra-migrate-meta-layouts":"set","ast-page-background-enabled":"default","ast-page-background-meta":{"desktop":{"background-color":"","background-image":"","background-repeat":"repeat","background-position":"center center","background-size":"auto","background-attachment":"scroll","background-type":"","background-media":"","overlay-type":"","overlay-color":"","overlay-gradient":""},"tablet":{"background-color":"","background-image":"","background-repeat":"repeat","background-position":"center center","background-size":"auto","background-attachment":"scroll","background-type":"","background-media":"","overlay-type":"","overlay-color":"","overlay-gradient":""},"mobile":{"background-color":"","background-image":"","background-repeat":"repeat","background-position":"center center","background-size":"auto","background-attachment":"scroll","background-type":"","background-media":"","overlay-type":"","overlay-color":"","overlay-gradient":""}},"ast-content-background-meta":{"desktop":{"background-color":"var(--ast-global-color-5)","background-image":"","background-repeat":"repeat","background-position":"center center","background-size":"auto","background-attachment":"scroll","background-type":"","background-media":"","overlay-type":"","overlay-color":"","overlay-gradient":""},"tablet":{"background-color":"var(--ast-global-color-5)","background-image":"","background-repeat":"repeat","background-position":"center center","background-size":"auto","background-attachment":"scroll","background-type":"","background-media":"","overlay-type":"","overlay-color":"","overlay-gradient":""},"mobile":{"background-color":"var(--ast-global-color-5)","background-image":"","background-repeat":"repeat","background-position":"center center","background-size":"auto","background-attachment":"scroll","background-type":"","background-media":"","overlay-type":"","overlay-color":"","overlay-gradient":""}}},"product_brand":[],"product_cat":[38],"product_tag":[],"class_list":{"0":"post-7763","1":"product","2":"type-product","3":"status-publish","4":"has-post-thumbnail","6":"product_cat-decoracion","7":"desktop-align-left","8":"tablet-align-left","9":"mobile-align-left","11":"first","12":"instock","13":"taxable","14":"shipping-taxable","15":"product-type-simple"},"aioseo_notices":[],"_links":{"self":[{"href":"https:\/\/mueblesbrambila.com\/index.php\/wp-json\/wp\/v2\/product\/7763","targetHints":{"allow":["GET"]}}],"collection":[{"href":"https:\/\/mueblesbrambila.com\/index.php\/wp-json\/wp\/v2\/product"}],"about":[{"href":"https:\/\/mueblesbrambila.com\/index.php\/wp-json\/wp\/v2\/types\/product"}],"wp:featuredmedia":[{"embeddable":true,"href":"https:\/\/mueblesbrambila.com\/index.php\/wp-json\/wp\/v2\/media\/7771"}],"wp:attachment":[{"href":"https:\/\/mueblesbrambila.com\/index.php\/wp-json\/wp\/v2\/media?parent=7763"}],"wp:term":[{"taxonomy":"product_brand","embeddable":true,"href":"https:\/\/mueblesbrambila.com\/index.php\/wp-json\/wp\/v2\/product_brand?post=7763"},{"taxonomy":"product_cat","embeddable":true,"href":"https:\/\/mueblesbrambila.com\/index.php\/wp-json\/wp\/v2\/product_cat?post=7763"},{"taxonomy":"product_tag","embeddable":true,"href":"https:\/\/mueblesbrambila.com\/index.php\/wp-json\/wp\/v2\/product_tag?post=7763"}],"curies":[{"name":"wp","href":"https:\/\/api.w.org\/{rel}","templated":true}]}}