{"id":7808,"date":"2023-11-09T00:26:58","date_gmt":"2023-11-09T00:26:58","guid":{"rendered":"https:\/\/mueblesbrambila.com\/?post_type=product&#038;p=7808"},"modified":"2023-11-09T00:53:35","modified_gmt":"2023-11-09T00:53:35","slug":"parrilla-4-quemadores-superflama-en-negro-4qcag-y-gris-4qcan","status":"publish","type":"product","link":"https:\/\/mueblesbrambila.com\/index.php\/product\/parrilla-4-quemadores-superflama-en-negro-4qcag-y-gris-4qcan\/","title":{"rendered":"PARRILLA 4 QUEMADORES SUPERFLAMA EN NEGRO 4QCAG Y GRIS 4QCAN"},"content":{"rendered":"<p>\u00bfQuieres seguir disfrutando de la deliciosa comida hecha en casa?, pero no tienes espacio para una gran estufa, \u00a1ya no te preocupes!<\/p>\n<p>Para ti que buscas optimizar tu espacio y tu econom\u00eda,\u00a0<strong>Super Flama<\/strong>\u00a0tiene esta pr\u00e1ctica\u00a0<strong>parrilla de 20 pulgadas<\/strong>. Cuenta con\u00a0<strong>cuatr<\/strong><strong>o\u00a0quemadores<\/strong>\u00a0con los que puedes crear los m\u00e1s deliciosos platillos, adem\u00e1s de una pr\u00e1ctica cubierta de\u00a0<strong>acero inoxidable\u00a0<\/strong>que facilita su limpieza y su funcionamiento es de gas LP.<\/p>\n<p>Las medidas de esta estufa de mesa son\u00a058 x 50 x 12 cm.<\/p>\n<p>Protege a los m\u00e1s peque\u00f1os de tu hogar en todo momento, pues incluye\u00a0<strong>v\u00e1lvulas de seguridad a dos pasos<\/strong>, para que s\u00f3lo los grandes puedan usarla. Comida rica, siempre en casa con\u00a0<strong>Super Flama<\/strong>.<\/p>\n<h6>Caracter\u00edsticas<\/h6>\n<div class=\"content\">\n<div id=\"descriptiveAttributesWidgetId\">\n<ul>\n<li><span id=\"descAttributeName_1_7_-3018_2471\">Encendido: <\/span><span id=\"descAttributeValue_1_7_-3018_2471\">manual<\/span><\/li>\n<li><span id=\"descAttributeName_2_7_-3018_2471\">N\u00famero de quemadores: <\/span><span id=\"descAttributeValue_2_7_-3018_2471\">4 quemadores<\/span><\/li>\n<li><span id=\"descAttributeName_4_7_-3018_2471\">Color: <\/span><span id=\"descAttributeValue_4_7_-3018_2471\">gris<\/span><\/li>\n<li><span id=\"descAttributeName_5_7_-3018_2471\">Marca <\/span><span id=\"descAttributeValue_5_7_-3018_2471\">SUPERFLAMA<\/span><\/li>\n<li><span id=\"descAttributeName_6_7_-3018_2471\">Tipo de cubierta: <\/span><span id=\"descAttributeValue_6_7_-3018_2471\">de acero inoxidable<\/span><\/li>\n<li><span id=\"descAttributeName_7_7_-3018_2471\">Copete: <\/span><span id=\"descAttributeValue_7_7_-3018_2471\">s\u00ed<\/span><\/li>\n<li><span id=\"descAttributeName_8_7_-3018_2471\">Medidas (largo x ancho x alto): <\/span><span id=\"descAttributeValue_8_7_-3018_2471\">58 x 50 x 12 cm<\/span><\/li>\n<\/ul>\n<\/div>\n<\/div>\n","protected":false},"excerpt":{"rendered":"<p>MOD. 4QCAG Y 4QCAN<\/p>\n<ul>\n<li>Cubierta de acero inoxidable, Cuerpo fabricado en acero con acabado en pintura electrost\u00e1tica<\/li>\n<li>Cuerpo de lamina de Acero, Encendido manual con controles de temperatura ajustables<\/li>\n<li>Perillas con v\u00e1lvula de seguridad<\/li>\n<li>Mara\u00f1a de alambr\u00f3n porcelanizado<\/li>\n<li>Cubierta superior y parrilla desmontables.<\/li>\n<\/ul>\n","protected":false},"featured_media":7811,"template":"","meta":{"site-sidebar-layout":"default","site-content-layout":"","ast-site-content-layout":"default","site-content-style":"default","site-sidebar-style":"default","ast-global-header-display":"","ast-banner-title-visibility":"","ast-main-header-display":"","ast-hfb-above-header-display":"","ast-hfb-below-header-display":"","ast-hfb-mobile-header-display":"","site-post-title":"","ast-breadcrumbs-content":"","ast-featured-img":"","footer-sml-layout":"","theme-transparent-header-meta":"default","adv-header-id-meta":"","stick-header-meta":"","header-above-stick-meta":"","header-main-stick-meta":"","header-below-stick-meta":"","astra-migrate-meta-layouts":"set","ast-page-background-enabled":"default","ast-page-background-meta":{"desktop":{"background-color":"","background-image":"","background-repeat":"repeat","background-position":"center center","background-size":"auto","background-attachment":"scroll","background-type":"","background-media":"","overlay-type":"","overlay-color":"","overlay-gradient":""},"tablet":{"background-color":"","background-image":"","background-repeat":"repeat","background-position":"center center","background-size":"auto","background-attachment":"scroll","background-type":"","background-media":"","overlay-type":"","overlay-color":"","overlay-gradient":""},"mobile":{"background-color":"","background-image":"","background-repeat":"repeat","background-position":"center center","background-size":"auto","background-attachment":"scroll","background-type":"","background-media":"","overlay-type":"","overlay-color":"","overlay-gradient":""}},"ast-content-background-meta":{"desktop":{"background-color":"var(--ast-global-color-5)","background-image":"","background-repeat":"repeat","background-position":"center center","background-size":"auto","background-attachment":"scroll","background-type":"","background-media":"","overlay-type":"","overlay-color":"","overlay-gradient":""},"tablet":{"background-color":"var(--ast-global-color-5)","background-image":"","background-repeat":"repeat","background-position":"center center","background-size":"auto","background-attachment":"scroll","background-type":"","background-media":"","overlay-type":"","overlay-color":"","overlay-gradient":""},"mobile":{"background-color":"var(--ast-global-color-5)","background-image":"","background-repeat":"repeat","background-position":"center center","background-size":"auto","background-attachment":"scroll","background-type":"","background-media":"","overlay-type":"","overlay-color":"","overlay-gradient":""}}},"product_brand":[],"product_cat":[32],"product_tag":[],"class_list":{"0":"post-7808","1":"product","2":"type-product","3":"status-publish","4":"has-post-thumbnail","6":"product_cat-linea-blanca","7":"desktop-align-left","8":"tablet-align-left","9":"mobile-align-left","11":"first","12":"instock","13":"taxable","14":"shipping-taxable","15":"product-type-simple"},"aioseo_notices":[],"_links":{"self":[{"href":"https:\/\/mueblesbrambila.com\/index.php\/wp-json\/wp\/v2\/product\/7808","targetHints":{"allow":["GET"]}}],"collection":[{"href":"https:\/\/mueblesbrambila.com\/index.php\/wp-json\/wp\/v2\/product"}],"about":[{"href":"https:\/\/mueblesbrambila.com\/index.php\/wp-json\/wp\/v2\/types\/product"}],"wp:featuredmedia":[{"embeddable":true,"href":"https:\/\/mueblesbrambila.com\/index.php\/wp-json\/wp\/v2\/media\/7811"}],"wp:attachment":[{"href":"https:\/\/mueblesbrambila.com\/index.php\/wp-json\/wp\/v2\/media?parent=7808"}],"wp:term":[{"taxonomy":"product_brand","embeddable":true,"href":"https:\/\/mueblesbrambila.com\/index.php\/wp-json\/wp\/v2\/product_brand?post=7808"},{"taxonomy":"product_cat","embeddable":true,"href":"https:\/\/mueblesbrambila.com\/index.php\/wp-json\/wp\/v2\/product_cat?post=7808"},{"taxonomy":"product_tag","embeddable":true,"href":"https:\/\/mueblesbrambila.com\/index.php\/wp-json\/wp\/v2\/product_tag?post=7808"}],"curies":[{"name":"wp","href":"https:\/\/api.w.org\/{rel}","templated":true}]}}