{"id":7851,"date":"2023-11-09T01:04:58","date_gmt":"2023-11-09T01:04:58","guid":{"rendered":"https:\/\/mueblesbrambila.com\/?post_type=product&#038;p=7851"},"modified":"2023-11-09T01:04:58","modified_gmt":"2023-11-09T01:04:58","slug":"plancha-tfal-cerilium-azul-fv2864x0","status":"publish","type":"product","link":"https:\/\/mueblesbrambila.com\/index.php\/product\/plancha-tfal-cerilium-azul-fv2864x0\/","title":{"rendered":"PLANCHA TFAL CERILIUM AZUL FV2864X0"},"content":{"rendered":"<ul>\n<li>DESLIZAMIENTO SUPERIOR: gracias a su suela de cer\u00e1mica True Ceramic Glide es m\u00e1s r\u00e1pido pasarla sobre tus prendas. POTENCIA: sus 1600 W permiten un r\u00e1pido calentamiento y una salida eficiente del vapor, impulsando el desempe\u00f1o de la suela. M\u00c1S VAPOR: hasta 20% m\u00e1s salida de de vapor en golpe de vapor, comparado con la gama FV19 de T-Fal, logrando mejores resultados. RESULTADOS IMPECABLES: golpe de vapor de 130 g\/min para planchar las arrugas m\u00e1s dif\u00edciles y las fibras m\u00e1s duras de tus prendas.<\/li>\n<\/ul>\n","protected":false},"excerpt":{"rendered":"<p>MOD: FV2864X0<\/p>\n<div class=\"expand-collapse-header flex justify-between items-center w-100\">\n<div class=\"pr3\"><span style=\"font-size: 1.1em; font-weight: bold;\">Material<\/span><\/div>\n<\/div>\n<div class=\"w_zz0G expand-collapse-content\" data-testid=\"ui-collapse-panel\">\n<div class=\"ph3 pb4 pt1\">\n<div class=\"nt1\">\n<div class=\"pb2\">\n<div class=\"mv0 lh-copy mid-gray f6\">PLANCHA<\/div>\n<\/div>\n<div class=\"pb2\">\n<h6 class=\"flex items-center mv0 lh-copy f5 pb1 dark-gray\">Largo del Producto Armado<\/h6>\n<div class=\"mv0 lh-copy mid-gray f6\">30 cm<\/div>\n<\/div>\n<div class=\"pb2\">\n<h6 class=\"flex items-center mv0 lh-copy f5 pb1 dark-gray\">Altura del Producto Armado<\/h6>\n<div class=\"mv0 lh-copy mid-gray f6\">30 cm<\/div>\n<\/div>\n<div class=\"pb2\">\n<h6 class=\"flex items-center mv0 lh-copy f5 pb1 dark-gray\">Contenido del Empaque<\/h6>\n<div class=\"mv0 lh-copy mid-gray f6\">PLANCHA<\/div>\n<\/div>\n<div class=\"pb2\">\n<h6 class=\"flex items-center mv0 lh-copy f5 pb1 dark-gray\">Color<\/h6>\n<div class=\"mv0 lh-copy mid-gray f6\">Azul<\/div>\n<\/div>\n<div class=\"pb2\">\n<h6 class=\"flex items-center mv0 lh-copy f5 pb1 dark-gray\">Pa\u00eds de Origen<\/h6>\n<div class=\"mv0 lh-copy mid-gray f6\">M\u00e9xico<\/div>\n<\/div>\n<div class=\"pb2\">\n<h6 class=\"flex items-center mv0 lh-copy f5 pb1 dark-gray\">Talla<\/h6>\n<div class=\"mv0 lh-copy mid-gray f6\">3<\/div>\n<\/div>\n<div class=\"pb2\">\n<h6 class=\"flex items-center mv0 lh-copy f5 pb1 dark-gray\">Ancho del Producto Armado<\/h6>\n<div class=\"mv0 lh-copy mid-gray f6\">30 cm<\/div>\n<\/div>\n<div class=\"\">\n<h6 class=\"flex items-center mv0 lh-copy f5 pb1 dark-gray\">Peso del Producto Armado<\/h6>\n<div class=\"mv0 lh-copy mid-gray f6\">1 kg<\/div>\n<\/div>\n<\/div>\n<\/div>\n<\/div>\n","protected":false},"featured_media":7853,"template":"","meta":{"site-sidebar-layout":"default","site-content-layout":"","ast-site-content-layout":"default","site-content-style":"default","site-sidebar-style":"default","ast-global-header-display":"","ast-banner-title-visibility":"","ast-main-header-display":"","ast-hfb-above-header-display":"","ast-hfb-below-header-display":"","ast-hfb-mobile-header-display":"","site-post-title":"","ast-breadcrumbs-content":"","ast-featured-img":"","footer-sml-layout":"","theme-transparent-header-meta":"default","adv-header-id-meta":"","stick-header-meta":"","header-above-stick-meta":"","header-main-stick-meta":"","header-below-stick-meta":"","astra-migrate-meta-layouts":"set","ast-page-background-enabled":"default","ast-page-background-meta":{"desktop":{"background-color":"","background-image":"","background-repeat":"repeat","background-position":"center center","background-size":"auto","background-attachment":"scroll","background-type":"","background-media":"","overlay-type":"","overlay-color":"","overlay-gradient":""},"tablet":{"background-color":"","background-image":"","background-repeat":"repeat","background-position":"center center","background-size":"auto","background-attachment":"scroll","background-type":"","background-media":"","overlay-type":"","overlay-color":"","overlay-gradient":""},"mobile":{"background-color":"","background-image":"","background-repeat":"repeat","background-position":"center center","background-size":"auto","background-attachment":"scroll","background-type":"","background-media":"","overlay-type":"","overlay-color":"","overlay-gradient":""}},"ast-content-background-meta":{"desktop":{"background-color":"var(--ast-global-color-5)","background-image":"","background-repeat":"repeat","background-position":"center center","background-size":"auto","background-attachment":"scroll","background-type":"","background-media":"","overlay-type":"","overlay-color":"","overlay-gradient":""},"tablet":{"background-color":"var(--ast-global-color-5)","background-image":"","background-repeat":"repeat","background-position":"center center","background-size":"auto","background-attachment":"scroll","background-type":"","background-media":"","overlay-type":"","overlay-color":"","overlay-gradient":""},"mobile":{"background-color":"var(--ast-global-color-5)","background-image":"","background-repeat":"repeat","background-position":"center center","background-size":"auto","background-attachment":"scroll","background-type":"","background-media":"","overlay-type":"","overlay-color":"","overlay-gradient":""}}},"product_brand":[],"product_cat":[32],"product_tag":[],"class_list":{"0":"post-7851","1":"product","2":"type-product","3":"status-publish","4":"has-post-thumbnail","6":"product_cat-linea-blanca","7":"desktop-align-left","8":"tablet-align-left","9":"mobile-align-left","11":"first","12":"instock","13":"taxable","14":"shipping-taxable","15":"product-type-simple"},"aioseo_notices":[],"_links":{"self":[{"href":"https:\/\/mueblesbrambila.com\/index.php\/wp-json\/wp\/v2\/product\/7851","targetHints":{"allow":["GET"]}}],"collection":[{"href":"https:\/\/mueblesbrambila.com\/index.php\/wp-json\/wp\/v2\/product"}],"about":[{"href":"https:\/\/mueblesbrambila.com\/index.php\/wp-json\/wp\/v2\/types\/product"}],"wp:featuredmedia":[{"embeddable":true,"href":"https:\/\/mueblesbrambila.com\/index.php\/wp-json\/wp\/v2\/media\/7853"}],"wp:attachment":[{"href":"https:\/\/mueblesbrambila.com\/index.php\/wp-json\/wp\/v2\/media?parent=7851"}],"wp:term":[{"taxonomy":"product_brand","embeddable":true,"href":"https:\/\/mueblesbrambila.com\/index.php\/wp-json\/wp\/v2\/product_brand?post=7851"},{"taxonomy":"product_cat","embeddable":true,"href":"https:\/\/mueblesbrambila.com\/index.php\/wp-json\/wp\/v2\/product_cat?post=7851"},{"taxonomy":"product_tag","embeddable":true,"href":"https:\/\/mueblesbrambila.com\/index.php\/wp-json\/wp\/v2\/product_tag?post=7851"}],"curies":[{"name":"wp","href":"https:\/\/api.w.org\/{rel}","templated":true}]}}