{"id":7865,"date":"2023-11-09T01:21:12","date_gmt":"2023-11-09T01:21:12","guid":{"rendered":"https:\/\/mueblesbrambila.com\/?post_type=product&#038;p=7865"},"modified":"2023-11-09T01:21:12","modified_gmt":"2023-11-09T01:21:12","slug":"estufa-de-piso-whirlpool-negra-30p-ee-wfr3000b","status":"publish","type":"product","link":"https:\/\/mueblesbrambila.com\/index.php\/product\/estufa-de-piso-whirlpool-negra-30p-ee-wfr3000b\/","title":{"rendered":"ESTUFA DE PISO WHIRLPOOL NEGRA 30P EE WFR3000B"},"content":{"rendered":"<p>La estufa y horno de gas Whirlpool WFR3000B cuenta con seis quemadores para cocinar una variedad de alimentos al mismo tiempo. El ancho del producto es de 760 mm, mientras que la profundidad alcanza los 580 mm. La cocina independiente viene en un elegante color negro que se adapta a cualquier decoraci\u00f3n.<\/p>\n<p>El control de esta estufa y horno es f\u00e1cil gracias a sus botones giratorios ubicados en el panel frontal. Adem\u00e1s, dispone de luz interior para facilitar la visualizaci\u00f3n durante la cocci\u00f3n. Los dos quemadores principales tienen una potencia m\u00e1xima respectiva de 7500W y 7100W.<\/p>\n<p>Este electrodom\u00e9stico funciona con gas como combustible principal, lo cual permite ahorrar energ\u00eda el\u00e9ctrica y obtener resultados precisos en cuanto a temperatura se refiere. Cuenta con un solo horno donde podr\u00e1s preparar tus platillos favoritos sin preocuparte por espacio adicional.<\/p>\n<p>En resumen, si buscas una estufa y horno eficiente capaz de satisfacer las necesidades culinarias m\u00e1s exigentes, el modelo Whirlpool WFR3000B puede ser justo lo que necesitas gracias a su dise\u00f1o moderno e innovador combinado con caracter\u00edsticas \u00fatiles para hacer tu experiencia gastron\u00f3mica mucho m\u00e1s placentera.<\/p>\n","protected":false},"excerpt":{"rendered":"<p>MOD: WFR3000B<\/p>\n<div class=\"expand-collapse-header flex justify-between items-center w-100\">\n<h3 class=\"w-100 ma0 pa3 f5 lh-copy normal\">Detalles del art\u00edculo<\/h3>\n<div class=\"pr3\"><\/div>\n<\/div>\n<div class=\"w_zz0G expand-collapse-content\" data-testid=\"ui-collapse-panel\">\n<div class=\"ph3 pb4 pt1\">\n<div class=\"nb3\" data-testid=\"product-description-content\">\n<div class=\"mb3\">\n<div class=\"dangerous-html mb3\">\n<ul>\n<li>3 parrillas de alambr\u00f3n<\/li>\n<li>6 quemadores de estufa<\/li>\n<li>Horno con termogrados de 6 posiciones<\/li>\n<\/ul>\n<\/div>\n<\/div>\n<div class=\"mb3\">\n<div class=\"dangerous-html mb3\">\n<div>Con respaldo y cubierta porcelanizados, 3 parrillas de alambr\u00f3n y 6 quemadores esta estufa se convierte en la m\u00e1s equipada para tu hogar y brindarle a tu familia la calidad que se merecen, adem\u00e1s cuenta con un horno de puerta panor\u00e1mica con Door Stop System para un cerrado suave y tecnolog\u00eda EverClean para su f\u00e1cil limpieza<\/div>\n<\/div>\n<\/div>\n<\/div>\n<\/div>\n<\/div>\n","protected":false},"featured_media":7874,"template":"","meta":{"site-sidebar-layout":"default","site-content-layout":"","ast-site-content-layout":"default","site-content-style":"default","site-sidebar-style":"default","ast-global-header-display":"","ast-banner-title-visibility":"","ast-main-header-display":"","ast-hfb-above-header-display":"","ast-hfb-below-header-display":"","ast-hfb-mobile-header-display":"","site-post-title":"","ast-breadcrumbs-content":"","ast-featured-img":"","footer-sml-layout":"","theme-transparent-header-meta":"default","adv-header-id-meta":"","stick-header-meta":"","header-above-stick-meta":"","header-main-stick-meta":"","header-below-stick-meta":"","astra-migrate-meta-layouts":"set","ast-page-background-enabled":"default","ast-page-background-meta":{"desktop":{"background-color":"","background-image":"","background-repeat":"repeat","background-position":"center center","background-size":"auto","background-attachment":"scroll","background-type":"","background-media":"","overlay-type":"","overlay-color":"","overlay-gradient":""},"tablet":{"background-color":"","background-image":"","background-repeat":"repeat","background-position":"center center","background-size":"auto","background-attachment":"scroll","background-type":"","background-media":"","overlay-type":"","overlay-color":"","overlay-gradient":""},"mobile":{"background-color":"","background-image":"","background-repeat":"repeat","background-position":"center center","background-size":"auto","background-attachment":"scroll","background-type":"","background-media":"","overlay-type":"","overlay-color":"","overlay-gradient":""}},"ast-content-background-meta":{"desktop":{"background-color":"var(--ast-global-color-5)","background-image":"","background-repeat":"repeat","background-position":"center center","background-size":"auto","background-attachment":"scroll","background-type":"","background-media":"","overlay-type":"","overlay-color":"","overlay-gradient":""},"tablet":{"background-color":"var(--ast-global-color-5)","background-image":"","background-repeat":"repeat","background-position":"center center","background-size":"auto","background-attachment":"scroll","background-type":"","background-media":"","overlay-type":"","overlay-color":"","overlay-gradient":""},"mobile":{"background-color":"var(--ast-global-color-5)","background-image":"","background-repeat":"repeat","background-position":"center center","background-size":"auto","background-attachment":"scroll","background-type":"","background-media":"","overlay-type":"","overlay-color":"","overlay-gradient":""}}},"product_brand":[],"product_cat":[32],"product_tag":[],"class_list":{"0":"post-7865","1":"product","2":"type-product","3":"status-publish","4":"has-post-thumbnail","6":"product_cat-linea-blanca","7":"desktop-align-left","8":"tablet-align-left","9":"mobile-align-left","11":"first","12":"instock","13":"taxable","14":"shipping-taxable","15":"product-type-simple"},"aioseo_notices":[],"_links":{"self":[{"href":"https:\/\/mueblesbrambila.com\/index.php\/wp-json\/wp\/v2\/product\/7865","targetHints":{"allow":["GET"]}}],"collection":[{"href":"https:\/\/mueblesbrambila.com\/index.php\/wp-json\/wp\/v2\/product"}],"about":[{"href":"https:\/\/mueblesbrambila.com\/index.php\/wp-json\/wp\/v2\/types\/product"}],"wp:featuredmedia":[{"embeddable":true,"href":"https:\/\/mueblesbrambila.com\/index.php\/wp-json\/wp\/v2\/media\/7874"}],"wp:attachment":[{"href":"https:\/\/mueblesbrambila.com\/index.php\/wp-json\/wp\/v2\/media?parent=7865"}],"wp:term":[{"taxonomy":"product_brand","embeddable":true,"href":"https:\/\/mueblesbrambila.com\/index.php\/wp-json\/wp\/v2\/product_brand?post=7865"},{"taxonomy":"product_cat","embeddable":true,"href":"https:\/\/mueblesbrambila.com\/index.php\/wp-json\/wp\/v2\/product_cat?post=7865"},{"taxonomy":"product_tag","embeddable":true,"href":"https:\/\/mueblesbrambila.com\/index.php\/wp-json\/wp\/v2\/product_tag?post=7865"}],"curies":[{"name":"wp","href":"https:\/\/api.w.org\/{rel}","templated":true}]}}