{"id":7963,"date":"2023-11-13T19:11:55","date_gmt":"2023-11-13T19:11:55","guid":{"rendered":"https:\/\/mueblesbrambila.com\/?post_type=product&#038;p=7963"},"modified":"2023-11-13T19:11:55","modified_gmt":"2023-11-13T19:11:55","slug":"estufa-de-gabinete-super-flama-negra-gaby-ca-n-se","status":"publish","type":"product","link":"https:\/\/mueblesbrambila.com\/index.php\/product\/estufa-de-gabinete-super-flama-negra-gaby-ca-n-se\/","title":{"rendered":"ESTUFA DE GABINETE SUPER FLAMA NEGRA GABY CA-N SE"},"content":{"rendered":"<p class=\"elektra-elektra-components-0-x-description_paragraph\">Cocina los platillos favoritos de tu familia con una de las estufas que Super Flama tiene para ti.<\/p>\n<p class=\"elektra-elektra-components-0-x-description_paragraph\">La Estufa de Piso de 20 pulgadas Super Flama est\u00e1 fabricada con acero de excelente calidad, sus parrillas est\u00e1n hechas de alambr\u00f3n, cuenta con 4 quemadores (4 est\u00e1ndar) que te permite cocinar diversos platillos a la vez, a su vez tambi\u00e9n la tecnolog\u00eda en los quemadores ayuda a no gastar mucho gas, tiene encendido manual en los quemadores, 4 perillas con dise\u00f1o ergon\u00f3mico que te brindan mayor comodidad y tecnolog\u00eda que facilita la limpieza y no absorbe olores. Gracias a una sofisticada tecnolog\u00eda, los quemadores se encienden manualmente. Para ello bastar\u00e1 con un sencillo giro del mando con una mano, manteni\u00e9ndolo presionado durante el proceso de encendido. Adem\u00e1s, te va permitir optimizar el espacio para que aproveches al m\u00e1ximo tu cocina. Equipa tu cocina con ayuda de esta estufa con cubierta en acabado tipo espejo que combinar\u00e1 con cualquier cocina. Emplea Gas LP para su funcionamiento.<\/p>\n<ul class=\"reset-ul attributes-list\" data-v-5562248a=\"\" data-v-62349a2e=\"\">\n<li class=\"lh-20 border-b-cl-alto pb-10 mb-10 overflow-wrap-word\" data-v-58ef19d4=\"\" data-v-5562248a=\"\" data-v-62349a2e=\"\"><span class=\"fw-600\" data-v-58ef19d4=\"\">Luz interior <\/span><span class=\"fw-400 cl-mine-shaft text-right oveflow-wrap-word\" data-v-58ef19d4=\"\">NO<\/span><\/li>\n<li class=\"lh-20 border-b-cl-alto pb-10 mb-10 overflow-wrap-word\" data-v-58ef19d4=\"\" data-v-5562248a=\"\" data-v-62349a2e=\"\"><span class=\"fw-600\" data-v-58ef19d4=\"\">Peso (kilogramos) <\/span><span class=\"fw-400 cl-mine-shaft text-right oveflow-wrap-word\" data-v-58ef19d4=\"\">16.4<\/span><\/li>\n<li class=\"lh-20 border-b-cl-alto pb-10 mb-10 overflow-wrap-word\" data-v-58ef19d4=\"\" data-v-5562248a=\"\" data-v-62349a2e=\"\"><span class=\"fw-600\" data-v-58ef19d4=\"\">Comal <\/span><span class=\"fw-400 cl-mine-shaft text-right oveflow-wrap-word\" data-v-58ef19d4=\"\">NO<\/span><\/li>\n<li class=\"lh-20 border-b-cl-alto pb-10 mb-10 overflow-wrap-word\" data-v-58ef19d4=\"\" data-v-5562248a=\"\" data-v-62349a2e=\"\"><span class=\"fw-600\" data-v-58ef19d4=\"\">Quemadores <\/span><span class=\"fw-400 cl-mine-shaft text-right oveflow-wrap-word\" data-v-58ef19d4=\"\">4 ESTANDAR<\/span><\/li>\n<li class=\"lh-20 border-b-cl-alto pb-10 mb-10 overflow-wrap-word\" data-v-58ef19d4=\"\" data-v-5562248a=\"\" data-v-62349a2e=\"\"><span class=\"fw-600\" data-v-58ef19d4=\"\">Encendido en horno <\/span><span class=\"fw-400 cl-mine-shaft text-right oveflow-wrap-word\" data-v-58ef19d4=\"\">NO<\/span><\/li>\n<li class=\"lh-20 border-b-cl-alto pb-10 mb-10 overflow-wrap-word\" data-v-58ef19d4=\"\" data-v-5562248a=\"\" data-v-62349a2e=\"\"><span class=\"fw-600\" data-v-58ef19d4=\"\">Tama\u00f1o <\/span><span class=\"fw-400 cl-mine-shaft text-right oveflow-wrap-word\" data-v-58ef19d4=\"\">20\u00bb<\/span><\/li>\n<li class=\"lh-20 border-b-cl-alto pb-10 mb-10 overflow-wrap-word\" data-v-58ef19d4=\"\" data-v-5562248a=\"\" data-v-62349a2e=\"\"><span class=\"fw-600\" data-v-58ef19d4=\"\">Modelo <\/span><span class=\"fw-400 cl-mine-shaft text-right oveflow-wrap-word\" data-v-58ef19d4=\"\">GABY CA-N<\/span><\/li>\n<li class=\"lh-20 border-b-cl-alto pb-10 mb-10 overflow-wrap-word\" data-v-58ef19d4=\"\" data-v-5562248a=\"\" data-v-62349a2e=\"\"><span class=\"fw-600\" data-v-58ef19d4=\"\">Capelo <\/span><span class=\"fw-400 cl-mine-shaft text-right oveflow-wrap-word\" data-v-58ef19d4=\"\">NO<\/span><\/li>\n<li class=\"lh-20 border-b-cl-alto pb-10 mb-10 overflow-wrap-word\" data-v-58ef19d4=\"\" data-v-5562248a=\"\" data-v-62349a2e=\"\"><span class=\"fw-600\" data-v-58ef19d4=\"\">Ventana <\/span><span class=\"fw-400 cl-mine-shaft text-right oveflow-wrap-word\" data-v-58ef19d4=\"\">NO<\/span><\/li>\n<li class=\"lh-20 border-b-cl-alto pb-10 mb-10 overflow-wrap-word\" data-v-58ef19d4=\"\" data-v-5562248a=\"\" data-v-62349a2e=\"\"><span class=\"fw-600\" data-v-58ef19d4=\"\">Medidas (fondo x largo x alto) <\/span><span class=\"fw-400 cl-mine-shaft text-right oveflow-wrap-word\" data-v-58ef19d4=\"\">62 x 50 x 99 cm<\/span><\/li>\n<li class=\"lh-20 border-b-cl-alto pb-10 mb-10 overflow-wrap-word\" data-v-58ef19d4=\"\" data-v-5562248a=\"\" data-v-62349a2e=\"\"><span class=\"fw-600\" data-v-58ef19d4=\"\">Luz en perillas <\/span><span class=\"fw-400 cl-mine-shaft text-right oveflow-wrap-word\" data-v-58ef19d4=\"\">NO<\/span><\/li>\n<li class=\"lh-20 border-b-cl-alto pb-10 mb-10 overflow-wrap-word\" data-v-58ef19d4=\"\" data-v-5562248a=\"\" data-v-62349a2e=\"\"><span class=\"fw-600\" data-v-58ef19d4=\"\">Asador bajo <\/span><span class=\"fw-400 cl-mine-shaft text-right oveflow-wrap-word\" data-v-58ef19d4=\"\">NO<\/span><\/li>\n<li class=\"lh-20 border-b-cl-alto pb-10 mb-10 overflow-wrap-word\" data-v-58ef19d4=\"\" data-v-5562248a=\"\" data-v-62349a2e=\"\"><span class=\"fw-600\" data-v-58ef19d4=\"\">Cubierta <\/span><span class=\"fw-400 cl-mine-shaft text-right oveflow-wrap-word\" data-v-58ef19d4=\"\">ACERO INOXIDABLE<\/span><\/li>\n<li class=\"lh-20 border-b-cl-alto pb-10 mb-10 overflow-wrap-word\" data-v-58ef19d4=\"\" data-v-5562248a=\"\" data-v-62349a2e=\"\"><span class=\"fw-600\" data-v-58ef19d4=\"\">Encendido <\/span><span class=\"fw-400 cl-mine-shaft text-right oveflow-wrap-word\" data-v-58ef19d4=\"\">MANUAL<\/span><\/li>\n<li class=\"lh-20 border-b-cl-alto pb-10 mb-10 overflow-wrap-word\" data-v-58ef19d4=\"\" data-v-5562248a=\"\" data-v-62349a2e=\"\"><span class=\"fw-600\" data-v-58ef19d4=\"\">Parrillas <\/span><span class=\"fw-400 cl-mine-shaft text-right oveflow-wrap-word\" data-v-58ef19d4=\"\">ALAMBRON<\/span><\/li>\n<\/ul>\n","protected":false},"excerpt":{"rendered":"<p>MOD: GABY CA-N SE<\/p>\n<div class=\"vtex-flex-layout-0-x-flexColChild vtex-flex-layout-0-x-flexColChild--bullets-product pb0\">\n<div class=\"vtex-product-specification-badges-0-x-groupContainer vtex-product-specification-badges-0-x-groupContainer--benefits inline-flex flex-column ma2\">\n<ul>\n<li class=\"vtex-product-specification-badges-0-x-badgeContainer vtex-product-specification-badges-0-x-badgeContainer--benefits vtex-product-specification-badges-0-x-badgeContainer--customer-bennefits-1 vtex-product-specification-badges-0-x-badgeContainer--benefits--customer-bennefits-1  bg-base flex items-center justify-center&quot;\"><span class=\"vtex-product-specification-badges-0-x-badgeText vtex-product-specification-badges-0-x-badgeText--benefits vtex-product-specification-badges-0-x-badgeText--4-quemadores-que-te-permiten-cocinar-diversos-platillos-al-mismo-tiempo vtex-product-specification-badges-0-x-badgeText--benefits--4-quemadores-que-te-permiten-cocinar-diversos-platillos-al-mismo-tiempo ma3 t-body c-muted-1 tc\">4 Quemadores que te permiten cocinar diversos platillos al mismo tiempo<\/span><\/li>\n<li class=\"vtex-product-specification-badges-0-x-badgeContainer vtex-product-specification-badges-0-x-badgeContainer--benefits vtex-product-specification-badges-0-x-badgeContainer--customer-bennefits-1 vtex-product-specification-badges-0-x-badgeContainer--benefits--customer-bennefits-1  bg-base flex items-center justify-center&quot;\">Encendido manual en quemadores muy f\u00e1cil de usar<\/li>\n<li class=\"vtex-product-specification-badges-0-x-badgeContainer vtex-product-specification-badges-0-x-badgeContainer--benefits vtex-product-specification-badges-0-x-badgeContainer--customer-bennefits-1 vtex-product-specification-badges-0-x-badgeContainer--benefits--customer-bennefits-1  bg-base flex items-center justify-center&quot;\">Tecnolog\u00eda que facilita la limpieza y no absorbe olores<\/li>\n<li class=\"vtex-product-specification-badges-0-x-badgeContainer vtex-product-specification-badges-0-x-badgeContainer--benefits vtex-product-specification-badges-0-x-badgeContainer--customer-bennefits-1 vtex-product-specification-badges-0-x-badgeContainer--benefits--customer-bennefits-1  bg-base flex items-center justify-center&quot;\">Emplea Gas LP para su funcionamiento<\/li>\n<\/ul>\n<\/div>\n<\/div>\n","protected":false},"featured_media":7968,"template":"","meta":{"site-sidebar-layout":"default","site-content-layout":"","ast-site-content-layout":"default","site-content-style":"default","site-sidebar-style":"default","ast-global-header-display":"","ast-banner-title-visibility":"","ast-main-header-display":"","ast-hfb-above-header-display":"","ast-hfb-below-header-display":"","ast-hfb-mobile-header-display":"","site-post-title":"","ast-breadcrumbs-content":"","ast-featured-img":"","footer-sml-layout":"","theme-transparent-header-meta":"default","adv-header-id-meta":"","stick-header-meta":"","header-above-stick-meta":"","header-main-stick-meta":"","header-below-stick-meta":"","astra-migrate-meta-layouts":"set","ast-page-background-enabled":"default","ast-page-background-meta":{"desktop":{"background-color":"","background-image":"","background-repeat":"repeat","background-position":"center center","background-size":"auto","background-attachment":"scroll","background-type":"","background-media":"","overlay-type":"","overlay-color":"","overlay-gradient":""},"tablet":{"background-color":"","background-image":"","background-repeat":"repeat","background-position":"center center","background-size":"auto","background-attachment":"scroll","background-type":"","background-media":"","overlay-type":"","overlay-color":"","overlay-gradient":""},"mobile":{"background-color":"","background-image":"","background-repeat":"repeat","background-position":"center center","background-size":"auto","background-attachment":"scroll","background-type":"","background-media":"","overlay-type":"","overlay-color":"","overlay-gradient":""}},"ast-content-background-meta":{"desktop":{"background-color":"var(--ast-global-color-5)","background-image":"","background-repeat":"repeat","background-position":"center center","background-size":"auto","background-attachment":"scroll","background-type":"","background-media":"","overlay-type":"","overlay-color":"","overlay-gradient":""},"tablet":{"background-color":"var(--ast-global-color-5)","background-image":"","background-repeat":"repeat","background-position":"center center","background-size":"auto","background-attachment":"scroll","background-type":"","background-media":"","overlay-type":"","overlay-color":"","overlay-gradient":""},"mobile":{"background-color":"var(--ast-global-color-5)","background-image":"","background-repeat":"repeat","background-position":"center center","background-size":"auto","background-attachment":"scroll","background-type":"","background-media":"","overlay-type":"","overlay-color":"","overlay-gradient":""}}},"product_brand":[],"product_cat":[32],"product_tag":[],"class_list":{"0":"post-7963","1":"product","2":"type-product","3":"status-publish","4":"has-post-thumbnail","6":"product_cat-linea-blanca","7":"desktop-align-left","8":"tablet-align-left","9":"mobile-align-left","11":"first","12":"instock","13":"taxable","14":"shipping-taxable","15":"product-type-simple"},"aioseo_notices":[],"_links":{"self":[{"href":"https:\/\/mueblesbrambila.com\/index.php\/wp-json\/wp\/v2\/product\/7963","targetHints":{"allow":["GET"]}}],"collection":[{"href":"https:\/\/mueblesbrambila.com\/index.php\/wp-json\/wp\/v2\/product"}],"about":[{"href":"https:\/\/mueblesbrambila.com\/index.php\/wp-json\/wp\/v2\/types\/product"}],"wp:featuredmedia":[{"embeddable":true,"href":"https:\/\/mueblesbrambila.com\/index.php\/wp-json\/wp\/v2\/media\/7968"}],"wp:attachment":[{"href":"https:\/\/mueblesbrambila.com\/index.php\/wp-json\/wp\/v2\/media?parent=7963"}],"wp:term":[{"taxonomy":"product_brand","embeddable":true,"href":"https:\/\/mueblesbrambila.com\/index.php\/wp-json\/wp\/v2\/product_brand?post=7963"},{"taxonomy":"product_cat","embeddable":true,"href":"https:\/\/mueblesbrambila.com\/index.php\/wp-json\/wp\/v2\/product_cat?post=7963"},{"taxonomy":"product_tag","embeddable":true,"href":"https:\/\/mueblesbrambila.com\/index.php\/wp-json\/wp\/v2\/product_tag?post=7963"}],"curies":[{"name":"wp","href":"https:\/\/api.w.org\/{rel}","templated":true}]}}