{"id":7993,"date":"2023-11-13T19:54:51","date_gmt":"2023-11-13T19:54:51","guid":{"rendered":"https:\/\/mueblesbrambila.com\/?post_type=product&#038;p=7993"},"modified":"2025-07-21T18:31:01","modified_gmt":"2025-07-21T18:31:01","slug":"cama-matrimonial-tubular-reforzada-francia-02-tapatia","status":"publish","type":"product","link":"https:\/\/mueblesbrambila.com\/index.php\/product\/cama-matrimonial-tubular-reforzada-francia-02-tapatia\/","title":{"rendered":"CAMA MATRIMONIAL TUBULAR REFORZADA FRANCIA 02 TAPATIA"},"content":{"rendered":"<div class=\"row margin-true\">\n<div id=\"description_feature\">\n<div id=\"tab1Widget\" class=\"tab left\" role=\"tabpanel\" data-slot-id=\"6\" aria-labelledby=\"tab1\">\n<div class=\"content\">\n<div id=\"longDescriptionWidgetId\">\n<h3 class=\"title-desc\"><\/h3>\n<div id=\"product_longdescription_129843\">\n<p>\u00a1Descubre el car\u00e1cter que le a\u00f1ade esta<strong>\u00a0cama modelo Par\u00eds<\/strong>\u00a0a tu rec\u00e1mara!<\/p>\n<p>Est\u00e1 fuertemente<strong>\u00a0fabricada en metal tubular,<\/strong>\u00a0cubierto con pintura\u00a0<strong>color gris<\/strong>, el cual combina con gran cantidad de tonos y adem\u00e1s por su estructura te brinda larga vida \u00fatil. Es de tama\u00f1o<strong>\u00a0matrimonial<\/strong>\u00a0y cuenta con un dise\u00f1o que mezcla lo contempor\u00e1neo con lo cl\u00e1sico. \u00a1S\u00e9 original e innovador!<\/p>\n<p>Duerme tan tranquilo como quieras sobre esta elegante bonita cama de la marca Tapatia.<\/p>\n<\/div>\n<\/div>\n<\/div>\n<\/div>\n<div id=\"tab2Widget\" class=\"tab left\" role=\"tabpanel\" data-slot-id=\"7\" aria-labelledby=\"tab2\">\n<h3><\/h3>\n<h3>Caracter\u00edsticas<\/h3>\n<div class=\"content\">\n<div id=\"descriptiveAttributesWidgetId\">\n<ul>\n<li><span id=\"descAttributeName_1_7_-3018_2471\">Modelo:<\/span><span id=\"descAttributeValue_1_7_-3018_2471\">Par\u00eds<\/span><\/li>\n<li><span id=\"descAttributeName_2_7_-3018_2471\">Tama\u00f1o:<\/span><span id=\"descAttributeValue_2_7_-3018_2471\">matrimonial<\/span><\/li>\n<li><span id=\"descAttributeName_3_7_-3018_2471\">Marca:<\/span><span id=\"descAttributeValue_3_7_-3018_2471\">TAPAT\u00cdA<\/span><\/li>\n<li><span id=\"descAttributeName_4_7_-3018_2471\">Medidas (largo x ancho x alto):<\/span><span id=\"descAttributeValue_4_7_-3018_2471\">200 x 135 x 133 cm<\/span><\/li>\n<li><span id=\"descAttributeName_5_7_-3018_2471\">Color:<\/span><span id=\"descAttributeValue_5_7_-3018_2471\">gris<\/span><\/li>\n<li><span id=\"descAttributeName_6_7_-3018_2471\">Estilo:<\/span><span id=\"descAttributeValue_6_7_-3018_2471\">contempor\u00e1neo<\/span><\/li>\n<li><span id=\"descAttributeName_7_7_-3018_2471\">Piezas:<\/span><span id=\"descAttributeValue_7_7_-3018_2471\">1<\/span><\/li>\n<\/ul>\n<\/div>\n<\/div>\n<\/div>\n<\/div>\n<\/div>\n<div class=\"row margin-true\">\n<div class=\"col12\" data-slot-id=\"8\">\n<div id=\"contentRecommendationWidget_8_-3005_2480\" class=\"contentRecommendationWidget\">\n<div id=\"ci_espot_2480_Widget_TextEditor_801_10707\">\n<div class=\"left_espot\">\n<p class=\"description_pagoCliente\">\n<\/div>\n<\/div>\n<\/div>\n<\/div>\n<\/div>\n","protected":false},"excerpt":{"rendered":"<p>MOD: FRANCIA 02<\/p>\n<h6>Caracter\u00edsticas principales<\/h6>\n<ul>\n<li>\u00a0<span id=\"descAttributeName_1_7_-3018_2471\">Modelo:\u00a0<\/span><span id=\"descAttributeValue_1_7_-3018_2471\">Par\u00eds 02<\/span><\/li>\n<li>\u00a0<span id=\"descAttributeName_2_7_-3018_2471\">Tama\u00f1o:\u00a0<\/span><span id=\"descAttributeValue_2_7_-3018_2471\">matrimonial<\/span><\/li>\n<li>\u00a0<span id=\"descAttributeName_3_7_-3018_2471\">Marca:\u00a0<\/span><span id=\"descAttributeValue_3_7_-3018_2471\">TAPAT\u00cdA<\/span><\/li>\n<li>\u00a0<span id=\"descAttributeName_4_7_-3018_2471\">Medidas (largo x ancho x alto):\u00a0<\/span><span id=\"descAttributeValue_4_7_-3018_2471\">200 x 135 x 133 cm<\/span><\/li>\n<li>\u00a0<span id=\"descAttributeName_5_7_-3018_2471\">Color:\u00a0<\/span><span id=\"descAttributeValue_5_7_-3018_2471\">gris<\/span><\/li>\n<\/ul>\n","protected":false},"featured_media":8413,"template":"","meta":{"site-sidebar-layout":"default","site-content-layout":"","ast-site-content-layout":"default","site-content-style":"default","site-sidebar-style":"default","ast-global-header-display":"","ast-banner-title-visibility":"","ast-main-header-display":"","ast-hfb-above-header-display":"","ast-hfb-below-header-display":"","ast-hfb-mobile-header-display":"","site-post-title":"","ast-breadcrumbs-content":"","ast-featured-img":"","footer-sml-layout":"","theme-transparent-header-meta":"default","adv-header-id-meta":"","stick-header-meta":"","header-above-stick-meta":"","header-main-stick-meta":"","header-below-stick-meta":"","astra-migrate-meta-layouts":"set","ast-page-background-enabled":"default","ast-page-background-meta":{"desktop":{"background-color":"","background-image":"","background-repeat":"repeat","background-position":"center center","background-size":"auto","background-attachment":"scroll","background-type":"","background-media":"","overlay-type":"","overlay-color":"","overlay-gradient":""},"tablet":{"background-color":"","background-image":"","background-repeat":"repeat","background-position":"center center","background-size":"auto","background-attachment":"scroll","background-type":"","background-media":"","overlay-type":"","overlay-color":"","overlay-gradient":""},"mobile":{"background-color":"","background-image":"","background-repeat":"repeat","background-position":"center center","background-size":"auto","background-attachment":"scroll","background-type":"","background-media":"","overlay-type":"","overlay-color":"","overlay-gradient":""}},"ast-content-background-meta":{"desktop":{"background-color":"var(--ast-global-color-5)","background-image":"","background-repeat":"repeat","background-position":"center center","background-size":"auto","background-attachment":"scroll","background-type":"","background-media":"","overlay-type":"","overlay-color":"","overlay-gradient":""},"tablet":{"background-color":"var(--ast-global-color-5)","background-image":"","background-repeat":"repeat","background-position":"center center","background-size":"auto","background-attachment":"scroll","background-type":"","background-media":"","overlay-type":"","overlay-color":"","overlay-gradient":""},"mobile":{"background-color":"var(--ast-global-color-5)","background-image":"","background-repeat":"repeat","background-position":"center center","background-size":"auto","background-attachment":"scroll","background-type":"","background-media":"","overlay-type":"","overlay-color":"","overlay-gradient":""}}},"product_brand":[],"product_cat":[35],"product_tag":[],"class_list":{"0":"post-7993","1":"product","2":"type-product","3":"status-publish","4":"has-post-thumbnail","6":"product_cat-recamaras","7":"desktop-align-left","8":"tablet-align-left","9":"mobile-align-left","11":"first","12":"instock","13":"taxable","14":"shipping-taxable","15":"product-type-simple"},"aioseo_notices":[],"_links":{"self":[{"href":"https:\/\/mueblesbrambila.com\/index.php\/wp-json\/wp\/v2\/product\/7993","targetHints":{"allow":["GET"]}}],"collection":[{"href":"https:\/\/mueblesbrambila.com\/index.php\/wp-json\/wp\/v2\/product"}],"about":[{"href":"https:\/\/mueblesbrambila.com\/index.php\/wp-json\/wp\/v2\/types\/product"}],"wp:featuredmedia":[{"embeddable":true,"href":"https:\/\/mueblesbrambila.com\/index.php\/wp-json\/wp\/v2\/media\/8413"}],"wp:attachment":[{"href":"https:\/\/mueblesbrambila.com\/index.php\/wp-json\/wp\/v2\/media?parent=7993"}],"wp:term":[{"taxonomy":"product_brand","embeddable":true,"href":"https:\/\/mueblesbrambila.com\/index.php\/wp-json\/wp\/v2\/product_brand?post=7993"},{"taxonomy":"product_cat","embeddable":true,"href":"https:\/\/mueblesbrambila.com\/index.php\/wp-json\/wp\/v2\/product_cat?post=7993"},{"taxonomy":"product_tag","embeddable":true,"href":"https:\/\/mueblesbrambila.com\/index.php\/wp-json\/wp\/v2\/product_tag?post=7993"}],"curies":[{"name":"wp","href":"https:\/\/api.w.org\/{rel}","templated":true}]}}