{"id":8148,"date":"2023-11-15T18:58:26","date_gmt":"2023-11-15T18:58:26","guid":{"rendered":"https:\/\/mueblesbrambila.com\/?post_type=product&#038;p=8148"},"modified":"2023-11-15T18:58:26","modified_gmt":"2023-11-15T18:58:26","slug":"licuadora-oster-azul-pastel-vaso-plastico-blstkap-vpb","status":"publish","type":"product","link":"https:\/\/mueblesbrambila.com\/index.php\/product\/licuadora-oster-azul-pastel-vaso-plastico-blstkap-vpb\/","title":{"rendered":"LICUADORA OSTER AZUL PASTEL VASO PLASTICO BLSTKAP-VPB"},"content":{"rendered":"<section>\n<section data-testid=\"product-description\">\n<section class=\"expand-collapse-section\" aria-describedby=\"delivery-instructions\">\n<div class=\"w_zz0G expand-collapse-content\" data-testid=\"ui-collapse-panel\">\n<div class=\"ph3 pb4 pt1\">\n<div class=\"nb3\" data-testid=\"product-description-content\">\n<div class=\"mb3\">\n<div class=\"dangerous-html mb3\">\n<div>S\u00f3lo necesitas un clic para ordenar una gran variedad de art\u00edculos para el hogar en nuestra tienda en l\u00ednea El poderoso motor con alta fuerza de torsi\u00f3n y vaso de pl\u00e1stico resistente a las roturas de la licuadora Oster son ideales para preparar una amplia variedad de recetas fr\u00edas y calientes, jugos, batidos y mucho m\u00e1s.<\/div>\n<\/div>\n<\/div>\n<\/div>\n<\/div>\n<\/div>\n<\/section>\n<\/section>\n<\/section>\n<hr class=\"w_qUHG\" aria-hidden=\"true\" \/>\n<section class=\"expand-collapse-section nl3 nr3 ph3\" aria-describedby=\"delivery-instructions\">\n<hr class=\"w_qUHG\" aria-hidden=\"true\" \/>\n<div class=\"expand-collapse-header flex justify-between items-center w-100\">\n<h2 class=\"w-100 ma0 pa3 f5 lh-copy normal undefined\">Especificaciones<\/h2>\n<div class=\"pr3\"><\/div>\n<\/div>\n<div class=\"w_zz0G expand-collapse-content\" data-testid=\"ui-collapse-panel\">\n<div class=\"ph3 pb4 pt1\">\n<div class=\"nt1\">\n<div class=\"pb2\">\n<h3 class=\"flex items-center mv0 lh-copy f5 pb1 dark-gray\">FONDO<\/h3>\n<div class=\"mv0 lh-copy mid-gray f6\">25.71<\/div>\n<\/div>\n<div class=\"pb2\">\n<h3 class=\"flex items-center mv0 lh-copy f5 pb1 dark-gray\">VOLTAJE<\/h3>\n<div class=\"mv0 lh-copy mid-gray f6\">127 V<\/div>\n<\/div>\n<div class=\"pb2\">\n<h3 class=\"flex items-center mv0 lh-copy f5 pb1 dark-gray\">ALTO<\/h3>\n<div class=\"mv0 lh-copy mid-gray f6\">32.38<\/div>\n<\/div>\n<div class=\"pb2\">\n<h3 class=\"flex items-center mv0 lh-copy f5 pb1 dark-gray\">ANCHO<\/h3>\n<div class=\"mv0 lh-copy mid-gray f6\">18.09<\/div>\n<\/div>\n<div class=\"pb2\">\n<h3 class=\"flex items-center mv0 lh-copy f5 pb1 dark-gray\">RECOMENDACIONES<\/h3>\n<div class=\"mv0 lh-copy mid-gray f6\">Para uso dom\u00e9stico<\/div>\n<\/div>\n<div class=\"pb2\">\n<h3 class=\"flex items-center mv0 lh-copy f5 pb1 dark-gray\">POTENCIA<\/h3>\n<div class=\"mv0 lh-copy mid-gray f6\">550 W<\/div>\n<\/div>\n<div class=\"pb2\">\n<div class=\"mv0 lh-copy mid-gray f6\"><span style=\"font-size: 1.5em; font-weight: bold;\">CONTENIDO<\/span><\/div>\n<\/div>\n<div class=\"pb2\">\n<div class=\"mv0 lh-copy mid-gray f6\">1 motor, 1 vaso , 1 base para vaso, 1 empaque,1 cuchilla, 1 tapa, 1 copa medidora, 1 manual de usuario<\/div>\n<\/div>\n<div class=\"pb2\">\n<h3 class=\"flex items-center mv0 lh-copy f5 pb1 dark-gray\">PESO<\/h3>\n<div class=\"mv0 lh-copy mid-gray f6\">2.47<\/div>\n<\/div>\n<div class=\"pb2\">\n<h3 class=\"flex items-center mv0 lh-copy f5 pb1 dark-gray\">MATERIAL DE FABRICACION<\/h3>\n<div class=\"mv0 lh-copy mid-gray f6\">Pl\u00e1stico<\/div>\n<\/div>\n<div class=\"pb2\">\n<h3 class=\"flex items-center mv0 lh-copy f5 pb1 dark-gray\">MODELO<\/h3>\n<div class=\"mv0 lh-copy mid-gray f6\">2133712<\/div>\n<\/div>\n<div class=\"pb2\">\n<h3 class=\"flex items-center mv0 lh-copy f5 pb1 dark-gray\">MATERIAL<\/h3>\n<div class=\"mv0 lh-copy mid-gray f6\">Cuerpo de pl\u00e1stico, Jarra de pl\u00e1stico, cuchillas de acero inoxidable<\/div>\n<\/div>\n<div class=\"\">\n<h3 class=\"flex items-center mv0 lh-copy f5 pb1 dark-gray\">TIPO DE BATIDORA<\/h3>\n<div class=\"mv0 lh-copy mid-gray f6\">Velocidades<\/div>\n<\/div>\n<\/div>\n<\/div>\n<\/div>\n<\/section>\n","protected":false},"excerpt":{"rendered":"<ul>\n<li>Vaso de pl\u00e1stico que te permite procesar ingredientes hirviendo<\/li>\n<li>Dos velocidades con pulso alto y bajo<\/li>\n<li>Capacidad de 1.25 litros (5 tazas)<\/li>\n<li>Revolucionaria cuchilla trituradora de hielo<\/li>\n<li>N\u00famero de aspas: 4<\/li>\n<li>Material exterior de la base: Pl\u00e1stico.<\/li>\n<\/ul>\n","protected":false},"featured_media":8153,"template":"","meta":{"site-sidebar-layout":"default","site-content-layout":"","ast-site-content-layout":"default","site-content-style":"default","site-sidebar-style":"default","ast-global-header-display":"","ast-banner-title-visibility":"","ast-main-header-display":"","ast-hfb-above-header-display":"","ast-hfb-below-header-display":"","ast-hfb-mobile-header-display":"","site-post-title":"","ast-breadcrumbs-content":"","ast-featured-img":"","footer-sml-layout":"","theme-transparent-header-meta":"default","adv-header-id-meta":"","stick-header-meta":"","header-above-stick-meta":"","header-main-stick-meta":"","header-below-stick-meta":"","astra-migrate-meta-layouts":"set","ast-page-background-enabled":"default","ast-page-background-meta":{"desktop":{"background-color":"","background-image":"","background-repeat":"repeat","background-position":"center center","background-size":"auto","background-attachment":"scroll","background-type":"","background-media":"","overlay-type":"","overlay-color":"","overlay-gradient":""},"tablet":{"background-color":"","background-image":"","background-repeat":"repeat","background-position":"center center","background-size":"auto","background-attachment":"scroll","background-type":"","background-media":"","overlay-type":"","overlay-color":"","overlay-gradient":""},"mobile":{"background-color":"","background-image":"","background-repeat":"repeat","background-position":"center center","background-size":"auto","background-attachment":"scroll","background-type":"","background-media":"","overlay-type":"","overlay-color":"","overlay-gradient":""}},"ast-content-background-meta":{"desktop":{"background-color":"var(--ast-global-color-5)","background-image":"","background-repeat":"repeat","background-position":"center center","background-size":"auto","background-attachment":"scroll","background-type":"","background-media":"","overlay-type":"","overlay-color":"","overlay-gradient":""},"tablet":{"background-color":"var(--ast-global-color-5)","background-image":"","background-repeat":"repeat","background-position":"center center","background-size":"auto","background-attachment":"scroll","background-type":"","background-media":"","overlay-type":"","overlay-color":"","overlay-gradient":""},"mobile":{"background-color":"var(--ast-global-color-5)","background-image":"","background-repeat":"repeat","background-position":"center center","background-size":"auto","background-attachment":"scroll","background-type":"","background-media":"","overlay-type":"","overlay-color":"","overlay-gradient":""}}},"product_brand":[],"product_cat":[32],"product_tag":[],"class_list":{"0":"post-8148","1":"product","2":"type-product","3":"status-publish","4":"has-post-thumbnail","6":"product_cat-linea-blanca","7":"desktop-align-left","8":"tablet-align-left","9":"mobile-align-left","11":"first","12":"instock","13":"taxable","14":"shipping-taxable","15":"product-type-simple"},"aioseo_notices":[],"_links":{"self":[{"href":"https:\/\/mueblesbrambila.com\/index.php\/wp-json\/wp\/v2\/product\/8148","targetHints":{"allow":["GET"]}}],"collection":[{"href":"https:\/\/mueblesbrambila.com\/index.php\/wp-json\/wp\/v2\/product"}],"about":[{"href":"https:\/\/mueblesbrambila.com\/index.php\/wp-json\/wp\/v2\/types\/product"}],"wp:featuredmedia":[{"embeddable":true,"href":"https:\/\/mueblesbrambila.com\/index.php\/wp-json\/wp\/v2\/media\/8153"}],"wp:attachment":[{"href":"https:\/\/mueblesbrambila.com\/index.php\/wp-json\/wp\/v2\/media?parent=8148"}],"wp:term":[{"taxonomy":"product_brand","embeddable":true,"href":"https:\/\/mueblesbrambila.com\/index.php\/wp-json\/wp\/v2\/product_brand?post=8148"},{"taxonomy":"product_cat","embeddable":true,"href":"https:\/\/mueblesbrambila.com\/index.php\/wp-json\/wp\/v2\/product_cat?post=8148"},{"taxonomy":"product_tag","embeddable":true,"href":"https:\/\/mueblesbrambila.com\/index.php\/wp-json\/wp\/v2\/product_tag?post=8148"}],"curies":[{"name":"wp","href":"https:\/\/api.w.org\/{rel}","templated":true}]}}