{"id":8249,"date":"2024-03-11T19:23:35","date_gmt":"2024-03-11T19:23:35","guid":{"rendered":"https:\/\/mueblesbrambila.com\/?post_type=product&#038;p=8249"},"modified":"2024-03-11T19:23:35","modified_gmt":"2024-03-11T19:23:35","slug":"refrigerador-midea-puerta-francesa-mdrf700fgm46","status":"publish","type":"product","link":"https:\/\/mueblesbrambila.com\/index.php\/product\/refrigerador-midea-puerta-francesa-mdrf700fgm46\/","title":{"rendered":"REFRIGERADOR MIDEA PUERTA FRANCESA MDRF700FGM46"},"content":{"rendered":"<h6><span data-sheets-value=\"{&quot;1&quot;:2,&quot;2&quot;:&quot;Con mi tecnnologia de Smart sensors auto-persivo los cambios de temperatura tanto interior y exterior y asi mantener una temperatura estable de los alimentos, ademas cuento con un filtro de carbono que previene la contaminacion de olores entre los alimentos, y dos compartimientos independientes: uno ideal para frutas y verduras, y el otro compartimiento, que con la ayuda de una entrada de aire directa, mantiene una temperatura mas baja creando el ambiente ideal para mantener la calidad original de carnes o pescados.&quot;}\" data-sheets-userformat=\"{&quot;2&quot;:21379,&quot;3&quot;:{&quot;1&quot;:0},&quot;4&quot;:{&quot;1&quot;:2,&quot;2&quot;:65535},&quot;10&quot;:1,&quot;11&quot;:4,&quot;12&quot;:0,&quot;15&quot;:&quot;Arial&quot;,&quot;17&quot;:1}\">Descripci\u00f3n<\/span><\/h6>\n<p>Con mi compresor Plus Inverter, mi control electr\u00f3nico y mi distribuidor de aire asegurar\u00e9 que todos tus alimentos se mantengan con la frescura original por m\u00e1s tiempo. Ademas, mi dise\u00f1o compacto y de aspecto moderno hace lucir mejor a tu hogar.<span style=\"font-size: 0.875rem;\">.<\/span><\/p>\n<h6>Caracter\u00edsticas<\/h6>\n<div>\u2022 Luz LED en Refrigerador y Congelador y alarma de puerta abierta.<\/div>\n<div><span data-sheets-value=\"{&quot;1&quot;:2,&quot;2&quot;:&quot;Con mi tecnnologia de Smart sensors auto-persivo los cambios de temperatura tanto interior y exterior y asi mantener una temperatura estable de los alimentos, ademas cuento con un filtro de carbono que previene la contaminacion de olores entre los alimentos, y dos compartimientos independientes: uno ideal para frutas y verduras, y el otro compartimiento, que con la ayuda de una entrada de aire directa, mantiene una temperatura mas baja creando el ambiente ideal para mantener la calidad original de carnes o pescados.&quot;}\" data-sheets-userformat=\"{&quot;2&quot;:21379,&quot;3&quot;:{&quot;1&quot;:0},&quot;4&quot;:{&quot;1&quot;:2,&quot;2&quot;:65535},&quot;10&quot;:1,&quot;11&quot;:4,&quot;12&quot;:0,&quot;15&quot;:&quot;Arial&quot;,&quot;17&quot;:1}\">\u2022 Multi Air Flow para la distribuci\u00f3n de aire eficiente en todos los compartimientos.<\/span><\/div>\n<div>\u2022 Ice Maker Kit que prepara hielos de gran tama\u00f1o, adem\u00e1s de la opci\u00f3n para instalar un Ice Maker autom\u00e1tico*.<\/div>\n<div><\/div>\n<h6>Especificaciones<\/h6>\n<div>\u2022 Tipo: Refrigerador\u00a0French Door<br \/>\n\u2022 Tipo de control: Control\u00a0de temperatura eletr\u00f3nico.<br \/>\n\u2022 Inverter: S\u00ed<br \/>\n\u2022 Parrillas: 2<br \/>\n\u2022 Luz interior: LED<br \/>\n\u2022 Deshielo: Autom\u00e1tico<br \/>\n\u2022 Dimensiones: Alto 169 cm. Ancho: 75 cm. Fondo: 79 cm<br \/>\n\u2022 Peso neto (kg):\u00a082 kg<\/div>\n<div><\/div>\n","protected":false},"excerpt":{"rendered":"<p>Con mi compresor Plus Inverter, mi control electr\u00f3nico y mi distribuidor de aire asegurar\u00e9 que todos tus alimentos se mantengan con la frescura original por m\u00e1s tiempo. Ademas, mi dise\u00f1o compacto y de aspecto moderno hace lucir mejor a tu hogar.<\/p>\n","protected":false},"featured_media":8254,"template":"","meta":{"site-sidebar-layout":"default","site-content-layout":"","ast-site-content-layout":"default","site-content-style":"default","site-sidebar-style":"default","ast-global-header-display":"","ast-banner-title-visibility":"","ast-main-header-display":"","ast-hfb-above-header-display":"","ast-hfb-below-header-display":"","ast-hfb-mobile-header-display":"","site-post-title":"","ast-breadcrumbs-content":"","ast-featured-img":"","footer-sml-layout":"","theme-transparent-header-meta":"default","adv-header-id-meta":"","stick-header-meta":"","header-above-stick-meta":"","header-main-stick-meta":"","header-below-stick-meta":"","astra-migrate-meta-layouts":"set","ast-page-background-enabled":"default","ast-page-background-meta":{"desktop":{"background-color":"","background-image":"","background-repeat":"repeat","background-position":"center center","background-size":"auto","background-attachment":"scroll","background-type":"","background-media":"","overlay-type":"","overlay-color":"","overlay-gradient":""},"tablet":{"background-color":"","background-image":"","background-repeat":"repeat","background-position":"center center","background-size":"auto","background-attachment":"scroll","background-type":"","background-media":"","overlay-type":"","overlay-color":"","overlay-gradient":""},"mobile":{"background-color":"","background-image":"","background-repeat":"repeat","background-position":"center center","background-size":"auto","background-attachment":"scroll","background-type":"","background-media":"","overlay-type":"","overlay-color":"","overlay-gradient":""}},"ast-content-background-meta":{"desktop":{"background-color":"var(--ast-global-color-5)","background-image":"","background-repeat":"repeat","background-position":"center center","background-size":"auto","background-attachment":"scroll","background-type":"","background-media":"","overlay-type":"","overlay-color":"","overlay-gradient":""},"tablet":{"background-color":"var(--ast-global-color-5)","background-image":"","background-repeat":"repeat","background-position":"center center","background-size":"auto","background-attachment":"scroll","background-type":"","background-media":"","overlay-type":"","overlay-color":"","overlay-gradient":""},"mobile":{"background-color":"var(--ast-global-color-5)","background-image":"","background-repeat":"repeat","background-position":"center center","background-size":"auto","background-attachment":"scroll","background-type":"","background-media":"","overlay-type":"","overlay-color":"","overlay-gradient":""}}},"product_brand":[],"product_cat":[32],"product_tag":[],"class_list":{"0":"post-8249","1":"product","2":"type-product","3":"status-publish","4":"has-post-thumbnail","6":"product_cat-linea-blanca","7":"desktop-align-left","8":"tablet-align-left","9":"mobile-align-left","11":"first","12":"instock","13":"taxable","14":"shipping-taxable","15":"product-type-simple"},"aioseo_notices":[],"_links":{"self":[{"href":"https:\/\/mueblesbrambila.com\/index.php\/wp-json\/wp\/v2\/product\/8249","targetHints":{"allow":["GET"]}}],"collection":[{"href":"https:\/\/mueblesbrambila.com\/index.php\/wp-json\/wp\/v2\/product"}],"about":[{"href":"https:\/\/mueblesbrambila.com\/index.php\/wp-json\/wp\/v2\/types\/product"}],"wp:featuredmedia":[{"embeddable":true,"href":"https:\/\/mueblesbrambila.com\/index.php\/wp-json\/wp\/v2\/media\/8254"}],"wp:attachment":[{"href":"https:\/\/mueblesbrambila.com\/index.php\/wp-json\/wp\/v2\/media?parent=8249"}],"wp:term":[{"taxonomy":"product_brand","embeddable":true,"href":"https:\/\/mueblesbrambila.com\/index.php\/wp-json\/wp\/v2\/product_brand?post=8249"},{"taxonomy":"product_cat","embeddable":true,"href":"https:\/\/mueblesbrambila.com\/index.php\/wp-json\/wp\/v2\/product_cat?post=8249"},{"taxonomy":"product_tag","embeddable":true,"href":"https:\/\/mueblesbrambila.com\/index.php\/wp-json\/wp\/v2\/product_tag?post=8249"}],"curies":[{"name":"wp","href":"https:\/\/api.w.org\/{rel}","templated":true}]}}