{"id":8453,"date":"2025-07-22T01:06:14","date_gmt":"2025-07-22T01:06:14","guid":{"rendered":"https:\/\/mueblesbrambila.com\/?post_type=product&#038;p=8453"},"modified":"2025-07-22T01:06:14","modified_gmt":"2025-07-22T01:06:14","slug":"recamara-francia-2","status":"publish","type":"product","link":"https:\/\/mueblesbrambila.com\/index.php\/product\/recamara-francia-2\/","title":{"rendered":"RECAMARA FRANCIA"},"content":{"rendered":"<p data-start=\"188\" data-end=\"561\">La rec\u00e1mara Francia est\u00e1 dise\u00f1ada para transformar tu habitaci\u00f3n en un espacio de descanso y estilo. Su dise\u00f1o contempor\u00e1neo y equilibrado brinda una sensaci\u00f3n de orden y sofisticaci\u00f3n que eleva cualquier ambiente. Consta de cinco piezas cuidadosamente combinadas que ofrecen funcionalidad y armon\u00eda visual, permitiendo mantener todo en su lugar sin sacrificar la est\u00e9tica.<\/p>\n<p data-start=\"563\" data-end=\"909\">El respaldo con dise\u00f1o moderno aporta un toque distintivo que se convierte en el punto focal de la habitaci\u00f3n, mientras que los bur\u00f3s y el sinfonier proporcionan amplio espacio de almacenamiento con una estructura pr\u00e1ctica y discreta. El tocador con espejo completa el conjunto, ideal para complementar tus rutinas diarias con comodidad y estilo.<\/p>\n<p data-start=\"911\" data-end=\"1076\">Ideal para quienes buscan un ambiente acogedor, refinado y funcional, la rec\u00e1mara Francia es una excelente opci\u00f3n para renovar tu espacio con personalidad y confort.<\/p>\n","protected":false},"excerpt":{"rendered":"<p>La rec\u00e1mara Francia est\u00e1 dise\u00f1ada para transformar tu habitaci\u00f3n en un espacio de descanso y estilo. Su dise\u00f1o contempor\u00e1neo y equilibrado brinda una sensaci\u00f3n de orden y sofisticaci\u00f3n que eleva cualquier ambiente. Consta de cinco piezas cuidadosamente combinadas que ofrecen funcionalidad y armon\u00eda visual, permitiendo mantener todo en su lugar sin sacrificar la est\u00e9tica. El &hellip;<\/p>\n<p class=\"read-more\"> <a class=\"\" href=\"https:\/\/mueblesbrambila.com\/index.php\/product\/recamara-francia-2\/\"> <span class=\"screen-reader-text\">RECAMARA FRANCIA<\/span> Leer m\u00e1s &raquo;<\/a><\/p>\n","protected":false},"featured_media":8454,"template":"","meta":{"site-sidebar-layout":"default","site-content-layout":"","ast-site-content-layout":"default","site-content-style":"default","site-sidebar-style":"default","ast-global-header-display":"","ast-banner-title-visibility":"","ast-main-header-display":"","ast-hfb-above-header-display":"","ast-hfb-below-header-display":"","ast-hfb-mobile-header-display":"","site-post-title":"","ast-breadcrumbs-content":"","ast-featured-img":"","footer-sml-layout":"","theme-transparent-header-meta":"default","adv-header-id-meta":"","stick-header-meta":"","header-above-stick-meta":"","header-main-stick-meta":"","header-below-stick-meta":"","astra-migrate-meta-layouts":"set","ast-page-background-enabled":"default","ast-page-background-meta":{"desktop":{"background-color":"","background-image":"","background-repeat":"repeat","background-position":"center center","background-size":"auto","background-attachment":"scroll","background-type":"","background-media":"","overlay-type":"","overlay-color":"","overlay-gradient":""},"tablet":{"background-color":"","background-image":"","background-repeat":"repeat","background-position":"center center","background-size":"auto","background-attachment":"scroll","background-type":"","background-media":"","overlay-type":"","overlay-color":"","overlay-gradient":""},"mobile":{"background-color":"","background-image":"","background-repeat":"repeat","background-position":"center center","background-size":"auto","background-attachment":"scroll","background-type":"","background-media":"","overlay-type":"","overlay-color":"","overlay-gradient":""}},"ast-content-background-meta":{"desktop":{"background-color":"var(--ast-global-color-5)","background-image":"","background-repeat":"repeat","background-position":"center center","background-size":"auto","background-attachment":"scroll","background-type":"","background-media":"","overlay-type":"","overlay-color":"","overlay-gradient":""},"tablet":{"background-color":"var(--ast-global-color-5)","background-image":"","background-repeat":"repeat","background-position":"center center","background-size":"auto","background-attachment":"scroll","background-type":"","background-media":"","overlay-type":"","overlay-color":"","overlay-gradient":""},"mobile":{"background-color":"var(--ast-global-color-5)","background-image":"","background-repeat":"repeat","background-position":"center center","background-size":"auto","background-attachment":"scroll","background-type":"","background-media":"","overlay-type":"","overlay-color":"","overlay-gradient":""}}},"product_brand":[],"product_cat":[35],"product_tag":[],"class_list":{"0":"post-8453","1":"product","2":"type-product","3":"status-publish","4":"has-post-thumbnail","6":"product_cat-recamaras","7":"desktop-align-left","8":"tablet-align-left","9":"mobile-align-left","11":"first","12":"instock","13":"taxable","14":"shipping-taxable","15":"purchasable","16":"product-type-simple"},"aioseo_notices":[],"_links":{"self":[{"href":"https:\/\/mueblesbrambila.com\/index.php\/wp-json\/wp\/v2\/product\/8453","targetHints":{"allow":["GET"]}}],"collection":[{"href":"https:\/\/mueblesbrambila.com\/index.php\/wp-json\/wp\/v2\/product"}],"about":[{"href":"https:\/\/mueblesbrambila.com\/index.php\/wp-json\/wp\/v2\/types\/product"}],"wp:featuredmedia":[{"embeddable":true,"href":"https:\/\/mueblesbrambila.com\/index.php\/wp-json\/wp\/v2\/media\/8454"}],"wp:attachment":[{"href":"https:\/\/mueblesbrambila.com\/index.php\/wp-json\/wp\/v2\/media?parent=8453"}],"wp:term":[{"taxonomy":"product_brand","embeddable":true,"href":"https:\/\/mueblesbrambila.com\/index.php\/wp-json\/wp\/v2\/product_brand?post=8453"},{"taxonomy":"product_cat","embeddable":true,"href":"https:\/\/mueblesbrambila.com\/index.php\/wp-json\/wp\/v2\/product_cat?post=8453"},{"taxonomy":"product_tag","embeddable":true,"href":"https:\/\/mueblesbrambila.com\/index.php\/wp-json\/wp\/v2\/product_tag?post=8453"}],"curies":[{"name":"wp","href":"https:\/\/api.w.org\/{rel}","templated":true}]}}